{"id":77949,"date":"2026-03-19T16:21:35","date_gmt":"2026-03-19T16:21:35","guid":{"rendered":"https:\/\/soydeaqui.ddns.net\/pachuca\/index.php\/producto\/sistema-de-video-conferencia-fullhd-multi-plataforma-con-camara-ptz-3-salidas-de-video-base-de-audio-y-control-remoto\/"},"modified":"2026-03-19T16:21:59","modified_gmt":"2026-03-19T16:21:59","slug":"sistema-de-video-conferencia-fullhd-multi-plataforma-con-camara-ptz-3-salidas-de-video-base-de-audio-y-control-remoto","status":"publish","type":"product","link":"https:\/\/soydeaqui.ddns.net\/pachuca\/index.php\/producto\/sistema-de-video-conferencia-fullhd-multi-plataforma-con-camara-ptz-3-salidas-de-video-base-de-audio-y-control-remoto\/","title":{"rendered":"Sistema de Video Conferencia FullHD Multi-Plataforma con C\u00e1mara PTZ, 3 Salidas de video, Base de Audio y Control Remoto"},"content":{"rendered":"<div style='width: 100%; max-width: 1200px; margin: 0 auto; font-family: sans-serif; line-height: 1.6; color: inherit; background-color: transparent;'> <!-- Descripci\u00f3n principal --> <\/p>\n<div style='margin-bottom: 30px;'>\n<p style='font-size: 15px; margin: 0 0 15px 0; color: inherit;'> El GVC3200 es una soluci\u00f3n que ofrece a peque\u00f1os y medianos negocios un revolucionario sistema de video conferencia con flexibilidad sin precedentes y el poder de soportar m\u00faltiples protocolos de videoconferencia populares y plataformas todo en la misma caja. <\/p>\n<p style='font-size: 15px; margin: 0 0 15px 0; color: inherit;'> La GVC3200 basada en SIP soporta la robusta plataforma de video conferencia de Grandstream IPVideoTalk Pro. <\/p>\n<p style='font-size: 15px; margin: 0 0 15px 0; color: inherit;'> La GVC3200 tiene una innovadora MCU interconstruida que soporta video conferencia de hasta 9 v\u00edas con una mezcla de SIP y otros protocolos. Elimina las barreras tradicionales de la video conferencia y pone una nueva meta para las soluciones de video conferencia ofreciendo flexibilidad l\u00edder en la industria&comma; interoperabilidad&comma; compatibilidad&comma; aplicaci\u00f3n y facilidad de uso. <\/p>\n<\/p><\/div>\n<p> <!-- Caracter\u00edsticas principales --> <\/p>\n<div style='display: flex; flex-wrap: wrap; gap: 30px; margin-bottom: 30px;'>\n<div style='flex: 1 1 300px; min-width: 280px;'>\n<h3 style='font-size: 22px; border-bottom: 2px solid currentColor; padding-bottom: 5px; margin-top: 0; color: inherit; opacity: 0.8;'>Caracter\u00edsticas Principales<\/h3>\n<ul style='padding-left: 20px; font-size: 15px; color: inherit;'>\n<li style='margin-bottom: 5px;'>Video 1080p Full-HD con c\u00e1mara PTZ 12X de zoom \u00f3ptico.<\/li>\n<li style='margin-bottom: 5px;'>Video conferencia de hasta 9 v\u00edas con protocolo h\u00edbrido que no requiere MCU externos o servidores.<\/li>\n<li style='margin-bottom: 5px;'>Soporte para 3 salidas de monitor en HDMI.<\/li>\n<li style='margin-bottom: 5px;'>Se instala en 3 sencillos pasos.<\/li>\n<li style='margin-bottom: 5px;'>Conexi\u00f3n Plug and Play al servicio de video conferencia IPVideoTalk Pro de Grandstream.<\/li>\n<li style='margin-bottom: 5px;'>Incluye bocina ambiental con micr\u00f3fono incluido&comma; interconexi\u00f3n v\u00eda bluetooth.<\/li>\n<li style='margin-bottom: 5px;'>1 Entrada HDMI y 1 VGA para conectar y compartir presentaci\u00f3n.<\/li>\n<li style='margin-bottom: 5px;'>Compatible con Skype o Google Hangouts. Sistema Operativo Android.<\/li>\n<li style='margin-bottom: 5px;'>Conectividad Wi-Fi doble banda o por puerto de red Gigabit.<\/li>\n<li style='margin-bottom: 5px;'>Soporte para Bluetooth 4.0<\/li>\n<li style='margin-bottom: 5px;'>Interfaz SD para grabaci\u00f3n local.<\/li>\n<li style='margin-bottom: 5px;'>Control remoto.<\/li>\n<\/ul><\/div>\n<\/p><\/div>\n<p> <!-- Notas importantes --> <\/p>\n<div style='display: flex; flex-wrap: wrap; gap: 20px; margin-bottom: 30px;'>\n<div style='flex: 1 1 300px; min-width: 280px;'>\n<div style='border: 1px solid rgba(150&comma; 150&comma; 150&comma; 0.4); border-radius: 8px; overflow: hidden; padding: 15px; color: inherit;'>\n<h4 style='font-size: 18px; margin-top: 0; margin-bottom: 10px; color: inherit;'>Nota sobre compatibilidad<\/h4>\n<ul style='padding-left: 20px; margin: 0; font-size: 14px; list-style-type: disc; color: inherit;'>\n<li style='margin-bottom: 5px;'>Compatible con plataforma IPVideoTalk&comma; requiere licenciamiento anual: IPVTGVCADDONL1Y o IPVTGVCADDON1Y&comma; pedir cotizaci\u00f3n con su agente de ventas.<\/li>\n<\/ul><\/div>\n<\/p><\/div>\n<div style='flex: 1 1 300px; min-width: 280px;'>\n<div style='border: 1px solid rgba(150&comma; 150&comma; 150&comma; 0.4); border-radius: 8px; overflow: hidden; padding: 15px; color: inherit;'>\n<h4 style='font-size: 18px; margin-top: 0; margin-bottom: 10px; color: inherit;'>Garant\u00eda<\/h4>\n<p style='margin: 0; font-size: 14px; color: inherit;'>1 A\u00f1o de garant\u00eda<\/p>\n<\/p><\/div>\n<\/p><\/div>\n<div style='flex: 1 1 300px; min-width: 280px;'>\n<div style='border: 1px solid rgba(150&comma; 150&comma; 150&comma; 0.4); border-radius: 8px; overflow: hidden; padding: 15px; color: inherit;'>\n<h4 style='font-size: 18px; margin-top: 0; margin-bottom: 10px; color: inherit;'>Requisitos de licencia<\/h4>\n<ul style='padding-left: 20px; margin: 0; font-size: 14px; list-style-type: disc; color: inherit;'>\n<li style='margin-bottom: 5px;'>Para utilizarse con IPVideoTalk se requiere la licencia IPVTGVCADDONL1Y o IPVTGVCADDON1Y&comma; pedir cotizaci\u00f3n con su agente de ventas.<\/li>\n<li style='margin-bottom: 5px;'>Se recomienda utilizar plataforma de videoconferencia IP-VideoTalk para tener todas las funcionalidades que el equipo especifica&comma; el utilizar otras plataformas de videoconferencia no se asegura que sean compatibles todas las funciones del equipo.<\/li>\n<\/ul><\/div>\n<\/p><\/div>\n<\/p><\/div>\n<p> <!-- Contenido del paquete --> <\/p>\n<div style='margin-bottom: 30px;'>\n<h3 style='font-size: 22px; border-bottom: 2px solid currentColor; padding-bottom: 5px; margin-top: 0; margin-bottom: 15px; color: inherit; opacity: 0.8;'>Contenido del paquete<\/h3>\n<p style='font-size: 15px; color: inherit;'> Sistema de videoconferencia de GVC3200&comma; altavoz\/MIC de USB externo (tel\u00e9fono IP para conferencias modelo GAC2500)&comma; control remoto&comma; fuente de alimentaci\u00f3n universal&comma; cable de red (1.5 metros)&comma; cable de extensi\u00f3n de USB (5 metros)&comma; kit de montaje&comma; 3 cables HDMI (un cable de 1.5 metros&comma; un cable de 3 metros y un cable de 5 metros)&comma; tapa del lente&comma; gu\u00eda de instalaci\u00f3n r\u00e1pida&comma; folleto&comma; licencia GPL. <\/p>\n<\/p><\/div>\n<p> <!-- Im\u00e1genes y video --> <\/p>\n<div style='margin-bottom: 30px;'>\n<h3 style='font-size: 22px; border-bottom: 2px solid currentColor; padding-bottom: 5px; margin-top: 0; margin-bottom: 15px; color: inherit; opacity: 0.8;'>Im\u00e1genes y Video<\/h3>\n<p> <!-- Imagen 1 --> <\/p>\n<div style='margin-bottom: 15px;'> <img style='width: 100%; height: auto; border: 1px solid rgba(150&comma;150&comma;150&comma;0.3); border-radius: 8px;' src='https:\/\/www.gowifi.co.nz\/images\/stories\/virtuemart\/product\/gvc-3200.jpg' alt=''> <\/div>\n<p> <!-- Imagen 2 --> <\/p>\n<div style='margin-bottom: 15px;'> <img style='width: 100%; height: auto; border: 1px solid rgba(150&comma;150&comma;150&comma;0.3); border-radius: 8px;' src='http:\/\/ftp3.syscom.mx\/usuarios\/fotos\/GVC3200_1\/GVC3200_3.png' alt=''> <\/div>\n<p> <!-- Imagen 3 --> <\/p>\n<div style='margin-bottom: 15px;'> <img style='width: 100%; height: auto; border: 1px solid rgba(150&comma;150&comma;150&comma;0.3); border-radius: 8px;' src='http:\/\/ftp3.syscom.mx\/usuarios\/fotos\/GVC3200_1\/GVC3200_2.png' alt=''> <\/div>\n<p> <!-- Video YouTube --> <\/p>\n<div style='position: relative; padding-bottom: 56.25%; height: 0; overflow: hidden; margin-bottom: 30px;'>   <\/div>\n<p> <!-- Imagen 4 --> <\/p>\n<div style='margin-bottom: 15px;'> <img style='width: 100%; height: auto; border: 1px solid rgba(150&comma;150&comma;150&comma;0.3); border-radius: 8px;' src='https:\/\/ci3.googleusercontent.com\/proxy\/3LcePJ1cOJxBJptwabgJ8ohERZqb2h2crTCksLT-zKRkoYIIi46Rcpz7F2uaKvGPwxYYSHocs5n15jZarCIeQay9qIASEkqlSas5CYvgk-HkNl3-LsI2gd55d6JCreGFUNdnq0VahIPhpaE-UJO1hlYu0oBDM37nwwEJ=s0-d-e1-ft#http:\/\/staticapp.icpsc.com\/icp\/loadimage.php\/mogile\/604213\/096df96d547504a4f3939e654f67a465\/image\/png' alt=''> <\/div>\n<p> <!-- Imagen 5 --> <\/p>\n<div style='margin-bottom: 15px;'> <img style='width: 100%; height: auto; border: 1px solid rgba(150&comma;150&comma;150&comma;0.3); border-radius: 8px;' src='https:\/\/ci3.googleusercontent.com\/proxy\/pXvWugDY2ItX3vScZ7NCNkYt9OwVWln1lqDnrJxe4lAjtxbaGDYvsAhRYpp2Ct0gk_ONpIcsNSd6ZDlafqdBB6cLIlj9_Aa87hpVVI5FSg8z2lXw1lzxCXBJ6-KviNvbFMiUc3KliQixQW0Xb9SilFJeb1klEgadjTSg=s0-d-e1-ft#http:\/\/staticapp.icpsc.com\/icp\/loadimage.php\/mogile\/604213\/c2aad3a1a4ac8a39fffb9b2a49c80ccf\/image\/png' alt=''> <\/div>\n<p> <!-- Imagen 6 --> <\/p>\n<div style='margin-bottom: 15px;'> <img style='width: 100%; height: auto; border: 1px solid rgba(150&comma;150&comma;150&comma;0.3); border-radius: 8px;' src='https:\/\/ci4.googleusercontent.com\/proxy\/TE9_CqyZy9Aepu5EQx8a-6ivDURGkIovoiS_KX7fA2em-kgwNNkHGWBCGuOzmB7Sa2yGg13c4O4Ti3ZXDWVzexRhxy5SRTxbOLMVzx3KqNYo3B3LZ7aeyS5VoK3s3WWKlhHHJaqh1_4W6JAFLWlMNzqDyGltkD3boF1c=s0-d-e1-ft#http:\/\/staticapp.icpsc.com\/icp\/loadimage.php\/mogile\/604213\/d87d90e6b0d125ce09341af9b3f97bd5\/image\/png' alt=''> <\/div>\n<\/p><\/div>\n<\/p><\/div>\n","protected":false},"excerpt":{"rendered":"<p>Sistema de Video Conferencia FullHD Multi-Plataforma con C\u00e1mara PTZ, 3 Salidas de video, Base de Audio y Control Remoto<\/p>\n","protected":false},"featured_media":77948,"comment_status":"open","ping_status":"closed","template":"","meta":[],"product_brand":[],"product_cat":[2048],"product_tag":[2049,909,2004],"class_list":{"0":"post-77949","1":"product","2":"type-product","3":"status-publish","4":"has-post-thumbnail","6":"product_cat-audio-video-conferencia","7":"product_tag-audio-video-conferencia","8":"product_tag-grandstream","9":"product_tag-voip-telefonia-ip-videoconferencia","11":"first","12":"outofstock","13":"sale","14":"shipping-taxable","15":"purchasable","16":"product-type-simple"},"_links":{"self":[{"href":"https:\/\/soydeaqui.ddns.net\/pachuca\/index.php\/wp-json\/wp\/v2\/product\/77949","targetHints":{"allow":["GET"]}}],"collection":[{"href":"https:\/\/soydeaqui.ddns.net\/pachuca\/index.php\/wp-json\/wp\/v2\/product"}],"about":[{"href":"https:\/\/soydeaqui.ddns.net\/pachuca\/index.php\/wp-json\/wp\/v2\/types\/product"}],"replies":[{"embeddable":true,"href":"https:\/\/soydeaqui.ddns.net\/pachuca\/index.php\/wp-json\/wp\/v2\/comments?post=77949"}],"wp:featuredmedia":[{"embeddable":true,"href":"https:\/\/soydeaqui.ddns.net\/pachuca\/index.php\/wp-json\/wp\/v2\/media\/77948"}],"wp:attachment":[{"href":"https:\/\/soydeaqui.ddns.net\/pachuca\/index.php\/wp-json\/wp\/v2\/media?parent=77949"}],"wp:term":[{"taxonomy":"product_brand","embeddable":true,"href":"https:\/\/soydeaqui.ddns.net\/pachuca\/index.php\/wp-json\/wp\/v2\/product_brand?post=77949"},{"taxonomy":"product_cat","embeddable":true,"href":"https:\/\/soydeaqui.ddns.net\/pachuca\/index.php\/wp-json\/wp\/v2\/product_cat?post=77949"},{"taxonomy":"product_tag","embeddable":true,"href":"https:\/\/soydeaqui.ddns.net\/pachuca\/index.php\/wp-json\/wp\/v2\/product_tag?post=77949"}],"curies":[{"name":"wp","href":"https:\/\/api.w.org\/{rel}","templated":true}]}}