{"id":77919,"date":"2026-03-19T16:20:23","date_gmt":"2026-03-19T16:20:23","guid":{"rendered":"https:\/\/soydeaqui.ddns.net\/pachuca\/index.php\/producto\/cable-de-parcheo-utp-categora-5e-con-plug-modular-en-cada-extremo-2-metros-6-56-pies-azul\/"},"modified":"2026-03-19T16:20:29","modified_gmt":"2026-03-19T16:20:29","slug":"cable-de-parcheo-utp-categora-5e-con-plug-modular-en-cada-extremo-2-metros-6-56-pies-azul","status":"publish","type":"product","link":"https:\/\/soydeaqui.ddns.net\/pachuca\/index.php\/producto\/cable-de-parcheo-utp-categora-5e-con-plug-modular-en-cada-extremo-2-metros-6-56-pies-azul\/","title":{"rendered":"Cable de Parcheo UTP Categor?a 5e, con Plug Modular en Cada Extremo &#8211; 2 Metros (6.56 Pies) &#8211; Azul"},"content":{"rendered":"<div style='width: 100%; max-width: 1200px; margin: 0 auto; font-family: sans-serif; line-height: 1.6; color: inherit; background-color: transparent;'> <!-- Secci\u00f3n de caracter\u00edsticas principales --> <\/p>\n<div style='display: flex; flex-wrap: wrap; gap: 30px; margin-bottom: 30px;'>\n<div style='flex: 1 1 300px; min-width: 280px;'>\n<h3 style='font-size: 22px; border-bottom: 2px solid currentColor; padding-bottom: 5px; margin-top: 0; color: inherit; opacity: 0.8;'>Caracter\u00edsticas principales<\/h3>\n<ul style='padding-left: 20px; font-size: 15px; color: inherit;'>\n<li style='margin-bottom: 5px;'>Cable de parcheo 5e\/Clase D sin blindaje<\/li>\n<li style='margin-bottom: 5px;'>Longitud de 2.13 m (7 ft) con plug RJ45<\/li>\n<li style='margin-bottom: 5px;'>Calibre 24 AWG est\u00e1ndar con clasificaci\u00f3n CM<\/li>\n<li style='margin-bottom: 5px;'>Esquema de cableado T568A para rendimiento \u00f3ptimo<\/li>\n<li style='margin-bottom: 5px;'>Cumple normas RoHS&comma; UL 1863&comma; TIA\/EIA-568-C.2<\/li>\n<\/ul><\/div>\n<\/p><\/div>\n<p> <!-- Secci\u00f3n de especificaciones t\u00e9cnicas --> <\/p>\n<div style='display: flex; flex-wrap: wrap; gap: 20px; margin-bottom: 30px;'>\n<div style='flex: 1 1 250px; border: 1px solid rgba(150&comma; 150&comma; 150&comma; 0.4); border-radius: 8px; overflow: hidden; display: flex; flex-direction: column;'>\n<div style='padding: 15px; border-bottom: 1px solid rgba(150&comma; 150&comma; 150&comma; 0.2); font-weight: bold; font-size: 18px; color: inherit;'>Especificaciones t\u00e9cnicas<\/div>\n<div style='padding: 15px; color: inherit;'>\n<ul style='padding-left: 20px; margin: 0; font-size: 14px; list-style-type: disc;'>\n<li style='margin-bottom: 5px;'><strong>Tipo:<\/strong> Cable de parcheo de cobre<\/li>\n<li style='margin-bottom: 5px;'><strong>Color:<\/strong> Azul<\/li>\n<li style='margin-bottom: 5px;'><strong>Nivel de rendimiento:<\/strong> Categor\u00eda 5e\/Clase D<\/li>\n<li style='margin-bottom: 5px;'><strong>Tipo de cable:<\/strong> Sin blindaje<\/li>\n<li style='margin-bottom: 5px;'><strong>Longitud:<\/strong> 2.13 m (7 ft)<\/li>\n<li style='margin-bottom: 5px;'><strong>Esquema de cableado:<\/strong> T568A<\/li>\n<li style='margin-bottom: 5px;'><strong>Tipo de conector:<\/strong> RJ45 8(8)<\/li>\n<li style='margin-bottom: 5px;'><strong>Calibre:<\/strong> 24 AWG Est\u00e1ndar<\/li>\n<li style='margin-bottom: 5px;'><strong>Clasificaci\u00f3n de flamabilidad:<\/strong> CM<\/li>\n<li style='margin-bottom: 5px;'><strong>Terminaci\u00f3n extremo 1:<\/strong> Plug modular<\/li>\n<li style='margin-bottom: 5px;'><strong>Terminaci\u00f3n extremo 2:<\/strong> Plug modular<\/li>\n<\/ul><\/div>\n<\/p><\/div>\n<p> <!-- Secci\u00f3n de cumplimiento normativo --> <\/p>\n<div style='flex: 1 1 250px; border: 1px solid rgba(150&comma; 150&comma; 150&comma; 0.4); border-radius: 8px; overflow: hidden; display: flex; flex-direction: column;'>\n<div style='padding: 15px; border-bottom: 1px solid rgba(150&comma; 150&comma; 150&comma; 0.2); font-weight: bold; font-size: 18px; color: inherit;'>Cumplimiento normativo<\/div>\n<div style='padding: 15px; color: inherit;'>\n<ul style='padding-left: 20px; margin: 0; font-size: 14px; list-style-type: disc;'>\n<li style='margin-bottom: 5px;'>RoHS<\/li>\n<li style='margin-bottom: 5px;'>UL 1863<\/li>\n<li style='margin-bottom: 5px;'>TIA\/EIA-568-C.2<\/li>\n<li style='margin-bottom: 5px;'>ISO 11801 2\u00aa Ed. Clase D<\/li>\n<li style='margin-bottom: 5px;'>ANSI\/TIA-968-A<\/li>\n<li style='margin-bottom: 5px;'>IEC 60603-7<\/li>\n<li style='margin-bottom: 5px;'>CSA 22.2 No. 62-93<\/li>\n<li style='margin-bottom: 5px;'>IEEE 802.3af (PoE)<\/li>\n<li style='margin-bottom: 5px;'>IEEE 802.3at (PoE+)<\/li>\n<\/ul><\/div>\n<\/p><\/div>\n<p> <!-- Secci\u00f3n de aplicaciones --> <\/p>\n<div style='flex: 1 1 250px; border: 1px solid rgba(150&comma; 150&comma; 150&comma; 0.4); border-radius: 8px; overflow: hidden; display: flex; flex-direction: column;'>\n<div style='padding: 15px; border-bottom: 1px solid rgba(150&comma; 150&comma; 150&comma; 0.2); font-weight: bold; font-size: 18px; color: inherit;'>Aplicaciones<\/div>\n<div style='padding: 15px; color: inherit;'>\n<ul style='padding-left: 20px; margin: 0; font-size: 14px; list-style-type: disc;'>\n<li style='margin-bottom: 5px;'>Ethernet 10BASE-T<\/li>\n<li style='margin-bottom: 5px;'>Fast Ethernet 100BASE-T<\/li>\n<li style='margin-bottom: 5px;'>Gigabit Ethernet 1000BASE-T<\/li>\n<li style='margin-bottom: 5px;'>155 Mb\/s ATM<\/li>\n<li style='margin-bottom: 5px;'>622 Mb\/s ATM<\/li>\n<li style='margin-bottom: 5px;'>1.2 Gb\/s ATM<\/li>\n<li style='margin-bottom: 5px;'>Token Ring 4\/16<\/li>\n<li style='margin-bottom: 5px;'>Voice over Internet Protocol (VoIP)<\/li>\n<\/ul><\/div>\n<\/p><\/div>\n<\/p><\/div>\n<p> <!-- Secci\u00f3n de beneficios --> <\/p>\n<div style='display: flex; flex-wrap: wrap; gap: 30px; margin-bottom: 30px;'>\n<div style='flex: 1 1 300px; min-width: 280px;'>\n<h3 style='font-size: 22px; border-bottom: 2px solid currentColor; padding-bottom: 5px; margin-top: 0; color: inherit; opacity: 0.8;'>Beneficios<\/h3>\n<ul style='padding-left: 20px; font-size: 15px; color: inherit;'>\n<li style='margin-bottom: 5px;'>Cableado probado al 100% con garant\u00eda de rendimiento especificado<\/li>\n<li style='margin-bottom: 5px;'>Identificaci\u00f3n de nivel de rendimiento&comma; longitud y n\u00famero de control de calidad para rastreabilidad<\/li>\n<li style='margin-bottom: 5px;'>Dise\u00f1o con latch antienredos para f\u00e1cil manipulaci\u00f3n<\/li>\n<li style='margin-bottom: 5px;'>Disponibilidad en m\u00faltiples colores y longitudes para codificaci\u00f3n y necesidades espec\u00edficas<\/li>\n<\/ul><\/div>\n<\/p><\/div>\n<p> <!-- Separador --> <\/p>\n<hr style='border: 0; border-top: 1px solid rgba(150&comma; 150&comma; 150&comma; 0.3); margin: 30px 0;'> <!-- Secci\u00f3n de informaci\u00f3n adicional --> <\/p>\n<div style='display: flex; flex-wrap: wrap; gap: 30px;'>\n<div style='flex: 1 1 300px; min-width: 280px;'>\n<h3 style='font-size: 22px; border-bottom: 2px solid currentColor; padding-bottom: 5px; margin-top: 0; color: inherit; opacity: 0.8;'>Informaci\u00f3n adicional<\/h3>\n<ul style='padding-left: 20px; font-size: 15px; color: inherit;'>\n<li style='margin-bottom: 5px;'><strong>Construcci\u00f3n:<\/strong> UTP 24 AWG cobre trenzado<\/li>\n<li style='margin-bottom: 5px;'><strong>Compatibilidad:<\/strong> Compatible con esquemas T568A y T568B<\/li>\n<li style='margin-bottom: 5px;'><strong>Identificaci\u00f3n:<\/strong> Marcado con nivel de rendimiento&comma; longitud y n\u00famero de control<\/li>\n<li style='margin-bottom: 5px;'><strong>Uso:<\/strong> En salidas de \u00e1rea de trabajo y paneles de parcheo<\/li>\n<\/ul><\/div>\n<\/p><\/div>\n<\/p><\/div>\n","protected":false},"excerpt":{"rendered":"<p>Cable de Parcheo UTP Categor?a 5e, con Plug Modular en Cada Extremo &#8211; 2 Metros (6.56 Pies) &#8211; Azul<\/p>\n","protected":false},"featured_media":77918,"comment_status":"open","ping_status":"closed","template":"","meta":[],"product_brand":[],"product_cat":[598],"product_tag":[586,445,599],"class_list":{"0":"post-77919","1":"product","2":"type-product","3":"status-publish","4":"has-post-thumbnail","6":"product_cat-patch-cords","7":"product_tag-cableado-de-cobre","8":"product_tag-panduit","9":"product_tag-patch-cords","11":"first","12":"instock","13":"sale","14":"shipping-taxable","15":"purchasable","16":"product-type-simple"},"_links":{"self":[{"href":"https:\/\/soydeaqui.ddns.net\/pachuca\/index.php\/wp-json\/wp\/v2\/product\/77919","targetHints":{"allow":["GET"]}}],"collection":[{"href":"https:\/\/soydeaqui.ddns.net\/pachuca\/index.php\/wp-json\/wp\/v2\/product"}],"about":[{"href":"https:\/\/soydeaqui.ddns.net\/pachuca\/index.php\/wp-json\/wp\/v2\/types\/product"}],"replies":[{"embeddable":true,"href":"https:\/\/soydeaqui.ddns.net\/pachuca\/index.php\/wp-json\/wp\/v2\/comments?post=77919"}],"wp:featuredmedia":[{"embeddable":true,"href":"https:\/\/soydeaqui.ddns.net\/pachuca\/index.php\/wp-json\/wp\/v2\/media\/77918"}],"wp:attachment":[{"href":"https:\/\/soydeaqui.ddns.net\/pachuca\/index.php\/wp-json\/wp\/v2\/media?parent=77919"}],"wp:term":[{"taxonomy":"product_brand","embeddable":true,"href":"https:\/\/soydeaqui.ddns.net\/pachuca\/index.php\/wp-json\/wp\/v2\/product_brand?post=77919"},{"taxonomy":"product_cat","embeddable":true,"href":"https:\/\/soydeaqui.ddns.net\/pachuca\/index.php\/wp-json\/wp\/v2\/product_cat?post=77919"},{"taxonomy":"product_tag","embeddable":true,"href":"https:\/\/soydeaqui.ddns.net\/pachuca\/index.php\/wp-json\/wp\/v2\/product_tag?post=77919"}],"curies":[{"name":"wp","href":"https:\/\/api.w.org\/{rel}","templated":true}]}}