{"id":77900,"date":"2026-03-19T16:19:36","date_gmt":"2026-03-19T16:19:36","guid":{"rendered":"https:\/\/soydeaqui.ddns.net\/pachuca\/index.php\/producto\/inyector-802-3bt-de-60w-en-4-pares-utp-compatible-con-802-3af-at-gigabit-10-100-1000-mbps\/"},"modified":"2026-03-19T16:19:47","modified_gmt":"2026-03-19T16:19:47","slug":"inyector-802-3bt-de-60w-en-4-pares-utp-compatible-con-802-3af-at-gigabit-10-100-1000-mbps","status":"publish","type":"product","link":"https:\/\/soydeaqui.ddns.net\/pachuca\/index.php\/producto\/inyector-802-3bt-de-60w-en-4-pares-utp-compatible-con-802-3af-at-gigabit-10-100-1000-mbps\/","title":{"rendered":"Inyector 802.3bt de 60W en 4-Pares UTP, Compatible con 802.3af\/at Gigabit 10\/100\/1000 Mbps"},"content":{"rendered":"<div style='width: 100%; max-width: 1200px; margin: 0 auto; font-family: sans-serif; line-height: 1.6; color: inherit; background-color: transparent;'> <!-- Im\u00e1genes principales --> <\/p>\n<div style='display: flex; flex-wrap: wrap; gap: 15px; margin-bottom: 30px;'>\n<div style='flex: 1 1 30%; min-width: 200px;'> <img style='width: 100%; height: auto; border: 1px solid rgba(150&comma;150&comma;150&comma;0.3); border-radius: 8px;' src='https:\/\/ftp3.syscom.mx\/usuarios\/fotos\/POE173\/73556-poe_60w.png' alt=''> <\/div>\n<div style='flex: 1 1 30%; min-width: 200px;'> <img style='width: 100%; height: auto; border: 1px solid rgba(150&comma;150&comma;150&comma;0.3); border-radius: 8px;' src='https:\/\/ftp3.syscom.mx\/usuarios\/fotos\/POE173\/73556-gigabit.png' alt=''> <\/div>\n<div style='flex: 1 1 30%; min-width: 200px;'> <img style='width: 100%; height: auto; border: 1px solid rgba(150&comma;150&comma;150&comma;0.3); border-radius: 8px;' src='https:\/\/ftp3.syscom.mx\/usuarios\/fotos\/POE173\/73556-wall.png' alt=''> <\/div>\n<\/p><\/div>\n<p> <!-- Secci\u00f3n de caracter\u00edsticas --> <\/p>\n<div style='margin-bottom: 30px;'>\n<h3 style='font-size: 22px; border-bottom: 2px solid currentColor; padding-bottom: 5px; margin-top: 0; color: inherit; opacity: 0.8;'>Caracter\u00edsticas:<\/h3>\n<ul style='padding-left: 20px; font-size: 15px; color: inherit;'>\n<li style='margin-bottom: 5px;'>Inyecta la alimentaci\u00f3n a dispositivos PoE por los mismos cables de datos.<\/li>\n<li style='margin-bottom: 5px;'>Distancia de transmisi\u00f3n y alimentaci\u00f3n hasta 100m&comma; hasta 300m con extensores POE-E201.<\/li>\n<\/ul><\/div>\n<p> <!-- Secci\u00f3n de protecci\u00f3n --> <\/p>\n<div style='margin-bottom: 30px;'>\n<h3 style='font-size: 22px; border-bottom: 2px solid currentColor; padding-bottom: 5px; margin-top: 0; color: inherit; opacity: 0.8;'>Protecci\u00f3n:<\/h3>\n<ul style='padding-left: 20px; font-size: 15px; color: inherit;'>\n<li style='margin-bottom: 5px;'>Auto detecta dispositivos PoE 802.3at\/af&comma; protege los equipos de da\u00f1os por mala instalaci\u00f3n.<\/li>\n<li style='margin-bottom: 5px;'>Protecci\u00f3n de Circuito que previene interferencia entre puertos.<\/li>\n<\/ul><\/div>\n<p> <!-- Secci\u00f3n de puertos --> <\/p>\n<div style='margin-bottom: 30px;'>\n<h3 style='font-size: 22px; border-bottom: 2px solid currentColor; padding-bottom: 5px; margin-top: 0; color: inherit; opacity: 0.8;'>Puertos:<\/h3>\n<ul style='padding-left: 20px; font-size: 15px; color: inherit;'>\n<li style='margin-bottom: 5px;'>1 Puerto de Entrada 10\/100\/1000Base-TX.<\/li>\n<li style='margin-bottom: 5px;'>1 Puerto de Salida 10\/100\/1000Base-TX con PoE 802.3af\/at.<\/li>\n<li style='margin-bottom: 5px;'>Hasta 60watts de potencia en los 4 pares UTP<\/li>\n<li style='margin-bottom: 5px;'>Velocidad de transferencia de datos: 10\/100\/1000 Mbps.<\/li>\n<\/ul><\/div>\n<p> <!-- Secci\u00f3n de caracter\u00edsticas f\u00edsicas y el\u00e9ctricas --> <\/p>\n<div style='margin-bottom: 30px;'>\n<h3 style='font-size: 22px; border-bottom: 2px solid currentColor; padding-bottom: 5px; margin-top: 0; color: inherit; opacity: 0.8;'>Caracter\u00edsticas F\u00edsicas y El\u00e9ctricas:<\/h3>\n<ul style='padding-left: 20px; font-size: 15px; color: inherit;'>\n<li style='margin-bottom: 5px;'><strong>Alimentaci\u00f3n:<\/strong> 100-240VCA @ 1.5A (Incluye transformador)<\/li>\n<li style='margin-bottom: 5px;'><strong>Energ\u00eda:<\/strong> 100-240V AC&comma; 50\/60 Hz&comma; 1.5 A m\u00e1x<\/li>\n<li style='margin-bottom: 5px;'><strong>Consumo:<\/strong> 60 W<\/li>\n<li style='margin-bottom: 5px;'><strong>Dimensiones:<\/strong> 115x 62.5 x 31 mm.<\/li>\n<li style='margin-bottom: 5px;'><strong>Peso:<\/strong> 177gr.<\/li>\n<li style='margin-bottom: 5px;'><strong>Temperatura de Operaci\u00f3n:<\/strong> 0 a 50\u00b0C<\/li>\n<li style='margin-bottom: 5px;'><strong>Humedad:<\/strong> 5 ~ 95% (sin condensaci\u00f3n).<\/li>\n<\/ul><\/div>\n<p> <!-- Im\u00e1genes adicionales --> <\/p>\n<div style='display: flex; flex-wrap: wrap; gap: 15px; margin-bottom: 30px;'>\n<div style='flex: 1 1 100%;'> <img style='width: 100%; height: auto; border: 1px solid rgba(150&comma;150&comma;150&comma;0.3); border-radius: 8px;' src='http:\/\/ftp3.syscom.mx\/usuarios\/despinoza\/planet\/POE-173-1_L.gif' alt='POE173'> <\/div>\n<div style='flex: 1 1 100%;'> <img style='width: 100%; height: auto; border: 1px solid rgba(150&comma;150&comma;150&comma;0.3); border-radius: 8px;' src='https:\/\/ftp3.syscom.mx\/usuarios\/fotos\/POE173\/73556-poe-173-4_l.gif' alt=''> <\/div>\n<div style='flex: 1 1 100%;'> <img style='width: 100%; height: auto; border: 1px solid rgba(150&comma;150&comma;150&comma;0.3); border-radius: 8px;' src='https:\/\/ftp3.syscom.mx\/usuarios\/fotos\/POE173\/73556-poe-173-5_l.gif' alt=''> <\/div>\n<\/p><\/div>\n<p> <!-- Garant\u00eda --> <\/p>\n<div style='margin-bottom: 30px;'>\n<p style='font-size: 15px; color: inherit; margin: 0;'><strong>2 a\u00f1os de Garant\u00eda.<\/strong><\/p>\n<\/p><\/div>\n<\/p><\/div>\n","protected":false},"excerpt":{"rendered":"<p>Inyector 802.3bt de 60W en 4-Pares UTP, Compatible con 802.3af\/at Gigabit 10\/100\/1000 Mbps<\/p>\n","protected":false},"featured_media":77899,"comment_status":"open","ping_status":"closed","template":"","meta":[],"product_brand":[],"product_cat":[1260],"product_tag":[1261,664,2033],"class_list":{"0":"post-77900","1":"product","2":"type-product","3":"status-publish","4":"has-post-thumbnail","6":"product_cat-inyectores-poe","7":"product_tag-inyectores-poe","8":"product_tag-networking","9":"product_tag-planet","11":"first","12":"instock","13":"sale","14":"shipping-taxable","15":"purchasable","16":"product-type-simple"},"_links":{"self":[{"href":"https:\/\/soydeaqui.ddns.net\/pachuca\/index.php\/wp-json\/wp\/v2\/product\/77900","targetHints":{"allow":["GET"]}}],"collection":[{"href":"https:\/\/soydeaqui.ddns.net\/pachuca\/index.php\/wp-json\/wp\/v2\/product"}],"about":[{"href":"https:\/\/soydeaqui.ddns.net\/pachuca\/index.php\/wp-json\/wp\/v2\/types\/product"}],"replies":[{"embeddable":true,"href":"https:\/\/soydeaqui.ddns.net\/pachuca\/index.php\/wp-json\/wp\/v2\/comments?post=77900"}],"wp:featuredmedia":[{"embeddable":true,"href":"https:\/\/soydeaqui.ddns.net\/pachuca\/index.php\/wp-json\/wp\/v2\/media\/77899"}],"wp:attachment":[{"href":"https:\/\/soydeaqui.ddns.net\/pachuca\/index.php\/wp-json\/wp\/v2\/media?parent=77900"}],"wp:term":[{"taxonomy":"product_brand","embeddable":true,"href":"https:\/\/soydeaqui.ddns.net\/pachuca\/index.php\/wp-json\/wp\/v2\/product_brand?post=77900"},{"taxonomy":"product_cat","embeddable":true,"href":"https:\/\/soydeaqui.ddns.net\/pachuca\/index.php\/wp-json\/wp\/v2\/product_cat?post=77900"},{"taxonomy":"product_tag","embeddable":true,"href":"https:\/\/soydeaqui.ddns.net\/pachuca\/index.php\/wp-json\/wp\/v2\/product_tag?post=77900"}],"curies":[{"name":"wp","href":"https:\/\/api.w.org\/{rel}","templated":true}]}}