{"id":7790,"date":"2026-03-18T07:00:43","date_gmt":"2026-03-18T07:00:43","guid":{"rendered":"https:\/\/soydeaqui.ddns.net\/pachuca\/index.php\/producto\/sirena-con-lampara-estroboscopica-para-exterior-a-2-hilos-montaje-en-pared-12-o-24-vcd-configuracion-estroboscopica-seleccionable-texto-en-ingles-incluye-caja-de-montaje-color-rojo\/"},"modified":"2026-03-18T07:00:46","modified_gmt":"2026-03-18T07:00:46","slug":"sirena-con-lampara-estroboscopica-para-exterior-a-2-hilos-montaje-en-pared-12-o-24-vcd-configuracion-estroboscopica-seleccionable-texto-en-ingles-incluye-caja-de-montaje-color-rojo","status":"publish","type":"product","link":"https:\/\/soydeaqui.ddns.net\/pachuca\/index.php\/producto\/sirena-con-lampara-estroboscopica-para-exterior-a-2-hilos-montaje-en-pared-12-o-24-vcd-configuracion-estroboscopica-seleccionable-texto-en-ingles-incluye-caja-de-montaje-color-rojo\/","title":{"rendered":"Sirena con L\u00e1mpara Estrobosc\u00f3pica \/ para Exterior \/ a 2 Hilos \/ Montaje en Pared \/ 12 o 24 Vcd \/ Configuraci\u00f3n Estrobosc\u00f3pica Seleccionable \/ Texto en Ingl\u00e9s \/ Incluye Caja de Montaje \/ Color Rojo"},"content":{"rendered":"<div style='width: 100%; max-width: 1200px; margin: 0 auto; font-family: sans-serif; line-height: 1.6; color: inherit; background-color: transparent;'> <!-- Secci\u00f3n de caracter\u00edsticas principales --> <\/p>\n<div style='display: flex; flex-wrap: wrap; gap: 30px; margin-bottom: 30px;'>\n<div style='flex: 1 1 300px; min-width: 280px;'>\n<h3 style='font-size: 22px; border-bottom: 2px solid currentColor; padding-bottom: 5px; margin-top: 0; color: inherit; opacity: 0.8;'>Caracter\u00edsticas Principales<\/h3>\n<ul style='padding-left: 20px; font-size: 15px; color: inherit;'>\n<li style='margin-bottom: 5px;'>Carcasa NEMA 4X para exterior&comma; resistente a intemperie<\/li>\n<li style='margin-bottom: 5px;'>Protecci\u00f3n IP56 para condiciones adversas<\/li>\n<li style='margin-bottom: 5px;'>Voltaje dual 12\/24 VCC con bajo consumo 229 mA<\/li>\n<li style='margin-bottom: 5px;'>Intensidad sonora de 93 dB para alta alerta<\/li>\n<li style='margin-bottom: 5px;'>Selecci\u00f3n de candelas hasta 115 cd<\/li>\n<\/ul><\/div>\n<\/p><\/div>\n<p> <!-- Secci\u00f3n de especificaciones t\u00e9cnicas --> <\/p>\n<div style='display: flex; flex-wrap: wrap; gap: 20px; margin-bottom: 30px;'>\n<div style='flex: 1 1 250px; border: 1px solid rgba(150&comma; 150&comma; 150&comma; 0.4); border-radius: 8px; overflow: hidden; display: flex; flex-direction: column;'>\n<div style='padding: 15px; border-bottom: 1px solid rgba(150&comma; 150&comma; 150&comma; 0.2); font-weight: bold; font-size: 18px; color: inherit;'>Especificaciones El\u00e9ctricas<\/div>\n<div style='padding: 15px; color: inherit;'>\n<ul style='padding-left: 20px; margin: 0; font-size: 14px; list-style-type: disc;'>\n<li style='margin-bottom: 5px;'><strong>Entrada:<\/strong> 12\/24 Vcd<\/li>\n<li style='margin-bottom: 5px;'><strong>Consumo:<\/strong> 229 mA<\/li>\n<\/ul><\/div>\n<\/p><\/div>\n<div style='flex: 1 1 250px; border: 1px solid rgba(150&comma; 150&comma; 150&comma; 0.4); border-radius: 8px; overflow: hidden; display: flex; flex-direction: column;'>\n<div style='padding: 15px; border-bottom: 1px solid rgba(150&comma; 150&comma; 150&comma; 0.2); font-weight: bold; font-size: 18px; color: inherit;'>Especificaciones F\u00edsicas<\/div>\n<div style='padding: 15px; color: inherit;'>\n<ul style='padding-left: 20px; margin: 0; font-size: 14px; list-style-type: disc;'>\n<li style='margin-bottom: 5px;'><strong>Color:<\/strong> Rojo<\/li>\n<li style='margin-bottom: 5px;'><strong>Dimensiones:<\/strong> 142 x 119 x 63 mm<\/li>\n<li style='margin-bottom: 5px;'><strong>Tipo de montaje:<\/strong> Pared<\/li>\n<\/ul><\/div>\n<\/p><\/div>\n<div style='flex: 1 1 250px; border: 1px solid rgba(150&comma; 150&comma; 150&comma; 0.4); border-radius: 8px; overflow: hidden; display: flex; flex-direction: column;'>\n<div style='padding: 15px; border-bottom: 1px solid rgba(150&comma; 150&comma; 150&comma; 0.2); font-weight: bold; font-size: 18px; color: inherit;'>Caracter\u00edsticas de Desempe\u00f1o<\/div>\n<div style='padding: 15px; color: inherit;'>\n<ul style='padding-left: 20px; margin: 0; font-size: 14px; list-style-type: disc;'>\n<li style='margin-bottom: 5px;'><strong>Intensidad de sonido:<\/strong> 93 dB<\/li>\n<li style='margin-bottom: 5px;'><strong>Selecci\u00f3n de candelas:<\/strong> 15&comma; 15\/75&comma; 30&comma; 75&comma; 95&comma; 110&comma; 115 cd<\/li>\n<\/ul><\/div>\n<\/p><\/div>\n<div style='flex: 1 1 250px; border: 1px solid rgba(150&comma; 150&comma; 150&comma; 0.4); border-radius: 8px; overflow: hidden; display: flex; flex-direction: column;'>\n<div style='padding: 15px; border-bottom: 1px solid rgba(150&comma; 150&comma; 150&comma; 0.2); font-weight: bold; font-size: 18px; color: inherit;'>Protecci\u00f3n<\/div>\n<div style='padding: 15px; color: inherit;'>\n<ul style='padding-left: 20px; margin: 0; font-size: 14px; list-style-type: disc;'>\n<li style='margin-bottom: 5px;'><strong>Clasificaci\u00f3n:<\/strong> NEMA 4X<\/li>\n<li style='margin-bottom: 5px;'><strong>Protecci\u00f3n:<\/strong> IP56<\/li>\n<\/ul><\/div>\n<\/p><\/div>\n<\/p><\/div>\n<p> <!-- Separador --> <\/p>\n<hr style='border: 0; border-top: 1px solid rgba(150&comma; 150&comma; 150&comma; 0.3); margin: 30px 0;'> <!-- Secci\u00f3n de informaci\u00f3n de garant\u00eda --> <\/p>\n<div style='margin-bottom: 30px;'>\n<h3 style='font-size: 22px; border-bottom: 2px solid currentColor; padding-bottom: 5px; margin-top: 0; color: inherit; opacity: 0.8;'>Informaci\u00f3n de Garant\u00eda<\/h3>\n<p style='font-size: 15px; color: inherit; margin-bottom: 15px;'>Este producto tiene una garant\u00eda de tres a\u00f1os despu\u00e9s de su venta.<\/p>\n<p style='font-size: 15px; color: inherit; margin-bottom: 15px;'><strong>Fabricante:<\/strong> System Sensor<\/p>\n<p style='font-size: 15px; color: inherit; margin-bottom: 15px;'><strong>Importador:<\/strong> Sistemas y Servicios de Comunicaci\u00f3n&comma; S.A. de C.V.<\/p>\n<p style='font-size: 15px; color: inherit; margin-bottom: 15px;'><strong>Direcci\u00f3n:<\/strong> Av. 20 de Noviembre No. 805&comma; Col. Centro&comma; Chihuahua&comma; Chih.&comma; M\u00e9xico&comma; C.P. 31000<\/p>\n<p style='font-size: 15px; color: inherit; margin-bottom: 15px;'><strong>RFC:<\/strong> SSC-840823-JT3<\/p>\n<p style='font-size: 15px; color: inherit; margin-bottom: 15px;'><strong>Tel\u00e9fono:<\/strong> (614) 415-2525<\/p>\n<p style='font-size: 15px; color: inherit; margin-bottom: 15px;'><strong>Sitio Web:<\/strong> <a href='http:\/\/www.syscom.mx' style='color: inherit; text-decoration: underline;' target='_blank'>www.syscom.mx<\/a><\/p>\n<\/p><\/div>\n<\/p><\/div>\n","protected":false},"excerpt":{"rendered":"<p>Sirena con L\u00e1mpara Estrobosc\u00f3pica \/ para Exterior \/ a 2 Hilos \/ Montaje en Pared \/ 12 o 24 Vcd \/ Configuraci\u00f3n Estrobosc\u00f3pica Seleccionable \/ Texto en Ingl\u00e9s \/ Incluye Caja de Montaje \/ Color Rojo<\/p>\n","protected":false},"featured_media":7789,"comment_status":"open","ping_status":"closed","template":"","meta":[],"product_brand":[],"product_cat":[146],"product_tag":[93,147,468],"class_list":{"0":"post-7790","1":"product","2":"type-product","3":"status-publish","4":"has-post-thumbnail","6":"product_cat-sirenas-y-estrobos","7":"product_tag-accesorios","8":"product_tag-sirenas-y-estrobos","9":"product_tag-system-sensor","11":"first","12":"outofstock","13":"sale","14":"shipping-taxable","15":"purchasable","16":"product-type-simple"},"_links":{"self":[{"href":"https:\/\/soydeaqui.ddns.net\/pachuca\/index.php\/wp-json\/wp\/v2\/product\/7790","targetHints":{"allow":["GET"]}}],"collection":[{"href":"https:\/\/soydeaqui.ddns.net\/pachuca\/index.php\/wp-json\/wp\/v2\/product"}],"about":[{"href":"https:\/\/soydeaqui.ddns.net\/pachuca\/index.php\/wp-json\/wp\/v2\/types\/product"}],"replies":[{"embeddable":true,"href":"https:\/\/soydeaqui.ddns.net\/pachuca\/index.php\/wp-json\/wp\/v2\/comments?post=7790"}],"wp:featuredmedia":[{"embeddable":true,"href":"https:\/\/soydeaqui.ddns.net\/pachuca\/index.php\/wp-json\/wp\/v2\/media\/7789"}],"wp:attachment":[{"href":"https:\/\/soydeaqui.ddns.net\/pachuca\/index.php\/wp-json\/wp\/v2\/media?parent=7790"}],"wp:term":[{"taxonomy":"product_brand","embeddable":true,"href":"https:\/\/soydeaqui.ddns.net\/pachuca\/index.php\/wp-json\/wp\/v2\/product_brand?post=7790"},{"taxonomy":"product_cat","embeddable":true,"href":"https:\/\/soydeaqui.ddns.net\/pachuca\/index.php\/wp-json\/wp\/v2\/product_cat?post=7790"},{"taxonomy":"product_tag","embeddable":true,"href":"https:\/\/soydeaqui.ddns.net\/pachuca\/index.php\/wp-json\/wp\/v2\/product_tag?post=7790"}],"curies":[{"name":"wp","href":"https:\/\/api.w.org\/{rel}","templated":true}]}}