{"id":77880,"date":"2026-03-19T16:18:49","date_gmt":"2026-03-19T16:18:49","guid":{"rendered":"https:\/\/soydeaqui.ddns.net\/pachuca\/index.php\/producto\/convertidor-de-medios-industrial-multimodo-puertos-10-100-base-tx-a-100-base-fx-interfaz-sc-hasta-2-km-carcasa-ip30-soporta-temperatura-de-40-a-75c\/"},"modified":"2026-03-19T16:18:55","modified_gmt":"2026-03-19T16:18:55","slug":"convertidor-de-medios-industrial-multimodo-puertos-10-100-base-tx-a-100-base-fx-interfaz-sc-hasta-2-km-carcasa-ip30-soporta-temperatura-de-40-a-75c","status":"publish","type":"product","link":"https:\/\/soydeaqui.ddns.net\/pachuca\/index.php\/producto\/convertidor-de-medios-industrial-multimodo-puertos-10-100-base-tx-a-100-base-fx-interfaz-sc-hasta-2-km-carcasa-ip30-soporta-temperatura-de-40-a-75c\/","title":{"rendered":"Convertidor de Medios Industrial, Multimodo, Puertos 10\/100 Base-TX a 100 Base-FX, Interfaz SC, Hasta 2 km, Carcasa IP30, Soporta Temperatura de -40 a 75\u00b0C."},"content":{"rendered":"<div style='width: 100%; max-width: 1200px; margin: 0 auto; font-family: sans-serif; line-height: 1.6; color: inherit; background-color: transparent;'> <!-- Im\u00e1genes de iconos --> <\/p>\n<div style='display: flex; flex-wrap: wrap; gap: 15px; justify-content: center; margin: 20px 0;'> <img style='width: auto; height: 40px; border: 1px solid rgba(150&comma;150&comma;150&comma;0.3); border-radius: 8px;' src='https:\/\/www.planet.com.tw\/storage\/icons\/8icon_-40-degree-~75-degree.png' alt='Rango de temperatura'> <img style='width: auto; height: 40px; border: 1px solid rgba(150&comma;150&comma;150&comma;0.3); border-radius: 8px;' src='https:\/\/www.planet.com.tw\/storage\/icons\/3icon_Redundant_Power.png' alt='Alimentaci\u00f3n redundante'> <img style='width: auto; height: 40px; border: 1px solid rgba(150&comma;150&comma;150&comma;0.3); border-radius: 8px;' src='https:\/\/www.planet.com.tw\/storage\/icons\/3icon_10m100m.png' alt='10\/100M'> <img style='width: auto; height: 40px; border: 1px solid rgba(150&comma;150&comma;150&comma;0.3); border-radius: 8px;' src='https:\/\/www.planet.com.tw\/storage\/icons\/3icon_100FX_Fiber-Optical.png' alt='100FX Fibra'> <img style='width: auto; height: 40px; border: 1px solid rgba(150&comma;150&comma;150&comma;0.3); border-radius: 8px;' src='https:\/\/www.planet.com.tw\/storage\/icons\/2icon_IP-Code_30.png' alt='IP30'> <img style='width: auto; height: 40px; border: 1px solid rgba(150&comma;150&comma;150&comma;0.3); border-radius: 8px;' src='https:\/\/www.planet.com.tw\/storage\/icons\/4icon_DIN_Rail.png' alt='Montaje DIN'> <\/div>\n<p> <!-- Descripci\u00f3n --> <\/p>\n<div style='margin: 30px 0;'>\n<p style='font-size: 15px; margin: 15px 0;'>La serie de convertidores de medios industriales PLANET IFT-80xT 10\/100Base-TX a 100Base-FX convierte de manera eficiente los datos entre la red 10\/100Base-TX y 100Base-FX.<\/p>\n<p style='font-size: 15px; margin: 15px 0;'>La serie IFT-80xT brinda flexibilidad a todo tipo de medios Ethernet de 10\/100 Mbps en el puerto RJ-45 y ofrece un rendimiento de fibra altamente estable&comma; ofrece alta confiabilidad y seguridad para garantizar el funcionamiento industrial continuo en entornos hostiles.<\/p>\n<\/p><\/div>\n<p> <!-- Aplicaciones y imagen --> <\/p>\n<div style='display: flex; flex-wrap: wrap; gap: 30px; margin: 30px 0; align-items: center;'>\n<div style='flex: 1 1 300px; min-width: 280px;'>\n<h3 style='font-size: 20px; border-bottom: 2px solid currentColor; padding-bottom: 5px; margin-top: 0; color: inherit; opacity: 0.8;'>Aplicaciones comunes<\/h3>\n<p style='font-size: 15px; margin: 15px 0;'>Con el convertidor de medios industriales IFT-80xT&comma; que cumple con todos los requisitos de las aplicaciones industriales&comma; los clientes pueden disfrutar de una alta confiabilidad&comma; una capacidad de recuperaci\u00f3n r\u00e1pida y un funcionamiento seguro de la red.<\/p>\n<\/p><\/div>\n<div style='flex: 1 1 300px; min-width: 280px;'> <img style='width: 100%; height: auto; border: 1px solid rgba(150&comma;150&comma;150&comma;0.3); border-radius: 8px;' src='https:\/\/www.planet.com.tw\/storage\/products\/31512\/IFT-80xT_L.gif' alt='IFT-80xT'> <\/div>\n<\/p><\/div>\n<p> <!-- Caracter\u00edsticas y paquete --> <\/p>\n<div style='display: flex; flex-wrap: wrap; gap: 30px; margin: 30px 0;'>\n<div style='flex: 1 1 300px; min-width: 280px;'>\n<div style='border: 1px solid rgba(150&comma; 150&comma; 150&comma; 0.4); border-radius: 8px; overflow: hidden; display: flex; flex-direction: column;'>\n<div style='padding: 15px; border-bottom: 1px solid rgba(150&comma; 150&comma; 150&comma; 0.2); font-weight: bold; font-size: 18px; color: inherit; background-color: #0d6efd; color: white;'>Caracter\u00edsticas Principales:<\/div>\n<div style='padding: 15px; color: inherit;'>\n<ul style='padding-left: 20px; margin: 0; font-size: 14px; list-style-type: disc;'>\n<li style='margin-bottom: 5px; font-size: 14px;'>1 Puerto 10\/100Base-T RJ-45 con negociaci\u00f3n autom\u00e1tica y funci\u00f3n auto-MDI\/MDI-X<\/li>\n<li style='margin-bottom: 5px; font-size: 14px;'>1 Interfaz SC 100Base-FX&comma; que proporciona una larga distancia de hasta 2 km<\/li>\n<li style='margin-bottom: 5px; font-size: 14px;'>Alimentaci\u00f3n de 12 V a 48 Vcc&comma; alimentaci\u00f3n redundante con funci\u00f3n de protecci\u00f3n contra inversi\u00f3n de polaridad (No incluye fuente de voltaje)<\/li>\n<li style='margin-bottom: 5px; font-size: 14px;'>Fuente recomendada MDR-40-12<\/li>\n<li style='margin-bottom: 5px; font-size: 14px;'>Temperatura de funcionamiento de -40 a 75\u00b0C<\/li>\n<li style='margin-bottom: 5px; font-size: 14px;'>Carcasa met\u00e1lica IP30<\/li>\n<li style='margin-bottom: 5px; font-size: 14px;'>Dimensiones: 32 x 88.7 x 135 mm<\/li>\n<li style='margin-bottom: 5px; font-size: 14px;'>Peso: 430 g<\/li>\n<li style='margin-bottom: 5px; font-size: 14px;'>Dise\u00f1o de hardware montable en pared y riel DIN<\/li>\n<li style='margin-bottom: 5px; font-size: 14px;'>Estabilidad ante ca\u00eddas libres&comma; golpes y vibraciones<\/li>\n<\/ul><\/div>\n<\/p><\/div>\n<\/p><\/div>\n<div style='flex: 1 1 300px; min-width: 280px;'>\n<div style='border: 1px solid rgba(150&comma; 150&comma; 150&comma; 0.4); border-radius: 8px; overflow: hidden; display: flex; flex-direction: column;'>\n<div style='padding: 15px; border-bottom: 1px solid rgba(150&comma; 150&comma; 150&comma; 0.2); font-weight: bold; font-size: 18px; color: inherit; background-color: #0d6efd; color: white;'>El Paquete Incluye:<\/div>\n<div style='padding: 15px; color: inherit;'>\n<ul style='padding-left: 20px; margin: 0; font-size: 14px; list-style-type: disc;'>\n<li style='margin-bottom: 5px; font-size: 14px;'>Convertidor de medios IFT-802T<\/li>\n<li style='margin-bottom: 5px; font-size: 14px;'>Manual de usuario<\/li>\n<li style='margin-bottom: 5px; font-size: 14px;'>Kit de riel DIN<\/li>\n<li style='margin-bottom: 5px; font-size: 14px;'>Montaje para pared<\/li>\n<li style='margin-bottom: 5px; font-size: 14px;'>Kit de tornillos<\/li>\n<\/ul><\/div>\n<\/p><\/div>\n<\/p><\/div>\n<\/p><\/div>\n<p> <!-- Separador --> <\/p>\n<hr style='border: 0; border-top: 1px solid rgba(150&comma; 150&comma; 150&comma; 0.3); margin: 30px 0;'> <\/div>\n","protected":false},"excerpt":{"rendered":"<p>Convertidor de Medios Industrial, Multimodo, Puertos 10\/100 Base-TX a 100 Base-FX, Interfaz SC, Hasta 2 km, Carcasa IP30, Soporta Temperatura de -40 a 75\u00b0C.<\/p>\n","protected":false},"featured_media":77879,"comment_status":"open","ping_status":"closed","template":"","meta":[],"product_brand":[],"product_cat":[2000],"product_tag":[2001,664,2033],"class_list":{"0":"post-77880","1":"product","2":"type-product","3":"status-publish","4":"has-post-thumbnail","6":"product_cat-convertidores-de-medios","7":"product_tag-convertidores-de-medios","8":"product_tag-networking","9":"product_tag-planet","11":"first","12":"instock","13":"sale","14":"shipping-taxable","15":"purchasable","16":"product-type-simple"},"_links":{"self":[{"href":"https:\/\/soydeaqui.ddns.net\/pachuca\/index.php\/wp-json\/wp\/v2\/product\/77880","targetHints":{"allow":["GET"]}}],"collection":[{"href":"https:\/\/soydeaqui.ddns.net\/pachuca\/index.php\/wp-json\/wp\/v2\/product"}],"about":[{"href":"https:\/\/soydeaqui.ddns.net\/pachuca\/index.php\/wp-json\/wp\/v2\/types\/product"}],"replies":[{"embeddable":true,"href":"https:\/\/soydeaqui.ddns.net\/pachuca\/index.php\/wp-json\/wp\/v2\/comments?post=77880"}],"wp:featuredmedia":[{"embeddable":true,"href":"https:\/\/soydeaqui.ddns.net\/pachuca\/index.php\/wp-json\/wp\/v2\/media\/77879"}],"wp:attachment":[{"href":"https:\/\/soydeaqui.ddns.net\/pachuca\/index.php\/wp-json\/wp\/v2\/media?parent=77880"}],"wp:term":[{"taxonomy":"product_brand","embeddable":true,"href":"https:\/\/soydeaqui.ddns.net\/pachuca\/index.php\/wp-json\/wp\/v2\/product_brand?post=77880"},{"taxonomy":"product_cat","embeddable":true,"href":"https:\/\/soydeaqui.ddns.net\/pachuca\/index.php\/wp-json\/wp\/v2\/product_cat?post=77880"},{"taxonomy":"product_tag","embeddable":true,"href":"https:\/\/soydeaqui.ddns.net\/pachuca\/index.php\/wp-json\/wp\/v2\/product_tag?post=77880"}],"curies":[{"name":"wp","href":"https:\/\/api.w.org\/{rel}","templated":true}]}}