{"id":77837,"date":"2026-03-19T16:17:06","date_gmt":"2026-03-19T16:17:06","guid":{"rendered":"https:\/\/soydeaqui.ddns.net\/pachuca\/index.php\/producto\/ip-pbx-grandstream-con-1-puerto-t1-e1-y-2-puertos-fxo-hasta-2000-extensiones-con-200-llamadas-simultaneas\/"},"modified":"2026-03-19T16:17:15","modified_gmt":"2026-03-19T16:17:15","slug":"ip-pbx-grandstream-con-1-puerto-t1-e1-y-2-puertos-fxo-hasta-2000-extensiones-con-200-llamadas-simultaneas","status":"publish","type":"product","link":"https:\/\/soydeaqui.ddns.net\/pachuca\/index.php\/producto\/ip-pbx-grandstream-con-1-puerto-t1-e1-y-2-puertos-fxo-hasta-2000-extensiones-con-200-llamadas-simultaneas\/","title":{"rendered":"IP-PBX GrandStream Con 1 puerto T1\/E1 y 2 puertos FXO, hasta 2000 extensiones con 200 llamadas simult\u00e1neas"},"content":{"rendered":"<div style='width: 100%; max-width: 1200px; margin: 0 auto; font-family: sans-serif; line-height: 1.6; color: inherit; background-color: transparent;'> <!-- Secci\u00f3n de caracter\u00edsticas --> <\/p>\n<div style='display: flex; flex-wrap: wrap; gap: 30px; margin-bottom: 30px;'>\n<div style='flex: 1 1 300px; min-width: 280px;'>\n<h3 style='font-size: 22px; border-bottom: 2px solid currentColor; padding-bottom: 5px; margin-top: 0; color: inherit; opacity: 0.8;'>Especificaciones<\/h3>\n<ul style='padding-left: 20px; font-size: 15px; color: inherit;'>\n<li style='margin-bottom: 5px;'>Procesador de aplicaciones Cortex A9 de 1 GHz de 4 n\u00facleos&comma; gran capacidad de memoria (1GB DDR3 RAM&comma; 32GB NAND Flash) y procesadores DSP dedicados de m\u00faltiples n\u00facleos de alto rendimiento para procesamiento avanzado de voz<\/li>\n<li style='margin-bottom: 5px;'>Una interfaz T1\/E1\/J1 integrada&comma; 2 puertos FXO para troncales PSTN&comma; 2 puertos FXS para tel\u00e9fonos anal\u00f3gicos con capacidad de respaldo en caso de interrupci\u00f3n de la energ\u00eda el\u00e9ctrica y 50 troncales SIP<\/li>\n<li style='margin-bottom: 5px;'>Puerto(s) de red Gigabit con PoE integrado&comma; USB&comma; tarjeta SD; router NAT integrado con soporte avanzado de QoS<\/li>\n<li style='margin-bottom: 5px;'>Cancelaci\u00f3n de eco de l\u00ednea (LEC) de 128ms procesado sobre DSP&comma; brindando niveles de calidad del operador de telefon\u00eda&comma; identificador de llamadas y detecci\u00f3n de tonos de progreso y detecci\u00f3n de impedancia inteligente para adaptarse al proveedor de telefon\u00eda local<\/li>\n<li style='margin-bottom: 5px;'>Soporta hasta 2000 registros de terminales SIP&comma; hasta 200 llamadas simult\u00e1neas (hasta 100 llamadas simult\u00e1neas cifradas con SRTP) y hasta 64 participantes en conferencias<\/li>\n<li style='margin-bottom: 5px;'>Comunicaci\u00f3n de datos por medio de T1\/E1\/J1 y comunicaci\u00f3n combinada de datos y voz por medio de T1\/E1\/J1 con SS7 o PRI<\/li>\n<li style='margin-bottom: 5px;'>Plan de marcaci\u00f3n flexible&comma; enrutamiento de llamadas&comma; conexi\u00f3n con otros IP-PBXs o proveedores de servicio&comma; grabaci\u00f3n de llamadas&comma; panel de control central para terminales&comma; servidor NTP integrado y directorio de contactos LDAP integrado<\/li>\n<li style='margin-bottom: 5px;'>Detecci\u00f3n autom\u00e1tica y aprovisionamiento de tel\u00e9fonos IP&comma; videotel\u00e9fonos&comma; ATAs&comma; gateways&comma; c\u00e1maras SIP y otras terminales para una f\u00e1cil implementaci\u00f3n<\/li>\n<li style='margin-bottom: 5px;'>Acelerador de hardware para cifrado con SRTP&comma; TLS y HTTPS para garantizar la m\u00e1xima protecci\u00f3n de seguridad<\/li>\n<li style='margin-bottom: 5px;'>Proporciona la aplicaci\u00f3n Fail2ban para la prevenci\u00f3n de ataques maliciosos&comma; es compatible con Blacklist y Whitelist para una defensa eficiente<\/li>\n<li style='margin-bottom: 5px;'>Grabaci\u00f3n manual y autom\u00e1tica para cada llamada SIP y cada troncal<\/li>\n<li style='margin-bottom: 5px;'>Exporta autom\u00e1ticamente los datos del d\u00eda anterior; limpia peri\u00f3dicamente los datos del usuario<\/li>\n<li style='margin-bottom: 5px;'>Soporta QoS tanto en capa 2 como en capa 3<\/li>\n<li style='margin-bottom: 5px;'>19 idiomas soportados&comma; entre ellos Espa\u00f1ol<\/li>\n<li style='margin-bottom: 5px;'>Pantalla gr\u00e1fica LCD de 128&#215;32 con bot\u00f3n de \u2018Selecci\u00f3n\u2019 y \u2018OK\u2019<\/li>\n<li style='margin-bottom: 5px;'>C\u00f3decs de video soportados: H264&comma; H263 y H263+<\/li>\n<li style='margin-bottom: 5px;'>C\u00f3decs de audio soportados: G.711 (I y II)&comma; G.723.1A&comma; G.729A\/B&comma; G.726&comma; G.722 e Ilbc<\/li>\n<li style='margin-bottom: 5px;'>Compatible con protocolo T.38 para Fax<\/li>\n<li style='margin-bottom: 5px;'>Rango de temperatura soportado: 0\u00b0C hasta 45\u00b0C<\/li>\n<li style='margin-bottom: 5px;'>Alimentaci\u00f3n: 12 Vcc&comma; 1.5 A con su fuente; soporta 802.3 at para PoE<\/li>\n<li style='margin-bottom: 5px;'>Consumo m\u00e1ximo de energ\u00eda: 18 W<\/li>\n<li style='margin-bottom: 5px;'>Dimensiones: 440 x 44 x 185 mm<\/li>\n<li style='margin-bottom: 5px;'>Peso: 2.2 kg<\/li>\n<\/ul><\/div>\n<\/p><\/div>\n<p> <!-- Secci\u00f3n de nota --> <\/p>\n<div style='margin-bottom: 30px; font-size: 15px; color: inherit;'>\n<p><strong>Nota:<\/strong> Para extensiones remotas&comma; se depende del proveedor de internet y configuraciones de red&comma; o bien&comma; tener una infraestructura VPN&comma; favor de validarlo con el departamento de ingenieria.<\/p>\n<\/p><\/div>\n<p> <!-- Secci\u00f3n de media --> <\/p>\n<div style='display: flex; flex-wrap: wrap; gap: 30px; margin-bottom: 30px;'> <!-- Video --> <\/p>\n<div style='flex: 1 1 300px; min-width: 280px;'>\n<div style='position: relative; padding-bottom: 56.25%; height: 0; overflow: hidden; margin-bottom: 30px;'>   <\/div>\n<\/p><\/div>\n<p> <!-- Im\u00e1genes --> <\/p>\n<div style='flex: 1 1 300px; min-width: 280px; display: flex; flex-direction: column; gap: 15px;'> <img style='width: 100%; height: auto; border: 1px solid rgba(150&comma;150&comma;150&comma;0.3); border-radius: 8px;' src='http:\/\/ftp3.syscom.mx\/usuarios\/fotos\/UCM6510\/UCM6510_2.png' alt=''> <img style='width: 100%; height: auto; border: 1px solid rgba(150&comma;150&comma;150&comma;0.3); border-radius: 8px;' src='http:\/\/ftp3.syscom.mx\/usuarios\/fotos\/UCM6510\/UCM6510_3.png' alt=''> <img style='width: 100%; height: auto; border: 1px solid rgba(150&comma;150&comma;150&comma;0.3); border-radius: 8px;' src='http:\/\/ftp3.syscom.mx\/usuarios\/fotos\/UCM6510\/UCM6510-AA.png' alt=''> <\/div>\n<\/p><\/div>\n<p> <!-- Separador final --> <\/p>\n<hr style='border: 0; border-top: 1px solid rgba(150&comma; 150&comma; 150&comma; 0.3); margin: 30px 0;'> <\/div>\n","protected":false},"excerpt":{"rendered":"<p>IP-PBX GrandStream Con 1 puerto T1\/E1 y 2 puertos FXO, hasta 2000 extensiones con 200 llamadas simult\u00e1neas<\/p>\n","protected":false},"featured_media":77836,"comment_status":"open","ping_status":"closed","template":"","meta":[],"product_brand":[],"product_cat":[2028],"product_tag":[2029,909,2004],"class_list":{"0":"post-77837","1":"product","2":"type-product","3":"status-publish","4":"has-post-thumbnail","6":"product_cat-conmutadores-ip","7":"product_tag-conmutadores-ip","8":"product_tag-grandstream","9":"product_tag-voip-telefonia-ip-videoconferencia","11":"first","12":"outofstock","13":"sale","14":"shipping-taxable","15":"purchasable","16":"product-type-simple"},"_links":{"self":[{"href":"https:\/\/soydeaqui.ddns.net\/pachuca\/index.php\/wp-json\/wp\/v2\/product\/77837","targetHints":{"allow":["GET"]}}],"collection":[{"href":"https:\/\/soydeaqui.ddns.net\/pachuca\/index.php\/wp-json\/wp\/v2\/product"}],"about":[{"href":"https:\/\/soydeaqui.ddns.net\/pachuca\/index.php\/wp-json\/wp\/v2\/types\/product"}],"replies":[{"embeddable":true,"href":"https:\/\/soydeaqui.ddns.net\/pachuca\/index.php\/wp-json\/wp\/v2\/comments?post=77837"}],"wp:featuredmedia":[{"embeddable":true,"href":"https:\/\/soydeaqui.ddns.net\/pachuca\/index.php\/wp-json\/wp\/v2\/media\/77836"}],"wp:attachment":[{"href":"https:\/\/soydeaqui.ddns.net\/pachuca\/index.php\/wp-json\/wp\/v2\/media?parent=77837"}],"wp:term":[{"taxonomy":"product_brand","embeddable":true,"href":"https:\/\/soydeaqui.ddns.net\/pachuca\/index.php\/wp-json\/wp\/v2\/product_brand?post=77837"},{"taxonomy":"product_cat","embeddable":true,"href":"https:\/\/soydeaqui.ddns.net\/pachuca\/index.php\/wp-json\/wp\/v2\/product_cat?post=77837"},{"taxonomy":"product_tag","embeddable":true,"href":"https:\/\/soydeaqui.ddns.net\/pachuca\/index.php\/wp-json\/wp\/v2\/product_tag?post=77837"}],"curies":[{"name":"wp","href":"https:\/\/api.w.org\/{rel}","templated":true}]}}