{"id":77825,"date":"2026-03-19T16:16:42","date_gmt":"2026-03-19T16:16:42","guid":{"rendered":"https:\/\/soydeaqui.ddns.net\/pachuca\/index.php\/producto\/telefono-ip-grandstream-convencional-para-videoconferencias\/"},"modified":"2026-03-19T16:16:44","modified_gmt":"2026-03-19T16:16:44","slug":"telefono-ip-grandstream-convencional-para-videoconferencias","status":"publish","type":"product","link":"https:\/\/soydeaqui.ddns.net\/pachuca\/index.php\/producto\/telefono-ip-grandstream-convencional-para-videoconferencias\/","title":{"rendered":"Tel\u00e9fono IP GrandStream Convencional para Videoconferencias"},"content":{"rendered":"<div style='width: 100%; max-width: 1200px; margin: 0 auto; font-family: sans-serif; line-height: 1.6; color: inherit; background-color: transparent;'> <!-- Descripci\u00f3n principal --> <\/p>\n<div style='margin-bottom: 30px; font-size: 15px; color: inherit;'>\n<p>El potente GXV3240 combina un videotel\u00e9fono IP integral de 6 l\u00edneas con una soluci\u00f3n de videoconferencia multiplataforma y la experiencia de una tablet Android para ofrecer una soluci\u00f3n completa de voz&comma; video&comma; datos y movilidad. El GXV3240 es un tel\u00e9fono IP multimedia de 6 l\u00edneas&comma; con pantalla t\u00e1ctil capacitiva de 4.3\u201d compatible con el sistema operativo Android&comma; que ofrece acceso total a cientos de miles de apps Android en Google Play Store \u2013incluso apps para la productividad empresarial&comma; como Skype\u2122&comma; Microsoft Lync\u2122&comma; Salesforce1\u2122 y GoToMeeting\u2122. El tel\u00e9fono cuenta con puertos Gigabit&comma; audio y video en HD&comma; navegador web incorporado&comma; Wi-Fi integrado para flexibilidad de red&comma; PoE y c\u00e1mara CMOS m\u00f3vil. El Bluetooth integrado del GXV3240 permite a los usuarios la sincronizaci\u00f3n del calendario y de los contactos en sus tel\u00e9fonos m\u00f3viles con el GXV3240&comma; la utilizaci\u00f3n de aud\u00edfonos Bluetooth y la transferencia de llamadas entre el tel\u00e9fono y sus tel\u00e9fonos m\u00f3viles.<\/p>\n<\/p><\/div>\n<p> <!-- Secci\u00f3n de caracter\u00edsticas --> <\/p>\n<div style='display: flex; flex-wrap: wrap; gap: 30px; margin-bottom: 30px;'>\n<div style='flex: 1 1 300px; min-width: 280px;'>\n<h3 style='font-size: 22px; border-bottom: 2px solid currentColor; padding-bottom: 5px; margin-top: 0; color: inherit; opacity: 0.8;'>Caracter\u00edsticas principales<\/h3>\n<ul style='padding-left: 20px; font-size: 15px; color: inherit;'>\n<li style='margin-bottom: 5px;'>6 l\u00edneas<\/li>\n<li style='margin-bottom: 5px;'>Pantalla LCD TFT a color 480 x 272 pixeles<\/li>\n<li style='margin-bottom: 5px;'>Sistema operativo Android 4.2 con acceso a Google Play Store<\/li>\n<li style='margin-bottom: 5px;'>Ofrece una soluci\u00f3n de videoconferencia multiplataforma (IPVideoTalk de Grandstream gratuito&comma; Skype&comma; Microsoft Lync y otros)<\/li>\n<li style='margin-bottom: 5px;'>Soporta audioconferencias de hasta 6 v\u00edas y videoconferencias de hasta 3 v\u00edas (H264&comma; 30 IPS@480p)<\/li>\n<li style='margin-bottom: 5px;'>Crea aplicaciones Android personalizadas para cualquier necesidad para ejecutar en el GXV3240 usando el API de Google y el set de herramientas SDK de Grandstream<\/li>\n<li style='margin-bottom: 5px;'>6 cuentas SIP&comma; 5 teclas programables XML&comma; conferencia de hasta 6 v\u00edas (en audio)<\/li>\n<li style='margin-bottom: 5px;'>Agenda telef\u00f3nica de hasta 1000 contactos e historial de llamadas con un m\u00e1ximo de 1000 registros<\/li>\n<li style='margin-bottom: 5px;'>Doble puerto de red de 10\/100\/1000 Mbps&comma; PoE integrado<\/li>\n<li style='margin-bottom: 5px;'>Soporta Bluetooth 4 + EDR&comma; 2 puertos USB&comma; un puerto mini HDMI y adem\u00e1s cuenta con tarjeta wifi 802.11 b\/g\/n<\/li>\n<li style='margin-bottom: 5px;'>Compatible con m\u00f3dulos de extensi\u00f3n en cascada (m\u00e1ximo 4&comma; modelo GXP2200EXT)<\/li>\n<li style='margin-bottom: 5px;'>Soporta QoS tanto en capa 2 como en capa 3<\/li>\n<li style='margin-bottom: 5px;'>C\u00f3decs soportados: G.711 (I y II)&comma; G.723.1A&comma; G.729A\/B&comma; G.726&comma; G.722 e iLBC<\/li>\n<li style='margin-bottom: 5px;'>19 idiomas soportados&comma; entre ellos Espa\u00f1ol<\/li>\n<li style='margin-bottom: 5px;'>Rango de temperatura soportado: 0\u00b0C hasta 40\u00b0C<\/li>\n<li style='margin-bottom: 5px;'>Alimentaci\u00f3n: 12 Vcc&comma; 1.5 A con su fuente; soporta 802.3 at para PoE<\/li>\n<li style='margin-bottom: 5px;'>Consumo m\u00e1ximo de energ\u00eda: 26 W<\/li>\n<li style='margin-bottom: 5px;'>Dimensiones: 206 x 85 x 196 mm<\/li>\n<li style='margin-bottom: 5px;'>Peso: 0.9 kg<\/li>\n<\/ul><\/div>\n<\/p><\/div>\n<\/p><\/div>\n","protected":false},"excerpt":{"rendered":"<p>Tel\u00e9fono IP GrandStream Convencional para Videoconferencias<\/p>\n","protected":false},"featured_media":77824,"comment_status":"open","ping_status":"closed","template":"","meta":[],"product_brand":[],"product_cat":[2003],"product_tag":[909,2005,2004],"class_list":{"0":"post-77825","1":"product","2":"type-product","3":"status-publish","4":"has-post-thumbnail","6":"product_cat-telefonos-ip","7":"product_tag-grandstream","8":"product_tag-telefonos-ip","9":"product_tag-voip-telefonia-ip-videoconferencia","11":"first","12":"outofstock","13":"sale","14":"shipping-taxable","15":"purchasable","16":"product-type-simple"},"_links":{"self":[{"href":"https:\/\/soydeaqui.ddns.net\/pachuca\/index.php\/wp-json\/wp\/v2\/product\/77825","targetHints":{"allow":["GET"]}}],"collection":[{"href":"https:\/\/soydeaqui.ddns.net\/pachuca\/index.php\/wp-json\/wp\/v2\/product"}],"about":[{"href":"https:\/\/soydeaqui.ddns.net\/pachuca\/index.php\/wp-json\/wp\/v2\/types\/product"}],"replies":[{"embeddable":true,"href":"https:\/\/soydeaqui.ddns.net\/pachuca\/index.php\/wp-json\/wp\/v2\/comments?post=77825"}],"wp:featuredmedia":[{"embeddable":true,"href":"https:\/\/soydeaqui.ddns.net\/pachuca\/index.php\/wp-json\/wp\/v2\/media\/77824"}],"wp:attachment":[{"href":"https:\/\/soydeaqui.ddns.net\/pachuca\/index.php\/wp-json\/wp\/v2\/media?parent=77825"}],"wp:term":[{"taxonomy":"product_brand","embeddable":true,"href":"https:\/\/soydeaqui.ddns.net\/pachuca\/index.php\/wp-json\/wp\/v2\/product_brand?post=77825"},{"taxonomy":"product_cat","embeddable":true,"href":"https:\/\/soydeaqui.ddns.net\/pachuca\/index.php\/wp-json\/wp\/v2\/product_cat?post=77825"},{"taxonomy":"product_tag","embeddable":true,"href":"https:\/\/soydeaqui.ddns.net\/pachuca\/index.php\/wp-json\/wp\/v2\/product_tag?post=77825"}],"curies":[{"name":"wp","href":"https:\/\/api.w.org\/{rel}","templated":true}]}}