{"id":77818,"date":"2026-03-19T16:16:27","date_gmt":"2026-03-19T16:16:27","guid":{"rendered":"https:\/\/soydeaqui.ddns.net\/pachuca\/index.php\/producto\/telefono-ip-empresarial-para-4-lineas-puede-agregar-hasta-160-blf-teclas-de-marcacion-rapida-con-cuatro-gxp2200ext\/"},"modified":"2026-03-19T16:16:40","modified_gmt":"2026-03-19T16:16:40","slug":"telefono-ip-empresarial-para-4-lineas-puede-agregar-hasta-160-blf-teclas-de-marcacion-rapida-con-cuatro-gxp2200ext","status":"publish","type":"product","link":"https:\/\/soydeaqui.ddns.net\/pachuca\/index.php\/producto\/telefono-ip-empresarial-para-4-lineas-puede-agregar-hasta-160-blf-teclas-de-marcacion-rapida-con-cuatro-gxp2200ext\/","title":{"rendered":"Tel\u00e9fono IP Empresarial para 4 l\u00edneas. Puede agregar hasta 160 BLF (teclas de marcaci\u00f3n r\u00e1pida) con cuatro GXP2200EXT"},"content":{"rendered":"<div style='width: 100%; max-width: 1200px; margin: 0 auto; font-family: sans-serif; line-height: 1.6; color: inherit; background-color: transparent;'> <!-- Descripci\u00f3n principal --> <\/p>\n<div style='margin-bottom: 30px; font-size: 15px; color: inherit;'>\n<p>El GXP2140 es un avanzado tel\u00e9fono IP de categor\u00eda empresarial con hasta 4 l\u00edneas&comma; TFT LCD color de 4.3&#8217;&comma; 5 teclas XML programables sensibles al contexto&comma; doble puerto de red Gigabit&comma; PoE y Bluetooth integrados&comma; conferencia de voz de 5 v\u00edas y Electronic Hook Switch (EHS). El GXP2140 ofrece calidad de audio superior en el auricular y el altavoz&comma; recursos telef\u00f3nicos valiosos y de \u00faltima generaci\u00f3n&comma; informaci\u00f3n personalizada y servicio de aplicaci\u00f3n personalizable&comma; aprovisionamiento autom\u00e1tico para f\u00e1cil instalaci\u00f3n&comma; protecci\u00f3n de seguridad avanzada para mayor privacidad e interoperabilidad amplia con la mayor\u00eda de los dispositivos SIP de terceros y las principales plataformas SIP\/NGN\/IMS.<\/p>\n<p>El GXP2140 es compatible con el M\u00f3dulo de Extensi\u00f3n GXP2200&comma; lo que permite el acceso r\u00e1pido y sencillo a hasta 160 contactos con un simple toque. Ideal para peque\u00f1as&comma; medianas y grandes empresas. El GXP2140 es la elecci\u00f3n perfecta para usuarios que buscan un tel\u00e9fono IP ejecutivo multil\u00ednea de alta calidad y rico en recursos&comma; con funcionalidad y desempe\u00f1os avanzados.<\/p>\n<\/p><\/div>\n<p> <!-- Especificaciones --> <\/p>\n<div style='display: flex; flex-wrap: wrap; gap: 30px; margin-bottom: 30px;'>\n<div style='flex: 1 1 300px; min-width: 280px;'>\n<h3 style='font-size: 22px; border-bottom: 2px solid currentColor; padding-bottom: 5px; margin-top: 0; color: inherit; opacity: 0.8;'>Especificaciones Generales<\/h3>\n<ul style='padding-left: 20px; font-size: 15px; color: inherit;'>\n<li style='margin-bottom: 5px;'><strong>Pantalla:<\/strong> LCD TFT a color 480 x 272 pixeles<\/li>\n<li style='margin-bottom: 5px;'><strong>Cuentas SIP:<\/strong> 4<\/li>\n<li style='margin-bottom: 5px;'><strong>Teclas programables:<\/strong> 5 teclas XML sensibles al contexto<\/li>\n<li style='margin-bottom: 5px;'><strong>Conferencia:<\/strong> Hasta 5 v\u00edas<\/li>\n<li style='margin-bottom: 5px;'><strong>Agenda telef\u00f3nica:<\/strong> Hasta 2000 contactos<\/li>\n<li style='margin-bottom: 5px;'><strong>Historial de llamadas:<\/strong> M\u00e1ximo 500 registros<\/li>\n<li style='margin-bottom: 5px;'><strong>Puertos de red:<\/strong> Doble puerto de red de 10\/100\/1000 Mbps<\/li>\n<li style='margin-bottom: 5px;'><strong>Conectividad:<\/strong> PoE integrado&comma; Bluetooth 2.1&comma; puertos USB<\/li>\n<li style='margin-bottom: 5px;'><strong>Compatibilidad:<\/strong> M\u00f3dulos de extensi\u00f3n GXP2200EXT (hasta 4 unidades en cascada)<\/li>\n<\/ul><\/div>\n<div style='flex: 1 1 300px; min-width: 280px;'>\n<h3 style='font-size: 22px; border-bottom: 2px solid currentColor; padding-bottom: 5px; margin-top: 0; color: inherit; opacity: 0.8;'>Caracter\u00edsticas T\u00e9cnicas<\/h3>\n<ul style='padding-left: 20px; font-size: 15px; color: inherit;'>\n<li style='margin-bottom: 5px;'><strong>Aprovisionamiento:<\/strong> Automatizado usando TR-069 o archivo de configuraci\u00f3n XML encriptado<\/li>\n<li style='margin-bottom: 5px;'><strong>Seguridad:<\/strong> SRTP&comma; TLS&comma; 802.1x<\/li>\n<li style='margin-bottom: 5px;'><strong>Calidad de Servicio:<\/strong> Soporta QoS en capa 2 y capa 3<\/li>\n<li style='margin-bottom: 5px;'><strong>C\u00f3decs:<\/strong> G.711 (I y II)&comma; G.723.1A&comma; G.729A\/B&comma; G.726&comma; G.722 e iLBC<\/li>\n<li style='margin-bottom: 5px;'><strong>Idiomas:<\/strong> 19 idiomas soportados&comma; incluyendo espa\u00f1ol<\/li>\n<li style='margin-bottom: 5px;'><strong>Rango de temperatura:<\/strong> 0\u00b0C hasta 40\u00b0C<\/li>\n<li style='margin-bottom: 5px;'><strong>Alimentaci\u00f3n:<\/strong> 12 Vcc&comma; 1 A; soporta 802.3 af para PoE<\/li>\n<li style='margin-bottom: 5px;'><strong>Consumo m\u00e1ximo:<\/strong> 6 W (hasta 10 W con los 4 m\u00f3dulos GXP2200EXT)<\/li>\n<li style='margin-bottom: 5px;'><strong>Dimensiones:<\/strong> 206 x 46 x 228 mm<\/li>\n<li style='margin-bottom: 5px;'><strong>Peso:<\/strong> 0.9 kg (1.984 Lb)<\/li>\n<\/ul><\/div>\n<\/p><\/div>\n<p> <!-- Separador --> <\/p>\n<hr style='border: 0; border-top: 1px solid rgba(150&comma; 150&comma; 150&comma; 0.3); margin: 30px 0;'> <\/div>\n","protected":false},"excerpt":{"rendered":"<p>Tel\u00e9fono IP Empresarial para 4 l\u00edneas. Puede agregar hasta 160 BLF (teclas de marcaci\u00f3n r\u00e1pida) con cuatro GXP2200EXT<\/p>\n","protected":false},"featured_media":77817,"comment_status":"open","ping_status":"closed","template":"","meta":[],"product_brand":[],"product_cat":[2003],"product_tag":[909,2005,2004],"class_list":{"0":"post-77818","1":"product","2":"type-product","3":"status-publish","4":"has-post-thumbnail","6":"product_cat-telefonos-ip","7":"product_tag-grandstream","8":"product_tag-telefonos-ip","9":"product_tag-voip-telefonia-ip-videoconferencia","11":"first","12":"instock","13":"sale","14":"shipping-taxable","15":"purchasable","16":"product-type-simple"},"_links":{"self":[{"href":"https:\/\/soydeaqui.ddns.net\/pachuca\/index.php\/wp-json\/wp\/v2\/product\/77818","targetHints":{"allow":["GET"]}}],"collection":[{"href":"https:\/\/soydeaqui.ddns.net\/pachuca\/index.php\/wp-json\/wp\/v2\/product"}],"about":[{"href":"https:\/\/soydeaqui.ddns.net\/pachuca\/index.php\/wp-json\/wp\/v2\/types\/product"}],"replies":[{"embeddable":true,"href":"https:\/\/soydeaqui.ddns.net\/pachuca\/index.php\/wp-json\/wp\/v2\/comments?post=77818"}],"wp:featuredmedia":[{"embeddable":true,"href":"https:\/\/soydeaqui.ddns.net\/pachuca\/index.php\/wp-json\/wp\/v2\/media\/77817"}],"wp:attachment":[{"href":"https:\/\/soydeaqui.ddns.net\/pachuca\/index.php\/wp-json\/wp\/v2\/media?parent=77818"}],"wp:term":[{"taxonomy":"product_brand","embeddable":true,"href":"https:\/\/soydeaqui.ddns.net\/pachuca\/index.php\/wp-json\/wp\/v2\/product_brand?post=77818"},{"taxonomy":"product_cat","embeddable":true,"href":"https:\/\/soydeaqui.ddns.net\/pachuca\/index.php\/wp-json\/wp\/v2\/product_cat?post=77818"},{"taxonomy":"product_tag","embeddable":true,"href":"https:\/\/soydeaqui.ddns.net\/pachuca\/index.php\/wp-json\/wp\/v2\/product_tag?post=77818"}],"curies":[{"name":"wp","href":"https:\/\/api.w.org\/{rel}","templated":true}]}}