{"id":77811,"date":"2026-03-19T16:16:11","date_gmt":"2026-03-19T16:16:11","guid":{"rendered":"https:\/\/soydeaqui.ddns.net\/pachuca\/index.php\/producto\/telefono-ip-empresarial-de-3-lineas-con-4-teclas-de-funcion-8-teclas-de-extension-blf-y-conferencia-de-4-vias-poe\/"},"modified":"2026-03-19T16:16:23","modified_gmt":"2026-03-19T16:16:23","slug":"telefono-ip-empresarial-de-3-lineas-con-4-teclas-de-funcion-8-teclas-de-extension-blf-y-conferencia-de-4-vias-poe","status":"publish","type":"product","link":"https:\/\/soydeaqui.ddns.net\/pachuca\/index.php\/producto\/telefono-ip-empresarial-de-3-lineas-con-4-teclas-de-funcion-8-teclas-de-extension-blf-y-conferencia-de-4-vias-poe\/","title":{"rendered":"Tel\u00e9fono IP Empresarial de 3 L\u00edneas con 4 teclas de funci\u00f3n, 8 teclas de extensi\u00f3n BLF y conferencia de 4 v\u00edas. PoE"},"content":{"rendered":"<div style='width: 100%; max-width: 1200px; margin: 0 auto; font-family: sans-serif; line-height: 1.6; color: inherit; background-color: transparent;'> <!-- Secci\u00f3n de descripci\u00f3n principal --> <\/p>\n<div style='margin-bottom: 30px; font-size: 15px;'>\n<p style='margin-bottom: 15px;'>El GXP2130 es un avanzado tel\u00e9fono IP de categor\u00eda empresarial con hasta 3 l\u00edneas&comma; pantalla TFT LCD a color de 2&comma;8&#8217;&comma; 4 teclas XML programables sensibles al contexto&comma; 8 teclas de extensi\u00f3n BLF programables&comma; doble puerto de red Gigabit&comma; PoE y Bluetooth integrados&comma; conferencia de voz de 4 v\u00edas y Electronic Hook Switch (EHS). El GXP2130 ofrece calidad de audio superior en el auricular y el altavoz&comma; recursos telef\u00f3nicos valiosos y de \u00faltima generaci\u00f3n&comma; informaci\u00f3n personalizada y servicio de aplicaci\u00f3n personalizable&comma; aprovisionamiento autom\u00e1tico para f\u00e1cil instalaci\u00f3n&comma; protecci\u00f3n de seguridad avanzada para mayor privacidad e interoperabilidad amplia con la mayor\u00eda de los dispositivos SIP de terceros y las principales plataformas SIP\/NGN\/IMS. Ideal para peque\u00f1as y medianas empresas&comma; grandes negocios y oficinas&comma; el GXP2130 es la elecci\u00f3n perfecta para usuarios que buscan un tel\u00e9fono IP de alta calidad&comma; con variedad de recursos&comma; funcionalidades avanzadas y sencillo de usar.<\/p>\n<\/p><\/div>\n<p> <!-- Secci\u00f3n de caracter\u00edsticas principales --> <\/p>\n<div style='display: flex; flex-wrap: wrap; gap: 30px; margin-bottom: 30px;'>\n<div style='flex: 1 1 300px; min-width: 280px;'>\n<h3 style='font-size: 22px; border-bottom: 2px solid currentColor; padding-bottom: 5px; margin-top: 0; color: inherit; opacity: 0.8;'>Caracter\u00edsticas principales<\/h3>\n<ul style='padding-left: 20px; font-size: 15px; color: inherit;'>\n<li style='margin-bottom: 5px;'>3 L\u00edneas&comma; 3 cuentas SIP&comma; 4 teclas de funci\u00f3n XML programables y conferencia de 4 v\u00edas<\/li>\n<li style='margin-bottom: 5px;'>8 Teclas de extensi\u00f3n BLF programables<\/li>\n<li style='margin-bottom: 5px;'>Pantalla LCD TFT a color de 2.8 pulgadas (320&#215;240)<\/li>\n<li style='margin-bottom: 5px;'>Audio HD<\/li>\n<li style='margin-bottom: 5px;'>Doble puerto de red Gigabit<\/li>\n<\/ul><\/div>\n<\/p><\/div>\n<p> <!-- Secci\u00f3n de cards con especificaciones --> <\/p>\n<div style='display: flex; flex-wrap: wrap; gap: 20px; margin-bottom: 30px;'>\n<div style='flex: 1 1 250px; border: 1px solid rgba(150&comma; 150&comma; 150&comma; 0.4); border-radius: 8px; overflow: hidden; display: flex; flex-direction: column;'>\n<div style='padding: 15px; border-bottom: 1px solid rgba(150&comma; 150&comma; 150&comma; 0.2); font-weight: bold; font-size: 18px; color: inherit;'>Funciones de telefon\u00eda<\/div>\n<div style='padding: 15px; color: inherit;'>\n<ul style='padding-left: 20px; margin: 0; font-size: 14px; list-style-type: disc;'>\n<li style='margin-bottom: 5px;'>Retenci\u00f3n de llamada&comma; transferencia&comma; reenv\u00edo de llamada&comma; conferencia de 4 v\u00edas<\/li>\n<li style='margin-bottom: 5px;'>Llamada estacionada (call park)&comma; captura de llamada<\/li>\n<li style='margin-bottom: 5px;'>Apariencia de llamada compartida (SCA&comma; shared-call-appearance)\/apariencia de l\u00ednea en puente (BLA&comma; bridged-line-appearance)<\/li>\n<li style='margin-bottom: 5px;'>Agenda telef\u00f3nica descargable (XML&comma; LDAP&comma; hasta 2000 \u00edtems)<\/li>\n<li style='margin-bottom: 5px;'>Llamada en espera&comma; registro de llamadas (hasta 500)<\/li>\n<li style='margin-bottom: 5px;'>Personalizaci\u00f3n de pantalla&comma; marcado autom\u00e1tico al descolgar<\/li>\n<li style='margin-bottom: 5px;'>Respuesta autom\u00e1tica&comma; clic para marcar&comma; plan de marcado flexible<\/li>\n<li style='margin-bottom: 5px;'>Escritorio m\u00f3vil (hot desking)&comma; m\u00fasica de espera y tonos de llamada personalizados<\/li>\n<li style='margin-bottom: 5px;'>Servidor redundante y fail-over (conmutaci\u00f3n en caso de fallo)<\/li>\n<\/ul><\/div>\n<\/p><\/div>\n<div style='flex: 1 1 250px; border: 1px solid rgba(150&comma; 150&comma; 150&comma; 0.4); border-radius: 8px; overflow: hidden; display: flex; flex-direction: column;'>\n<div style='padding: 15px; border-bottom: 1px solid rgba(150&comma; 150&comma; 150&comma; 0.2); font-weight: bold; font-size: 18px; color: inherit;'>C\u00f3decs<\/div>\n<div style='padding: 15px; color: inherit;'>\n<ul style='padding-left: 20px; margin: 0; font-size: 14px; list-style-type: disc;'>\n<li style='margin-bottom: 5px;'>G.729A\/B<\/li>\n<li style='margin-bottom: 5px;'>G.711\u03bc\/a-law<\/li>\n<li style='margin-bottom: 5px;'>G.726<\/li>\n<li style='margin-bottom: 5px;'>G.722 (banda ancha)<\/li>\n<li style='margin-bottom: 5px;'>DTMF en banda y fuera de banda (en audio&comma; RFC2833&comma; SIP INFO)<\/li>\n<\/ul><\/div>\n<\/p><\/div>\n<div style='flex: 1 1 250px; border: 1px solid rgba(150&comma; 150&comma; 150&comma; 0.4); border-radius: 8px; overflow: hidden; display: flex; flex-direction: column;'>\n<div style='padding: 15px; border-bottom: 1px solid rgba(150&comma; 150&comma; 150&comma; 0.2); font-weight: bold; font-size: 18px; color: inherit;'>Interfaces<\/div>\n<div style='padding: 15px; color: inherit;'>\n<ul style='padding-left: 20px; margin: 0; font-size: 14px; list-style-type: disc;'>\n<li style='margin-bottom: 5px;'>Puertos Ethernet dobles conmutados de 10\/100\/1000 Mbps con detecci\u00f3n autom\u00e1tica<\/li>\n<li style='margin-bottom: 5px;'>Conector de aud\u00edfonos RJ9 (permite EHS con aud\u00edfonos Plantronics)<\/li>\n<\/ul><\/div>\n<\/p><\/div>\n<div style='flex: 1 1 250px; border: 1px solid rgba(150&comma; 150&comma; 150&comma; 0.4); border-radius: 8px; overflow: hidden; display: flex; flex-direction: column;'>\n<div style='padding: 15px; border-bottom: 1px solid rgba(150&comma; 150&comma; 150&comma; 0.2); font-weight: bold; font-size: 18px; color: inherit;'>Seguridad<\/div>\n<div style='padding: 15px; color: inherit;'>\n<ul style='padding-left: 20px; margin: 0; font-size: 14px; list-style-type: disc;'>\n<li style='margin-bottom: 5px;'>Control de acceso a nivel del usuario y del administrador<\/li>\n<li style='margin-bottom: 5px;'>Autenticaci\u00f3n basada en MD5 y MD5-sess<\/li>\n<li style='margin-bottom: 5px;'>Archivo de configuraci\u00f3n cifrado con AES de 256 bits<\/li>\n<li style='margin-bottom: 5px;'>TLS&comma; SRTP&comma; HTTPS&comma; 802.1x Media Access Control<\/li>\n<\/ul><\/div>\n<\/p><\/div>\n<div style='flex: 1 1 250px; border: 1px solid rgba(150&comma; 150&comma; 150&comma; 0.4); border-radius: 8px; overflow: hidden; display: flex; flex-direction: column;'>\n<div style='padding: 15px; border-bottom: 1px solid rgba(150&comma; 150&comma; 150&comma; 0.2); font-weight: bold; font-size: 18px; color: inherit;'>Calidad de servicio<\/div>\n<div style='padding: 15px; color: inherit;'>\n<ul style='padding-left: 20px; margin: 0; font-size: 14px; list-style-type: disc;'>\n<li style='margin-bottom: 5px;'>QoS de Capa 2 (802.1Q&comma; 802.1P)<\/li>\n<li style='margin-bottom: 5px;'>QoS de Capa 3 (ToS&comma; Di Serv&comma; MPLS)<\/li>\n<\/ul><\/div>\n<\/p><\/div>\n<div style='flex: 1 1 250px; border: 1px solid rgba(150&comma; 150&comma; 150&comma; 0.4); border-radius: 8px; overflow: hidden; display: flex; flex-direction: column;'>\n<div style='padding: 15px; border-bottom: 1px solid rgba(150&comma; 150&comma; 150&comma; 0.2); font-weight: bold; font-size: 18px; color: inherit;'>Lenguajes<\/div>\n<div style='padding: 15px; color: inherit;'>\n<ul style='padding-left: 20px; margin: 0; font-size: 14px; list-style-type: disc;'>\n<li style='margin-bottom: 5px;'>Espa\u00f1ol&comma; ingl\u00e9s&comma; alem\u00e1n&comma; italiano&comma; franc\u00e9s&comma; portugu\u00e9s&comma; ruso&comma; croata<\/li>\n<li style='margin-bottom: 5px;'>Chino simplificado y tradicional&comma; coreano&comma; japon\u00e9s<\/li>\n<\/ul><\/div>\n<\/p><\/div>\n<div style='flex: 1 1 250px; border: 1px solid rgba(150&comma; 150&comma; 150&comma; 0.4); border-radius: 8px; overflow: hidden; display: flex; flex-direction: column;'>\n<div style='padding: 15px; border-bottom: 1px solid rgba(150&comma; 150&comma; 150&comma; 0.2); font-weight: bold; font-size: 18px; color: inherit;'>Protocolos y normas<\/div>\n<div style='padding: 15px; color: inherit;'>\n<ul style='padding-left: 20px; margin: 0; font-size: 14px; list-style-type: disc;'>\n<li style='margin-bottom: 5px;'>SIP RFC3261&comma; TCP\/IP\/UDP&comma; RTP\/RTCP&comma; HTTP\/HTTPS&comma; ARP&comma; ICMP&comma; DNS (A record&comma; SRV&comma; NAPTR)<\/li>\n<li style='margin-bottom: 5px;'>DHCP&comma; PPPoE&comma; TELNET&comma; TFTP&comma; NTP&comma; STUN&comma; SIMPLE&comma; LLDP&comma; LDAP&comma; TR-069<\/li>\n<li style='margin-bottom: 5px;'>802.1x&comma; TLS&comma; SRTP&comma; IPV6<\/li>\n<\/ul><\/div>\n<\/p><\/div>\n<div style='flex: 1 1 250px; border: 1px solid rgba(150&comma; 150&comma; 150&comma; 0.4); border-radius: 8px; overflow: hidden; display: flex; flex-direction: column;'>\n<div style='padding: 15px; border-bottom: 1px solid rgba(150&comma; 150&comma; 150&comma; 0.2); font-weight: bold; font-size: 18px; color: inherit;'>Conformidad<\/div>\n<div style='padding: 15px; color: inherit;'>\n<ul style='padding-left: 20px; margin: 0; font-size: 14px; list-style-type: disc;'>\n<li style='margin-bottom: 5px;'>FCC Part 15 Class B&comma; EN55022 Class B&comma; EN61000-3-2&comma; EN61000-3-3<\/li>\n<li style='margin-bottom: 5px;'>EN55024&comma; EN60950-1<\/li>\n<li style='margin-bottom: 5px;'>RCM: AS\/ACIF S004; AS\/NZS CISPR22\/24; AS\/NZS 60950<\/li>\n<\/ul><\/div>\n<\/p><\/div>\n<div style='flex: 1 1 250px; border: 1px solid rgba(150&comma; 150&comma; 150&comma; 0.4); border-radius: 8px; overflow: hidden; display: flex; flex-direction: column;'>\n<div style='padding: 15px; border-bottom: 1px solid rgba(150&comma; 150&comma; 150&comma; 0.2); font-weight: bold; font-size: 18px; color: inherit;'>Caracter\u00edsticas f\u00edsicas y el\u00e9ctricas<\/div>\n<div style='padding: 15px; color: inherit;'>\n<ul style='padding-left: 20px; margin: 0; font-size: 14px; list-style-type: disc;'>\n<li style='margin-bottom: 5px;'>Fuente de alimentaci\u00f3n universal; Entrada: 100~240VAC 50-60Hz; Salida: 12Vcc&comma; 0.5A<\/li>\n<li style='margin-bottom: 5px;'>PoE 802.3af&comma; Clase 2<\/li>\n<li style='margin-bottom: 5px;'>Montable en base o pared<\/li>\n<li style='margin-bottom: 5px;'>Dimensiones: 193 x 211 x 85 mm<\/li>\n<li style='margin-bottom: 5px;'>Peso: 0.81 kg<\/li>\n<li style='margin-bottom: 5px;'>Temperatura de operaci\u00f3n: 0~40\u00baC<\/li>\n<\/ul><\/div>\n<\/p><\/div>\n<div style='flex: 1 1 250px; border: 1px solid rgba(150&comma; 150&comma; 150&comma; 0.4); border-radius: 8px; overflow: hidden; display: flex; flex-direction: column;'>\n<div style='padding: 15px; border-bottom: 1px solid rgba(150&comma; 150&comma; 150&comma; 0.2); font-weight: bold; font-size: 18px; color: inherit;'>Contenido del paquete<\/div>\n<div style='padding: 15px; color: inherit;'>\n<ul style='padding-left: 20px; margin: 0; font-size: 14px; list-style-type: disc;'>\n<li style='margin-bottom: 5px;'>Tel\u00e9fono GXP2130<\/li>\n<li style='margin-bottom: 5px;'>Auricular con cable<\/li>\n<li style='margin-bottom: 5px;'>Base de soporte<\/li>\n<li style='margin-bottom: 5px;'>Power-over-Ethernet<\/li>\n<li style='margin-bottom: 5px;'>Cable de red<\/li>\n<li style='margin-bottom: 5px;'>Gu\u00eda de Referencia R\u00e1pida<\/li>\n<\/ul><\/div>\n<\/p><\/div>\n<\/p><\/div>\n<p> <!-- Separador final --> <\/p>\n<hr style='border: 0; border-top: 1px solid rgba(150&comma; 150&comma; 150&comma; 0.3); margin: 30px 0;'> <\/div>\n","protected":false},"excerpt":{"rendered":"<p>Tel\u00e9fono IP Empresarial de 3 L\u00edneas con 4 teclas de funci\u00f3n, 8 teclas de extensi\u00f3n BLF y conferencia de 4 v\u00edas. PoE<\/p>\n","protected":false},"featured_media":77810,"comment_status":"open","ping_status":"closed","template":"","meta":[],"product_brand":[],"product_cat":[2003],"product_tag":[909,2005,2004],"class_list":{"0":"post-77811","1":"product","2":"type-product","3":"status-publish","4":"has-post-thumbnail","6":"product_cat-telefonos-ip","7":"product_tag-grandstream","8":"product_tag-telefonos-ip","9":"product_tag-voip-telefonia-ip-videoconferencia","11":"first","12":"instock","13":"sale","14":"shipping-taxable","15":"purchasable","16":"product-type-simple"},"_links":{"self":[{"href":"https:\/\/soydeaqui.ddns.net\/pachuca\/index.php\/wp-json\/wp\/v2\/product\/77811","targetHints":{"allow":["GET"]}}],"collection":[{"href":"https:\/\/soydeaqui.ddns.net\/pachuca\/index.php\/wp-json\/wp\/v2\/product"}],"about":[{"href":"https:\/\/soydeaqui.ddns.net\/pachuca\/index.php\/wp-json\/wp\/v2\/types\/product"}],"replies":[{"embeddable":true,"href":"https:\/\/soydeaqui.ddns.net\/pachuca\/index.php\/wp-json\/wp\/v2\/comments?post=77811"}],"wp:featuredmedia":[{"embeddable":true,"href":"https:\/\/soydeaqui.ddns.net\/pachuca\/index.php\/wp-json\/wp\/v2\/media\/77810"}],"wp:attachment":[{"href":"https:\/\/soydeaqui.ddns.net\/pachuca\/index.php\/wp-json\/wp\/v2\/media?parent=77811"}],"wp:term":[{"taxonomy":"product_brand","embeddable":true,"href":"https:\/\/soydeaqui.ddns.net\/pachuca\/index.php\/wp-json\/wp\/v2\/product_brand?post=77811"},{"taxonomy":"product_cat","embeddable":true,"href":"https:\/\/soydeaqui.ddns.net\/pachuca\/index.php\/wp-json\/wp\/v2\/product_cat?post=77811"},{"taxonomy":"product_tag","embeddable":true,"href":"https:\/\/soydeaqui.ddns.net\/pachuca\/index.php\/wp-json\/wp\/v2\/product_tag?post=77811"}],"curies":[{"name":"wp","href":"https:\/\/api.w.org\/{rel}","templated":true}]}}