{"id":77805,"date":"2026-03-19T16:16:01","date_gmt":"2026-03-19T16:16:01","guid":{"rendered":"https:\/\/soydeaqui.ddns.net\/pachuca\/index.php\/producto\/adaptador-de-telefono-analogico-ata-de-2-puertos-fxs-con-ruteador-incluido\/"},"modified":"2026-03-19T16:16:03","modified_gmt":"2026-03-19T16:16:03","slug":"adaptador-de-telefono-analogico-ata-de-2-puertos-fxs-con-ruteador-incluido","status":"publish","type":"product","link":"https:\/\/soydeaqui.ddns.net\/pachuca\/index.php\/producto\/adaptador-de-telefono-analogico-ata-de-2-puertos-fxs-con-ruteador-incluido\/","title":{"rendered":"Adaptador de Tel\u00e9fono Anal\u00f3gico (ATA) de 2 puertos FXS con ruteador incluido"},"content":{"rendered":"<div style='width: 100%; max-width: 1200px; margin: 0 auto; font-family: sans-serif; line-height: 1.6; color: inherit; background-color: transparent;'> <!-- Secci\u00f3n principal --> <\/p>\n<div style='margin-bottom: 30px; font-size: 15px;'> El HT502 es un Adaptador para Tel\u00e9fono Anal\u00f3gico (ATA) con 2 puertos FXS que permiten a los usuarios crear una soluci\u00f3n de telefon\u00eda IP administrable y de alta calidad. Con un router NAT integrado y puerto dual LAN\/WAN 10\/100 Mbps permite compartir una conexi\u00f3n entre m\u00faltiples dispositivos Ethernet como tambi\u00e9n las extensiones VoIP a tel\u00e9fonos anal\u00f3gicos. <\/div>\n<p> <!-- Secciones con flex --> <\/p>\n<div style='display: flex; flex-wrap: wrap; gap: 30px; margin-bottom: 30px;'>\n<div style='flex: 1 1 300px; min-width: 280px;'>\n<h3 style='font-size: 22px; border-bottom: 2px solid currentColor; padding-bottom: 5px; margin-top: 0; color: inherit; opacity: 0.8;'>Interfaces<\/h3>\n<ul style='padding-left: 20px; font-size: 15px; color: inherit;'>\n<li style='margin-bottom: 5px;'>2 Puertos FXS (RJ-11) para la conexi\u00f3n de tel\u00e9fonos anal\u00f3gicos convencionales<\/li>\n<li style='margin-bottom: 5px;'>Puerto de red LAN y WAN 10\/100 Mbps (RJ-45)<\/li>\n<li style='margin-bottom: 5px;'>LED\u2019s indicadores para tel\u00e9fono 1&comma; tel\u00e9fono 2&comma; LAN y WAN<\/li>\n<li style='margin-bottom: 5px;'>Bot\u00f3n de reset posterior<\/li>\n<\/ul><\/div>\n<div style='flex: 1 1 300px; min-width: 280px;'>\n<h3 style='font-size: 22px; border-bottom: 2px solid currentColor; padding-bottom: 5px; margin-top: 0; color: inherit; opacity: 0.8;'>Voz&comma; fax y m\u00f3dem<\/h3>\n<ul style='padding-left: 20px; font-size: 15px; color: inherit;'>\n<li style='margin-bottom: 5px;'>2 L\u00edneas (cuentas SIP) y conferencia de 3 v\u00edas<\/li>\n<li style='margin-bottom: 5px;'>Funciones de telefon\u00eda: Transferencia de llamada&comma; Redireccionamiento&comma; Llamada en espera&comma; No molestar&comma; indicador de Mensaje en espera y m\u00e1s<\/li>\n<li style='margin-bottom: 5px;'>Fax sobre IP: Compatible con protocolo T.38 para Fax hasta 14.4 kbps<\/li>\n<li style='margin-bottom: 5px;'>C\u00f3decs de voz: G.711 (I y II)&comma; G.723.1A&comma; G.729A\/B\/E&comma; G.728 y G.726<\/li>\n<\/ul><\/div>\n<div style='flex: 1 1 300px; min-width: 280px;'>\n<h3 style='font-size: 22px; border-bottom: 2px solid currentColor; padding-bottom: 5px; margin-top: 0; color: inherit; opacity: 0.8;'>Administraci\u00f3n y seguridad<\/h3>\n<ul style='padding-left: 20px; font-size: 15px; color: inherit;'>\n<li style='margin-bottom: 5px;'>Failover en caso de que Servidor SIP principal pierde conexi\u00f3n se cambia autom\u00e1ticamente a Servidor secundario<\/li>\n<li style='margin-bottom: 5px;'>Compatible con SYSLOG&comma; Telnet y administraci\u00f3n remota usando navegador web<\/li>\n<li style='margin-bottom: 5px;'>Seguridad SRTP&comma; TLS&comma; SIPS&comma; HTTPS<\/li>\n<li style='margin-bottom: 5px;'>QoS de Capa (802.1Q&comma; 802.1P) y QoS de Capa 3 (ToS&comma; Di Serv&comma; MPLS)<\/li>\n<\/ul><\/div>\n<div style='flex: 1 1 300px; min-width: 280px;'>\n<h3 style='font-size: 22px; border-bottom: 2px solid currentColor; padding-bottom: 5px; margin-top: 0; color: inherit; opacity: 0.8;'>Conformidad<\/h3>\n<ul style='padding-left: 20px; font-size: 15px; color: inherit;'>\n<li style='margin-bottom: 5px;'>FCC (Part 68 &#038; 15B)&comma; C-Tick&comma; AS\/NZS CISPR22&comma; CISPR24&comma; CE&comma; EN55022&comma; EN55024&comma; TBR21&comma; EN60950&comma; EN61000-3-2&comma; EN61000-3-3&comma; UL (fuente de poder)<\/li>\n<\/ul><\/div>\n<div style='flex: 1 1 300px; min-width: 280px;'>\n<h3 style='font-size: 22px; border-bottom: 2px solid currentColor; padding-bottom: 5px; margin-top: 0; color: inherit; opacity: 0.8;'>Caracter\u00edsticas f\u00edsicas y el\u00e9ctricas<\/h3>\n<ul style='padding-left: 20px; font-size: 15px; color: inherit;'>\n<li style='margin-bottom: 5px;'>Rango de temperatura soportado: 0\u00b0C hasta 40\u00b0C<\/li>\n<li style='margin-bottom: 5px;'>Alimentaci\u00f3n: 12 Vcc&comma; 0.5 A<\/li>\n<li style='margin-bottom: 5px;'>Dimensiones: 115 x 25 x 75 mm<\/li>\n<\/ul><\/div>\n<\/p><\/div>\n<p> <!-- Secci\u00f3n de im\u00e1genes --> <\/p>\n<div style='display: flex; flex-wrap: wrap; gap: 20px; margin-bottom: 30px;'>\n<div style='flex: 1 1 300px; min-width: 280px;'> <img style='width: 100%; height: auto; border: 1px solid rgba(150&comma;150&comma;150&comma;0.3); border-radius: 8px;' src='http:\/\/ftp3.syscom.mx\/usuarios\/fotos\/HT502\/HT502_1.png' alt=''> <\/div>\n<div style='flex: 1 1 300px; min-width: 280px;'> <img style='width: 100%; height: auto; border: 1px solid rgba(150&comma;150&comma;150&comma;0.3); border-radius: 8px;' src='http:\/\/ftp3.syscom.mx\/usuarios\/fotos\/HT502\/HT502_2.png' alt=''> <\/div>\n<\/p><\/div>\n<\/p><\/div>\n","protected":false},"excerpt":{"rendered":"<p>Adaptador de Tel\u00e9fono Anal\u00f3gico (ATA) de 2 puertos FXS con ruteador incluido<\/p>\n","protected":false},"featured_media":77804,"comment_status":"open","ping_status":"closed","template":"","meta":[],"product_brand":[],"product_cat":[2070],"product_tag":[2071,909,2004],"class_list":{"0":"post-77805","1":"product","2":"type-product","3":"status-publish","4":"has-post-thumbnail","6":"product_cat-gateways-y-atas","7":"product_tag-gateways-y-atas","8":"product_tag-grandstream","9":"product_tag-voip-telefonia-ip-videoconferencia","11":"first","12":"outofstock","13":"sale","14":"shipping-taxable","15":"purchasable","16":"product-type-simple"},"_links":{"self":[{"href":"https:\/\/soydeaqui.ddns.net\/pachuca\/index.php\/wp-json\/wp\/v2\/product\/77805","targetHints":{"allow":["GET"]}}],"collection":[{"href":"https:\/\/soydeaqui.ddns.net\/pachuca\/index.php\/wp-json\/wp\/v2\/product"}],"about":[{"href":"https:\/\/soydeaqui.ddns.net\/pachuca\/index.php\/wp-json\/wp\/v2\/types\/product"}],"replies":[{"embeddable":true,"href":"https:\/\/soydeaqui.ddns.net\/pachuca\/index.php\/wp-json\/wp\/v2\/comments?post=77805"}],"wp:featuredmedia":[{"embeddable":true,"href":"https:\/\/soydeaqui.ddns.net\/pachuca\/index.php\/wp-json\/wp\/v2\/media\/77804"}],"wp:attachment":[{"href":"https:\/\/soydeaqui.ddns.net\/pachuca\/index.php\/wp-json\/wp\/v2\/media?parent=77805"}],"wp:term":[{"taxonomy":"product_brand","embeddable":true,"href":"https:\/\/soydeaqui.ddns.net\/pachuca\/index.php\/wp-json\/wp\/v2\/product_brand?post=77805"},{"taxonomy":"product_cat","embeddable":true,"href":"https:\/\/soydeaqui.ddns.net\/pachuca\/index.php\/wp-json\/wp\/v2\/product_cat?post=77805"},{"taxonomy":"product_tag","embeddable":true,"href":"https:\/\/soydeaqui.ddns.net\/pachuca\/index.php\/wp-json\/wp\/v2\/product_tag?post=77805"}],"curies":[{"name":"wp","href":"https:\/\/api.w.org\/{rel}","templated":true}]}}