{"id":77803,"date":"2026-03-19T16:15:57","date_gmt":"2026-03-19T16:15:57","guid":{"rendered":"https:\/\/soydeaqui.ddns.net\/pachuca\/index.php\/producto\/estacion-base-con-telefono-ip-inalambrico-hasta-300-m-5-cuentas-sip-con-hasta-5-telefonos-dp710-por-estacion-base-descontinuado\/"},"modified":"2026-03-19T16:15:59","modified_gmt":"2026-03-19T16:15:59","slug":"estacion-base-con-telefono-ip-inalambrico-hasta-300-m-5-cuentas-sip-con-hasta-5-telefonos-dp710-por-estacion-base-descontinuado","status":"publish","type":"product","link":"https:\/\/soydeaqui.ddns.net\/pachuca\/index.php\/producto\/estacion-base-con-telefono-ip-inalambrico-hasta-300-m-5-cuentas-sip-con-hasta-5-telefonos-dp710-por-estacion-base-descontinuado\/","title":{"rendered":"Estaci\u00f3n Base con tel\u00e9fono IP inal\u00e1mbrico hasta 300 m, 5 cuentas SIP con hasta 5 tel\u00e9fonos DP710 por estaci\u00f3n base (descontinuado)"},"content":{"rendered":"<div style='width: 100%; max-width: 1200px; margin: 0 auto; font-family: sans-serif; line-height: 1.6; color: inherit; background-color: transparent;'>\n<div style='display: flex; flex-wrap: wrap; gap: 30px; margin-bottom: 30px;'>\n<div style='flex: 1 1 300px; min-width: 280px;'>\n<h3 style='font-size: 22px; border-bottom: 2px solid currentColor; padding-bottom: 5px; margin-top: 0; color: inherit; opacity: 0.8;'>Descripci\u00f3n General<\/h3>\n<p style='font-size: 15px; color: inherit; margin-top: 10px; margin-bottom: 10px;'>DP715\/710 es la pr\u00f3xima generaci\u00f3n de poder&comma; asequibilidad&comma; alta calidad y f\u00e1cil uso&comma; as\u00ed es el nuevo tel\u00e9fono inal\u00e1mbrico IP DECT. Su tama\u00f1o compacto&comma; excelente calidad de voz y su conjunto de caracter\u00edsticas lo convierten en l\u00edder en el mercado en cuanto a precio-rendimiento&comma; con un amplio rango de cobertura que permite disfrutar de los beneficios de la movilidad y la Voz sobre IP con m\u00ednima inversi\u00f3n. Es completamente compatible con est\u00e1ndares SIP\/DECT y ha sido probado en el campo para despliegue flexible.<\/p>\n<\/p><\/div>\n<\/p><\/div>\n<div style='display: flex; flex-wrap: wrap; gap: 20px; margin-bottom: 30px;'>\n<div style='flex: 1 1 250px; border: 1px solid rgba(150&comma; 150&comma; 150&comma; 0.4); border-radius: 8px; overflow: hidden; display: flex; flex-direction: column;'>\n<div style='padding: 15px; border-bottom: 1px solid rgba(150&comma; 150&comma; 150&comma; 0.2); font-weight: bold; font-size: 18px; color: inherit;'>Especificaciones de la BASE<\/div>\n<div style='padding: 15px; color: inherit;'>\n<ul style='padding-left: 20px; margin: 0; font-size: 14px; list-style-type: disc;'>\n<li style='margin-bottom: 5px;'>5 l\u00edneas (cuentas SIP) independientes por tel\u00e9fono DP710 o m\u00faltiples tel\u00e9fonos DP710 por cuenta SIP<\/li>\n<li style='margin-bottom: 5px;'><strong>Soporta hasta 5 tel\u00e9fonos inal\u00e1mbricos DECT DP710 (incluye uno)<\/strong><\/li>\n<li style='margin-bottom: 5px;'>Hasta 4 llamadas simult\u00e1neas<\/li>\n<li style='margin-bottom: 5px;'>Rango: Hasta 300 metros en exteriores y 50 metros en interiores<\/li>\n<li style='margin-bottom: 5px;'>Un puerto Ethernet con detecci\u00f3n autom\u00e1tica de 10\/100Mbps RJ45<\/li>\n<\/ul><\/div>\n<\/p><\/div>\n<div style='flex: 1 1 250px; border: 1px solid rgba(150&comma; 150&comma; 150&comma; 0.4); border-radius: 8px; overflow: hidden; display: flex; flex-direction: column;'>\n<div style='padding: 15px; border-bottom: 1px solid rgba(150&comma; 150&comma; 150&comma; 0.2); font-weight: bold; font-size: 18px; color: inherit;'>Especificaciones del TEL\u00c9FONO<\/div>\n<div style='padding: 15px; color: inherit;'>\n<ul style='padding-left: 20px; margin: 0; font-size: 14px; list-style-type: disc;'>\n<li style='margin-bottom: 5px;'>Pantalla FSTN LCD retroiluminada de 1&comma;7\u201d de color azul de fondo<\/li>\n<li style='margin-bottom: 5px;'>Duraci\u00f3n de la bater\u00eda de 10 horas con llamada activa y 80 horas en espera<\/li>\n<\/ul><\/div>\n<\/p><\/div>\n<div style='flex: 1 1 250px; border: 1px solid rgba(150&comma; 150&comma; 150&comma; 0.4); border-radius: 8px; overflow: hidden; display: flex; flex-direction: column;'>\n<div style='padding: 15px; border-bottom: 1px solid rgba(150&comma; 150&comma; 150&comma; 0.2); font-weight: bold; font-size: 18px; color: inherit;'>Agenda Telef\u00f3nica<\/div>\n<div style='padding: 15px; color: inherit;'>\n<ul style='padding-left: 20px; margin: 0; font-size: 14px; list-style-type: disc;'>\n<li style='margin-bottom: 5px;'>200 registros cada uno con hasta 24 d\u00edgitos y hasta 16 caracteres<\/li>\n<li style='margin-bottom: 5px;'>Registro de las \u00faltimas 10 llamadas<\/li>\n<li style='margin-bottom: 5px;'>Registro de 30 llamadas recibidas<\/li>\n<\/ul><\/div>\n<\/p><\/div>\n<div style='flex: 1 1 250px; border: 1px solid rgba(150&comma; 150&comma; 150&comma; 0.4); border-radius: 8px; overflow: hidden; display: flex; flex-direction: column;'>\n<div style='padding: 15px; border-bottom: 1px solid rgba(150&comma; 150&comma; 150&comma; 0.2); font-weight: bold; font-size: 18px; color: inherit;'>Funciones de Telefon\u00eda<\/div>\n<div style='padding: 15px; color: inherit;'>\n<ul style='padding-left: 20px; margin: 0; font-size: 14px; list-style-type: disc;'>\n<li style='margin-bottom: 5px;'>Activaci\u00f3n o Bloqueo del Identificador de Llamadas<\/li>\n<li style='margin-bottom: 5px;'>Llamada en Espera<\/li>\n<li style='margin-bottom: 5px;'>Transferencia a Ciegas o Asistida<\/li>\n<li style='margin-bottom: 5px;'>Desv\u00edo de Llamadas<\/li>\n<li style='margin-bottom: 5px;'>Reenv\u00edo de Llamada<\/li>\n<li style='margin-bottom: 5px;'>Pausa<\/li>\n<li style='margin-bottom: 5px;'>No Molestar<\/li>\n<li style='margin-bottom: 5px;'>Conferencia de 3 v\u00edas<\/li>\n<\/ul><\/div>\n<\/p><\/div>\n<div style='flex: 1 1 250px; border: 1px solid rgba(150&comma; 150&comma; 150&comma; 0.4); border-radius: 8px; overflow: hidden; display: flex; flex-direction: column;'>\n<div style='padding: 15px; border-bottom: 1px solid rgba(150&comma; 150&comma; 150&comma; 0.2); font-weight: bold; font-size: 18px; color: inherit;'>C\u00f3decs<\/div>\n<div style='padding: 15px; color: inherit;'>\n<ul style='padding-left: 20px; margin: 0; font-size: 14px; list-style-type: disc;'>\n<li style='margin-bottom: 5px;'>G.711 con Anexo I (PLC) y Anexo II (VAD\/CNG)<\/li>\n<li style='margin-bottom: 5px;'>G.723.1<\/li>\n<li style='margin-bottom: 5px;'>G.726-32 AAL2<\/li>\n<li style='margin-bottom: 5px;'>G.729A\/B<\/li>\n<li style='margin-bottom: 5px;'>iLBC<\/li>\n<\/ul><\/div>\n<\/p><\/div>\n<div style='flex: 1 1 250px; border: 1px solid rgba(150&comma; 150&comma; 150&comma; 0.4); border-radius: 8px; overflow: hidden; display: flex; flex-direction: column;'>\n<div style='padding: 15px; border-bottom: 1px solid rgba(150&comma; 150&comma; 150&comma; 0.2); font-weight: bold; font-size: 18px; color: inherit;'>Seguridad<\/div>\n<div style='padding: 15px; color: inherit;'>\n<ul style='padding-left: 20px; margin: 0; font-size: 14px; list-style-type: disc;'>\n<li style='margin-bottom: 5px;'>TLS&comma; SRTP&comma; HTTPS<\/li>\n<li style='margin-bottom: 5px;'>Interfaz Web o v\u00eda segura (AES encriptado) archivo de configuraci\u00f3n central para despliegue en masa<\/li>\n<li style='margin-bottom: 5px;'>Soporta configuraci\u00f3n del aparato v\u00eda IVR&comma; Buscador Web o Archivo de Configuraci\u00f3n central por medio de TFTP&comma; HTTP o HTTPS<\/li>\n<\/ul><\/div>\n<\/p><\/div>\n<div style='flex: 1 1 250px; border: 1px solid rgba(150&comma; 150&comma; 150&comma; 0.4); border-radius: 8px; overflow: hidden; display: flex; flex-direction: column;'>\n<div style='padding: 15px; border-bottom: 1px solid rgba(150&comma; 150&comma; 150&comma; 0.2); font-weight: bold; font-size: 18px; color: inherit;'>Calidad de Servicio<\/div>\n<div style='padding: 15px; color: inherit;'>\n<ul style='padding-left: 20px; margin: 0; font-size: 14px; list-style-type: disc;'>\n<li style='margin-bottom: 5px;'>QoS de Capa (802.1Q&comma; 802.1P)<\/li>\n<li style='margin-bottom: 5px;'>QoS de Capa 3 (ToS&comma; DiServ&comma; MPLS)<\/li>\n<\/ul><\/div>\n<\/p><\/div>\n<div style='flex: 1 1 250px; border: 1px solid rgba(150&comma; 150&comma; 150&comma; 0.4); border-radius: 8px; overflow: hidden; display: flex; flex-direction: column;'>\n<div style='padding: 15px; border-bottom: 1px solid rgba(150&comma; 150&comma; 150&comma; 0.2); font-weight: bold; font-size: 18px; color: inherit;'>Lenguajes<\/div>\n<div style='padding: 15px; color: inherit;'>\n<ul style='padding-left: 20px; margin: 0; font-size: 14px; list-style-type: disc;'>\n<li style='margin-bottom: 5px;'>Espa\u00f1ol<\/li>\n<li style='margin-bottom: 5px;'>Ingl\u00e9s<\/li>\n<li style='margin-bottom: 5px;'>Alem\u00e1n<\/li>\n<li style='margin-bottom: 5px;'>Italiano<\/li>\n<li style='margin-bottom: 5px;'>Franc\u00e9s<\/li>\n<li style='margin-bottom: 5px;'>Portugu\u00e9s<\/li>\n<li style='margin-bottom: 5px;'>Ruso<\/li>\n<li style='margin-bottom: 5px;'>Croata<\/li>\n<li style='margin-bottom: 5px;'>Chino simplificado y tradicional<\/li>\n<li style='margin-bottom: 5px;'>Coreano<\/li>\n<li style='margin-bottom: 5px;'>Japon\u00e9s<\/li>\n<\/ul><\/div>\n<\/p><\/div>\n<div style='flex: 1 1 250px; border: 1px solid rgba(150&comma; 150&comma; 150&comma; 0.4); border-radius: 8px; overflow: hidden; display: flex; flex-direction: column;'>\n<div style='padding: 15px; border-bottom: 1px solid rgba(150&comma; 150&comma; 150&comma; 0.2); font-weight: bold; font-size: 18px; color: inherit;'>Protocolos y Normas<\/div>\n<div style='padding: 15px; color: inherit;'>\n<ul style='padding-left: 20px; margin: 0; font-size: 14px; list-style-type: disc;'>\n<li style='margin-bottom: 5px;'>SIP RFC3261<\/li>\n<li style='margin-bottom: 5px;'>TCP\/IP\/UDP<\/li>\n<li style='margin-bottom: 5px;'>RTP\/RTCP<\/li>\n<li style='margin-bottom: 5px;'>HTTP\/HTTPS<\/li>\n<li style='margin-bottom: 5px;'>ARP\/RARP<\/li>\n<li style='margin-bottom: 5px;'>ICMP<\/li>\n<li style='margin-bottom: 5px;'>DNS (A record&comma; SRV&comma; NAPTR)<\/li>\n<li style='margin-bottom: 5px;'>DHCP<\/li>\n<li style='margin-bottom: 5px;'>PPPoE<\/li>\n<li style='margin-bottom: 5px;'>SSH<\/li>\n<li style='margin-bottom: 5px;'>TFTP<\/li>\n<li style='margin-bottom: 5px;'>NTP<\/li>\n<li style='margin-bottom: 5px;'>STUN<\/li>\n<li style='margin-bottom: 5px;'>SIMPLE<\/li>\n<li style='margin-bottom: 5px;'>LLDP-MED<\/li>\n<li style='margin-bottom: 5px;'>LDAP<\/li>\n<li style='margin-bottom: 5px;'>TR-069<\/li>\n<li style='margin-bottom: 5px;'>802.1x<\/li>\n<li style='margin-bottom: 5px;'>TLS<\/li>\n<li style='margin-bottom: 5px;'>SRTP<\/li>\n<\/ul><\/div>\n<\/p><\/div>\n<div style='flex: 1 1 250px; border: 1px solid rgba(150&comma; 150&comma; 150&comma; 0.4); border-radius: 8px; overflow: hidden; display: flex; flex-direction: column;'>\n<div style='padding: 15px; border-bottom: 1px solid rgba(150&comma; 150&comma; 150&comma; 0.2); font-weight: bold; font-size: 18px; color: inherit;'>Conformidad<\/div>\n<div style='padding: 15px; color: inherit;'>\n<ul style='padding-left: 20px; margin: 0; font-size: 14px; list-style-type: disc;'>\n<li style='margin-bottom: 5px;'>FCC Part 15B\/15D<\/li>\n<li style='margin-bottom: 5px;'>CE: ETSI EN 301 489-1 V1.8.1<\/li>\n<li style='margin-bottom: 5px;'>ETSI EN 301 489-6 V1.3.1<\/li>\n<li style='margin-bottom: 5px;'>ETSI EN 301 406-1 V2.1.1<\/li>\n<li style='margin-bottom: 5px;'>ETSI EN 301 406 V1.5.1<\/li>\n<li style='margin-bottom: 5px;'>EN60950-1<\/li>\n<li style='margin-bottom: 5px;'>RoHS<\/li>\n<li style='margin-bottom: 5px;'>UL (Fuente de Alimentaci\u00f3n)<\/li>\n<\/ul><\/div>\n<\/p><\/div>\n<div style='flex: 1 1 250px; border: 1px solid rgba(150&comma; 150&comma; 150&comma; 0.4); border-radius: 8px; overflow: hidden; display: flex; flex-direction: column;'>\n<div style='padding: 15px; border-bottom: 1px solid rgba(150&comma; 150&comma; 150&comma; 0.2); font-weight: bold; font-size: 18px; color: inherit;'>Caracter\u00edsticas F\u00edsicas y El\u00e9ctricas<\/div>\n<div style='padding: 15px; color: inherit;'>\n<ul style='padding-left: 20px; margin: 0; font-size: 14px; list-style-type: disc;'>\n<li style='margin-bottom: 5px;'>Fuente de alimentaci\u00f3n universal; Entrada: 100~240VAC 50-60Hz; Salida: 6Vcc&comma; 500mA<\/li>\n<li style='margin-bottom: 5px;'>Dimensiones: Estaci\u00f3n Base: 75 x 105 x 85 mm; Auricular: 160 x 46 x 22 mm; Cargador: 53 x 75 x 60 mm<\/li>\n<li style='margin-bottom: 5px;'>Peso: Estaci\u00f3n Base: 95 g; Auricular 104 g; Cargador: 102 g<\/li>\n<li style='margin-bottom: 5px;'>Temperatura de operaci\u00f3n: 0~40\u00baC<\/li>\n<\/ul><\/div>\n<\/p><\/div>\n<\/p><\/div>\n<div style='display: flex; flex-wrap: wrap; gap: 30px; margin-bottom: 30px;'>\n<div style='flex: 1 1 300px; min-width: 280px;'>\n<h3 style='font-size: 22px; border-bottom: 2px solid currentColor; padding-bottom: 5px; margin-top: 0; color: inherit; opacity: 0.8;'>Imagen del Producto<\/h3>\n<p> <img style='width: 100%; height: auto; border: 1px solid rgba(150&comma;150&comma;150&comma;0.3); border-radius: 8px; margin-top: 15px;' src='http:\/\/ftp3.syscom.mx\/usuarios\/fotos\/DP715\/74094-dp715dp710_-_voip_dect_phone.jpg' alt='Imagen de Estaci\u00f3n Base DP715 con su auricular y 4 auriculares adicionales DP710 en sus estaciones de carga'> <\/div>\n<\/p><\/div>\n<hr style='border: 0; border-top: 1px solid rgba(150&comma; 150&comma; 150&comma; 0.3); margin: 30px 0;'> <\/div>\n","protected":false},"excerpt":{"rendered":"<p>Estaci\u00f3n Base con tel\u00e9fono IP inal\u00e1mbrico hasta 300 m, 5 cuentas SIP con hasta 5 tel\u00e9fonos DP710 por estaci\u00f3n base (descontinuado)<\/p>\n","protected":false},"featured_media":77802,"comment_status":"open","ping_status":"closed","template":"","meta":[],"product_brand":[],"product_cat":[2003],"product_tag":[909,2005,2004],"class_list":{"0":"post-77803","1":"product","2":"type-product","3":"status-publish","4":"has-post-thumbnail","6":"product_cat-telefonos-ip","7":"product_tag-grandstream","8":"product_tag-telefonos-ip","9":"product_tag-voip-telefonia-ip-videoconferencia","11":"first","12":"outofstock","13":"sale","14":"shipping-taxable","15":"purchasable","16":"product-type-simple"},"_links":{"self":[{"href":"https:\/\/soydeaqui.ddns.net\/pachuca\/index.php\/wp-json\/wp\/v2\/product\/77803","targetHints":{"allow":["GET"]}}],"collection":[{"href":"https:\/\/soydeaqui.ddns.net\/pachuca\/index.php\/wp-json\/wp\/v2\/product"}],"about":[{"href":"https:\/\/soydeaqui.ddns.net\/pachuca\/index.php\/wp-json\/wp\/v2\/types\/product"}],"replies":[{"embeddable":true,"href":"https:\/\/soydeaqui.ddns.net\/pachuca\/index.php\/wp-json\/wp\/v2\/comments?post=77803"}],"wp:featuredmedia":[{"embeddable":true,"href":"https:\/\/soydeaqui.ddns.net\/pachuca\/index.php\/wp-json\/wp\/v2\/media\/77802"}],"wp:attachment":[{"href":"https:\/\/soydeaqui.ddns.net\/pachuca\/index.php\/wp-json\/wp\/v2\/media?parent=77803"}],"wp:term":[{"taxonomy":"product_brand","embeddable":true,"href":"https:\/\/soydeaqui.ddns.net\/pachuca\/index.php\/wp-json\/wp\/v2\/product_brand?post=77803"},{"taxonomy":"product_cat","embeddable":true,"href":"https:\/\/soydeaqui.ddns.net\/pachuca\/index.php\/wp-json\/wp\/v2\/product_cat?post=77803"},{"taxonomy":"product_tag","embeddable":true,"href":"https:\/\/soydeaqui.ddns.net\/pachuca\/index.php\/wp-json\/wp\/v2\/product_tag?post=77803"}],"curies":[{"name":"wp","href":"https:\/\/api.w.org\/{rel}","templated":true}]}}