{"id":778,"date":"2026-03-18T05:44:07","date_gmt":"2026-03-18T05:44:07","guid":{"rendered":"https:\/\/soydeaqui.ddns.net\/pachuca\/index.php\/producto\/microfono-ip-12-vcd-pantalla-touch-7-transmision-en-tiempo-real-integracion-con-hikcentral-professional\/"},"modified":"2026-03-18T05:44:10","modified_gmt":"2026-03-18T05:44:10","slug":"microfono-ip-12-vcd-pantalla-touch-7-transmision-en-tiempo-real-integracion-con-hikcentral-professional","status":"publish","type":"product","link":"https:\/\/soydeaqui.ddns.net\/pachuca\/index.php\/producto\/microfono-ip-12-vcd-pantalla-touch-7-transmision-en-tiempo-real-integracion-con-hikcentral-professional\/","title":{"rendered":"Micr\u00f3fono IP | 12 VCD |  Pantalla Touch 7&#8243; | Transmisi\u00f3n en Tiempo Real | Integraci\u00f3n con HikCentral Professional"},"content":{"rendered":"<div style='width: 100%; max-width: 1200px; margin: 0 auto; font-family: sans-serif; line-height: 1.6; color: inherit;'>\n<div style='width: 100%; margin-bottom: 30px;'> <img style='width: 80%; height: auto; margin-left: 10%; border: 1px solid rgba(150&comma;150&comma;150&comma;0.3); border-radius: 8px;' src='https:\/\/ftp3.syscom.mx\/usuarios\/luis.vargas\/HIKVISION\/Hikvision.png' alt=''> <\/div>\n<div style='position: relative; padding-bottom: 56.25%; height: 0; overflow: hidden; margin-bottom: 30px;'>   <\/div>\n<div style='display: flex; flex-wrap: wrap; gap: 20px; margin-bottom: 30px;'>\n<div style='flex: 1 1 300px; min-width: 280px; border: 1px solid rgba(150&comma; 150&comma; 150&comma; 0.4); border-radius: 8px; overflow: hidden; display: flex; flex-direction: column;'>\n<div style='padding: 15px; border-bottom: 1px solid rgba(150&comma; 150&comma; 150&comma; 0.2); font-weight: bold; font-size: 18px; background-color: #df001e; color: #ffffff;'>Caracter\u00edsticas Principales:<\/div>\n<div style='padding: 15px; color: inherit;'>\n<ul style='padding-left: 20px; margin: 0; font-size: 14px; list-style-type: disc;'>\n<li style='margin-bottom: 5px;'>Transmisi\u00f3n de red: reproducci\u00f3n de mensajes de audio o transmisi\u00f3n de audio en tiempo real.<\/li>\n<li style='margin-bottom: 5px;'>Configuracion de teclas de acceso directo para transmitir.<\/li>\n<li style='margin-bottom: 5px;'>Se pueden definir hasta 6 acceso directos (F1 a F6).<\/li>\n<li style='margin-bottom: 5px;'>Protocolo ISUP&comma; ISAPI.<\/li>\n<\/ul><\/div>\n<\/p><\/div>\n<div style='flex: 1 1 300px; min-width: 280px; border: 1px solid rgba(150&comma; 150&comma; 150&comma; 0.4); border-radius: 8px; overflow: hidden; display: flex; flex-direction: column;'>\n<div style='padding: 15px; border-bottom: 1px solid rgba(150&comma; 150&comma; 150&comma; 0.2); font-weight: bold; font-size: 18px; background-color: #df001e; color: #ffffff;'>Caracter\u00edsticas F\u00edsicas y El\u00e9ctricas<\/div>\n<div style='padding: 15px; color: inherit;'>\n<ul style='padding-left: 20px; margin: 0; font-size: 14px; list-style-type: disc;'>\n<li style='margin-bottom: 5px;'>Puerto de red: RJ45 (10 \/ 100 Mbps)<\/li>\n<li style='margin-bottom: 5px;'>Alimentaci\u00f3n: 12 VCD&comma; max 10W<\/li>\n<li style='margin-bottom: 5px;'>Dimensiones Display: 7&#8242; 1024 x 600 touch screen.<\/li>\n<li style='margin-bottom: 5px;'>Color negro.<\/li>\n<\/ul><\/div>\n<\/p><\/div>\n<div style='flex: 1 1 300px; min-width: 280px; border: 1px solid rgba(150&comma; 150&comma; 150&comma; 0.4); border-radius: 8px; overflow: hidden; display: flex; flex-direction: column;'>\n<div style='padding: 15px; border-bottom: 1px solid rgba(150&comma; 150&comma; 150&comma; 0.2); font-weight: bold; font-size: 18px; background-color: #df001e; color: #ffffff;'>Caracter\u00edsticas Destacadas:<\/div>\n<div style='padding: 15px; color: inherit;'>\n<ul style='padding-left: 20px; margin: 0; font-size: 14px; list-style-type: disc;'>\n<li style='margin-bottom: 5px;'>Admite inicio de sesion a traves de un user y password.<\/li>\n<li style='margin-bottom: 5px;'>Configuracion de par\u00e1metros&comma; gesti\u00f3n de cuentas&comma; mantenimiento del sistema y otras operaciones.<\/li>\n<li style='margin-bottom: 5px;'>Admite pulsaci\u00f3n prolongada (durante 3 seg) de una tecla para realizar una llamada de emergencia a terminales designados o a todas las terminales.<\/li>\n<li style='margin-bottom: 5px;'>Compatible con Hikcentral Professional.<\/li>\n<\/ul><\/div>\n<\/p><\/div>\n<\/p><\/div>\n<div style='width: 100%; border: 1px solid rgba(150&comma; 150&comma; 150&comma; 0.4); border-radius: 8px; overflow: hidden; margin-bottom: 30px;'>\n<div style='padding: 15px; border-bottom: 1px solid rgba(150&comma; 150&comma; 150&comma; 0.2); font-weight: bold; font-size: 18px; background-color: #df001e; color: #ffffff;'>Licencias necesarias para manejo de Speaker en Hikcentral Profesional<\/div>\n<div style='padding: 15px; color: inherit;'>\n<ul style='padding-left: 20px; margin: 0; font-size: 14px; list-style-type: disc;'>\n<li style='margin-bottom: 5px;'>HCPVSSB\/0C Habilita m\u00f3dulo base de video&comma; HikCentral-P-VSS-Base\/0CH<\/li>\n<li style='margin-bottom: 5px;'>HCPIPSPEAKER\/1U Agregar 1 dispositivo&comma; HikCentral-P-IPSpeaker-1Unit.<\/li>\n<li style='margin-bottom: 5px;'>Solo es necesario para los speakers&comma; para el microfono no necesita licencia.<\/li>\n<\/ul><\/div>\n<\/p><\/div>\n<hr style='border: 0; border-top: 1px solid rgba(150&comma; 150&comma; 150&comma; 0.3); margin: 30px 0;'> <\/div>\n","protected":false},"excerpt":{"rendered":"<p>Micr\u00f3fono IP | 12 VCD |  Pantalla Touch 7&#8243; | Transmisi\u00f3n en Tiempo Real | Integraci\u00f3n con HikCentral Professional<\/p>\n","protected":false},"featured_media":777,"comment_status":"open","ping_status":"closed","template":"","meta":[],"product_brand":[],"product_cat":[240],"product_tag":[93,241,54],"class_list":{"0":"post-778","1":"product","2":"type-product","3":"status-publish","4":"has-post-thumbnail","6":"product_cat-accesorios-audio-ip","7":"product_tag-accesorios","8":"product_tag-audio-ip","9":"product_tag-hikvision","11":"first","12":"instock","13":"sale","14":"shipping-taxable","15":"purchasable","16":"product-type-simple"},"_links":{"self":[{"href":"https:\/\/soydeaqui.ddns.net\/pachuca\/index.php\/wp-json\/wp\/v2\/product\/778","targetHints":{"allow":["GET"]}}],"collection":[{"href":"https:\/\/soydeaqui.ddns.net\/pachuca\/index.php\/wp-json\/wp\/v2\/product"}],"about":[{"href":"https:\/\/soydeaqui.ddns.net\/pachuca\/index.php\/wp-json\/wp\/v2\/types\/product"}],"replies":[{"embeddable":true,"href":"https:\/\/soydeaqui.ddns.net\/pachuca\/index.php\/wp-json\/wp\/v2\/comments?post=778"}],"wp:featuredmedia":[{"embeddable":true,"href":"https:\/\/soydeaqui.ddns.net\/pachuca\/index.php\/wp-json\/wp\/v2\/media\/777"}],"wp:attachment":[{"href":"https:\/\/soydeaqui.ddns.net\/pachuca\/index.php\/wp-json\/wp\/v2\/media?parent=778"}],"wp:term":[{"taxonomy":"product_brand","embeddable":true,"href":"https:\/\/soydeaqui.ddns.net\/pachuca\/index.php\/wp-json\/wp\/v2\/product_brand?post=778"},{"taxonomy":"product_cat","embeddable":true,"href":"https:\/\/soydeaqui.ddns.net\/pachuca\/index.php\/wp-json\/wp\/v2\/product_cat?post=778"},{"taxonomy":"product_tag","embeddable":true,"href":"https:\/\/soydeaqui.ddns.net\/pachuca\/index.php\/wp-json\/wp\/v2\/product_tag?post=778"}],"curies":[{"name":"wp","href":"https:\/\/api.w.org\/{rel}","templated":true}]}}