{"id":77784,"date":"2026-03-19T16:15:13","date_gmt":"2026-03-19T16:15:13","guid":{"rendered":"https:\/\/soydeaqui.ddns.net\/pachuca\/index.php\/producto\/telefono-ip-empresarial-para-6-lineas-sip-con-voz-hd-con-2-pantallas-lcd-8-teclas-blf-y-conferencia-de-3-vias-con-soporte-para-poe\/"},"modified":"2026-03-19T16:15:14","modified_gmt":"2026-03-19T16:15:14","slug":"telefono-ip-empresarial-para-6-lineas-sip-con-voz-hd-con-2-pantallas-lcd-8-teclas-blf-y-conferencia-de-3-vias-con-soporte-para-poe","status":"publish","type":"product","link":"https:\/\/soydeaqui.ddns.net\/pachuca\/index.php\/producto\/telefono-ip-empresarial-para-6-lineas-sip-con-voz-hd-con-2-pantallas-lcd-8-teclas-blf-y-conferencia-de-3-vias-con-soporte-para-poe\/","title":{"rendered":"Tel\u00e9fono IP Empresarial Para 6 L\u00edneas SIP con Voz HD con 2 Pantallas LCD, 8 teclas BLF y Conferencia de 3 v\u00edas con Soporte Para PoE"},"content":{"rendered":"<div style='width: 100%; max-width: 1200px; margin: 0 auto; font-family: sans-serif; line-height: 1.6; color: inherit;'>\n<div style='display: flex; flex-wrap: wrap; gap: 30px; margin-bottom: 30px;'>\n<div style='flex: 1 1 300px; min-width: 280px;'>\n<h3 style='font-size: 22px; border-bottom: 2px solid currentColor; padding-bottom: 5px; margin-top: 0; color: inherit; opacity: 0.8;'>Caracter\u00edsticas del Tel\u00e9fono<\/h3>\n<ul style='padding-left: 20px; font-size: 15px; color: inherit;'>\n<li style='margin-bottom: 5px;'>6 Cuentas SIP<\/li>\n<li style='margin-bottom: 5px;'>Voz HD<\/li>\n<li style='margin-bottom: 5px;'>PoE Habilitado (802.3af)<\/li>\n<li style='margin-bottom: 5px;'>2 pantallas LCD (Principal + DSS)<\/li>\n<li style='margin-bottom: 5px;'>Modo de Auricular (HS) \/ manos libres (HF) \/ auriculares (HP)<\/li>\n<li style='margin-bottom: 5px;'>Teclas DSS inteligentes<\/li>\n<li style='margin-bottom: 5px;'>Escritorio \/ instalaci\u00f3n de montaje en pared<\/li>\n<li style='margin-bottom: 5px;'>Certificaciones industriales: CE \/ FCC<\/li>\n<\/ul><\/div>\n<div style='flex: 1 1 300px; min-width: 280px;'>\n<h3 style='font-size: 22px; border-bottom: 2px solid currentColor; padding-bottom: 5px; margin-top: 0; color: inherit; opacity: 0.8;'>Caracter\u00edsticas de Llamadas<\/h3>\n<ul style='padding-left: 20px; font-size: 15px; color: inherit;'>\n<li style='margin-bottom: 5px;'>Diga en voz alta: Respuesta \/ Rechazo<\/li>\n<li style='margin-bottom: 5px;'>Desactivar \/ activar (micr\u00f3fono)<\/li>\n<li style='margin-bottom: 5px;'>Llamada en Retenci\u00f3n \/ Reanudar<\/li>\n<li style='margin-bottom: 5px;'>Llamada en espera<\/li>\n<li style='margin-bottom: 5px;'>Intercom<\/li>\n<li style='margin-bottom: 5px;'>Marcado r\u00e1pido<\/li>\n<li style='margin-bottom: 5px;'>Llamada an\u00f3nima (Ocultar identificador de llamadas)<\/li>\n<li style='margin-bottom: 5px;'>Desv\u00edo de llamadas (siempre \/ ocupado \/ sin respuesta)<\/li>\n<li style='margin-bottom: 5px;'>Transferencia de llamada (Asistida \/ Desatendida)<\/li>\n<li style='margin-bottom: 5px;'>Aparcamiento de llamadas \/ Pick-up (dependiendo del servidor)<\/li>\n<li style='margin-bottom: 5px;'>Redial \/ Auto-Redial<\/li>\n<li style='margin-bottom: 5px;'>No molestar\/Do-Not-Disturb (por l\u00ednea \/ por tel\u00e9fono)<\/li>\n<li style='margin-bottom: 5px;'>Auto-Contestador (por l\u00ednea)<\/li>\n<li style='margin-bottom: 5px;'>Mensaje de voz (en el servidor)<\/li>\n<li style='margin-bottom: 5px;'>Conferencia local de 3 v\u00edas<\/li>\n<li style='margin-bottom: 5px;'>L\u00ednea caliente \/ Hot Line<\/li>\n<\/ul><\/div>\n<div style='flex: 1 1 300px; min-width: 280px;'>\n<h3 style='font-size: 22px; border-bottom: 2px solid currentColor; padding-bottom: 5px; margin-top: 0; color: inherit; opacity: 0.8;'>Caracter\u00edsticas del tel\u00e9fono<\/h3>\n<ul style='padding-left: 20px; font-size: 15px; color: inherit;'>\n<li style='margin-bottom: 5px;'>Directorio telef\u00f3nico (500 entradas)<\/li>\n<li style='margin-bottom: 5px;'>Directorio telef\u00f3nico remoto (XML \/ LDAP)<\/li>\n<li style='margin-bottom: 5px;'>Registro de llamadas (300 entradas&comma; de entrada \/ salida \/ perdidas)<\/li>\n<li style='margin-bottom: 5px;'>Indicaci\u00f3n de voz de mensaje en espera (VMWI)<\/li>\n<li style='margin-bottom: 5px;'>Teclas Programables DSS \/ Soft<\/li>\n<li style='margin-bottom: 5px;'>Red de sincronizaci\u00f3n de tiempo<\/li>\n<li style='margin-bottom: 5px;'>URL Acci\u00f3n \/ URI Activo<\/li>\n<\/ul><\/div>\n<div style='flex: 1 1 300px; min-width: 280px;'>\n<h3 style='font-size: 22px; border-bottom: 2px solid currentColor; padding-bottom: 5px; margin-top: 0; color: inherit; opacity: 0.8;'>Audio<\/h3>\n<ul style='padding-left: 20px; font-size: 15px; color: inherit;'>\n<li style='margin-bottom: 5px;'>HD Voice de micr\u00f3fono \/ altavoz (auricular \/ manos libres&comma; 0 ~ 7KHz respuesta de frecuencia)<\/li>\n<li style='margin-bottom: 5px;'>Banda ancha ADC \/ DAC 16KHz muestreo<\/li>\n<li style='margin-bottom: 5px;'>Banda estrecha CODEC: G.711a \/ u&comma; G.723.1&comma; G.726-32K&comma; G.729AB<\/li>\n<li style='margin-bottom: 5px;'>C\u00f3dec de banda ancha: G.722<\/li>\n<li style='margin-bottom: 5px;'>Ac\u00fastica Full-duplex de cancelaci\u00f3n de eco (AEC) &#8211; modo manos libres&comma; 96ms de longitud de cola<\/li>\n<li style='margin-bottom: 5px;'>VAD \/ CNG \/ BNE \/ NR \/ PLC<\/li>\n<li style='margin-bottom: 5px;'>Jitter Buffer de hasta 300 ms<\/li>\n<li style='margin-bottom: 5px;'>DTMF<\/li>\n<\/ul><\/div>\n<div style='flex: 1 1 300px; min-width: 280px;'>\n<h3 style='font-size: 22px; border-bottom: 2px solid currentColor; padding-bottom: 5px; margin-top: 0; color: inherit; opacity: 0.8;'>Implementaci\u00f3n y Mantenimiento<\/h3>\n<ul style='padding-left: 20px; font-size: 15px; color: inherit;'>\n<li style='margin-bottom: 5px;'>Aprovisionamiento autom\u00e1tico a trav\u00e9s de FTP \/ TFTP \/ HTTP \/ HTTPS<\/li>\n<li style='margin-bottom: 5px;'>DHCP OPT66 \/ SIP PNP \/ TR069<\/li>\n<li style='margin-bottom: 5px;'>Portal de gesti\u00f3n Web<\/li>\n<li style='margin-bottom: 5px;'>Paquete Dump basada en Web<\/li>\n<li style='margin-bottom: 5px;'>Exportaci\u00f3n \/ importaci\u00f3n de configuraci\u00f3n<\/li>\n<li style='margin-bottom: 5px;'>Importaci\u00f3n \/ exportaci\u00f3n de gu\u00eda telef\u00f3nica<\/li>\n<li style='margin-bottom: 5px;'>Actualizaci\u00f3n del firmware<\/li>\n<li style='margin-bottom: 5px;'>Syslog<\/li>\n<\/ul><\/div>\n<\/p><\/div>\n<div style='display: flex; justify-content: center; margin: 30px 0;'> <img style='width: 100%; max-width: 185px; height: auto; border: 1px solid rgba(150&comma;150&comma;150&comma;0.3); border-radius: 8px;' src='http:\/\/ftp3.syscom.mx\/usuarios\/hortega\/Fanvil\/Images\/FANVIL.PNG' alt='Logo FANVIL' \/> <\/div>\n<hr style='border: 0; border-top: 1px solid rgba(150&comma;150&comma;150&comma;0.3); margin: 30px 0;'> <\/div>\n","protected":false},"excerpt":{"rendered":"<p>Tel\u00e9fono IP Empresarial Para 6 L\u00edneas SIP con Voz HD con 2 Pantallas LCD, 8 teclas BLF y Conferencia de 3 v\u00edas con Soporte Para PoE<\/p>\n","protected":false},"featured_media":77783,"comment_status":"open","ping_status":"closed","template":"","meta":[],"product_brand":[],"product_cat":[2003],"product_tag":[859,2005,2004],"class_list":{"0":"post-77784","1":"product","2":"type-product","3":"status-publish","4":"has-post-thumbnail","6":"product_cat-telefonos-ip","7":"product_tag-fanvil","8":"product_tag-telefonos-ip","9":"product_tag-voip-telefonia-ip-videoconferencia","11":"first","12":"outofstock","13":"sale","14":"shipping-taxable","15":"purchasable","16":"product-type-simple"},"_links":{"self":[{"href":"https:\/\/soydeaqui.ddns.net\/pachuca\/index.php\/wp-json\/wp\/v2\/product\/77784","targetHints":{"allow":["GET"]}}],"collection":[{"href":"https:\/\/soydeaqui.ddns.net\/pachuca\/index.php\/wp-json\/wp\/v2\/product"}],"about":[{"href":"https:\/\/soydeaqui.ddns.net\/pachuca\/index.php\/wp-json\/wp\/v2\/types\/product"}],"replies":[{"embeddable":true,"href":"https:\/\/soydeaqui.ddns.net\/pachuca\/index.php\/wp-json\/wp\/v2\/comments?post=77784"}],"wp:featuredmedia":[{"embeddable":true,"href":"https:\/\/soydeaqui.ddns.net\/pachuca\/index.php\/wp-json\/wp\/v2\/media\/77783"}],"wp:attachment":[{"href":"https:\/\/soydeaqui.ddns.net\/pachuca\/index.php\/wp-json\/wp\/v2\/media?parent=77784"}],"wp:term":[{"taxonomy":"product_brand","embeddable":true,"href":"https:\/\/soydeaqui.ddns.net\/pachuca\/index.php\/wp-json\/wp\/v2\/product_brand?post=77784"},{"taxonomy":"product_cat","embeddable":true,"href":"https:\/\/soydeaqui.ddns.net\/pachuca\/index.php\/wp-json\/wp\/v2\/product_cat?post=77784"},{"taxonomy":"product_tag","embeddable":true,"href":"https:\/\/soydeaqui.ddns.net\/pachuca\/index.php\/wp-json\/wp\/v2\/product_tag?post=77784"}],"curies":[{"name":"wp","href":"https:\/\/api.w.org\/{rel}","templated":true}]}}