{"id":77720,"date":"2026-03-19T16:12:38","date_gmt":"2026-03-19T16:12:38","guid":{"rendered":"https:\/\/soydeaqui.ddns.net\/pachuca\/index.php\/producto\/antena-omnidireccional-de-5-dbi-en-la-frecuencia-de-2-4-ghz-con-conector-n-macho\/"},"modified":"2026-03-19T16:12:39","modified_gmt":"2026-03-19T16:12:39","slug":"antena-omnidireccional-de-5-dbi-en-la-frecuencia-de-2-4-ghz-con-conector-n-macho","status":"publish","type":"product","link":"https:\/\/soydeaqui.ddns.net\/pachuca\/index.php\/producto\/antena-omnidireccional-de-5-dbi-en-la-frecuencia-de-2-4-ghz-con-conector-n-macho\/","title":{"rendered":"Antena Omnidireccional de 5 dBi en la Frecuencia de 2.4 GHz, Con Conector N-Macho"},"content":{"rendered":"<div style='width: 100%; max-width: 1200px; margin: 0 auto; font-family: sans-serif; line-height: 1.6; color: inherit; background-color: transparent;'> <!-- Logo del fabricante --> <\/p>\n<div style='width: 100%; text-align: center; margin: 30px 0;'> <img style='width: 200px; height: auto; border: 1px solid rgba(150&comma;150&comma;150&comma;0.3); border-radius: 8px;' src='https:\/\/ftp3.syscom.mx\/usuarios\/hortega\/Altai\/Altai.png' alt='Logo Altai Technologies'> <\/div>\n<p> <!-- Secci\u00f3n de caracter\u00edsticas --> <\/p>\n<div style='display: flex; flex-wrap: wrap; gap: 30px; margin-bottom: 30px;'>\n<div style='flex: 1 1 300px; min-width: 280px;'>\n<h3 style='font-size: 22px; border-bottom: 2px solid currentColor; padding-bottom: 5px; margin-top: 0; color: inherit; opacity: 0.8;'>Caracter\u00edsticas principales<\/h3>\n<ul style='padding-left: 20px; font-size: 15px; color: inherit;'>\n<li style='margin-bottom: 5px;'>Rango de frecuencia: <strong>2.4 &#8211; 2.5 GHz<\/strong><\/li>\n<li style='margin-bottom: 5px;'>Ganancia: <strong>5 dBi<\/strong><\/li>\n<li style='margin-bottom: 5px;'>Polarizaci\u00f3n: <strong>Vertical<\/strong><\/li>\n<li style='margin-bottom: 5px;'>Ancho de haz horizontal: <strong>360\u00b0 (-3 dB)<\/strong><\/li>\n<li style='margin-bottom: 5px;'>Ancho de haz vertical: <strong>30\u00b0 (-3 dB)<\/strong><\/li>\n<li style='margin-bottom: 5px;'>VSWR: <strong>2<\/strong><\/li>\n<li style='margin-bottom: 5px;'>Impedancia: <strong>50 \u03a9<\/strong><\/li>\n<\/ul><\/div>\n<div style='flex: 1 1 300px; min-width: 280px;'>\n<h3 style='font-size: 22px; border-bottom: 2px solid currentColor; padding-bottom: 5px; margin-top: 0; color: inherit; opacity: 0.8;'>Caracter\u00edsticas f\u00edsicas y el\u00e9ctricas<\/h3>\n<ul style='padding-left: 20px; font-size: 15px; color: inherit;'>\n<li style='margin-bottom: 5px;'>Temperatura de operaci\u00f3n: <strong>-40 a 80\u00b0C<\/strong><\/li>\n<li style='margin-bottom: 5px;'>Material: <strong>Fibra de vidrio resistente a rayos UV<\/strong><\/li>\n<li style='margin-bottom: 5px;'>Peso: <strong>110 g<\/strong><\/li>\n<li style='margin-bottom: 5px;'>Dimensiones: <strong>322 x \u00d821 mm<\/strong><\/li>\n<li style='margin-bottom: 5px;'>Conector: <strong>N-Macho<\/strong><\/li>\n<\/ul><\/div>\n<div style='flex: 1 1 300px; min-width: 280px;'>\n<h3 style='font-size: 22px; border-bottom: 2px solid currentColor; padding-bottom: 5px; margin-top: 0; color: inherit; opacity: 0.8;'>Contenido del empaque<\/h3>\n<ul style='padding-left: 20px; font-size: 15px; color: inherit;'>\n<li style='margin-bottom: 5px;'>Antena <strong>SD-AN-2M05-00<\/strong><\/li>\n<\/ul><\/div>\n<\/p><\/div>\n<p> <!-- Separador --> <\/p>\n<hr style='border: 0; border-top: 1px solid rgba(150&comma; 150&comma; 150&comma; 0.3); margin: 30px 0;'> <!-- Secci\u00f3n de videos --> <\/p>\n<div style='display: flex; flex-wrap: wrap; gap: 30px; margin-bottom: 30px;'>\n<div style='flex: 1 1 500px; min-width: 300px;'>\n<div style='position: relative; padding-bottom: 56.25%; height: 0; overflow: hidden; margin-bottom: 30px;'>   <\/div>\n<\/p><\/div>\n<div style='flex: 1 1 500px; min-width: 300px;'>\n<div style='position: relative; padding-bottom: 56.25%; height: 0; overflow: hidden; margin-bottom: 30px;'>   <\/div>\n<\/p><\/div>\n<div style='flex: 1 1 500px; min-width: 300px;'>\n<div style='position: relative; padding-bottom: 56.25%; height: 0; overflow: hidden; margin-bottom: 30px;'>   <\/div>\n<\/p><\/div>\n<div style='flex: 1 1 500px; min-width: 300px;'>\n<div style='position: relative; padding-bottom: 56.25%; height: 0; overflow: hidden; margin-bottom: 30px;'>   <\/div>\n<\/p><\/div>\n<div style='flex: 1 1 500px; min-width: 300px;'>\n<div style='position: relative; padding-bottom: 56.25%; height: 0; overflow: hidden; margin-bottom: 30px;'>   <\/div>\n<\/p><\/div>\n<\/p><\/div>\n<p> <!-- Nota importante --> <\/p>\n<div style='background-color: rgba(184&comma; 49&comma; 47&comma; 0.1); border-left: 4px solid #b8312f; padding: 15px; border-radius: 4px; margin: 30px 0;'>\n<p style='margin: 0; font-size: 14px; color: #b8312f;'> La m\u00e1xima distancia en cobertura&comma; capacidad de dispositivos m\u00f3viles WiFi&comma; velocidades de conexi\u00f3n&comma; etc. depender\u00e1 particularmente de cada sitio de instalaci\u00f3n&comma; l\u00ednea de vista plena 100%&comma; niveles de ruido e interferencia&comma; tipo de dispositivos WiFi&comma; alineaci\u00f3n y altura de las antenas. <\/p>\n<\/p><\/div>\n<\/p><\/div>\n","protected":false},"excerpt":{"rendered":"<p>Antena Omnidireccional de 5 dBi en la Frecuencia de 2.4 GHz, Con Conector N-Macho<\/p>\n","protected":false},"featured_media":77719,"comment_status":"open","ping_status":"closed","template":"","meta":[],"product_brand":[],"product_cat":[1849],"product_tag":[1950,1404,1850],"class_list":{"0":"post-77720","1":"product","2":"type-product","3":"status-publish","4":"has-post-thumbnail","6":"product_cat-omnidireccionales","7":"product_tag-altai-technologies","8":"product_tag-antenas","9":"product_tag-omnidireccionales","11":"first","12":"instock","13":"sale","14":"shipping-taxable","15":"purchasable","16":"product-type-simple"},"_links":{"self":[{"href":"https:\/\/soydeaqui.ddns.net\/pachuca\/index.php\/wp-json\/wp\/v2\/product\/77720","targetHints":{"allow":["GET"]}}],"collection":[{"href":"https:\/\/soydeaqui.ddns.net\/pachuca\/index.php\/wp-json\/wp\/v2\/product"}],"about":[{"href":"https:\/\/soydeaqui.ddns.net\/pachuca\/index.php\/wp-json\/wp\/v2\/types\/product"}],"replies":[{"embeddable":true,"href":"https:\/\/soydeaqui.ddns.net\/pachuca\/index.php\/wp-json\/wp\/v2\/comments?post=77720"}],"wp:featuredmedia":[{"embeddable":true,"href":"https:\/\/soydeaqui.ddns.net\/pachuca\/index.php\/wp-json\/wp\/v2\/media\/77719"}],"wp:attachment":[{"href":"https:\/\/soydeaqui.ddns.net\/pachuca\/index.php\/wp-json\/wp\/v2\/media?parent=77720"}],"wp:term":[{"taxonomy":"product_brand","embeddable":true,"href":"https:\/\/soydeaqui.ddns.net\/pachuca\/index.php\/wp-json\/wp\/v2\/product_brand?post=77720"},{"taxonomy":"product_cat","embeddable":true,"href":"https:\/\/soydeaqui.ddns.net\/pachuca\/index.php\/wp-json\/wp\/v2\/product_cat?post=77720"},{"taxonomy":"product_tag","embeddable":true,"href":"https:\/\/soydeaqui.ddns.net\/pachuca\/index.php\/wp-json\/wp\/v2\/product_tag?post=77720"}],"curies":[{"name":"wp","href":"https:\/\/api.w.org\/{rel}","templated":true}]}}