{"id":77712,"date":"2026-03-19T16:12:18","date_gmt":"2026-03-19T16:12:18","guid":{"rendered":"https:\/\/soydeaqui.ddns.net\/pachuca\/index.php\/producto\/inyector-poe-para-serie-a2-a2e-a2-ei-de-altai-technologies-ltd\/"},"modified":"2026-03-19T16:12:19","modified_gmt":"2026-03-19T16:12:19","slug":"inyector-poe-para-serie-a2-a2e-a2-ei-de-altai-technologies-ltd","status":"publish","type":"product","link":"https:\/\/soydeaqui.ddns.net\/pachuca\/index.php\/producto\/inyector-poe-para-serie-a2-a2e-a2-ei-de-altai-technologies-ltd\/","title":{"rendered":"Inyector POE para serie A2\/A2e\/A2-Ei de Altai Technologies Ltd"},"content":{"rendered":"<div style='width: 100%; max-width: 1200px; margin: 0 auto; font-family: sans-serif; line-height: 1.6; color: inherit; background-color: transparent;'>\n<div style='display: flex; flex-wrap: wrap; gap: 30px; margin-bottom: 30px;'>\n<div style='flex: 1 1 300px; min-width: 280px;'>\n<h3 style='font-size: 22px; border-bottom: 2px solid currentColor; padding-bottom: 5px; margin-top: 0; color: inherit; opacity: 0.8;'>Especificaciones de Entrada<\/h3>\n<ul style='padding-left: 20px; font-size: 15px; color: inherit;'>\n<li style='margin-bottom: 5px;'>Voltaje: 100 \u2013 240 Vca<\/li>\n<li style='margin-bottom: 5px;'>Frecuencia: 47 \u2013 63 Hz<\/li>\n<li style='margin-bottom: 5px;'>Corriente de entrada: 0.4 A (m\u00e1x.)<\/li>\n<li style='margin-bottom: 5px;'>Potencia en espera: 1 W (m\u00e1x.) sin carga<\/li>\n<li style='margin-bottom: 5px;'>Corriente de arranque: 20 A (m\u00e1x.) a 100 VAC<\/li>\n<\/ul>\n<\/div>\n<div style='flex: 1 1 300px; min-width: 280px;'>\n<h3 style='font-size: 22px; border-bottom: 2px solid currentColor; padding-bottom: 5px; margin-top: 0; color: inherit; opacity: 0.8;'>Especificaciones de Salida<\/h3>\n<ul style='padding-left: 20px; font-size: 15px; color: inherit;'>\n<li style='margin-bottom: 5px;'>Voltaje: 56 Vcc<\/li>\n<li style='margin-bottom: 5px;'>Rango de variaci\u00f3n: 53.2 a 58 Vcc<\/li>\n<li style='margin-bottom: 5px;'>Corriente: 0 \u2013 0.55 A (m\u00e1x.)<\/li>\n<li style='margin-bottom: 5px;'>Regulaci\u00f3n de l\u00ednea: 5% (m\u00e1x.)<\/li>\n<li style='margin-bottom: 5px;'>Rizado y ruido: 250 mV (m\u00e1x.) a 20 MHz<\/li>\n<\/ul>\n<\/div>\n<\/div>\n<div style='display: flex; flex-wrap: wrap; gap: 20px; margin-bottom: 30px;'>\n<div style='flex: 1 1 250px; border: 1px solid rgba(150&comma; 150&comma; 150&comma; 0.4); border-radius: 8px; overflow: hidden; display: flex; flex-direction: column;'>\n<div style='padding: 15px; border-bottom: 1px solid rgba(150&comma; 150&comma; 150&comma; 0.2); font-weight: bold; font-size: 18px; color: inherit;'>Especificaciones Mec\u00e1nicas<\/div>\n<div style='padding: 15px; color: inherit;'>\n<ul style='padding-left: 20px; margin: 0; font-size: 14px; list-style-type: disc;'>\n<li style='margin-bottom: 5px;'>Dimensiones: 145 x 60 x 40 mm<\/li>\n<li style='margin-bottom: 5px;'>Peso: 230 g<\/li>\n<li style='margin-bottom: 5px;'>Material de carcasa: NORYL (PC&comma; PC+ABS o cer\u00e1mica equivalente)<\/li>\n<li style='margin-bottom: 5px;'>Color: Negro<\/li>\n<li style='margin-bottom: 5px;'>Conector de salida: 2 x RJ45 blindados<\/li>\n<\/ul>\n<\/div>\n<\/div>\n<div style='flex: 1 1 250px; border: 1px solid rgba(150&comma; 150&comma; 150&comma; 0.4); border-radius: 8px; overflow: hidden; display: flex; flex-direction: column;'>\n<div style='padding: 15px; border-bottom: 1px solid rgba(150&comma; 150&comma; 150&comma; 0.2); font-weight: bold; font-size: 18px; color: inherit;'>Especificaciones Ambientales<\/div>\n<div style='padding: 15px; color: inherit;'>\n<ul style='padding-left: 20px; margin: 0; font-size: 14px; list-style-type: disc;'>\n<li style='margin-bottom: 5px;'>Temperatura operaci\u00f3n: 0\u00b0 a 40\u00b0 C<\/li>\n<li style='margin-bottom: 5px;'>Temperatura almacenamiento: -10\u00b0 a 70\u00b0 C<\/li>\n<li style='margin-bottom: 5px;'>Humedad operaci\u00f3n: 20 \u2013 80%<\/li>\n<li style='margin-bottom: 5px;'>Humedad almacenamiento: 10 \u2013 90%<\/li>\n<\/ul>\n<\/div>\n<\/div>\n<\/div>\n<div style='display: flex; flex-wrap: wrap; gap: 20px; margin-bottom: 30px;'>\n<div style='flex: 1 1 250px; border: 1px solid rgba(150&comma; 150&comma; 150&comma; 0.4); border-radius: 8px; overflow: hidden; display: flex; flex-direction: column;'>\n<div style='padding: 15px; border-bottom: 1px solid rgba(150&comma; 150&comma; 150&comma; 0.2); font-weight: bold; font-size: 18px; color: inherit;'>Protecciones<\/div>\n<div style='padding: 15px; color: inherit;'>\n<ul style='padding-left: 20px; margin: 0; font-size: 14px; list-style-type: disc;'>\n<li style='margin-bottom: 5px;'>Protecci\u00f3n sobrecorriente: 0.9 A a 100 VAC \/ 1 A a 240 VAC<\/li>\n<li style='margin-bottom: 5px;'>Protecci\u00f3n sobrecarga salida<\/li>\n<li style='margin-bottom: 5px;'>Protecci\u00f3n cortocircuito con recuperaci\u00f3n autom\u00e1tica<\/li>\n<li style='margin-bottom: 5px;'>Fusible interno: 2A\/250V<\/li>\n<\/ul>\n<\/div>\n<\/div>\n<div style='flex: 1 1 250px; border: 1px solid rgba(150&comma; 150&comma; 150&comma; 0.4); border-radius: 8px; overflow: hidden; display: flex; flex-direction: column;'>\n<div style='padding: 15px; border-bottom: 1px solid rgba(150&comma; 150&comma; 150&comma; 0.2); font-weight: bold; font-size: 18px; color: inherit;'>Especificaciones de Seguridad<\/div>\n<div style='padding: 15px; color: inherit;'>\n<ul style='padding-left: 20px; margin: 0; font-size: 14px; list-style-type: disc;'>\n<li style='margin-bottom: 5px;'>Aislamiento diel\u00e9ctrico: 3&comma;000 VAC por 2 segundos<\/li>\n<li style='margin-bottom: 5px;'>Resistencia aislamiento: 50 M\u03a9 (m\u00edn.) a 500 VDC<\/li>\n<li style='margin-bottom: 5px;'>Cumple con: IEC60950-1&comma; EN60950-1<\/li>\n<\/ul>\n<\/div>\n<\/div>\n<\/div>\n<div style='display: flex; flex-wrap: wrap; gap: 20px; margin-bottom: 30px;'>\n<div style='flex: 1 1 250px; border: 1px solid rgba(150&comma; 150&comma; 150&comma; 0.4); border-radius: 8px; overflow: hidden; display: flex; flex-direction: column;'>\n<div style='padding: 15px; border-bottom: 1px solid rgba(150&comma; 150&comma; 150&comma; 0.2); font-weight: bold; font-size: 18px; color: inherit;'>Especificaciones de Confiabilidad<\/div>\n<div style='padding: 15px; color: inherit;'>\n<ul style='padding-left: 20px; margin: 0; font-size: 14px; list-style-type: disc;'>\n<li style='margin-bottom: 5px;'>Tiempo encendido: 2 segundos (m\u00e1x.) a 100 VAC<\/li>\n<li style='margin-bottom: 5px;'>Tiempo sostenido: 10 ms (m\u00edn.) a 100 VAC<\/li>\n<li style='margin-bottom: 5px;'>Prueba de ca\u00edda: 100 cm<\/li>\n<li style='margin-bottom: 5px;'>Prueba vibraci\u00f3n: 10-55-10 Hz&comma; 1.5 mm amplitud&comma; 30 min. por eje<\/li>\n<li style='margin-bottom: 5px;'>MTBF: 20&comma;000 horas a 25\u00b0C<\/li>\n<\/ul>\n<\/div>\n<\/div>\n<div style='flex: 1 1 250px; border: 1px solid rgba(150&comma; 150&comma; 150&comma; 0.4); border-radius: 8px; overflow: hidden; display: flex; flex-direction: column;'>\n<div style='padding: 15px; border-bottom: 1px solid rgba(150&comma; 150&comma; 150&comma; 0.2); font-weight: bold; font-size: 18px; color: inherit;'>EMI &#038; EMC<\/div>\n<div style='padding: 15px; color: inherit;'>\n<ul style='padding-left: 20px; margin: 0; font-size: 14px; list-style-type: disc;'>\n<li style='margin-bottom: 5px;'>EN55022<\/li>\n<li style='margin-bottom: 5px;'>EN61000-3-2<\/li>\n<li style='margin-bottom: 5px;'>EN61000-3-3<\/li>\n<li style='margin-bottom: 5px;'>EN55024<\/li>\n<li style='margin-bottom: 5px;'>IEC61000-4-2 a 4-11<\/li>\n<\/ul>\n<\/div>\n<\/div>\n<\/div>\n<\/div>\n<hr style='border: 0; border-top: 1px solid rgba(150&comma; 150&comma; 150&comma; 0.3); margin: 30px 0;'>\n<div style='display: flex; flex-wrap: wrap; gap: 30px; margin-bottom: 30px;'>\n<div style='flex: 1 1 300px; min-width: 280px;'>\n<h3 style='font-size: 22px; border-bottom: 2px solid currentColor; padding-bottom: 5px; margin-top: 0; color: inherit; opacity: 0.8;'>Caracter\u00edsticas Adicionales<\/h3>\n<ul style='padding-left: 20px; font-size: 15px; color: inherit;'>\n<li style='margin-bottom: 5px;'>Indicadores LED: Verde (Entrada) y Amarillo (Salida)<\/li>\n<li style='margin-bottom: 5px;'>Uso en interiores<\/li>\n<li style='margin-bottom: 5px;'>No incluye cable de corriente CA<\/li>\n<\/ul>\n<\/div>\n<\/div>\n<\/div>\n","protected":false},"excerpt":{"rendered":"<p>Inyector POE para serie A2\/A2e\/A2-Ei de Altai Technologies Ltd<\/p>\n","protected":false},"featured_media":77711,"comment_status":"open","ping_status":"closed","template":"","meta":[],"product_brand":[],"product_cat":[1260],"product_tag":[1950,1261,664],"class_list":{"0":"post-77712","1":"product","2":"type-product","3":"status-publish","4":"has-post-thumbnail","6":"product_cat-inyectores-poe","7":"product_tag-altai-technologies","8":"product_tag-inyectores-poe","9":"product_tag-networking","11":"first","12":"outofstock","13":"sale","14":"shipping-taxable","15":"purchasable","16":"product-type-simple"},"_links":{"self":[{"href":"https:\/\/soydeaqui.ddns.net\/pachuca\/index.php\/wp-json\/wp\/v2\/product\/77712","targetHints":{"allow":["GET"]}}],"collection":[{"href":"https:\/\/soydeaqui.ddns.net\/pachuca\/index.php\/wp-json\/wp\/v2\/product"}],"about":[{"href":"https:\/\/soydeaqui.ddns.net\/pachuca\/index.php\/wp-json\/wp\/v2\/types\/product"}],"replies":[{"embeddable":true,"href":"https:\/\/soydeaqui.ddns.net\/pachuca\/index.php\/wp-json\/wp\/v2\/comments?post=77712"}],"wp:featuredmedia":[{"embeddable":true,"href":"https:\/\/soydeaqui.ddns.net\/pachuca\/index.php\/wp-json\/wp\/v2\/media\/77711"}],"wp:attachment":[{"href":"https:\/\/soydeaqui.ddns.net\/pachuca\/index.php\/wp-json\/wp\/v2\/media?parent=77712"}],"wp:term":[{"taxonomy":"product_brand","embeddable":true,"href":"https:\/\/soydeaqui.ddns.net\/pachuca\/index.php\/wp-json\/wp\/v2\/product_brand?post=77712"},{"taxonomy":"product_cat","embeddable":true,"href":"https:\/\/soydeaqui.ddns.net\/pachuca\/index.php\/wp-json\/wp\/v2\/product_cat?post=77712"},{"taxonomy":"product_tag","embeddable":true,"href":"https:\/\/soydeaqui.ddns.net\/pachuca\/index.php\/wp-json\/wp\/v2\/product_tag?post=77712"}],"curies":[{"name":"wp","href":"https:\/\/api.w.org\/{rel}","templated":true}]}}