{"id":77710,"date":"2026-03-19T16:12:14","date_gmt":"2026-03-19T16:12:14","guid":{"rendered":"https:\/\/soydeaqui.ddns.net\/pachuca\/index.php\/producto\/punto-de-acceso-super-wifi-ptp-y-ptmp-en-5-ghz-con-antena-integrada-de-14-dbi-hasta-800-mw-de-potencia-mimo-2x2-ip55-administracion-en-nube-gratis-con-insights\/"},"modified":"2026-03-19T16:12:15","modified_gmt":"2026-03-19T16:12:15","slug":"punto-de-acceso-super-wifi-ptp-y-ptmp-en-5-ghz-con-antena-integrada-de-14-dbi-hasta-800-mw-de-potencia-mimo-2x2-ip55-administracion-en-nube-gratis-con-insights","status":"publish","type":"product","link":"https:\/\/soydeaqui.ddns.net\/pachuca\/index.php\/producto\/punto-de-acceso-super-wifi-ptp-y-ptmp-en-5-ghz-con-antena-integrada-de-14-dbi-hasta-800-mw-de-potencia-mimo-2x2-ip55-administracion-en-nube-gratis-con-insights\/","title":{"rendered":"Punto de Acceso Super WiFi, PTP y PTMP en 5 GHz, con Antena Integrada de 14 dBi, Hasta 800 mW de Potencia, MIMO 2X2, IP55, Administraci\u00f3n en Nube Gratis con INSIGHTS"},"content":{"rendered":"<div style='width: 100%; max-width: 1200px; margin: 0 auto; font-family: sans-serif; line-height: 1.6; color: inherit; background-color: transparent;'> <!-- Im\u00e1genes y banners --> <\/p>\n<div style='display: flex; flex-wrap: wrap; justify-content: center; gap: 20px; margin-bottom: 30px;'> <img style='width: 100%; max-width: 300px; height: auto; border: 1px solid rgba(150&comma;150&comma;150&comma;0.3); border-radius: 8px;' src='https:\/\/ftp3.syscom.mx\/usuarios\/hortega\/Altai\/Altai.png' alt='Logo Altai'> <img style='width: 100%; max-width: 850px; height: auto; border: 1px solid rgba(150&comma;150&comma;150&comma;0.3); border-radius: 8px;' src='https:\/\/www.altaitechnologies.com\/wp-content\/uploads\/2024\/08\/Insights_Banner.png' alt='Banner Insights'> <\/div>\n<p> <!-- Bot\u00f3n de creaci\u00f3n de cuenta Insights --> <\/p>\n<div style='text-align: center; margin: 30px 0;'> <a style='font-size: 18px; font-weight: bold; color: #f29d12; text-decoration: none; background-color: #34495e; padding: 10px 20px; border-radius: 5px; display: inline-block;' href='https:\/\/forum.insights.altaitechnologies.com\/login' target='_blank' rel='noopener'>Crea AQUI tu cuenta INSIGHTS<\/a> <\/div>\n<p> <!-- Imagen de distancia y distancias --> <\/p>\n<div style='text-align: center; margin: 30px 0;'> <img style='width: 100%; max-width: 300px; height: auto; border: 1px solid rgba(150&comma;150&comma;150&comma;0.3); border-radius: 8px;' src='https:\/\/ftp3.syscom.mx\/usuarios\/hortega\/Altai\/Distancias\/c1an.png' alt='Distancias'> <\/p>\n<p style='margin: 10px 0;'><strong>Distancia M\u00e1xima<\/strong> Hasta <strong>250 metros<\/strong> para dispositivos Wi-Fi<\/p>\n<p style='margin: 10px 0;'>PTP-CPE hasta <strong>4 km<\/strong><\/p>\n<\/p><\/div>\n<p> <!-- Caracter\u00edsticas principales en grid --> <\/p>\n<div style='display: grid; grid-template-columns: repeat(auto-fit&comma; minmax(280px&comma; 1fr)); gap: 20px; margin: 30px 0;'>\n<div style='border: 1px solid rgba(150&comma;150&comma;150&comma;0.4); border-radius: 8px; padding: 15px; background-color: rgba(255&comma; 255&comma; 255&comma; 0.05);'>\n<div style='display: flex; align-items: center; gap: 10px; margin-bottom: 15px;'> <img style='width: 61px; height: auto;' src='https:\/\/ftp3.syscom.mx\/usuarios\/hortega\/Altai\/Logos\/Wifi.png' alt='Wi-Fi'> <\/p>\n<h4 style='margin: 0; font-size: 16px; color: inherit;'>Est\u00e1ndar Wi-Fi<\/h4>\n<\/p><\/div>\n<ul style='padding-left: 20px; margin: 0; font-size: 14px; color: inherit;'>\n<li style='margin-bottom: 5px;'><strong>802.11 a\/n<\/strong><\/li>\n<\/ul><\/div>\n<div style='border: 1px solid rgba(150&comma;150&comma;150&comma;0.4); border-radius: 8px; padding: 15px; background-color: rgba(255&comma; 255&comma; 255&comma; 0.05);'>\n<div style='display: flex; align-items: center; gap: 10px; margin-bottom: 15px;'> <img style='width: 48px; height: auto;' src='https:\/\/ftp3.syscom.mx\/usuarios\/hortega\/Altai\/Logos\/usuarios.png' alt='Usuarios'> <\/p>\n<h4 style='margin: 0; font-size: 16px; color: inherit;'>Usuarios<\/h4>\n<\/p><\/div>\n<ul style='padding-left: 20px; margin: 0; font-size: 14px; color: inherit;'>\n<li style='margin-bottom: 5px;'><strong>128<\/strong> dispositivos concurrentes<\/li>\n<\/ul><\/div>\n<div style='border: 1px solid rgba(150&comma;150&comma;150&comma;0.4); border-radius: 8px; padding: 15px; background-color: rgba(255&comma; 255&comma; 255&comma; 0.05);'>\n<div style='display: flex; align-items: center; gap: 10px; margin-bottom: 15px;'> <img style='width: 57px; height: auto;' src='https:\/\/ftp3.syscom.mx\/usuarios\/hortega\/Altai\/Logos\/velocidad.png' alt='Velocidad'> <\/p>\n<h4 style='margin: 0; font-size: 16px; color: inherit;'>Velocidad<\/h4>\n<\/p><\/div>\n<ul style='padding-left: 20px; margin: 0; font-size: 14px; color: inherit;'>\n<li style='margin-bottom: 5px;'><strong>300 Mbps<\/strong><\/li>\n<\/ul><\/div>\n<div style='border: 1px solid rgba(150&comma;150&comma;150&comma;0.4); border-radius: 8px; padding: 15px; background-color: rgba(255&comma; 255&comma; 255&comma; 0.05);'>\n<div style='display: flex; align-items: center; gap: 10px; margin-bottom: 15px;'> <img style='width: 52px; height: auto;' src='https:\/\/ftp3.syscom.mx\/usuarios\/hortega\/Altai\/Logos\/repetidor.png' alt='Modos'> <\/p>\n<h4 style='margin: 0; font-size: 16px; color: inherit;'>Modos de Operaci\u00f3n<\/h4>\n<\/p><\/div>\n<ul style='padding-left: 20px; margin: 0; font-size: 14px; color: inherit;'>\n<li style='margin-bottom: 5px;'>Access Point \/ Cliente \/ Repetidor Altai \/ Bridge<\/li>\n<\/ul><\/div>\n<div style='border: 1px solid rgba(150&comma;150&comma;150&comma;0.4); border-radius: 8px; padding: 15px; background-color: rgba(255&comma; 255&comma; 255&comma; 0.05);'>\n<div style='display: flex; align-items: center; gap: 10px; margin-bottom: 15px;'> <img style='width: 36px; height: auto;' src='https:\/\/ftp3.syscom.mx\/usuarios\/hortega\/Altai\/Logos\/potencia.png' alt='Potencia'> <\/p>\n<h4 style='margin: 0; font-size: 16px; color: inherit;'>Potencia<\/h4>\n<\/p><\/div>\n<ul style='padding-left: 20px; margin: 0; font-size: 14px; color: inherit;'>\n<li style='margin-bottom: 5px;'><strong>29 dBm<\/strong> Max. TX Power<\/li>\n<\/ul><\/div>\n<div style='border: 1px solid rgba(150&comma;150&comma;150&comma;0.4); border-radius: 8px; padding: 15px; background-color: rgba(255&comma; 255&comma; 255&comma; 0.05);'>\n<div style='display: flex; align-items: center; gap: 10px; margin-bottom: 15px;'> <img style='width: 53px; height: auto;' src='https:\/\/ftp3.syscom.mx\/usuarios\/hortega\/Altai\/Logos\/nube.png' alt='Gesti\u00f3n'> <\/p>\n<h4 style='margin: 0; font-size: 16px; color: inherit;'>Gesti\u00f3n<\/h4>\n<\/p><\/div>\n<ul style='padding-left: 20px; margin: 0; font-size: 14px; color: inherit;'>\n<li style='margin-bottom: 5px;'>Soporte Altai Care \/ On-Premise<\/li>\n<\/ul><\/div>\n<\/p><\/div>\n<p> <!-- Secciones de especificaciones --> <\/p>\n<div style='display: flex; flex-wrap: wrap; gap: 30px; margin: 30px 0;'>\n<div style='flex: 1 1 300px; min-width: 280px; border: 1px solid rgba(150&comma;150&comma;150&comma;0.4); border-radius: 8px; padding: 15px; background-color: rgba(255&comma; 255&comma; 255&comma; 0.05);'>\n<h3 style='font-size: 20px; border-bottom: 2px solid currentColor; padding-bottom: 5px; margin-top: 0; color: inherit; opacity: 0.8;'>Caracter\u00edsticas principales<\/h3>\n<ul style='padding-left: 20px; margin: 0; font-size: 14px; color: inherit;'>\n<li style='margin-bottom: 5px;'>Modos de operaci\u00f3n: <strong>AP\/CPE\/Repetidor<\/strong><\/li>\n<li style='margin-bottom: 5px;'>Potencia Max. <strong>29 dBm<\/strong><\/li>\n<li style='margin-bottom: 5px;'>Antena integrada: <strong>14 dBi<\/strong><\/li>\n<li style='margin-bottom: 5px;'>Dual-Slant <strong>\u00b145\u00b0&comma; 45\u00b0 H \/ 20\u00b0 V<\/strong><\/li>\n<li style='margin-bottom: 5px;'>Control de interferencia adaptativo que ayuda a reducir las fuentes de interferencia<\/li>\n<li style='margin-bottom: 5px;'>Gesti\u00f3n del umbral de conexi\u00f3n SNR para control de c\u00e9lulas de cobertura<\/li>\n<li style='margin-bottom: 5px;'>Fast Roaming 802.11r<\/li>\n<li style='margin-bottom: 5px;'><strong>Soporta 16 SSID<\/strong><\/li>\n<li style='margin-bottom: 5px;'>Control de ancho de banda por SSID\/Cliente<\/li>\n<li style='margin-bottom: 5px;'>Plataformas de gesti\u00f3n: AltaiGate&comma; AltaiCare<\/li>\n<\/ul><\/div>\n<div style='flex: 1 1 300px; min-width: 280px; border: 1px solid rgba(150&comma;150&comma;150&comma;0.4); border-radius: 8px; padding: 15px; background-color: rgba(255&comma; 255&comma; 255&comma; 0.05);'>\n<h3 style='font-size: 20px; border-bottom: 2px solid currentColor; padding-bottom: 5px; margin-top: 0; color: inherit; opacity: 0.8;'>Caracter\u00edsticas F\u00edsicas y El\u00e9ctricas<\/h3>\n<ul style='padding-left: 20px; margin: 0; font-size: 14px; color: inherit;'>\n<li style='margin-bottom: 5px;'>Dimensiones: 242 x 80 x 27 mm<\/li>\n<li style='margin-bottom: 5px;'>Peso: 0.4 kg<\/li>\n<li style='margin-bottom: 5px;'>Temperatura de operaci\u00f3n de -20 a 55 \u00b0C<\/li>\n<li style='margin-bottom: 5px;'>Instalaci\u00f3n en pared&comma; m\u00e1stil o poste en alturas de 3 a 9 m<\/li>\n<li style='margin-bottom: 5px;'>Puerto Ethernet de 10\/100 Mbps<\/li>\n<li style='margin-bottom: 5px;'><strong>Incluye PoE pasivo de 18V<\/strong><\/li>\n<li style='margin-bottom: 5px;'>PoE recomendado: <a style='color: inherit; text-decoration: underline;' href='https:\/\/www.syscom.mx\/producto\/SD.PE-C1N1-US-ALTAI-TECHNOLOGIES-215331.html'>SD.PE-C1N1-US<\/a><\/li>\n<li style='margin-bottom: 5px;'>Consume 6 W<\/li>\n<\/ul><\/div>\n<div style='flex: 1 1 300px; min-width: 280px; border: 1px solid rgba(150&comma;150&comma;150&comma;0.4); border-radius: 8px; padding: 15px; background-color: rgba(255&comma; 255&comma; 255&comma; 0.05);'>\n<h3 style='font-size: 20px; border-bottom: 2px solid currentColor; padding-bottom: 5px; margin-top: 0; color: inherit; opacity: 0.8;'>El Paquete Incluye<\/h3>\n<ul style='padding-left: 20px; margin: 0; font-size: 14px; color: inherit;'>\n<li style='margin-bottom: 5px;'>1 Punto de acceso C1AN<\/li>\n<li style='margin-bottom: 5px;'>1 Inyector PoE<\/li>\n<li style='margin-bottom: 5px;'>1 Cincho o Corbata<\/li>\n<\/ul><\/div>\n<\/p><\/div>\n<p> <!-- Imagen de producto --> <\/p>\n<div style='text-align: center; margin: 30px 0;'> <img style='width: 100%; max-width: 650px; height: auto; border: 1px solid rgba(150&comma;150&comma;150&comma;0.3); border-radius: 8px;' src='http:\/\/ftp3.syscom.mx\/usuarios\/fotos\/DSC0641\/DSC0641.png' alt=''> <\/div>\n<p> <!-- Videos de YouTube --> <\/p>\n<div style='display: flex; flex-wrap: wrap; gap: 30px; justify-content: center; margin: 30px 0;'>\n<div style='width: 100%; max-width: 800px;'>\n<div style='position: relative; padding-bottom: 56.25%; height: 0; overflow: hidden;'>   <\/div>\n<\/p><\/div>\n<div style='width: 100%; max-width: 800px;'>\n<div style='position: relative; padding-bottom: 56.25%; height: 0; overflow: hidden;'>   <\/div>\n<\/p><\/div>\n<div style='width: 100%; max-width: 800px;'>\n<div style='position: relative; padding-bottom: 56.25%; height: 0; overflow: hidden;'>   <\/div>\n<\/p><\/div>\n<div style='width: 100%; max-width: 800px;'>\n<div style='position: relative; padding-bottom: 56.25%; height: 0; overflow: hidden;'>   <\/div>\n<\/p><\/div>\n<div style='width: 100%; max-width: 800px;'>\n<div style='position: relative; padding-bottom: 56.25%; height: 0; overflow: hidden;'>   <\/div>\n<\/p><\/div>\n<\/p><\/div>\n<p> <!-- Nota de instalaci\u00f3n --> <\/p>\n<div style='margin: 30px 0; padding: 15px; border-left: 5px solid #ff0000; background-color: rgba(255&comma; 255&comma; 255&comma; 0.05);'>\n<p style='margin: 0; font-size: 14px; color: #b8312f; font-style: italic;'> La m\u00e1xima distancia en cobertura&comma; capacidad de dispositivos m\u00f3viles WiFi&comma; velocidades de conexi\u00f3n&comma; etc. depender\u00e1 particularmente de cada sitio de instalaci\u00f3n&comma; l\u00ednea de vista plena 100%&comma; niveles de ruido e interferencia&comma; tipo de dispositivos WiFi&comma; alineaci\u00f3n y altura de las antenas. <\/p>\n<\/p><\/div>\n<p> <!-- Separador --> <\/p>\n<hr style='border: 0; border-top: 1px solid rgba(150&comma;150&comma;150&comma;0.3); margin: 30px 0;'> <!-- Accesorios Opcionales --> <\/p>\n<div style='margin: 30px 0;'>\n<h3 style='font-size: 20px; border-bottom: 2px solid currentColor; padding-bottom: 5px; margin-top: 0; color: inherit; opacity: 0.8; margin-bottom: 20px;'>Accesorios Opcionales<\/h3>\n<p> <!-- Contenido adicional para accesorios ir\u00eda aqu\u00ed --> <\/div>\n<\/p><\/div>\n","protected":false},"excerpt":{"rendered":"<p>Punto de Acceso Super WiFi, PTP y PTMP en 5 GHz, con Antena Integrada de 14 dBi, Hasta 800 mW de Potencia, MIMO 2X2, IP55, Administraci\u00f3n en Nube Gratis con INSIGHTS<\/p>\n","protected":false},"featured_media":77709,"comment_status":"open","ping_status":"closed","template":"","meta":[],"product_brand":[],"product_cat":[1998],"product_tag":[1999,1950,1980],"class_list":{"0":"post-77710","1":"product","2":"type-product","3":"status-publish","4":"has-post-thumbnail","6":"product_cat-5-y-6-ghz","7":"product_tag-5-y-6-ghz","8":"product_tag-altai-technologies","9":"product_tag-enlaces-ptp-y-ptmp","11":"first","12":"outofstock","13":"sale","14":"shipping-taxable","15":"purchasable","16":"product-type-simple"},"_links":{"self":[{"href":"https:\/\/soydeaqui.ddns.net\/pachuca\/index.php\/wp-json\/wp\/v2\/product\/77710","targetHints":{"allow":["GET"]}}],"collection":[{"href":"https:\/\/soydeaqui.ddns.net\/pachuca\/index.php\/wp-json\/wp\/v2\/product"}],"about":[{"href":"https:\/\/soydeaqui.ddns.net\/pachuca\/index.php\/wp-json\/wp\/v2\/types\/product"}],"replies":[{"embeddable":true,"href":"https:\/\/soydeaqui.ddns.net\/pachuca\/index.php\/wp-json\/wp\/v2\/comments?post=77710"}],"wp:featuredmedia":[{"embeddable":true,"href":"https:\/\/soydeaqui.ddns.net\/pachuca\/index.php\/wp-json\/wp\/v2\/media\/77709"}],"wp:attachment":[{"href":"https:\/\/soydeaqui.ddns.net\/pachuca\/index.php\/wp-json\/wp\/v2\/media?parent=77710"}],"wp:term":[{"taxonomy":"product_brand","embeddable":true,"href":"https:\/\/soydeaqui.ddns.net\/pachuca\/index.php\/wp-json\/wp\/v2\/product_brand?post=77710"},{"taxonomy":"product_cat","embeddable":true,"href":"https:\/\/soydeaqui.ddns.net\/pachuca\/index.php\/wp-json\/wp\/v2\/product_cat?post=77710"},{"taxonomy":"product_tag","embeddable":true,"href":"https:\/\/soydeaqui.ddns.net\/pachuca\/index.php\/wp-json\/wp\/v2\/product_tag?post=77710"}],"curies":[{"name":"wp","href":"https:\/\/api.w.org\/{rel}","templated":true}]}}