{"id":77706,"date":"2026-03-19T16:12:06","date_gmt":"2026-03-19T16:12:06","guid":{"rendered":"https:\/\/soydeaqui.ddns.net\/pachuca\/index.php\/producto\/punto-de-acceso-sectorial-de-70-super-wi-fi-ptp-y-ptmp-en-2-4-ghz-antena-integrada-de-10-dbi-hasta-800-m-de-cobertura-soporta-fichas-vouchers-administracion-en-nube-gratis-con-insights-co\/"},"modified":"2026-03-19T16:12:12","modified_gmt":"2026-03-19T16:12:12","slug":"punto-de-acceso-sectorial-de-70-super-wi-fi-ptp-y-ptmp-en-2-4-ghz-antena-integrada-de-10-dbi-hasta-800-m-de-cobertura-soporta-fichas-vouchers-administracion-en-nube-gratis-con-insights-co","status":"publish","type":"product","link":"https:\/\/soydeaqui.ddns.net\/pachuca\/index.php\/producto\/punto-de-acceso-sectorial-de-70-super-wi-fi-ptp-y-ptmp-en-2-4-ghz-antena-integrada-de-10-dbi-hasta-800-m-de-cobertura-soporta-fichas-vouchers-administracion-en-nube-gratis-con-insights-co\/","title":{"rendered":"Punto de Acceso Sectorial de 70 \u00b0 Super Wi-Fi, PTP y PTMP en 2.4 GHz, Antena Integrada de 10 dBi, Hasta 800 m de Cobertura, Soporta Fichas-Vouchers, Administraci\u00f3n en Nube Gratis con INSIGHTS (Con Versi\u00f3n de HW 4.0 \u00f3 Superior)."},"content":{"rendered":"<div style='width: 100%; max-width: 1200px; margin: 0 auto; font-family: sans-serif; line-height: 1.6; color: inherit; background-color: transparent;'>\n<div style='display: flex; flex-direction: column; align-items: center; margin-bottom: 30px;'> <img style='width: 300px; height: auto; border: 1px solid rgba(150&comma;150&comma;150&comma;0.3); border-radius: 8px;' src='https:\/\/ftp3.syscom.mx\/usuarios\/hortega\/Altai\/Altai.png' alt='Logo Altai'> <img style='width: 100%; max-width: 850px; height: auto; border: 1px solid rgba(150&comma;150&comma;150&comma;0.3); border-radius: 8px; margin-top: 20px;' src='https:\/\/www.altaitechnologies.com\/wp-content\/uploads\/2024\/08\/Insights_Banner.png' alt='Banner Insights'> <\/div>\n<div style='display: flex; justify-content: center; margin: 30px 0;'> <a style='text-decoration: none; background-color: #2b3e50; color: #f29d12; font-weight: bold; padding: 10px 20px; border-radius: 5px;' href='https:\/\/forum.insights.altaitechnologies.com\/login' target='_blank' rel='noopener'>Crea AQU\u00cd tu cuenta INSIGHTS<\/a> <\/div>\n<hr style='border: 0; border-top: 1px solid rgba(150&comma; 150&comma; 150&comma; 0.3); margin: 30px 0;'>\n<div style='text-align: center; margin: 20px 0;'>\n<p style='margin: 0; color: inherit;'>Como complemento de la soluci\u00f3n de cobertura de la estaci\u00f3n base s\u00faper WiFi de Altai&comma; se encuentran los CPE de alto rendimiento C1n&comma; que emplean un algoritmo de procesamiento de se\u00f1al inteligente patentado y una antena dise\u00f1ada para aumentar la intensidad de la se\u00f1al WiFi (transmisi\u00f3n y recepci\u00f3n)&comma; as\u00ed como el rendimiento del cliente.<\/p>\n<p style='margin: 0; color: inherit;'>Tambi\u00e9n puede funcionar como un punto de acceso independiente<\/p>\n<\/p><\/div>\n<div style='display: flex; flex-direction: column; align-items: center; margin: 30px 0;'> <img style='width: 100%; max-width: 520px; height: auto; border: 1px solid rgba(150&comma;150&comma;150&comma;0.3); border-radius: 8px;' src='http:\/\/ftp3.syscom.mx\/usuarios\/ftp\/2025\/05\/13\/215\/imagengpt4174714870604.png' alt='Diagrama t\u00e9cnico'> <\/p>\n<p style='margin-top: 15px; font-weight: bold; color: inherit;'><u>Distancia M\u00e1xima<\/u>: Hasta 800 metros para dispositivos Wi-Fi<\/p>\n<\/p><\/div>\n<div style='display: grid; grid-template-columns: repeat(auto-fit&comma; minmax(250px&comma; 1fr)); gap: 20px; margin: 30px 0;'>\n<div style='border: 1px solid rgba(150&comma;150&comma;150&comma;0.3); border-radius: 8px; padding: 15px;'>\n<div style='display: flex; align-items: center; margin-bottom: 15px;'> <img style='width: 40px; height: auto; margin-right: 10px;' src='https:\/\/ftp3.syscom.mx\/usuarios\/hortega\/Altai\/Logos\/Wifi.png' alt='WiFi'> <\/p>\n<h4 style='margin: 0; font-size: 16px; color: inherit;'>Especificaciones WiFi<\/h4>\n<\/p><\/div>\n<ul style='padding-left: 20px; color: inherit;'>\n<li style='margin-bottom: 5px;'>Est\u00e1ndar: <strong>802.11 b\/g\/n<\/strong><\/li>\n<li style='margin-bottom: 5px;'>Conexiones simult\u00e1neas: <strong>128 dispositivos<\/strong><\/li>\n<\/ul><\/div>\n<div style='border: 1px solid rgba(150&comma;150&comma;150&comma;0.3); border-radius: 8px; padding: 15px;'>\n<div style='display: flex; align-items: center; margin-bottom: 15px;'> <img style='width: 40px; height: auto; margin-right: 10px;' src='https:\/\/ftp3.syscom.mx\/usuarios\/hortega\/Altai\/Logos\/velocidad.png' alt='Velocidad'> <\/p>\n<h4 style='margin: 0; font-size: 16px; color: inherit;'>Velocidad<\/h4>\n<\/p><\/div>\n<ul style='padding-left: 20px; color: inherit;'>\n<li style='margin-bottom: 5px;'>Velocidad m\u00e1xima: <strong>300 Mbps<\/strong><\/li>\n<\/ul><\/div>\n<div style='border: 1px solid rgba(150&comma;150&comma;150&comma;0.3); border-radius: 8px; padding: 15px;'>\n<div style='display: flex; align-items: center; margin-bottom: 15px;'> <img style='width: 40px; height: auto; margin-right: 10px;' src='https:\/\/ftp3.syscom.mx\/usuarios\/hortega\/Altai\/Logos\/repetidor.png' alt='Modos'> <\/p>\n<h4 style='margin: 0; font-size: 16px; color: inherit;'>Modos de operaci\u00f3n<\/h4>\n<\/p><\/div>\n<ul style='padding-left: 20px; color: inherit;'>\n<li style='margin-bottom: 5px;'>Modo: <strong>Access Point \/ Cliente \/ Repetidor<\/strong><\/li>\n<\/ul><\/div>\n<div style='border: 1px solid rgba(150&comma;150&comma;150&comma;0.3); border-radius: 8px; padding: 15px;'>\n<div style='display: flex; align-items: center; margin-bottom: 15px;'> <img style='width: 40px; height: auto; margin-right: 10px;' src='https:\/\/ftp3.syscom.mx\/usuarios\/hortega\/Altai\/Logos\/potencia.png' alt='Potencia'> <\/p>\n<h4 style='margin: 0; font-size: 16px; color: inherit;'>Caracter\u00edsticas RF<\/h4>\n<\/p><\/div>\n<ul style='padding-left: 20px; color: inherit;'>\n<li style='margin-bottom: 5px;'>Potencia m\u00e1xima: <strong>29 dBm<\/strong><\/li>\n<li style='margin-bottom: 5px;'>Antena integrada: <strong>10 dBi<\/strong><\/li>\n<li style='margin-bottom: 5px;'>Patr\u00f3n de radiaci\u00f3n: <strong>Dual-Slant \u00b145\u00b0&comma; 70\u00b0 H \/ 30\u00b0 V<\/strong><\/li>\n<\/ul><\/div>\n<div style='border: 1px solid rgba(150&comma;150&comma;150&comma;0.3); border-radius: 8px; padding: 15px;'>\n<div style='display: flex; align-items: center; margin-bottom: 15px;'> <img style='width: 40px; height: auto; margin-right: 10px;' src='https:\/\/ftp3.syscom.mx\/usuarios\/hortega\/Altai\/Logos\/nube.png' alt='Nube'> <\/p>\n<h4 style='margin: 0; font-size: 16px; color: inherit;'>Administraci\u00f3n<\/h4>\n<\/p><\/div>\n<ul style='padding-left: 20px; color: inherit;'>\n<li style='margin-bottom: 5px;'>Plataforma: <strong>Altai Care \/ On-Premise<\/strong><\/li>\n<\/ul><\/div>\n<\/p><\/div>\n<hr style='border: 0; border-top: 1px solid rgba(150&comma; 150&comma; 150&comma; 0.3); margin: 30px 0;'>\n<div style='display: flex; flex-wrap: wrap; gap: 20px; margin: 30px 0;'>\n<div style='flex: 1 1 300px; min-width: 280px;'>\n<h3 style='font-size: 22px; border-bottom: 2px solid currentColor; padding-bottom: 5px; margin-top: 0; color: inherit; opacity: 0.8;'>Caracter\u00edsticas principales<\/h3>\n<ul style='padding-left: 20px; color: inherit;'>\n<li style='margin-bottom: 5px;'>Modos de operaci\u00f3n: <strong>AP\/CPE\/Repetidor<\/strong><\/li>\n<li style='margin-bottom: 5px;'>Potencia Max. <strong>29 dBm<\/strong><\/li>\n<li style='margin-bottom: 5px;'>Antena integrada: <strong>10 dBi<\/strong><\/li>\n<li style='margin-bottom: 5px;'>Dual-Slant <strong>\u00b145\u00b0&comma; 70\u00b0 H \/ 30\u00b0 V<\/strong><\/li>\n<li style='margin-bottom: 5px;'>Tecnolog\u00eda de alta sensibilidad en recepci\u00f3n en MIMO 2X2 para gran alcance<\/li>\n<li style='margin-bottom: 5px;'>Control de interferencia adaptativo que ayuda a reducir las fuentes de interferencia<\/li>\n<li style='margin-bottom: 5px;'>Gesti\u00f3n del umbral de conexi\u00f3n SNR para control de c\u00e9lulas de cobertura<\/li>\n<li style='margin-bottom: 5px;'>Fast Roaming 802.11r<\/li>\n<li style='margin-bottom: 5px;'><strong>Soporta 16 SSID<\/strong><\/li>\n<li style='margin-bottom: 5px;'>Control de ancho de banda por SSID\/Cliente<\/li>\n<li style='margin-bottom: 5px;'>1 A\u00f1o de garant\u00eda<\/li>\n<\/ul><\/div>\n<div style='flex: 1 1 300px; min-width: 280px;'>\n<h3 style='font-size: 22px; border-bottom: 2px solid currentColor; padding-bottom: 5px; margin-top: 0; color: inherit; opacity: 0.8;'>Caracter\u00edsticas F\u00edsicas y El\u00e9ctricas<\/h3>\n<ul style='padding-left: 20px; color: inherit;'>\n<li style='margin-bottom: 5px;'>Dimensiones: 242 x 80 x 27 mm<\/li>\n<li style='margin-bottom: 5px;'>Peso: 0.4 kg<\/li>\n<li style='margin-bottom: 5px;'>Temperatura de operaci\u00f3n: -20 a 55 \u00b0C<\/li>\n<li style='margin-bottom: 5px;'>Instalaci\u00f3n: pared&comma; m\u00e1stil o poste (3 a 9 m)<\/li>\n<li style='margin-bottom: 5px;'>Puerto Ethernet: 10\/100 Mbps<\/li>\n<li style='margin-bottom: 5px;'><strong>Soporta PoE pasivo de 18V<\/strong><\/li>\n<li style='margin-bottom: 5px;'>PoE recomendado: <a style='color: inherit; text-decoration: underline;' href='https:\/\/www.syscom.mx\/producto\/SD.PE-C1N1-US-ALTAI-TECHNOLOGIES-215331.html' target='_blank' rel='noopener'>SD.PE-C1N1-US<\/a><\/li>\n<li style='margin-bottom: 5px;'>Consumo: 6 W<\/li>\n<\/ul><\/div>\n<div style='flex: 1 1 300px; min-width: 280px;'>\n<h3 style='font-size: 22px; border-bottom: 2px solid currentColor; padding-bottom: 5px; margin-top: 0; color: inherit; opacity: 0.8;'>Caracter\u00edsticas Destacadas<\/h3>\n<ul style='padding-left: 20px; color: inherit;'>\n<li style='margin-bottom: 5px;'>Plataformas de gesti\u00f3n: AltaiGate&comma; AltaiCare<\/li>\n<li style='margin-bottom: 5px;'><strong>El paquete incluye:<\/strong><\/li>\n<li style='margin-bottom: 5px;'>&#8211; 1 Punto de acceso C1n<\/li>\n<li style='margin-bottom: 5px;'>&#8211; 1 Inyector PoE<\/li>\n<li style='margin-bottom: 5px;'>&#8211; 1 Corbata<\/li>\n<\/ul><\/div>\n<\/p><\/div>\n<hr style='border: 0; border-top: 1px solid rgba(150&comma; 150&comma; 150&comma; 0.3); margin: 30px 0;'>\n<div style='display: grid; grid-template-columns: repeat(auto-fit&comma; minmax(300px&comma; 1fr)); gap: 20px; margin: 30px 0;'>\n<div style='position: relative; padding-bottom: 56.25%; height: 0; overflow: hidden;'>   <\/div>\n<div style='position: relative; padding-bottom: 56.25%; height: 0; overflow: hidden;'>   <\/div>\n<div style='position: relative; padding-bottom: 56.25%; height: 0; overflow: hidden;'>   <\/div>\n<div style='position: relative; padding-bottom: 56.25%; height: 0; overflow: hidden;'>   <\/div>\n<div style='position: relative; padding-bottom: 56.25%; height: 0; overflow: hidden;'>   <\/div>\n<\/p><\/div>\n<div style='margin: 30px 0; text-align: center;'>\n<p style='margin: 0; font-style: italic; color: inherit;'><span style='color: #b8312f;'>La m\u00e1xima distancia en cobertura&comma; capacidad de dispositivos m\u00f3viles WiFi&comma; velocidades de conexi\u00f3n&comma; etc. depender\u00e1 particularmente de cada sitio de instalaci\u00f3n&comma; l\u00ednea de vista plena 100%&comma; niveles de ruido e interferencia&comma; tipo de dispositivos WiFi&comma; alineaci\u00f3n y altura de las antenas.<\/span><\/p>\n<\/p><\/div>\n<\/p><\/div>\n","protected":false},"excerpt":{"rendered":"<p>Punto de Acceso Sectorial de 70 \u00b0 Super Wi-Fi, PTP y PTMP en 2.4 GHz, Antena Integrada de 10 dBi, Hasta 800 m de Cobertura, Soporta Fichas-Vouchers, Administraci\u00f3n en Nube Gratis con INSIGHTS (Con Versi\u00f3n de HW 4.0 \u00f3 Superior).<\/p>\n","protected":false},"featured_media":77705,"comment_status":"open","ping_status":"closed","template":"","meta":[],"product_brand":[],"product_cat":[2058],"product_tag":[2059,1950,1980],"class_list":{"0":"post-77706","1":"product","2":"type-product","3":"status-publish","4":"has-post-thumbnail","6":"product_cat-2-4-ghz","7":"product_tag-2-4-ghz","8":"product_tag-altai-technologies","9":"product_tag-enlaces-ptp-y-ptmp","11":"first","12":"instock","13":"sale","14":"shipping-taxable","15":"purchasable","16":"product-type-simple"},"_links":{"self":[{"href":"https:\/\/soydeaqui.ddns.net\/pachuca\/index.php\/wp-json\/wp\/v2\/product\/77706","targetHints":{"allow":["GET"]}}],"collection":[{"href":"https:\/\/soydeaqui.ddns.net\/pachuca\/index.php\/wp-json\/wp\/v2\/product"}],"about":[{"href":"https:\/\/soydeaqui.ddns.net\/pachuca\/index.php\/wp-json\/wp\/v2\/types\/product"}],"replies":[{"embeddable":true,"href":"https:\/\/soydeaqui.ddns.net\/pachuca\/index.php\/wp-json\/wp\/v2\/comments?post=77706"}],"wp:featuredmedia":[{"embeddable":true,"href":"https:\/\/soydeaqui.ddns.net\/pachuca\/index.php\/wp-json\/wp\/v2\/media\/77705"}],"wp:attachment":[{"href":"https:\/\/soydeaqui.ddns.net\/pachuca\/index.php\/wp-json\/wp\/v2\/media?parent=77706"}],"wp:term":[{"taxonomy":"product_brand","embeddable":true,"href":"https:\/\/soydeaqui.ddns.net\/pachuca\/index.php\/wp-json\/wp\/v2\/product_brand?post=77706"},{"taxonomy":"product_cat","embeddable":true,"href":"https:\/\/soydeaqui.ddns.net\/pachuca\/index.php\/wp-json\/wp\/v2\/product_cat?post=77706"},{"taxonomy":"product_tag","embeddable":true,"href":"https:\/\/soydeaqui.ddns.net\/pachuca\/index.php\/wp-json\/wp\/v2\/product_tag?post=77706"}],"curies":[{"name":"wp","href":"https:\/\/api.w.org\/{rel}","templated":true}]}}