{"id":77668,"date":"2026-03-19T16:10:39","date_gmt":"2026-03-19T16:10:39","guid":{"rendered":"https:\/\/soydeaqui.ddns.net\/pachuca\/index.php\/producto\/certificacion-oficial-grandstream-para-implementacion-de-conmutadores-ip\/"},"modified":"2026-03-19T16:10:41","modified_gmt":"2026-03-19T16:10:41","slug":"certificacion-oficial-grandstream-para-implementacion-de-conmutadores-ip","status":"publish","type":"product","link":"https:\/\/soydeaqui.ddns.net\/pachuca\/index.php\/producto\/certificacion-oficial-grandstream-para-implementacion-de-conmutadores-ip\/","title":{"rendered":"Certificaci\u00f3n Oficial Grandstream para Implementaci\u00f3n de Conmutadores IP"},"content":{"rendered":"<div style='width: 100%; max-width: 1200px; margin: 0 auto; font-family: sans-serif; line-height: 1.6; color: inherit; background-color: transparent;'>\n<div style='display: flex; flex-wrap: wrap; gap: 30px; margin-bottom: 30px;'>\n<div style='flex: 1 1 300px; min-width: 280px;'>\n<h3 style='font-size: 22px; border-bottom: 2px solid currentColor; padding-bottom: 5px; margin-top: 0; color: inherit; opacity: 0.8;'>Descripci\u00f3n<\/h3>\n<p style='font-size: 15px; color: inherit; margin-top: 0; margin-bottom: 15px;'>Curso de certificaci\u00f3n pr\u00e1ctico&comma; en l\u00ednea&comma; que le permitir\u00e1 configurar todas las funciones de telefon\u00eda&comma; realizar labores de mantenimiento e integraciones de aplicaciones Grandstream adem\u00e1s de conocer ciertos aspectos de seguridad y soluci\u00f3n de problemas.<\/p>\n<\/p><\/div>\n<\/p><\/div>\n<div style='display: flex; flex-wrap: wrap; gap: 30px; margin-bottom: 30px;'>\n<div style='flex: 1 1 300px; min-width: 280px;'>\n<h3 style='font-size: 22px; border-bottom: 2px solid currentColor; padding-bottom: 5px; margin-top: 0; color: inherit; opacity: 0.8;'>A quien est\u00e1 dirigido<\/h3>\n<p style='font-size: 15px; color: inherit; margin-top: 0; margin-bottom: 15px;'>La certificaci\u00f3n est\u00e1 dirigida a integradores de Telefon\u00eda IP que deseen ofrecer una soluci\u00f3n completa a\u00f1adiendo todas las funciones disponibles en el cat\u00e1logo de la UCM6200\/6510\/6300&comma; manteniendo un \u00f3ptimo funcionamiento del sistema<\/p>\n<\/p><\/div>\n<\/p><\/div>\n<div style='display: flex; flex-wrap: wrap; gap: 30px; margin-bottom: 30px;'>\n<div style='flex: 1 1 300px; min-width: 280px;'>\n<h3 style='font-size: 22px; border-bottom: 2px solid currentColor; padding-bottom: 5px; margin-top: 0; color: inherit; opacity: 0.8;'>Objetivo<\/h3>\n<p style='font-size: 15px; color: inherit; margin-top: 0; margin-bottom: 15px;'>Aprender a configurar todas las funciones de telefon\u00eda que ofrece la UCM6200\/6510\/6300&comma; realizar mantenimiento del equipo y aplicar ciertos aspectos de seguridad&comma; con el fin de realizar una implementaci\u00f3n integral de nuestra soluci\u00f3n<\/p>\n<\/p><\/div>\n<\/p><\/div>\n<div style='display: flex; flex-wrap: wrap; gap: 30px; margin-bottom: 30px;'>\n<div style='flex: 1 1 300px; min-width: 280px;'>\n<h3 style='font-size: 22px; border-bottom: 2px solid currentColor; padding-bottom: 5px; margin-top: 0; color: inherit; opacity: 0.8;'>Temario<\/h3>\n<div style='margin-top: 15px;'>\n<h4 style='font-size: 18px; margin-top: 0; margin-bottom: 10px; color: inherit;'>D\u00eda 1<\/h4>\n<ul style='padding-left: 20px; font-size: 15px; color: inherit; list-style-type: disc;'>\n<li style='margin-bottom: 5px;'>Lab 1: Instalaci\u00f3n y despliegue<\/li>\n<li style='margin-bottom: 5px;'>Lab 2: Administraci\u00f3n<\/li>\n<li style='margin-bottom: 5px;'>Lab 3: Implementaci\u00f3n Avanzada<\/li>\n<\/ul>\n<h4 style='font-size: 18px; margin-top: 15px; margin-bottom: 10px; color: inherit;'>D\u00eda 2<\/h4>\n<ul style='padding-left: 20px; font-size: 15px; color: inherit; list-style-type: disc;'>\n<li style='margin-bottom: 5px;'>Lab 4: Administraci\u00f3n de llamadas<\/li>\n<li style='margin-bottom: 5px;'>Lab 5: Funciones UC<\/li>\n<\/ul>\n<h4 style='font-size: 18px; margin-top: 15px; margin-bottom: 10px; color: inherit;'>D\u00eda 3<\/h4>\n<ul style='padding-left: 20px; font-size: 15px; color: inherit; list-style-type: disc;'>\n<li style='margin-bottom: 5px;'>Lab 5: Funciones de UC<\/li>\n<li style='margin-bottom: 5px;'>Lab 6: Aplicaciones GS<\/li>\n<li style='margin-bottom: 5px;'>Lab 7: Mantenimiento<\/li>\n<li style='margin-bottom: 5px;'>Lab 8: Seguridad<\/li>\n<li style='margin-bottom: 5px;'>Lab 9: Soluci\u00f3n de problemas<\/li>\n<\/ul><\/div>\n<\/p><\/div>\n<\/p><\/div>\n<div style='display: flex; flex-wrap: wrap; gap: 30px; margin-bottom: 30px;'>\n<div style='flex: 1 1 300px; min-width: 280px;'>\n<h3 style='font-size: 22px; border-bottom: 2px solid currentColor; padding-bottom: 5px; margin-top: 0; color: inherit; opacity: 0.8;'>Requisitos<\/h3>\n<ul style='padding-left: 20px; font-size: 15px; color: inherit; list-style-type: disc;'>\n<li style='margin-bottom: 5px;'>Poseer un certificado GCS y Kit GCP UCM en l\u00ednea<\/li>\n<li style='margin-bottom: 5px;'>Contar con certificaci\u00f3n en l\u00ednea EXPERT-GCS para poder tomar el curso.<\/li>\n<li style='margin-bottom: 5px;'>Consultar: <a href='https:\/\/www.syscom.mx\/producto\/EXPERT-GCS-GRANDSTREAM-165772.html' style='color: inherit; text-decoration: underline;' target='_blank'>https:\/\/www.syscom.mx\/producto\/EXPERT-GCS-GRANDSTREAM-165772.html<\/a><\/li>\n<li style='margin-bottom: 5px;'>1 x UCM62XX o UCM6510<\/li>\n<li style='margin-bottom: 5px;'>1 x UCM6301<\/li>\n<li style='margin-bottom: 5px;'>1 x GRP2601P<\/li>\n<li style='margin-bottom: 5px;'>1 x P5DC1A<\/li>\n<li style='margin-bottom: 5px;'>Un tel\u00e9fono GXP16XX y un tel\u00e9fono GXP21XX<\/li>\n<li style='margin-bottom: 5px;'>Una computadora con puerto RJ-45&comma; de preferencia con Windows&comma; con navegador web Google Chrome y Wireshark instalado.<\/li>\n<li style='margin-bottom: 5px;'>Una cuenta de prueba para Gmail y una cuenta en GDMS.<\/li>\n<li style='margin-bottom: 5px;'>Aplicaci\u00f3n GS Affinity<\/li>\n<li style='margin-bottom: 5px;'>Tel\u00e9fono inteligente\/tablet con Grandstream Wave softphone<\/li>\n<li style='margin-bottom: 5px;'>Acceso a internet y router con DHCP<\/li>\n<\/ul><\/div>\n<\/p><\/div>\n<div style='display: flex; flex-wrap: wrap; gap: 30px; margin-bottom: 30px;'>\n<div style='flex: 1 1 300px; min-width: 280px;'>\n<h3 style='font-size: 22px; border-bottom: 2px solid currentColor; padding-bottom: 5px; margin-top: 0; color: inherit; opacity: 0.8;'>Este curso incluye kit con:<\/h3>\n<ul style='padding-left: 20px; font-size: 15px; color: inherit; list-style-type: disc;'>\n<li style='margin-bottom: 5px;'>1 modelo UCM6301<\/li>\n<li style='margin-bottom: 5px;'>2 modelo GRP2601P<\/li>\n<li style='margin-bottom: 5px;'>2 modelo P5DC1A<\/li>\n<\/ul><\/div>\n<\/p><\/div>\n<div style='display: flex; flex-wrap: wrap; gap: 30px; margin-bottom: 30px;'>\n<div style='flex: 1 1 300px; min-width: 280px;'> <img style='width: 100%; height: auto; border: 1px solid rgba(150&comma;150&comma;150&comma;0.3); border-radius: 8px;' src='https:\/\/ftp3.syscom.mx\/usuarios\/lcuevas\/Grandstream\/Timeline.png' alt='Timeline del curso'> <\/div>\n<\/p><\/div>\n<hr style='border: 0; border-top: 1px solid rgba(150&comma; 150&comma; 150&comma; 0.3); margin: 30px 0;'> <\/div>\n","protected":false},"excerpt":{"rendered":"<p>Certificaci\u00f3n Oficial Grandstream para Implementaci\u00f3n de Conmutadores IP<\/p>\n","protected":false},"featured_media":77667,"comment_status":"open","ping_status":"closed","template":"","meta":[],"product_brand":[],"product_cat":[2040],"product_tag":[93,909,2004],"class_list":{"0":"post-77668","1":"product","2":"type-product","3":"status-publish","4":"has-post-thumbnail","6":"product_cat-accesorios-voip-telefonia-ip-videoconferencia","7":"product_tag-accesorios","8":"product_tag-grandstream","9":"product_tag-voip-telefonia-ip-videoconferencia","11":"first","12":"outofstock","13":"sale","14":"shipping-taxable","15":"purchasable","16":"product-type-simple"},"_links":{"self":[{"href":"https:\/\/soydeaqui.ddns.net\/pachuca\/index.php\/wp-json\/wp\/v2\/product\/77668","targetHints":{"allow":["GET"]}}],"collection":[{"href":"https:\/\/soydeaqui.ddns.net\/pachuca\/index.php\/wp-json\/wp\/v2\/product"}],"about":[{"href":"https:\/\/soydeaqui.ddns.net\/pachuca\/index.php\/wp-json\/wp\/v2\/types\/product"}],"replies":[{"embeddable":true,"href":"https:\/\/soydeaqui.ddns.net\/pachuca\/index.php\/wp-json\/wp\/v2\/comments?post=77668"}],"wp:featuredmedia":[{"embeddable":true,"href":"https:\/\/soydeaqui.ddns.net\/pachuca\/index.php\/wp-json\/wp\/v2\/media\/77667"}],"wp:attachment":[{"href":"https:\/\/soydeaqui.ddns.net\/pachuca\/index.php\/wp-json\/wp\/v2\/media?parent=77668"}],"wp:term":[{"taxonomy":"product_brand","embeddable":true,"href":"https:\/\/soydeaqui.ddns.net\/pachuca\/index.php\/wp-json\/wp\/v2\/product_brand?post=77668"},{"taxonomy":"product_cat","embeddable":true,"href":"https:\/\/soydeaqui.ddns.net\/pachuca\/index.php\/wp-json\/wp\/v2\/product_cat?post=77668"},{"taxonomy":"product_tag","embeddable":true,"href":"https:\/\/soydeaqui.ddns.net\/pachuca\/index.php\/wp-json\/wp\/v2\/product_tag?post=77668"}],"curies":[{"name":"wp","href":"https:\/\/api.w.org\/{rel}","templated":true}]}}