{"id":77646,"date":"2026-03-19T16:09:44","date_gmt":"2026-03-19T16:09:44","guid":{"rendered":"https:\/\/soydeaqui.ddns.net\/pachuca\/index.php\/producto\/backhaul-doble-radio-250-mbps-reales-por-radio-carrier-class-5-1-5-9-ghz-4\/"},"modified":"2026-03-19T16:09:46","modified_gmt":"2026-03-19T16:09:46","slug":"backhaul-doble-radio-250-mbps-reales-por-radio-carrier-class-5-1-5-9-ghz-4","status":"publish","type":"product","link":"https:\/\/soydeaqui.ddns.net\/pachuca\/index.php\/producto\/backhaul-doble-radio-250-mbps-reales-por-radio-carrier-class-5-1-5-9-ghz-4\/","title":{"rendered":"Backhaul Doble Radio, 250 Mbps reales por radio, Carrier-Class, 5.1-5.9 GHz"},"content":{"rendered":"<div style='width: 100%; max-width: 1200px; margin: 0 auto; font-family: sans-serif; line-height: 1.6; color: inherit; background-color: transparent;'>\n<div style='display: flex; flex-wrap: wrap; gap: 30px; margin-bottom: 30px;'>\n<div style='flex: 1 1 300px; min-width: 280px;'>\n<h3 style='font-size: 22px; border-bottom: 2px solid currentColor; padding-bottom: 5px; margin-top: 0; color: inherit; opacity: 0.8;'>Descripci\u00f3n<\/h3>\n<p style='font-size: 15px; color: inherit; margin-bottom: 15px;'>El enlace Backhaul de la serie BreezeULTRA P6000-500M Alta Capacidad Carrier-Class de Alvarion&comma; proporciona un enlace sumamente robusto&comma; confiable y de gran capacidad de ancho de banda totalmente administrable en uplink y downlink de acuerdo a la necesidad del tr\u00e1fico. Lo hace ideal para transmisi\u00f3n de v\u00eddeo&comma; voz y datos al mismo tiempo para enlaces de los clientes m\u00e1s exigentes como: gobierno&comma; minas&comma; seguridad p\u00fablica&comma; corporativos&comma; automatizaciones de sem\u00e1foros&comma; aeropuertos&comma; estaciones de tren&comma; puertos mar\u00edtimos&comma; petroleras&comma; estaciones de gas&comma; CFE&comma; etc. Un sin fin de aplicaciones que hoy exigen conectividad segura y confiable.<\/p>\n<p style='font-size: 15px; color: inherit; margin-bottom: 15px;'>Con la serie BreezeULTRA P6000-500M de Alvarion garantiza un enlace por varios a\u00f1os a gran capacidad y sobre todo a una alta transmisi\u00f3n de 80&comma;000 paquetes por segundo para aplicaciones de voz (VoIP). Establezca un enlace que le dar\u00e1 la tranquilidad del funcionamiento de flujo de informaci\u00f3n en ambos sitios inclusive en ambientes m\u00e1s hostiles.<\/p>\n<p style='font-size: 15px; color: inherit; margin-bottom: 15px;'>Asesorarse con el departamento de ingenier\u00eda de SYSCOM para ayudarle armar su soluci\u00f3n.<\/p>\n<\/p><\/div>\n<\/p><\/div>\n<div style='display: flex; flex-wrap: wrap; gap: 20px; margin-bottom: 30px;'>\n<div style='flex: 1 1 250px; border: 1px solid rgba(150&comma; 150&comma; 150&comma; 0.4); border-radius: 8px; overflow: hidden; display: flex; flex-direction: column;'>\n<div style='padding: 15px; border-bottom: 1px solid rgba(150&comma; 150&comma; 150&comma; 0.2); font-weight: bold; font-size: 18px; color: inherit;'>Caracter\u00edsticas T\u00e9cnicas<\/div>\n<div style='padding: 15px; color: inherit;'>\n<ul style='padding-left: 20px; margin: 0; font-size: 14px; list-style-type: disc;'>\n<li style='margin-bottom: 5px;'><strong>Rango de frecuencia:<\/strong> 5100 &#8211; 5900 MHz<\/li>\n<li style='margin-bottom: 5px;'><strong>Ancho de canal ajustable:<\/strong> 20 y 40 MHz<\/li>\n<li style='margin-bottom: 5px;'><strong>Radios:<\/strong> Doble radio&comma; 250 Mbps reales por radio<\/li>\n<li style='margin-bottom: 5px;'><strong>Radios:<\/strong> Carrier-Class<\/li>\n<li style='margin-bottom: 5px;'><strong>Rango de frecuencia:<\/strong> 5.1-5.9 GHz<\/li>\n<li style='margin-bottom: 5px;'><strong>Rango de frecuencia:<\/strong> 5100 &#8211; 5900 MHz<\/li>\n<li style='margin-bottom: 5px;'><strong>Ancho de banda:<\/strong> 100% gestionable seg\u00fan su aplicaci\u00f3n de v\u00eddeo&comma; voz y datos<\/li>\n<li style='margin-bottom: 5px;'><strong>Programaci\u00f3n:<\/strong> Web&comma; SNMP&comma; Telnet<\/li>\n<li style='margin-bottom: 5px;'><strong>Tecnolog\u00eda:<\/strong> MIMO (2X2)&comma; OFDM&comma; TDD<\/li>\n<li style='margin-bottom: 5px;'><strong>VLAN:<\/strong> Basado en 802.1Q<\/li>\n<li style='margin-bottom: 5px;'><strong>Direcci\u00f3n:<\/strong> Por MIR (Uplink y Downlink)<\/li>\n<li style='margin-bottom: 5px;'><strong>Modulaci\u00f3n:<\/strong> OFDM&comma; BPSK&comma; QPSK&comma; QAM16&comma; QAM64<\/li>\n<li style='margin-bottom: 5px;'><strong>Antena primaria:<\/strong> Integrada 23 dBi&comma; 8\u00b0<\/li>\n<li style='margin-bottom: 5px;'><strong>Antena secundaria:<\/strong> 2 Conectores N Hembra para antena externa (No incluida)<\/li>\n<li style='margin-bottom: 5px;'><strong>Temperatura de operaci\u00f3n:<\/strong> -40 a 55\u00baC<\/li>\n<li style='margin-bottom: 5px;'><strong>Instalaci\u00f3n:<\/strong> F\u00e1cil instalaci\u00f3n en Torres<\/li>\n<li style='margin-bottom: 5px;'><strong>Calidad de servicio:<\/strong> Soporta QoS<\/li>\n<li style='margin-bottom: 5px;'><strong>Control de potencia:<\/strong> ATCP para evitar saturaci\u00f3n del enlace<\/li>\n<li style='margin-bottom: 5px;'><strong>Puerto Ethernet:<\/strong> Auto negociable Gigabit Ethernet: 10\/100\/1000 Mbps<\/li>\n<li style='margin-bottom: 5px;'><strong>Monitoreo:<\/strong> De desempe\u00f1o en gr\u00e1ficos<\/li>\n<li style='margin-bottom: 5px;'><strong>LED&#8217;s:<\/strong> De se\u00f1al integrados para alineaci\u00f3n<\/li>\n<li style='margin-bottom: 5px;'><strong>Accesorios:<\/strong> Kit de montaje y fuente de poder PoE incluidos<\/li>\n<li style='margin-bottom: 5px;'><strong>Consumo de energ\u00eda:<\/strong> 40 W (no incluye PoE-OUT)<\/li>\n<li style='margin-bottom: 5px;'><strong>PoE-OUT:<\/strong> Entrega el mismo voltaje que el puerto PoE-IN<\/li>\n<li style='margin-bottom: 5px;'><strong>Interface:<\/strong> 1 x 10\/100\/1000BaseT (PoE In)&comma; 1 x 10\/100\/1000BaseT 802.3at (PoE out)<\/li>\n<\/ul><\/div>\n<\/p><\/div>\n<\/p><\/div>\n<hr style='border: 0; border-top: 1px solid rgba(150&comma; 150&comma; 150&comma; 0.3); margin: 30px 0;'>\n<div style='display: flex; flex-wrap: wrap; gap: 20px; justify-content: center;'> <img style='width: 100%; height: auto; border: 1px solid rgba(150&comma;150&comma;150&comma;0.3); border-radius: 8px; max-width: 600px;' src='http:\/\/ftp3.syscom.mx\/usuarios\/fotos\/P6000600\/P6000600-A.png' alt=''> <img style='width: 100%; height: auto; border: 1px solid rgba(150&comma;150&comma;150&comma;0.3); border-radius: 8px; max-width: 600px;' src='http:\/\/ftp3.syscom.mx\/usuarios\/fotos\/P6000600\/P6000600-A2.png' alt=''> <img style='width: 100%; height: auto; border: 1px solid rgba(150&comma;150&comma;150&comma;0.3); border-radius: 8px; max-width: 600px;' src='http:\/\/ftp3.syscom.mx\/usuarios\/fotos\/P6000600\/P6000600-A3.png' alt=''> <\/div>\n<\/p><\/div>\n","protected":false},"excerpt":{"rendered":"<p>Backhaul Doble Radio, 250 Mbps reales por radio, Carrier-Class, 5.1-5.9 GHz<\/p>\n","protected":false},"featured_media":77645,"comment_status":"open","ping_status":"closed","template":"","meta":[],"product_brand":[],"product_cat":[1990],"product_tag":[2096,1992,1991],"class_list":{"0":"post-77646","1":"product","2":"type-product","3":"status-publish","4":"has-post-thumbnail","6":"product_cat-bandas-5-ghz-2-4-ghz","7":"product_tag-alvarion","8":"product_tag-bandas-5-ghz-2-4-ghz","9":"product_tag-enlaces-de-backhaul","11":"first","12":"outofstock","13":"sale","14":"shipping-taxable","15":"purchasable","16":"product-type-simple"},"_links":{"self":[{"href":"https:\/\/soydeaqui.ddns.net\/pachuca\/index.php\/wp-json\/wp\/v2\/product\/77646","targetHints":{"allow":["GET"]}}],"collection":[{"href":"https:\/\/soydeaqui.ddns.net\/pachuca\/index.php\/wp-json\/wp\/v2\/product"}],"about":[{"href":"https:\/\/soydeaqui.ddns.net\/pachuca\/index.php\/wp-json\/wp\/v2\/types\/product"}],"replies":[{"embeddable":true,"href":"https:\/\/soydeaqui.ddns.net\/pachuca\/index.php\/wp-json\/wp\/v2\/comments?post=77646"}],"wp:featuredmedia":[{"embeddable":true,"href":"https:\/\/soydeaqui.ddns.net\/pachuca\/index.php\/wp-json\/wp\/v2\/media\/77645"}],"wp:attachment":[{"href":"https:\/\/soydeaqui.ddns.net\/pachuca\/index.php\/wp-json\/wp\/v2\/media?parent=77646"}],"wp:term":[{"taxonomy":"product_brand","embeddable":true,"href":"https:\/\/soydeaqui.ddns.net\/pachuca\/index.php\/wp-json\/wp\/v2\/product_brand?post=77646"},{"taxonomy":"product_cat","embeddable":true,"href":"https:\/\/soydeaqui.ddns.net\/pachuca\/index.php\/wp-json\/wp\/v2\/product_cat?post=77646"},{"taxonomy":"product_tag","embeddable":true,"href":"https:\/\/soydeaqui.ddns.net\/pachuca\/index.php\/wp-json\/wp\/v2\/product_tag?post=77646"}],"curies":[{"name":"wp","href":"https:\/\/api.w.org\/{rel}","templated":true}]}}