{"id":77642,"date":"2026-03-19T16:09:35","date_gmt":"2026-03-19T16:09:35","guid":{"rendered":"https:\/\/soydeaqui.ddns.net\/pachuca\/index.php\/producto\/convertidor-de-medios-con-doble-puerto-sfp-1000base-fx-sx-lx-y-puerto-ethernet-1000base-t\/"},"modified":"2026-03-19T16:09:40","modified_gmt":"2026-03-19T16:09:40","slug":"convertidor-de-medios-con-doble-puerto-sfp-1000base-fx-sx-lx-y-puerto-ethernet-1000base-t","status":"publish","type":"product","link":"https:\/\/soydeaqui.ddns.net\/pachuca\/index.php\/producto\/convertidor-de-medios-con-doble-puerto-sfp-1000base-fx-sx-lx-y-puerto-ethernet-1000base-t\/","title":{"rendered":"Convertidor de Medios con Doble Puerto SFP 1000BASE-FX\/SX\/LX y Puerto Ethernet 1000Base-T"},"content":{"rendered":"<div style='width: 100%; max-width: 1200px; margin: 0 auto; font-family: sans-serif; line-height: 1.6; color: inherit; background-color: transparent;'> <!-- Iconos de caracter\u00edsticas --> <\/p>\n<div style='display: flex; flex-wrap: wrap; gap: 15px; justify-content: center; margin: 20px 0;'> <img style='width: auto; height: 32px; border: 1px solid rgba(150&comma;150&comma;150&comma;0.3); border-radius: 4px;' src='https:\/\/www.planet.com.tw\/storage\/icons\/7icon_10M_100M_1000M.png' alt='10M\/100M\/1000M'> <img style='width: auto; height: 32px; border: 1px solid rgba(150&comma;150&comma;150&comma;0.3); border-radius: 4px;' src='https:\/\/www.planet.com.tw\/storage\/icons\/427\/6icon_100FX_1000X_Fiber-Optics.png' alt='100FX 1000X Fibra \u00d3ptica'> <img style='width: auto; height: 32px; border: 1px solid rgba(150&comma;150&comma;150&comma;0.3); border-radius: 4px;' src='https:\/\/www.planet.com.tw\/storage\/icons\/3Wall_mountable.png' alt='Montable en la pared'> <img style='width: auto; height: 32px; border: 1px solid rgba(150&comma;150&comma;150&comma;0.3); border-radius: 4px;' src='https:\/\/www.planet.com.tw\/storage\/icons\/4icon_DIN_Rail.png' alt='Carril DIN'> <img style='width: auto; height: 32px; border: 1px solid rgba(150&comma;150&comma;150&comma;0.3); border-radius: 4px;' src='https:\/\/www.planet.com.tw\/storage\/icons\/4icon_plug_play.png' alt='Plug &#038; Play'> <img style='width: auto; height: 32px; border: 1px solid rgba(150&comma;150&comma;150&comma;0.3); border-radius: 4px;' src='https:\/\/www.planet.com.tw\/storage\/icons\/7icon_Metal-Housing.png' alt='Carcasa met\u00e1lica KG'> <\/div>\n<p> <!-- Descripci\u00f3n principal --> <\/p>\n<div style='margin: 30px 0;'>\n<p style='font-size: 16px; color: inherit;'> El GT-1205A est\u00e1 equipado con un puerto 10\/100\/1000BASE-T y dos ranuras SFP para admitir la conversi\u00f3n entre redes 10\/100\/1000BASE-T y 100\/1000BASE-X. Las ranuras SFP duales hacen que las se\u00f1ales Ethernet se conecten de manera f\u00e1cil y eficiente al agregar m\u00f3dulos de medios monomodo o multimodo o la combinaci\u00f3n de ambos tipos. El GT-1205A brinda alta confiabilidad y flexibilidad para extender la distancia de transmisi\u00f3n de medios hasta 550 m o 2 km (fibra multimodo) y 10 km o m\u00e1s 20\/40\/80\/120 kil\u00f3metros (fibra monomodo o fibra WDM)&comma; dependiendo de los m\u00f3dulos 100\/1000BASE-SX\/LX SFP opcionales. <\/p>\n<\/p><\/div>\n<p> <!-- Galer\u00eda de im\u00e1genes --> <\/p>\n<div style='display: flex; flex-wrap: wrap; gap: 20px; justify-content: center; margin: 30px 0;'> <img style='width: 100%; max-width: 600px; height: auto; border: 1px solid rgba(150&comma;150&comma;150&comma;0.3); border-radius: 8px;' src='https:\/\/www.planet.com.tw\/storage\/products\/49261\/edm_GT-1205A_v4.jpg' alt=''> <img style='width: 100%; max-width: 600px; height: auto; border: 1px solid rgba(150&comma;150&comma;150&comma;0.3); border-radius: 8px;' src='https:\/\/www.planet.com.tw\/storage\/products\/49261\/GT-1205Av4-11.png' alt=''> <img style='width: 100%; max-width: 600px; height: auto; border: 1px solid rgba(150&comma;150&comma;150&comma;0.3); border-radius: 8px;' src='https:\/\/www.planet.com.tw\/storage\/products\/49261\/GT-1205Av4-41.png' alt=''> <\/div>\n<p> <!-- Im\u00e1genes en grid --> <\/p>\n<div style='display: grid; grid-template-columns: repeat(auto-fit&comma; minmax(300px&comma; 1fr)); gap: 20px; margin: 30px 0;'> <img style='width: 100%; height: auto; border: 1px solid rgba(150&comma;150&comma;150&comma;0.3); border-radius: 8px;' src='https:\/\/www.planet.com.tw\/storage\/products\/49261\/GT-1205Av4-8.png' alt=''> <img style='width: 100%; height: auto; border: 1px solid rgba(150&comma;150&comma;150&comma;0.3); border-radius: 8px;' src='https:\/\/www.planet.com.tw\/storage\/products\/49261\/GT-1205Av4-7.png' alt=''> <\/div>\n<p> <!-- Separador --> <\/p>\n<hr style='border: 0; border-top: 1px solid rgba(150&comma; 150&comma; 150&comma; 0.3); margin: 30px 0;'> <!-- Especificaciones --> <\/p>\n<div style='margin: 30px 0;'>\n<h3 style='font-size: 22px; border-bottom: 2px solid currentColor; padding-bottom: 5px; margin-top: 0; color: inherit; opacity: 0.8;'>Especificaciones<\/h3>\n<div style='display: flex; flex-wrap: wrap; gap: 20px; margin-top: 20px;'> <!-- Caracter\u00edsticas Principales --> <\/p>\n<div style='flex: 1 1 250px; min-width: 280px;'>\n<div style='border: 1px solid rgba(150&comma; 150&comma; 150&comma; 0.4); border-radius: 8px; overflow: hidden;'>\n<div style='padding: 15px; border-bottom: 1px solid rgba(150&comma; 150&comma; 150&comma; 0.2); font-weight: bold; font-size: 18px; color: inherit; background-color: rgba(13&comma; 110&comma; 253&comma; 0.1);'>Caracter\u00edsticas Principales<\/div>\n<ul style='padding: 15px; margin: 0; font-size: 14px; list-style-type: disc; color: inherit;'>\n<li style='margin-bottom: 5px;'>Indicadores LED para un f\u00e1cil diagn\u00f3stico de la red<\/li>\n<li style='margin-bottom: 5px;'>Interruptor DIP para m\u00f3dulo SFP 100FX o 1000X compatible con ranuras SFP duales<\/li>\n<li style='margin-bottom: 5px;'>Interruptor DIP para funcionamiento de 3 puertos en modo de conmutaci\u00f3n Gigabit o modo redundante<\/li>\n<li style='margin-bottom: 5px;'>De tama\u00f1o compacto&comma; f\u00e1cil instalaci\u00f3n<\/li>\n<li style='margin-bottom: 5px;'>Compatible para montaje en pared e instalaci\u00f3n en carril DIN<\/li>\n<\/ul><\/div>\n<\/p><\/div>\n<p> <!-- Caracter\u00edsticas F\u00edsicas y El\u00e9ctricas --> <\/p>\n<div style='flex: 1 1 250px; min-width: 280px;'>\n<div style='border: 1px solid rgba(150&comma; 150&comma; 150&comma; 0.4); border-radius: 8px; overflow: hidden;'>\n<div style='padding: 15px; border-bottom: 1px solid rgba(150&comma; 150&comma; 150&comma; 0.2); font-weight: bold; font-size: 18px; color: inherit; background-color: rgba(13&comma; 110&comma; 253&comma; 0.1);'>Caracter\u00edsticas F\u00edsicas y El\u00e9ctricas<\/div>\n<ul style='padding: 15px; margin: 0; font-size: 14px; list-style-type: disc; color: inherit;'>\n<li style='margin-bottom: 5px;'>1 Puerto RJ45 10\/100\/1000 Base-T<\/li>\n<li style='margin-bottom: 5px;'>2 Puertos de fibra \u00f3ptica 1000Base-FX\/1000Base-SX\/LX SFP<\/li>\n<li style='margin-bottom: 5px;'>Fuente de alimentaci\u00f3n externa de 5 Vcc\/ 2 A<\/li>\n<li style='margin-bottom: 5px;'>Consumo de energ\u00eda de 2.8 Watts\/9.5 BTU por hora m\u00e1x<\/li>\n<li style='margin-bottom: 5px;'>Dimensiones: 94 x 70 x 26mm<\/li>\n<li style='margin-bottom: 5px;'>Peso: 180 g<\/li>\n<li style='margin-bottom: 5px;'>Temperatura de operaci\u00f3n 0-50 \u00b0C<\/li>\n<\/ul><\/div>\n<\/p><\/div>\n<p> <!-- El Paquete Incluye --> <\/p>\n<div style='flex: 1 1 250px; min-width: 280px;'>\n<div style='border: 1px solid rgba(150&comma; 150&comma; 150&comma; 0.4); border-radius: 8px; overflow: hidden;'>\n<div style='padding: 15px; border-bottom: 1px solid rgba(150&comma; 150&comma; 150&comma; 0.2); font-weight: bold; font-size: 18px; color: inherit; background-color: rgba(13&comma; 110&comma; 253&comma; 0.1);'>El Paquete Incluye<\/div>\n<ul style='padding: 15px; margin: 0; font-size: 14px; list-style-type: disc; color: inherit;'>\n<li style='margin-bottom: 5px;'>Convertidor de medios gigabit<\/li>\n<li style='margin-bottom: 5px;'>Manual de usuario<\/li>\n<li style='margin-bottom: 5px;'>Fuente de voltaje de 5 Vcc\/ 2 A m\u00e1x<\/li>\n<\/ul><\/div>\n<\/p><\/div>\n<\/p><\/div>\n<\/p><\/div>\n<p> <!-- Separador --> <\/p>\n<hr style='border: 0; border-top: 1px solid rgba(150&comma; 150&comma; 150&comma; 0.3); margin: 30px 0;'> <!-- Video --> <\/p>\n<div style='position: relative; padding-bottom: 56.25%; height: 0; overflow: hidden; margin: 30px 0;'>   <\/div>\n<\/p><\/div>\n","protected":false},"excerpt":{"rendered":"<p>Convertidor de Medios con Doble Puerto SFP 1000BASE-FX\/SX\/LX y Puerto Ethernet 1000Base-T<\/p>\n","protected":false},"featured_media":77641,"comment_status":"open","ping_status":"closed","template":"","meta":[],"product_brand":[],"product_cat":[2000],"product_tag":[2001,664,2033],"class_list":{"0":"post-77642","1":"product","2":"type-product","3":"status-publish","4":"has-post-thumbnail","6":"product_cat-convertidores-de-medios","7":"product_tag-convertidores-de-medios","8":"product_tag-networking","9":"product_tag-planet","11":"first","12":"instock","13":"sale","14":"shipping-taxable","15":"purchasable","16":"product-type-simple"},"_links":{"self":[{"href":"https:\/\/soydeaqui.ddns.net\/pachuca\/index.php\/wp-json\/wp\/v2\/product\/77642","targetHints":{"allow":["GET"]}}],"collection":[{"href":"https:\/\/soydeaqui.ddns.net\/pachuca\/index.php\/wp-json\/wp\/v2\/product"}],"about":[{"href":"https:\/\/soydeaqui.ddns.net\/pachuca\/index.php\/wp-json\/wp\/v2\/types\/product"}],"replies":[{"embeddable":true,"href":"https:\/\/soydeaqui.ddns.net\/pachuca\/index.php\/wp-json\/wp\/v2\/comments?post=77642"}],"wp:featuredmedia":[{"embeddable":true,"href":"https:\/\/soydeaqui.ddns.net\/pachuca\/index.php\/wp-json\/wp\/v2\/media\/77641"}],"wp:attachment":[{"href":"https:\/\/soydeaqui.ddns.net\/pachuca\/index.php\/wp-json\/wp\/v2\/media?parent=77642"}],"wp:term":[{"taxonomy":"product_brand","embeddable":true,"href":"https:\/\/soydeaqui.ddns.net\/pachuca\/index.php\/wp-json\/wp\/v2\/product_brand?post=77642"},{"taxonomy":"product_cat","embeddable":true,"href":"https:\/\/soydeaqui.ddns.net\/pachuca\/index.php\/wp-json\/wp\/v2\/product_cat?post=77642"},{"taxonomy":"product_tag","embeddable":true,"href":"https:\/\/soydeaqui.ddns.net\/pachuca\/index.php\/wp-json\/wp\/v2\/product_tag?post=77642"}],"curies":[{"name":"wp","href":"https:\/\/api.w.org\/{rel}","templated":true}]}}