{"id":77611,"date":"2026-03-19T16:08:25","date_gmt":"2026-03-19T16:08:25","guid":{"rendered":"https:\/\/soydeaqui.ddns.net\/pachuca\/index.php\/producto\/radio-de-backhaul-de-alta-capacidad-full-duplex-con-antena-integrada-de-23-dbi-con-tecnologia-airfiber-hasta-1-2-gbps-5-ghz-5725-6200-mhz\/"},"modified":"2026-03-19T16:08:27","modified_gmt":"2026-03-19T16:08:27","slug":"radio-de-backhaul-de-alta-capacidad-full-duplex-con-antena-integrada-de-23-dbi-con-tecnologia-airfiber-hasta-1-2-gbps-5-ghz-5725-6200-mhz","status":"publish","type":"product","link":"https:\/\/soydeaqui.ddns.net\/pachuca\/index.php\/producto\/radio-de-backhaul-de-alta-capacidad-full-duplex-con-antena-integrada-de-23-dbi-con-tecnologia-airfiber-hasta-1-2-gbps-5-ghz-5725-6200-mhz\/","title":{"rendered":"Radio de Backhaul de alta capacidad full duplex con antena integrada de 23 dBi, con tecnolog\u00eda airFiber hasta 1.2 Gbps, 5 GHz (5725 &#8211; 6200 MHz)"},"content":{"rendered":"<div style='width: 100%; max-width: 1200px; margin: 0 auto; font-family: sans-serif; line-height: 1.6; color: inherit;'>\n<div style='display: flex; flex-wrap: wrap; gap: 30px; margin-bottom: 30px;'>\n<div style='flex: 1 1 300px; min-width: 280px;'>\n<h3 style='font-size: 22px; border-bottom: 2px solid currentColor; padding-bottom: 5px; margin-top: 0; color: inherit; opacity: 0.8;'>Puertos<\/h3>\n<ul style='padding-left: 20px; font-size: 15px; color: inherit;'>\n<li style='margin-bottom: 5px;'>1 puerto de datos 10\/100\/1000 Mbps<\/li>\n<li style='margin-bottom: 5px;'>1 puerto de administraci\u00f3n 10\/100 Mbps<\/li>\n<li style='margin-bottom: 5px;'>1 puerto auxiliar RJ-12<\/li>\n<\/ul><\/div>\n<div style='flex: 1 1 300px; min-width: 280px;'>\n<h3 style='font-size: 22px; border-bottom: 2px solid currentColor; padding-bottom: 5px; margin-top: 0; color: inherit; opacity: 0.8;'>Sistema Operativo<\/h3>\n<ul style='padding-left: 20px; font-size: 15px; color: inherit;'>\n<li style='margin-bottom: 5px;'>airOS\u00ae F<\/li>\n<\/ul><\/div>\n<div style='flex: 1 1 300px; min-width: 280px;'>\n<h3 style='font-size: 22px; border-bottom: 2px solid currentColor; padding-bottom: 5px; margin-top: 0; color: inherit; opacity: 0.8;'>Caracter\u00edsticas<\/h3>\n<ul style='padding-left: 20px; font-size: 15px; color: inherit;'>\n<li style='margin-bottom: 5px;'>Modo de operaci\u00f3n: Master\/Slave<\/li>\n<li style='margin-bottom: 5px;'>Throughput: 1 Mpps<\/li>\n<li style='margin-bottom: 5px;'>Anchos de canal ajustable: 10\/20\/30\/40\/50 MHz<\/li>\n<li style='margin-bottom: 5px;'>Procesador propietario INVICTUS IC<\/li>\n<li style='margin-bottom: 5px;'>Seguridad 128-bit AES<\/li>\n<li style='margin-bottom: 5px;'>Tecnolog\u00eda HDD<\/li>\n<li style='margin-bottom: 5px;'>Sincronizaci\u00f3n GPS<\/li>\n<li style='margin-bottom: 5px;'>Ultra baja latencia<\/li>\n<\/ul><\/div>\n<div style='flex: 1 1 300px; min-width: 280px;'>\n<h3 style='font-size: 22px; border-bottom: 2px solid currentColor; padding-bottom: 5px; margin-top: 0; color: inherit; opacity: 0.8;'>Antena integrada<\/h3>\n<ul style='padding-left: 20px; font-size: 15px; color: inherit;'>\n<li style='margin-bottom: 5px;'>Ganancia TX: 23 dBi<\/li>\n<li style='margin-bottom: 5px;'>Ganancia RX: 23 dBi<\/li>\n<li style='margin-bottom: 5px;'>Beamwidth: 6\u00b0<\/li>\n<li style='margin-bottom: 5px;'>Front-to-Back Ratio: 70 dB<\/li>\n<li style='margin-bottom: 5px;'>Polaridad: Dual Slant<\/li>\n<\/ul><\/div>\n<div style='flex: 1 1 300px; min-width: 280px;'>\n<h3 style='font-size: 22px; border-bottom: 2px solid currentColor; padding-bottom: 5px; margin-top: 0; color: inherit; opacity: 0.8;'>Caracter\u00edsticas F\u00edsicas y El\u00e9ctricas<\/h3>\n<ul style='padding-left: 20px; font-size: 15px; color: inherit;'>\n<li style='margin-bottom: 5px;'>Alimentaci\u00f3n: 50 V&comma; 1.2 A<\/li>\n<li style='margin-bottom: 5px;'>Dimensiones: 938.4 x 468.4 x 281.4 mm<\/li>\n<li style='margin-bottom: 5px;'>Peso: 16 Kg<\/li>\n<li style='margin-bottom: 5px;'>Temperatura de Operaci\u00f3n: -40\u00b0C a 55\u00b0C<\/li>\n<\/ul><\/div>\n<div style='flex: 1 1 300px; min-width: 280px;'>\n<h3 style='font-size: 22px; border-bottom: 2px solid currentColor; padding-bottom: 5px; margin-top: 0; color: inherit; opacity: 0.8;'>Incluye<\/h3>\n<ul style='padding-left: 20px; font-size: 15px; color: inherit;'>\n<li style='margin-bottom: 5px;'>Adaptador PoE Gigabit<\/li>\n<li style='margin-bottom: 5px;'>Montaje para torre o m\u00e1stil<\/li>\n<\/ul><\/div>\n<div style='flex: 1 1 300px; min-width: 280px;'>\n<h3 style='font-size: 22px; border-bottom: 2px solid currentColor; padding-bottom: 5px; margin-top: 0; color: inherit; opacity: 0.8;'>Garant\u00eda<\/h3>\n<ul style='padding-left: 20px; font-size: 15px; color: inherit;'>\n<li style='margin-bottom: 5px;'>1 A\u00f1o<\/li>\n<\/ul><\/div>\n<\/p><\/div>\n<hr style='border: 0; border-top: 1px solid rgba(150&comma; 150&comma; 150&comma; 0.3); margin: 30px 0;'>\n<div style='display: flex; flex-wrap: wrap; gap: 30px; margin-bottom: 30px;'>\n<div style='flex: 1 1 400px; min-width: 300px;'>\n<h3 style='font-size: 20px; margin-top: 0; color: inherit;'>Rendimiento revolucionario<\/h3>\n<p> <img style='width: 100%; height: auto; border: 1px solid rgba(150&comma;150&comma;150&comma;0.3); border-radius: 8px;' src='https:\/\/ftp3.syscom.mx\/usuarios\/adiaz\/UBNT\/AF5\/rendimiento.PNG' alt=''> <\/div>\n<div style='flex: 1 1 400px; min-width: 300px;'>\n<h3 style='font-size: 20px; margin-top: 0; color: inherit;'>Ultra baja latencia<\/h3>\n<p> <img style='width: 100%; height: auto; border: 1px solid rgba(150&comma;150&comma;150&comma;0.3); border-radius: 8px;' src='https:\/\/ftp3.syscom.mx\/usuarios\/adiaz\/UBNT\/AF5\/latencia.PNG' alt=''> <\/div>\n<\/p><\/div>\n<div style='display: flex; flex-wrap: wrap; gap: 30px; margin-bottom: 30px;'>\n<div style='flex: 1 1 400px; min-width: 300px;'>\n<h3 style='font-size: 20px; margin-top: 0; color: inherit;'>Banda sin licencia de 5 GHz<\/h3>\n<p> <img style='width: 100%; height: auto; border: 1px solid rgba(150&comma;150&comma;150&comma;0.3); border-radius: 8px;' src='https:\/\/ftp3.syscom.mx\/usuarios\/adiaz\/UBNT\/AF5\/frecuencia.PNG' alt='https:\/\/ftp3.syscom.mx\/usuarios\/adiaz\/UBNT\/AF5\/frecuencia.PNG'> <\/div>\n<div style='flex: 1 1 400px; min-width: 300px;'>\n<h3 style='font-size: 20px; margin-top: 0; color: inherit;'>Radio AF-5 en modo Full-Duplex<\/h3>\n<p> <img style='width: 100%; height: auto; border: 1px solid rgba(150&comma;150&comma;150&comma;0.3); border-radius: 8px;' src='https:\/\/ftp3.syscom.mx\/usuarios\/adiaz\/UBNT\/AF5\/full%20duplex.PNG' alt='https:\/\/ftp3.syscom.mx\/usuarios\/adiaz\/UBNT\/AF5\/full%20duplex.PNG'> <\/div>\n<\/p><\/div>\n<div style='display: flex; flex-wrap: wrap; gap: 30px; margin-bottom: 30px;'>\n<div style='flex: 1 1 400px; min-width: 300px;'>\n<h3 style='font-size: 20px; margin-top: 0; color: inherit;'>Dise\u00f1o innovador de antena<\/h3>\n<p> <img style='width: 100%; height: auto; border: 1px solid rgba(150&comma;150&comma;150&comma;0.3); border-radius: 8px;' src='https:\/\/ftp3.syscom.mx\/usuarios\/adiaz\/UBNT\/AF5\/desing.PNG' alt='https:\/\/ftp3.syscom.mx\/usuarios\/adiaz\/UBNT\/AF5\/desing.PNG'> <\/div>\n<\/p><\/div>\n<\/p><\/div>\n","protected":false},"excerpt":{"rendered":"<p>Radio de Backhaul de alta capacidad full duplex con antena integrada de 23 dBi, con tecnolog\u00eda airFiber hasta 1.2 Gbps, 5 GHz (5725 &#8211; 6200 MHz)<\/p>\n","protected":false},"featured_media":77610,"comment_status":"open","ping_status":"closed","template":"","meta":[],"product_brand":[],"product_cat":[1990],"product_tag":[1992,1991,166],"class_list":{"0":"post-77611","1":"product","2":"type-product","3":"status-publish","4":"has-post-thumbnail","6":"product_cat-bandas-5-ghz-2-4-ghz","7":"product_tag-bandas-5-ghz-2-4-ghz","8":"product_tag-enlaces-de-backhaul","9":"product_tag-ubiquiti","11":"first","12":"outofstock","13":"sale","14":"shipping-taxable","15":"purchasable","16":"product-type-simple"},"_links":{"self":[{"href":"https:\/\/soydeaqui.ddns.net\/pachuca\/index.php\/wp-json\/wp\/v2\/product\/77611","targetHints":{"allow":["GET"]}}],"collection":[{"href":"https:\/\/soydeaqui.ddns.net\/pachuca\/index.php\/wp-json\/wp\/v2\/product"}],"about":[{"href":"https:\/\/soydeaqui.ddns.net\/pachuca\/index.php\/wp-json\/wp\/v2\/types\/product"}],"replies":[{"embeddable":true,"href":"https:\/\/soydeaqui.ddns.net\/pachuca\/index.php\/wp-json\/wp\/v2\/comments?post=77611"}],"wp:featuredmedia":[{"embeddable":true,"href":"https:\/\/soydeaqui.ddns.net\/pachuca\/index.php\/wp-json\/wp\/v2\/media\/77610"}],"wp:attachment":[{"href":"https:\/\/soydeaqui.ddns.net\/pachuca\/index.php\/wp-json\/wp\/v2\/media?parent=77611"}],"wp:term":[{"taxonomy":"product_brand","embeddable":true,"href":"https:\/\/soydeaqui.ddns.net\/pachuca\/index.php\/wp-json\/wp\/v2\/product_brand?post=77611"},{"taxonomy":"product_cat","embeddable":true,"href":"https:\/\/soydeaqui.ddns.net\/pachuca\/index.php\/wp-json\/wp\/v2\/product_cat?post=77611"},{"taxonomy":"product_tag","embeddable":true,"href":"https:\/\/soydeaqui.ddns.net\/pachuca\/index.php\/wp-json\/wp\/v2\/product_tag?post=77611"}],"curies":[{"name":"wp","href":"https:\/\/api.w.org\/{rel}","templated":true}]}}