{"id":77609,"date":"2026-03-19T16:08:20","date_gmt":"2026-03-19T16:08:20","guid":{"rendered":"https:\/\/soydeaqui.ddns.net\/pachuca\/index.php\/producto\/wb3665hh-sincronizador-gps-para-equipos-ptp500-ptp600-y-ptp650\/"},"modified":"2026-03-19T16:08:23","modified_gmt":"2026-03-19T16:08:23","slug":"wb3665hh-sincronizador-gps-para-equipos-ptp500-ptp600-y-ptp650","status":"publish","type":"product","link":"https:\/\/soydeaqui.ddns.net\/pachuca\/index.php\/producto\/wb3665hh-sincronizador-gps-para-equipos-ptp500-ptp600-y-ptp650\/","title":{"rendered":"WB3665HH &#8211; Sincronizador GPS para equipos PTP500, PTP600 y PTP650"},"content":{"rendered":"<div style='width: 100%; max-width: 1200px; margin: 0 auto; font-family: sans-serif; line-height: 1.6; color: inherit; background-color: transparent;'> <!-- Secci\u00f3n de caracter\u00edsticas --> <\/p>\n<div style='display: flex; flex-wrap: wrap; gap: 30px; margin-bottom: 30px;'>\n<div style='flex: 1 1 300px; min-width: 280px;'>\n<h3 style='font-size: 22px; border-bottom: 2px solid currentColor; padding-bottom: 5px; margin-top: 0; color: inherit; opacity: 0.8;'>Tecnolog\u00eda de Radio<\/h3>\n<ul style='padding-left: 20px; font-size: 15px; color: inherit;'>\n<li style='margin-bottom: 5px;'>La se\u00f1al de entrada de temporizaci\u00f3n: 1 Hz o PPS (pulso por segundo) recibidos de un dispositivo de temporizaci\u00f3n (m\u00f3dulo GPS&comma; CMM u otro dispositivo de temporizaci\u00f3n sincronizada); unidad PTP-SYNC puede mantener la sincronizaci\u00f3n local entre los radios de emplazamiento com\u00fan cuando el tiempo no est\u00e1 disponible<\/li>\n<\/ul><\/div>\n<div style='flex: 1 1 300px; min-width: 280px;'>\n<h3 style='font-size: 22px; border-bottom: 2px solid currentColor; padding-bottom: 5px; margin-top: 0; color: inherit; opacity: 0.8;'>Poder<\/h3>\n<ul style='padding-left: 20px; font-size: 15px; color: inherit;'>\n<li style='margin-bottom: 5px;'><strong>Indicador LED:<\/strong> Actividad SYNC Estado de energ\u00eda&comma; GPS y<\/li>\n<li style='margin-bottom: 5px;'><strong>Encendido:<\/strong> 56 Vcc&comma; cable de alimentaci\u00f3n fantasma de PIDU \/ ODU<\/li>\n<li style='margin-bottom: 5px;'><strong>Cable:<\/strong> est\u00e1ndar Cat-5e<\/li>\n<li style='margin-bottom: 5px;'><strong>Conexi\u00f3n:<\/strong> est\u00e1ndar RJ-45<\/li>\n<\/ul><\/div>\n<div style='flex: 1 1 300px; min-width: 280px;'>\n<h3 style='font-size: 22px; border-bottom: 2px solid currentColor; padding-bottom: 5px; margin-top: 0; color: inherit; opacity: 0.8;'>F\u00edsico<\/h3>\n<ul style='padding-left: 20px; font-size: 15px; color: inherit;'>\n<li style='margin-bottom: 5px;'><strong>Humedad:<\/strong> Hasta 95% sin condensaci\u00f3n<\/li>\n<li style='margin-bottom: 5px;'><strong>Temperatura de funcionamiento:<\/strong> -40 a 60\u00ba F&comma; incluyendo la radiaci\u00f3n solar<\/li>\n<li style='margin-bottom: 5px;'><strong>Tensi\u00f3n de funcionamiento:<\/strong> +39 V a +60 V&comma; medida en los terminales de la unidad<\/li>\n<li style='margin-bottom: 5px;'><strong>Consumo de energ\u00eda:<\/strong> 1.5 W m\u00e1x. en los terminales de la unidad<\/li>\n<li style='margin-bottom: 5px;'><strong>Alimentaci\u00f3n:<\/strong> Integrada con la unidad interior<\/li>\n<li style='margin-bottom: 5px;'><strong>Dimensiones:<\/strong> 180 x 35 x 80 mm<\/li>\n<li style='margin-bottom: 5px;'><strong>Peso:<\/strong> 0.6 kg<\/li>\n<\/ul><\/div>\n<\/p><\/div>\n<p> <!-- Secci\u00f3n de imagen --> <\/p>\n<div style='display: flex; flex-wrap: wrap; gap: 30px; margin-bottom: 30px;'>\n<div style='flex: 1 1 100%; min-width: 280px;'> <img style='width: 100%; height: auto; border: 1px solid rgba(150&comma;150&comma;150&comma;0.3); border-radius: 8px;' src='http:\/\/ftp3.syscom.mx\/usuarios\/fotos\/_DSC0535\/_DSC0535.png' alt=''> <\/div>\n<\/p><\/div>\n<\/p><\/div>\n","protected":false},"excerpt":{"rendered":"<p>WB3665HH &#8211; Sincronizador GPS para equipos PTP500, PTP600 y PTP650<\/p>\n","protected":false},"featured_media":77608,"comment_status":"open","ping_status":"closed","template":"","meta":[],"product_brand":[],"product_cat":[1983],"product_tag":[93,1404,1316],"class_list":{"0":"post-77609","1":"product","2":"type-product","3":"status-publish","4":"has-post-thumbnail","6":"product_cat-accesorios-antenas-redes-e-it","7":"product_tag-accesorios","8":"product_tag-antenas","9":"product_tag-cambium-networks","11":"first","12":"outofstock","13":"sale","14":"shipping-taxable","15":"purchasable","16":"product-type-simple"},"_links":{"self":[{"href":"https:\/\/soydeaqui.ddns.net\/pachuca\/index.php\/wp-json\/wp\/v2\/product\/77609","targetHints":{"allow":["GET"]}}],"collection":[{"href":"https:\/\/soydeaqui.ddns.net\/pachuca\/index.php\/wp-json\/wp\/v2\/product"}],"about":[{"href":"https:\/\/soydeaqui.ddns.net\/pachuca\/index.php\/wp-json\/wp\/v2\/types\/product"}],"replies":[{"embeddable":true,"href":"https:\/\/soydeaqui.ddns.net\/pachuca\/index.php\/wp-json\/wp\/v2\/comments?post=77609"}],"wp:featuredmedia":[{"embeddable":true,"href":"https:\/\/soydeaqui.ddns.net\/pachuca\/index.php\/wp-json\/wp\/v2\/media\/77608"}],"wp:attachment":[{"href":"https:\/\/soydeaqui.ddns.net\/pachuca\/index.php\/wp-json\/wp\/v2\/media?parent=77609"}],"wp:term":[{"taxonomy":"product_brand","embeddable":true,"href":"https:\/\/soydeaqui.ddns.net\/pachuca\/index.php\/wp-json\/wp\/v2\/product_brand?post=77609"},{"taxonomy":"product_cat","embeddable":true,"href":"https:\/\/soydeaqui.ddns.net\/pachuca\/index.php\/wp-json\/wp\/v2\/product_cat?post=77609"},{"taxonomy":"product_tag","embeddable":true,"href":"https:\/\/soydeaqui.ddns.net\/pachuca\/index.php\/wp-json\/wp\/v2\/product_tag?post=77609"}],"curies":[{"name":"wp","href":"https:\/\/api.w.org\/{rel}","templated":true}]}}