{"id":7759,"date":"2026-03-18T07:00:18","date_gmt":"2026-03-18T07:00:18","guid":{"rendered":"https:\/\/soydeaqui.ddns.net\/pachuca\/index.php\/producto\/panel-de-alarma-ip-con-teclado-alfanumerico-programador-con-4-zonas-directamente-en-el-teclado\/"},"modified":"2026-03-18T07:00:18","modified_gmt":"2026-03-18T07:00:18","slug":"panel-de-alarma-ip-con-teclado-alfanumerico-programador-con-4-zonas-directamente-en-el-teclado","status":"publish","type":"product","link":"https:\/\/soydeaqui.ddns.net\/pachuca\/index.php\/producto\/panel-de-alarma-ip-con-teclado-alfanumerico-programador-con-4-zonas-directamente-en-el-teclado\/","title":{"rendered":"Panel de Alarma IP con Teclado Alfanumerico programador con 4 Zonas directamente en el teclado"},"content":{"rendered":"<div style='width: 100%; max-width: 1200px; margin: 0 auto; font-family: sans-serif; line-height: 1.6; color: inherit; background-color: transparent;'>\n<div style='width: 100%; margin-bottom: 30px;'>\n<h1 style='font-size: 24px; margin: 0 0 15px; color: inherit; font-weight: 600;'>Equipo Listo para Honeywell Total Connect (Casa Inteligente) y Monitoreo de Alarma de Alta Seguridad con ALARMNET (IP y 4G).<\/h1>\n<\/p><\/div>\n<div style='display: flex; flex-wrap: wrap; gap: 30px; margin-bottom: 30px;'>\n<div style='flex: 1 1 300px; min-width: 280px;'> <img style='width: 100%; height: auto; border: 1px solid rgba(150&comma;150&comma;150&comma;0.3); border-radius: 8px;' src='https:\/\/ftp3.syscom.mx\/usuarios\/ftp\/single_page\/total_connect\/hontc-01.jpg' alt=''> <\/div>\n<div style='flex: 2 1 600px; min-width: 280px;'>\n<h3 style='font-size: 20px; border-bottom: 2px solid currentColor; padding-bottom: 5px; margin-top: 0; color: inherit; opacity: 0.8;'>Extremo Alta Seguridad<\/h3>\n<p style='font-size: 15px; color: inherit; margin-bottom: 15px;'>ALARMNET segura que su se\u00f1al SIEMPRE LLEGUE. Su informaci\u00f3n es enviada encriptada&comma; servidores en U.S.A. de alta redundancia y respaldo por 4G (M\u00faltiples Carriers).<\/p>\n<\/p><\/div>\n<\/p><\/div>\n<div style='display: flex; flex-wrap: wrap; gap: 30px; margin-bottom: 30px;'>\n<div style='flex: 1 1 300px; min-width: 280px;'> <img style='width: 100%; height: auto; border: 1px solid rgba(150&comma;150&comma;150&comma;0.3); border-radius: 8px; margin-bottom: 15px;' src='https:\/\/ftp3.syscom.mx\/usuarios\/ftp\/single_page\/total_connect\/hontc-02x.jpg' alt=''> <img style='width: 100%; height: auto; border: 1px solid rgba(150&comma;150&comma;150&comma;0.3); border-radius: 8px;' src='https:\/\/ftp3.syscom.mx\/usuarios\/ftp\/single_page\/total_connect\/hontc-02c.jpg' alt=''> <\/div>\n<div style='flex: 2 1 600px; min-width: 280px;'>\n<h3 style='font-size: 20px; border-bottom: 2px solid currentColor; padding-bottom: 5px; margin-top: 0; color: inherit; opacity: 0.8;'>Casa Inteligente con Total Connect<\/h3>\n<p style='font-size: 15px; color: inherit; margin-bottom: 15px;'>Administre su Panel y otros dispositivos (Termostatos&comma; Puertas&comma; Sensores&comma; Iluminaci\u00f3n) con Total Connect&comma; la aplicaci\u00f3n l\u00edder en U.S.A. para casas inteligentes.<\/p>\n<p style='font-size: 15px; color: inherit; margin-bottom: 15px;'>En esta imagen vemos el estado de la puerta principal&comma; iluminaci\u00f3n en sala \/ comedor&comma; puerta de garage&comma; alertas por sensores y grabaci\u00f3n de c\u00e1maras nube.<\/p>\n<p> <img style='width: 100%; height: auto; border: 1px solid rgba(150&comma;150&comma;150&comma;0.3); border-radius: 8px;' src='https:\/\/ftp3.syscom.mx\/usuarios\/ftp\/single_page\/total_connect\/hontc-03b.jpg' alt=''> <\/div>\n<\/p><\/div>\n<hr style='border: 0; border-top: 1px solid rgba(150&comma; 150&comma; 150&comma; 0.3); margin: 30px 0;'>\n<div style='display: flex; flex-wrap: wrap; gap: 30px; margin-bottom: 30px;'>\n<div style='flex: 1 1 400px; min-width: 280px;'>\n<h3 style='font-size: 20px; border-bottom: 2px solid currentColor; padding-bottom: 5px; margin-top: 0; color: inherit; opacity: 0.8;'>Grabaci\u00f3n de Video Nube de Alta Seguridad<\/h3>\n<p style='font-size: 15px; color: inherit; margin-bottom: 15px;'>Acceda a video nube&comma; extremo fluido y alta seguridad en servidores de Honeywell U.S.A. desde su m\u00f3vil o v\u00eda Web.<\/p>\n<p style='font-size: 15px; color: inherit; margin-bottom: 15px;'>C\u00e1maras compatibles: <a href='producto\/IPCAM-WIC1-HONEYWELL-163872.html' target='_blank' rel='noopener' style='color: inherit; text-decoration: underline;'>IPCAMWIC1<\/a>&comma; <a href='producto\/IPCAM-WIC2-HONEYWELL-162976.html' target='_blank' rel='noopener' style='color: inherit; text-decoration: underline;'>IPCAMWIC2<\/a> y <a href='producto\/IPCAMWOC1-HONEYWELL-163828.html' target='_blank' rel='noopener' style='color: inherit; text-decoration: underline;'>IPCAMWOC1<\/a><\/p>\n<p> <img style='width: 100%; height: auto; border: 1px solid rgba(150&comma;150&comma;150&comma;0.3); border-radius: 30px;' src='https:\/\/ftp3.syscom.mx\/usuarios\/ftp\/single_page\/total_connect\/hontc-04.jpg' alt=''> <\/div>\n<div style='flex: 1 1 400px; min-width: 280px;'>\n<h3 style='font-size: 20px; border-bottom: 2px solid currentColor; padding-bottom: 5px; margin-top: 0; color: inherit; opacity: 0.8;'>Armado Remoto de Alta Seguridad<\/h3>\n<p style='font-size: 15px; color: inherit; margin-bottom: 15px;'>Controle remotamente particiones de seguridad para su negocio.<\/p>\n<p style='font-size: 15px; color: inherit; margin-bottom: 15px;'>Maneje seguridad&comma; control de acceso&comma; y administraci\u00f3n de usuarios con particiones Honeywell Total Connect VISTA\u00ae.<\/p>\n<p> <img style='width: 100%; height: auto; border: 1px solid rgba(150&comma;150&comma;150&comma;0.3); border-radius: 30px;' src='https:\/\/ftp3.syscom.mx\/usuarios\/ftp\/single_page\/total_connect\/hontc-05.jpg' alt=''> <\/div>\n<\/p><\/div>\n<hr style='border: 0; border-top: 1px solid rgba(150&comma; 150&comma; 150&comma; 0.3); margin: 30px 0;'>\n<div style='display: flex; flex-wrap: wrap; gap: 30px; margin-bottom: 30px;'>\n<div style='flex: 1 1 400px; min-width: 280px;'>\n<h3 style='font-size: 20px; border-bottom: 2px solid currentColor; padding-bottom: 5px; margin-top: 0; color: inherit; opacity: 0.8;'>Convierte tu Casa en una Casa Inteligente<\/h3>\n<p style='font-size: 15px; color: inherit; margin-bottom: 15px;'>Total Connect de Honeywell permite administrar todos los dispositivos con alta seguridad en cualquier dispositivo m\u00f3vil.<\/p>\n<p> <img style='width: 100%; height: auto; border: 1px solid rgba(150&comma;150&comma;150&comma;0.3); border-radius: 30px;' src='https:\/\/ftp3.syscom.mx\/usuarios\/ftp\/single_page\/total_connect\/hontc-06.jpg' alt=''> <\/div>\n<div style='flex: 1 1 400px; min-width: 280px;'>\n<h3 style='font-size: 20px; border-bottom: 2px solid currentColor; padding-bottom: 5px; margin-top: 0; color: inherit; opacity: 0.8;'>Compatible con Google Home y Alexa<\/h3>\n<p style='font-size: 15px; color: inherit; margin-bottom: 15px;'>&#8216;Alexa&comma; p\u00eddele a Honeywell que encienda las luces&#8217; <br \/>&#8216;Alexa&comma; p\u00eddele a Honeywell que cierre la puerta&#8217; <br \/>&#8216;Alexa&comma; p\u00eddele a Honeywell que arme la casa&#8217;<\/p>\n<p> <img style='width: 100%; height: auto; border: 1px solid rgba(150&comma;150&comma;150&comma;0.3); border-radius: 30px;' src='https:\/\/ftp3.syscom.mx\/usuarios\/ftp\/single_page\/total_connect\/hontc-07.jpg' alt=''> <\/div>\n<\/p><\/div>\n<div style='margin: 40px 0;'>\n<div style='position: relative; padding-bottom: 56.25%; height: 0; overflow: hidden;'>   <\/div>\n<\/p><\/div>\n<div style='display: flex; flex-wrap: wrap; gap: 30px; margin-top: 40px; margin-bottom: 40px;'>\n<div style='flex: 1 1 400px; min-width: 280px;'> <a href='https:\/\/drive.google.com\/file\/d\/14O-XtxLv9NWbfPq4gAVaYqBriV4eYVuZ\/view' target='_blank' rel='noopener'> <img style='width: 100%; height: auto; border: 1px solid rgba(150&comma;150&comma;150&comma;0.3); border-radius: 8px;' src='http:\/\/ftp3.syscom.mx\/usuarios\/ftp\/recursos\/honeywell-bnr.jpg' alt=''> <\/a> <\/div>\n<div style='flex: 1 1 400px; min-width: 280px;'> <a href='singlepage\/monitoreo-3g-4g' target='_blank' rel='noopener'> <img style='width: 100%; height: auto; border: 1px solid rgba(150&comma;150&comma;150&comma;0.3); border-radius: 8px;' src='http:\/\/ftp3.syscom.mx\/usuarios\/ftp\/recursos\/monitoreo.png' alt=''> <\/a> <\/div>\n<\/p><\/div>\n<div style='margin-bottom: 30px;'>\n<p style='font-size: 15px; color: inherit; margin-bottom: 15px;'>El panel Vista21IP se une a Total Connect para darle soluciones <strong style='color: inherit;'>TOTALES<\/strong> en comunicaci\u00f3n digital. El resultado es <strong style='color: inherit;'>un valor agregado incomparable<\/strong>&comma; ya sea en su hogar o negocio haciendo la gran diferencia en seguridad.<\/p>\n<p style='font-size: 15px; color: inherit; margin-bottom: 15px;'>El usuario puede recibir la informaci\u00f3n por E-Mail&comma; tambi\u00e9n puede armar o desarmar el sistema&comma; hacer una petici\u00f3n de estado de sistema&comma; etc&#8230;<\/p>\n<\/p><\/div>\n<div style='display: flex; flex-wrap: wrap; gap: 30px; margin-bottom: 30px;'>\n<div style='flex: 1 1 400px; min-width: 280px;'>\n<h3 style='font-size: 20px; border-bottom: 2px solid currentColor; padding-bottom: 5px; margin-top: 0; color: inherit; opacity: 0.8;'>Sistema<\/h3>\n<ul style='padding-left: 20px; font-size: 15px; color: inherit; list-style-type: disc;'>\n<li style='margin-bottom: 5px;'>Programaci\u00f3n por teclado alfanum\u00e9rico o software Downloading&comma; por tel\u00e9fono o IP con compatibilidad de AlarmNet.<\/li>\n<li style='margin-bottom: 5px;'>M\u00e1ximo 8 teclados. Soporta teclado alfanum\u00e9ricos y teclados gr\u00e1ficos.<\/li>\n<li style='margin-bottom: 5px;'>2 particiones.<\/li>\n<li style='margin-bottom: 5px;'>100 eventos de memoria se puede leer en teclados alfanum\u00e9ricos con hora y fecha o mediante el software COMPASS 2.0.<\/li>\n<li style='margin-bottom: 5px;'>Salida de sirena de 2 A.<\/li>\n<li style='margin-bottom: 5px;'>2 salidas de voltaje programables.<\/li>\n<li style='margin-bottom: 5px;'>Detecci\u00f3n de corte de l\u00ednea telef\u00f3nica.<\/li>\n<li style='margin-bottom: 5px;'>Corriente auxiliar de 600 mA.<\/li>\n<li style='margin-bottom: 5px;'>Entrada de alimentaci\u00f3n de 16 Vca.<\/li>\n<\/ul><\/div>\n<div style='flex: 1 1 400px; min-width: 280px;'>\n<h3 style='font-size: 20px; border-bottom: 2px solid currentColor; padding-bottom: 5px; margin-top: 0; color: inherit; opacity: 0.8;'>Zonas<\/h3>\n<ul style='padding-left: 20px; font-size: 15px; color: inherit; list-style-type: disc;'>\n<li style='margin-bottom: 5px;'>8 zonas programables&comma; configurables con o sin resistencia de fin de l\u00ednea.<\/li>\n<li style='margin-bottom: 5px;'>La zona 1 soporta detectores de humo de 2 hilos.<\/li>\n<li style='margin-bottom: 5px;'>Capacidad de duplicaci\u00f3n de zonas.<\/li>\n<li style='margin-bottom: 5px;'>Soporta 40 zonas inal\u00e1mbricas agregando un receptor de la serie 5800 de HONEYWELL.<\/li>\n<li style='margin-bottom: 5px;'>24 tipos de zonas configurables.<\/li>\n<li style='margin-bottom: 5px;'>16 zonas inal\u00e1mbricas adicionales para controles.<\/li>\n<li style='margin-bottom: 5px;'>Supervisi\u00f3n 100 % del sistema.<\/li>\n<\/ul><\/div>\n<\/p><\/div>\n<div style='display: flex; flex-wrap: wrap; gap: 30px; margin-bottom: 30px;'>\n<div style='flex: 1 1 400px; min-width: 280px;'>\n<h3 style='font-size: 20px; border-bottom: 2px solid currentColor; padding-bottom: 5px; margin-top: 0; color: inherit; opacity: 0.8;'>Usuarios<\/h3>\n<ul style='padding-left: 20px; font-size: 15px; color: inherit; list-style-type: disc;'>\n<li style='margin-bottom: 5px;'>48 c\u00f3digos de usuario.<\/li>\n<li style='margin-bottom: 5px;'>6 niveles de autoridad.<\/li>\n<li style='margin-bottom: 5px;'>Sistema de armado r\u00e1pido.<\/li>\n<li style='margin-bottom: 5px;'>5 niveles de armado Total&comma; Parcial&comma; Parcial Noche&comma; Instant\u00e1neo y Mixto.<\/li>\n<\/ul><\/div>\n<div style='flex: 1 1 400px; min-width: 280px;'>\n<h3 style='font-size: 20px; border-bottom: 2px solid currentColor; padding-bottom: 5px; margin-top: 0; color: inherit; opacity: 0.8;'>Comunicaci\u00f3n<\/h3>\n<ul style='padding-left: 20px; font-size: 15px; color: inherit; list-style-type: disc;'>\n<li style='margin-bottom: 5px;'>Doble comunicador interconstruido para comunicaci\u00f3n con la central de monitoreo.<\/li>\n<li style='margin-bottom: 5px;'>Compatible con centrales de monitoreo telef\u00f3nicas.<\/li>\n<li style='margin-bottom: 5px;'>Compatible con la central IP AlarmNet (pregunte a su ejecutivo de ventas para monitoreo IP).<\/li>\n<li style='margin-bottom: 5px;'>Soporta los formatos de comunicaci\u00f3n 4+2 y Contac ID.<\/li>\n<\/ul><\/div>\n<\/p><\/div>\n<div style='margin-bottom: 30px;'>\n<h3 style='font-size: 20px; border-bottom: 2px solid currentColor; padding-bottom: 5px; margin-top: 0; color: inherit; opacity: 0.8;'>Compatible con:<\/h3>\n<p style='font-size: 15px; color: inherit; margin-bottom: 15px;'>Central Receptora de alarmas IP HONEYWELL 7810IR-ENT.<\/p>\n<\/p><\/div>\n<div style='margin-bottom: 30px;'>\n<h3 style='font-size: 20px; border-bottom: 2px solid currentColor; padding-bottom: 5px; margin-top: 0; color: inherit; opacity: 0.8;'>Panel de Alarma TCP\/IP Total Connect:<\/h3>\n<ul style='padding-left: 20px; font-size: 15px; color: inherit; list-style-type: disc;'>\n<li style='margin-bottom: 5px;'>Programaci\u00f3n por teclado alfanum\u00e9rico o software Downloading por tel\u00e9fono o IP con compatibilidad de AlarmNet.<\/li>\n<li style='margin-bottom: 5px;'>2 particiones.<\/li>\n<li style='margin-bottom: 5px;'>100 eventos en memoria se puede leer en teclados alfanum\u00e9ricos con hora y fecha o mediante el software COMPASS 2.0.<\/li>\n<li style='margin-bottom: 5px;'>8 zonas programables&comma; configurables con o sin resistencia de fin de l\u00ednea.<\/li>\n<li style='margin-bottom: 5px;'>Soporta 40 zonas inal\u00e1mbricas agregando un receptor 5800 de HONEYWELL.<\/li>\n<li style='margin-bottom: 5px;'>48 C\u00f3digos de usuario.<\/li>\n<li style='margin-bottom: 5px;'>Compatible con centrales de monitoreo telef\u00f3nicas.<\/li>\n<\/ul><\/div>\n<div style='margin-bottom: 30px;'>\n<p style='font-size: 15px; color: inherit; margin-bottom: 15px;'>La central 7810iRENT de HONEYWELL es una soluci\u00f3n perfecta para las aplicaciones de monitoreo IP.<\/p>\n<p style='font-size: 15px; color: inherit; margin-bottom: 15px;'>Al adquirir el servicio de AlarmNet360 ALRNTCPIP anual o ALRNIP mensual&comma; en automatico recibe gratis la aplicacion de Total Connect Basico para armar&comma; desarmar&comma; recibir notificaciones&comma; checar el estatus de la alarma y poder anular zonas en cada armado si es necesario. La central de monitoreo tambien tendra la ventaja de poder configurar remotamente el panel de alarma por medio del Software Compass de una forma muy segura y minimizando gastos de operacion&comma; el Software Compass tambien tiene la posibilidad de cancelar el servicio de monitoreo de forma remota para clientes morosos.<\/p>\n<\/p><\/div>\n<div style='margin-bottom: 30px;'>\n<h3 style='font-size: 20px; border-bottom: 2px solid currentColor; padding-bottom: 5px; margin-top: 0; color: inherit; opacity: 0.8;'>Kit incluye<\/h3>\n<ul style='padding-left: 20px; font-size: 15px; color: inherit; list-style-type: disc;'>\n<li style='margin-bottom: 5px;'>Panel de alarma VISTA de 48 zonas con modulo IP integrado.<\/li>\n<li style='margin-bottom: 5px;'>Teclado alfanum\u00e9rico de palabras fijas modelo 6164SP.<\/li>\n<li style='margin-bottom: 5px;'>Transformador de 16.5 VCA \/ 40VA<\/li>\n<\/ul><\/div>\n<div style='margin-bottom: 30px;'>\n<p style='font-size: 15px; color: inherit; margin-bottom: 15px;'><strong style='color: inherit;'>Nota:<\/strong> Para la programacion se recomienda por software Compass al adquirir el servicio de AlarmNet360.<\/p>\n<p style='font-size: 15px; color: inherit; margin-bottom: 0;'><strong style='color: inherit;'>Garantia de 1 a\u00f1o<\/strong><\/p>\n<\/p><\/div>\n<\/p><\/div>\n","protected":false},"excerpt":{"rendered":"<p>Panel de Alarma IP con Teclado Alfanumerico programador con 4 Zonas directamente en el teclado<\/p>\n","protected":false},"featured_media":7758,"comment_status":"open","ping_status":"closed","template":"","meta":[],"product_brand":[],"product_cat":[60],"product_tag":[45,61,62],"class_list":{"0":"post-7759","1":"product","2":"type-product","3":"status-publish","4":"has-post-thumbnail","6":"product_cat-todos","7":"product_tag-honeywell-home-resideo","8":"product_tag-paneles-de-alarma","9":"product_tag-todos","11":"first","12":"outofstock","13":"sale","14":"shipping-taxable","15":"purchasable","16":"product-type-simple"},"_links":{"self":[{"href":"https:\/\/soydeaqui.ddns.net\/pachuca\/index.php\/wp-json\/wp\/v2\/product\/7759","targetHints":{"allow":["GET"]}}],"collection":[{"href":"https:\/\/soydeaqui.ddns.net\/pachuca\/index.php\/wp-json\/wp\/v2\/product"}],"about":[{"href":"https:\/\/soydeaqui.ddns.net\/pachuca\/index.php\/wp-json\/wp\/v2\/types\/product"}],"replies":[{"embeddable":true,"href":"https:\/\/soydeaqui.ddns.net\/pachuca\/index.php\/wp-json\/wp\/v2\/comments?post=7759"}],"wp:featuredmedia":[{"embeddable":true,"href":"https:\/\/soydeaqui.ddns.net\/pachuca\/index.php\/wp-json\/wp\/v2\/media\/7758"}],"wp:attachment":[{"href":"https:\/\/soydeaqui.ddns.net\/pachuca\/index.php\/wp-json\/wp\/v2\/media?parent=7759"}],"wp:term":[{"taxonomy":"product_brand","embeddable":true,"href":"https:\/\/soydeaqui.ddns.net\/pachuca\/index.php\/wp-json\/wp\/v2\/product_brand?post=7759"},{"taxonomy":"product_cat","embeddable":true,"href":"https:\/\/soydeaqui.ddns.net\/pachuca\/index.php\/wp-json\/wp\/v2\/product_cat?post=7759"},{"taxonomy":"product_tag","embeddable":true,"href":"https:\/\/soydeaqui.ddns.net\/pachuca\/index.php\/wp-json\/wp\/v2\/product_tag?post=7759"}],"curies":[{"name":"wp","href":"https:\/\/api.w.org\/{rel}","templated":true}]}}