{"id":77581,"date":"2026-03-19T16:07:11","date_gmt":"2026-03-19T16:07:11","guid":{"rendered":"https:\/\/soydeaqui.ddns.net\/pachuca\/index.php\/producto\/powerbeam-airmax-m5-hasta-150-mbps-frecuencia-5-ghz-5170-5875-mhz-con-antena-tipo-plato-de-22-dbi\/"},"modified":"2026-03-19T16:07:19","modified_gmt":"2026-03-19T16:07:19","slug":"powerbeam-airmax-m5-hasta-150-mbps-frecuencia-5-ghz-5170-5875-mhz-con-antena-tipo-plato-de-22-dbi","status":"publish","type":"product","link":"https:\/\/soydeaqui.ddns.net\/pachuca\/index.php\/producto\/powerbeam-airmax-m5-hasta-150-mbps-frecuencia-5-ghz-5170-5875-mhz-con-antena-tipo-plato-de-22-dbi\/","title":{"rendered":"PowerBeam airMAX M5, hasta 150 Mbps, frecuencia 5 GHz (5170-5875 MHz) con antena tipo plato de 22 dBi"},"content":{"rendered":"<div style='width: 100%; max-width: 1200px; margin: 0 auto; font-family: sans-serif; line-height: 1.6; color: inherit; background-color: transparent;'>\n<div style='display: flex; flex-wrap: wrap; gap: 30px; margin-bottom: 30px;'>\n<div style='flex: 1 1 300px; min-width: 280px;'>\n<h3 style='font-size: 22px; border-bottom: 2px solid currentColor; padding-bottom: 5px; margin-top: 0; color: inherit; opacity: 0.8;'>Caracter\u00edsticas<\/h3>\n<ul style='padding-left: 20px; font-size: 15px; color: inherit;'>\n<li style='margin-bottom: 5px;'><strong>Puertos:<\/strong> 1 puertos 10\/100 Mbps<\/li>\n<li style='margin-bottom: 5px;'><strong>Sistema Operativo:<\/strong> airOS\u00ae 6<\/li>\n<li style='margin-bottom: 5px;'><strong>Modos de Operaci\u00f3n:<\/strong> Access Point&comma; Estaci\u00f3n<\/li>\n<li style='margin-bottom: 5px;'><strong>Ancho de Canal:<\/strong> Ajustable de 5 hasta 40 MHz<\/li>\n<li style='margin-bottom: 5px;'><strong>Polaridad:<\/strong> Doble Polaridad Simult\u00e1nea (Vertical y Horizontal&comma; 2&#215;2)<\/li>\n<li style='margin-bottom: 5px;'><strong>Seguridad:<\/strong> WEP&comma; WPA&comma; WPA2 y MAC ACL<\/li>\n<li style='margin-bottom: 5px;'><strong>Se\u00f1alizaci\u00f3n:<\/strong> airMAX (TDMA)<\/li>\n<li style='margin-bottom: 5px;'><strong>Instalaci\u00f3n:<\/strong> F\u00e1cil de instalar<\/li>\n<\/ul><\/div>\n<div style='flex: 1 1 300px; min-width: 280px;'>\n<h3 style='font-size: 22px; border-bottom: 2px solid currentColor; padding-bottom: 5px; margin-top: 0; color: inherit; opacity: 0.8;'>Especificaciones F\u00edsicas y El\u00e9ctricas<\/h3>\n<ul style='padding-left: 20px; font-size: 15px; color: inherit;'>\n<li style='margin-bottom: 5px;'><strong>Alimentaci\u00f3n:<\/strong> 24 V&comma; 0.5 A<\/li>\n<li style='margin-bottom: 5px;'><strong>Dimensiones:<\/strong> 325 x 325 x 256 mm<\/li>\n<li style='margin-bottom: 5px;'><strong>Peso:<\/strong> 1.203 kg<\/li>\n<li style='margin-bottom: 5px;'><strong>Temperatura de Operaci\u00f3n:<\/strong> -40\u00b0C a 70\u00b0C<\/li>\n<\/ul><\/div>\n<div style='flex: 1 1 300px; min-width: 280px;'>\n<h3 style='font-size: 22px; border-bottom: 2px solid currentColor; padding-bottom: 5px; margin-top: 0; color: inherit; opacity: 0.8;'>Incluye<\/h3>\n<ul style='padding-left: 20px; font-size: 15px; color: inherit;'>\n<li style='margin-bottom: 5px;'>PBE-M5-300<\/li>\n<li style='margin-bottom: 5px;'>Adaptador PoE 24 V&comma; 0.5 A<\/li>\n<li style='margin-bottom: 5px;'>Cable de alimentaci\u00f3n<\/li>\n<li style='margin-bottom: 5px;'>Gu\u00eda r\u00e1pida de instalaci\u00f3n<\/li>\n<\/ul><\/div>\n<\/p><\/div>\n<div style='display: flex; flex-wrap: wrap; gap: 20px; margin-bottom: 30px;'>\n<div style='flex: 1 1 250px; border: 1px solid rgba(150&comma; 150&comma; 150&comma; 0.4); border-radius: 8px; overflow: hidden; display: flex; flex-direction: column;'>\n<div style='padding: 15px; border-bottom: 1px solid rgba(150&comma; 150&comma; 150&comma; 0.2); font-weight: bold; font-size: 18px; color: inherit;'>Garant\u00eda<\/div>\n<div style='padding: 15px; color: inherit;'>\n<ul style='padding-left: 20px; margin: 0; font-size: 14px; list-style-type: disc;'>\n<li style='margin-bottom: 5px;'>1 A\u00f1o<\/li>\n<\/ul><\/div>\n<\/p><\/div>\n<\/p><\/div>\n<hr style='border: 0; border-top: 1px solid rgba(150&comma; 150&comma; 150&comma; 0.3); margin: 30px 0;'>\n<div style='display: flex; flex-wrap: wrap; gap: 30px; margin-bottom: 30px;'>\n<div style='flex: 1 1 300px; min-width: 280px;'>\n<h3 style='font-size: 22px; border-bottom: 2px solid currentColor; padding-bottom: 5px; margin-top: 0; color: inherit; opacity: 0.8;'>Dise\u00f1o de radio integrado<\/h3>\n<p> <img style='width: 100%; height: auto; border: 1px solid rgba(150&comma;150&comma;150&comma;0.3); border-radius: 8px;' src='https:\/\/ftp3.syscom.mx\/usuarios\/adiaz\/UBNT\/pbem5\/Feed.PNG' alt=''> <\/div>\n<div style='flex: 1 1 300px; min-width: 280px;'>\n<h3 style='font-size: 22px; border-bottom: 2px solid currentColor; padding-bottom: 5px; margin-top: 0; color: inherit; opacity: 0.8;'>Antena altamente eficiente<\/h3>\n<p> <img style='width: 100%; height: auto; border: 1px solid rgba(150&comma;150&comma;150&comma;0.3); border-radius: 8px;' src='https:\/\/ftp3.syscom.mx\/usuarios\/adiaz\/UBNT\/pbem5\/antena.PNG' alt=''> <\/div>\n<div style='flex: 1 1 300px; min-width: 280px;'>\n<h3 style='font-size: 22px; border-bottom: 2px solid currentColor; padding-bottom: 5px; margin-top: 0; color: inherit; opacity: 0.8;'>Poderosas caracter\u00edsticas de airOS<\/h3>\n<p> <img style='width: 100%; height: auto; border: 1px solid rgba(150&comma;150&comma;150&comma;0.3); border-radius: 8px;' src='https:\/\/ftp3.syscom.mx\/usuarios\/adiaz\/UBNT\/NanoStation\/airOS.PNG' alt=''> <\/div>\n<div style='flex: 1 1 300px; min-width: 280px;'>\n<h3 style='font-size: 22px; border-bottom: 2px solid currentColor; padding-bottom: 5px; margin-top: 0; color: inherit; opacity: 0.8;'>Tecnolog\u00eda avanzada airMAX<\/h3>\n<p> <img style='width: 100%; height: auto; border: 1px solid rgba(150&comma;150&comma;150&comma;0.3); border-radius: 8px;' src='https:\/\/ftp3.syscom.mx\/usuarios\/adiaz\/UBNT\/NanoStation\/airMAX.PNG' alt=''> <img style='width: 100%; height: auto; border: 1px solid rgba(150&comma;150&comma;150&comma;0.3); border-radius: 8px; margin-top: 15px;' src='https:\/\/ftp3.syscom.mx\/usuarios\/adiaz\/UBNT\/pbem5\/PBEM5.gif' alt=''> <\/div>\n<\/p><\/div>\n<\/p><\/div>\n","protected":false},"excerpt":{"rendered":"<p>PowerBeam airMAX M5, hasta 150 Mbps, frecuencia 5 GHz (5170-5875 MHz) con antena tipo plato de 22 dBi<\/p>\n","protected":false},"featured_media":77580,"comment_status":"open","ping_status":"closed","template":"","meta":[],"product_brand":[],"product_cat":[1998],"product_tag":[1999,1980,166],"class_list":{"0":"post-77581","1":"product","2":"type-product","3":"status-publish","4":"has-post-thumbnail","6":"product_cat-5-y-6-ghz","7":"product_tag-5-y-6-ghz","8":"product_tag-enlaces-ptp-y-ptmp","9":"product_tag-ubiquiti","11":"first","12":"instock","13":"sale","14":"shipping-taxable","15":"purchasable","16":"product-type-simple"},"_links":{"self":[{"href":"https:\/\/soydeaqui.ddns.net\/pachuca\/index.php\/wp-json\/wp\/v2\/product\/77581","targetHints":{"allow":["GET"]}}],"collection":[{"href":"https:\/\/soydeaqui.ddns.net\/pachuca\/index.php\/wp-json\/wp\/v2\/product"}],"about":[{"href":"https:\/\/soydeaqui.ddns.net\/pachuca\/index.php\/wp-json\/wp\/v2\/types\/product"}],"replies":[{"embeddable":true,"href":"https:\/\/soydeaqui.ddns.net\/pachuca\/index.php\/wp-json\/wp\/v2\/comments?post=77581"}],"wp:featuredmedia":[{"embeddable":true,"href":"https:\/\/soydeaqui.ddns.net\/pachuca\/index.php\/wp-json\/wp\/v2\/media\/77580"}],"wp:attachment":[{"href":"https:\/\/soydeaqui.ddns.net\/pachuca\/index.php\/wp-json\/wp\/v2\/media?parent=77581"}],"wp:term":[{"taxonomy":"product_brand","embeddable":true,"href":"https:\/\/soydeaqui.ddns.net\/pachuca\/index.php\/wp-json\/wp\/v2\/product_brand?post=77581"},{"taxonomy":"product_cat","embeddable":true,"href":"https:\/\/soydeaqui.ddns.net\/pachuca\/index.php\/wp-json\/wp\/v2\/product_cat?post=77581"},{"taxonomy":"product_tag","embeddable":true,"href":"https:\/\/soydeaqui.ddns.net\/pachuca\/index.php\/wp-json\/wp\/v2\/product_tag?post=77581"}],"curies":[{"name":"wp","href":"https:\/\/api.w.org\/{rel}","templated":true}]}}