{"id":77575,"date":"2026-03-19T16:06:59","date_gmt":"2026-03-19T16:06:59","guid":{"rendered":"https:\/\/soydeaqui.ddns.net\/pachuca\/index.php\/producto\/router-unifi-puertos-ethernet-gigabit-desempeno-de-1-mpps-hasta-100-dispositivos-en-lan-bloqueo-de-trafico-por-categoria-administracion-desde-la-nube\/"},"modified":"2026-03-19T16:07:05","modified_gmt":"2026-03-19T16:07:05","slug":"router-unifi-puertos-ethernet-gigabit-desempeno-de-1-mpps-hasta-100-dispositivos-en-lan-bloqueo-de-trafico-por-categoria-administracion-desde-la-nube","status":"publish","type":"product","link":"https:\/\/soydeaqui.ddns.net\/pachuca\/index.php\/producto\/router-unifi-puertos-ethernet-gigabit-desempeno-de-1-mpps-hasta-100-dispositivos-en-lan-bloqueo-de-trafico-por-categoria-administracion-desde-la-nube\/","title":{"rendered":"Router UniFi puertos Ethernet Gigabit, desempe\u00f1o de 1 Mpps, hasta 100 dispositivos en LAN, bloqueo de tr\u00e1fico por categor\u00eda, administraci\u00f3n desde la nube"},"content":{"rendered":"<div style='width: 100%; max-width: 1200px; margin: 0 auto; font-family: sans-serif; line-height: 1.6; color: inherit; background-color: transparent;'> <!-- Secci\u00f3n de caracter\u00edsticas principales --> <\/p>\n<div style='display: flex; flex-wrap: wrap; gap: 30px; margin-bottom: 30px;'>\n<div style='flex: 1 1 300px; min-width: 280px;'>\n<h3 style='font-size: 22px; border-bottom: 2px solid currentColor; padding-bottom: 5px; margin-top: 0; color: inherit; opacity: 0.8;'>Caracter\u00edsticas principales<\/h3>\n<ul style='padding-left: 20px; font-size: 15px; color: inherit;'>\n<li style='margin-bottom: 5px;'>Soporta tunel VPN (Hasta 64)<\/li>\n<li style='margin-bottom: 5px;'>Gesti\u00f3n de VLANs (hasta 64)<\/li>\n<li style='margin-bottom: 5px;'>Funciones b\u00e1sicas de Firewall (Bloqueo de p\u00e1ginas por categor\u00eda)<\/li>\n<li style='margin-bottom: 5px;'>Balanceo de 2 servicios<\/li>\n<li style='margin-bottom: 5px;'>Brinda seguridad y ruteo a redes UniFi<\/li>\n<li style='margin-bottom: 5px;'>Se gestiona y administra a trav\u00e9s de controlador UniFi o <a href='https:\/\/www.syscom.mx\/producto\/UCCK-UBIQUITI-NETWORKS-81988.html' style='color: inherit; text-decoration: underline;'>UCCK<\/a> a trav\u00e9s de la nube<\/li>\n<li style='margin-bottom: 5px;'>Soporta l\u00ednea de comando para usuarios avanzados<\/li>\n<li style='margin-bottom: 5px;'>Operaci\u00f3n Silenciosa (no tiene ventilador)<\/li>\n<li style='margin-bottom: 5px;'>Desempe\u00f1o en capa 3 con paquetes de 64 Bytes: 1 Mpps<\/li>\n<li style='margin-bottom: 5px;'>Soporta PPPoE<\/li>\n<\/ul><\/div>\n<\/p><\/div>\n<p> <!-- Secci\u00f3n de caracter\u00edsticas generales --> <\/p>\n<div style='display: flex; flex-wrap: wrap; gap: 30px; margin-bottom: 30px;'>\n<div style='flex: 1 1 300px; min-width: 280px;'>\n<h3 style='font-size: 22px; border-bottom: 2px solid currentColor; padding-bottom: 5px; margin-top: 0; color: inherit; opacity: 0.8;'>Caracter\u00edsticas generales<\/h3>\n<ul style='padding-left: 20px; font-size: 15px; color: inherit;'>\n<li style='margin-bottom: 5px;'>4 puertos Gigabit Ethernet (1 WAN&comma; 1 LAN&comma; 1 ETH Consola y 1 Ethernet VoIP)<\/li>\n<li style='margin-bottom: 5px;'>Alimentaci\u00f3n de entrada: 10 Vcc&comma; 1 A (Adaptador incluido)<\/li>\n<li style='margin-bottom: 5px;'>Memoria RAM: 512 MB DDR2<\/li>\n<li style='margin-bottom: 5px;'>Almacenamiento en memoria flash: 2 GB<\/li>\n<li style='margin-bottom: 5px;'>Dimensiones: 135 x 135 x 28.3 mm \/ Peso: 366 g<\/li>\n<\/ul><\/div>\n<\/p><\/div>\n<p> <!-- Secci\u00f3n de orificios para montar en pared --> <\/p>\n<div style='display: flex; flex-wrap: wrap; gap: 30px; margin-bottom: 30px;'>\n<div style='flex: 1 1 300px; min-width: 280px;'>\n<h3 style='font-size: 22px; border-bottom: 2px solid currentColor; padding-bottom: 5px; margin-top: 0; color: inherit; opacity: 0.8;'>Orificios para montar en pared<\/h3>\n<\/p><\/div>\n<\/p><\/div>\n<p> <!-- Secci\u00f3n de contenido del paquete --> <\/p>\n<div style='display: flex; flex-wrap: wrap; gap: 30px; margin-bottom: 30px;'>\n<div style='flex: 1 1 300px; min-width: 280px;'>\n<h3 style='font-size: 22px; border-bottom: 2px solid currentColor; padding-bottom: 5px; margin-top: 0; color: inherit; opacity: 0.8;'>Contenido del paquete<\/h3>\n<div style='margin-top: 15px;'> <img style='width: 100%; height: auto; border: 1px solid rgba(150&comma;150&comma;150&comma;0.3); border-radius: 8px;' src='https:\/\/ftp3.syscom.mx\/usuarios\/fotos\/USG\/72470-contenido_paquete_usg.png' alt='contenido del paquete USG'> <\/div>\n<\/p><\/div>\n<\/p><\/div>\n<p> <!-- Secci\u00f3n de gesti\u00f3n de VLANs --> <\/p>\n<div style='display: flex; flex-wrap: wrap; gap: 30px; margin-bottom: 30px;'>\n<div style='flex: 1 1 300px; min-width: 280px;'>\n<h3 style='font-size: 22px; border-bottom: 2px solid currentColor; padding-bottom: 5px; margin-top: 0; color: inherit; opacity: 0.8;'>Sencilla gesti\u00f3n de VLANs<\/h3>\n<div style='margin-top: 15px;'> <img style='width: 100%; height: auto; border: 1px solid rgba(150&comma;150&comma;150&comma;0.3); border-radius: 8px;' src='https:\/\/prd-www-cdn.ubnt.com\/media\/images\/product-features\/unifisecuritygateway-feature-vlan.jpg' alt=''> <\/div>\n<\/p><\/div>\n<\/p><\/div>\n<p> <!-- Secci\u00f3n de QoS --> <\/p>\n<div style='display: flex; flex-wrap: wrap; gap: 30px; margin-bottom: 30px;'>\n<div style='flex: 1 1 300px; min-width: 280px;'>\n<h3 style='font-size: 22px; border-bottom: 2px solid currentColor; padding-bottom: 5px; margin-top: 0; color: inherit; opacity: 0.8;'>QoS<\/h3>\n<div style='margin-top: 15px;'> <img style='width: 100%; height: auto; border: 1px solid rgba(150&comma;150&comma;150&comma;0.3); border-radius: 8px;' src='https:\/\/prd-www-cdn.ubnt.com\/media\/images\/product-features\/unifisecuritygateway-feature-qos.jpg' alt=''> <\/div>\n<\/p><\/div>\n<\/p><\/div>\n<\/p><\/div>\n","protected":false},"excerpt":{"rendered":"<p>Router UniFi puertos Ethernet Gigabit, desempe\u00f1o de 1 Mpps, hasta 100 dispositivos en LAN, bloqueo de tr\u00e1fico por categor\u00eda, administraci\u00f3n desde la nube<\/p>\n","protected":false},"featured_media":77574,"comment_status":"open","ping_status":"closed","template":"","meta":[],"product_brand":[],"product_cat":[2036,2035,2034],"product_tag":[2039,2038,664,2037,166],"class_list":{"0":"post-77575","1":"product","2":"type-product","3":"status-publish","4":"has-post-thumbnail","6":"product_cat-balanceadores","7":"product_cat-firewalls","8":"product_cat-routers","9":"product_tag-balanceadores","10":"product_tag-firewalls","11":"product_tag-networking","12":"product_tag-routers","13":"product_tag-ubiquiti","15":"first","16":"outofstock","17":"sale","18":"shipping-taxable","19":"purchasable","20":"product-type-simple"},"_links":{"self":[{"href":"https:\/\/soydeaqui.ddns.net\/pachuca\/index.php\/wp-json\/wp\/v2\/product\/77575","targetHints":{"allow":["GET"]}}],"collection":[{"href":"https:\/\/soydeaqui.ddns.net\/pachuca\/index.php\/wp-json\/wp\/v2\/product"}],"about":[{"href":"https:\/\/soydeaqui.ddns.net\/pachuca\/index.php\/wp-json\/wp\/v2\/types\/product"}],"replies":[{"embeddable":true,"href":"https:\/\/soydeaqui.ddns.net\/pachuca\/index.php\/wp-json\/wp\/v2\/comments?post=77575"}],"wp:featuredmedia":[{"embeddable":true,"href":"https:\/\/soydeaqui.ddns.net\/pachuca\/index.php\/wp-json\/wp\/v2\/media\/77574"}],"wp:attachment":[{"href":"https:\/\/soydeaqui.ddns.net\/pachuca\/index.php\/wp-json\/wp\/v2\/media?parent=77575"}],"wp:term":[{"taxonomy":"product_brand","embeddable":true,"href":"https:\/\/soydeaqui.ddns.net\/pachuca\/index.php\/wp-json\/wp\/v2\/product_brand?post=77575"},{"taxonomy":"product_cat","embeddable":true,"href":"https:\/\/soydeaqui.ddns.net\/pachuca\/index.php\/wp-json\/wp\/v2\/product_cat?post=77575"},{"taxonomy":"product_tag","embeddable":true,"href":"https:\/\/soydeaqui.ddns.net\/pachuca\/index.php\/wp-json\/wp\/v2\/product_tag?post=77575"}],"curies":[{"name":"wp","href":"https:\/\/api.w.org\/{rel}","templated":true}]}}