{"id":77524,"date":"2026-03-19T16:04:59","date_gmt":"2026-03-19T16:04:59","guid":{"rendered":"https:\/\/soydeaqui.ddns.net\/pachuca\/index.php\/producto\/radio-backhaul-ptp-mimo-4x44ac-5-150-5-875-ghz-ip67-velocidad-hasta-1-5-gbps-antena-25-dbi-integrada-monitoreo-a-traves-de-la-nube\/"},"modified":"2026-03-19T16:05:03","modified_gmt":"2026-03-19T16:05:03","slug":"radio-backhaul-ptp-mimo-4x44ac-5-150-5-875-ghz-ip67-velocidad-hasta-1-5-gbps-antena-25-dbi-integrada-monitoreo-a-traves-de-la-nube","status":"publish","type":"product","link":"https:\/\/soydeaqui.ddns.net\/pachuca\/index.php\/producto\/radio-backhaul-ptp-mimo-4x44ac-5-150-5-875-ghz-ip67-velocidad-hasta-1-5-gbps-antena-25-dbi-integrada-monitoreo-a-traves-de-la-nube\/","title":{"rendered":"Radio Backhaul PTP, MIMO 4X4:4ac, 5.150 &#8211; 5.875 GHz, IP67, Velocidad hasta 1.5 Gbps, Antena 25 dBi integrada,  Monitoreo a trav\u00e9s de la nube"},"content":{"rendered":"<div style='width: 100%; max-width: 1200px; margin: 0 auto; font-family: sans-serif; line-height: 1.6; color: inherit; background-color: transparent;'>\n<div style='display: flex; flex-wrap: wrap; gap: 30px; margin-bottom: 30px;'>\n<div style='flex: 1 1 300px; min-width: 280px;'>\n<h3 style='font-size: 22px; border-bottom: 2px solid currentColor; padding-bottom: 5px; margin-top: 0; color: inherit; opacity: 0.8;'>Caracter\u00edsticas principales<\/h3>\n<ul style='padding-left: 20px; font-size: 15px; color: inherit;'>\n<li style='margin-bottom: 5px;'>Los B5 est\u00e1n dise\u00f1ados para zonas suburbanas o rurales donde hay mayor disponibilidad de espectro<\/li>\n<li style='margin-bottom: 5px;'><strong>Sistema GPS + GLONASS integrado<\/strong> para sincronizaci\u00f3n eficaz de paquetes de datos en Tx y Rx<\/li>\n<li style='margin-bottom: 5px;'><strong>Doble canal<\/strong> con Tx y Rx simult\u00e1nea e independiente para redundancia y reducci\u00f3n de interferencia<\/li>\n<li style='margin-bottom: 5px;'><strong>Puerto Ethernet 10\/100\/1000<\/strong><\/li>\n<li style='margin-bottom: 5px;'><strong>Seguridad avanzada:<\/strong> 128 bit AES-PSK<\/li>\n<li style='margin-bottom: 5px;'><strong>Capacidad:<\/strong> Hasta un mill\u00f3n de paquetes por segundo<\/li>\n<li style='margin-bottom: 5px;'><strong>Velocidad:<\/strong> Hasta 1.5 Gbps de velocidad agregada DL\/UL<\/li>\n<li style='margin-bottom: 5px;'><strong>Conector:<\/strong> Conector circular de gu\u00eda de onda<\/li>\n<\/ul><\/div>\n<div style='flex: 1 1 300px; min-width: 280px;'>\n<h3 style='font-size: 22px; border-bottom: 2px solid currentColor; padding-bottom: 5px; margin-top: 0; color: inherit; opacity: 0.8;'>Modos de operaci\u00f3n<\/h3>\n<ul style='padding-left: 20px; font-size: 15px; color: inherit;'>\n<li style='margin-bottom: 5px;'><strong>PTP:<\/strong><\/li>\n<ul style='padding-left: 20px; margin-top: 5px; margin-bottom: 5px;'>\n<li style='margin-bottom: 5px;'>Access point<\/li>\n<li style='margin-bottom: 5px;'>Estaci\u00f3n<\/li>\n<\/ul>\n<\/ul><\/div>\n<div style='flex: 1 1 300px; min-width: 280px;'>\n<h3 style='font-size: 22px; border-bottom: 2px solid currentColor; padding-bottom: 5px; margin-top: 0; color: inherit; opacity: 0.8;'>Especificaciones de radio<\/h3>\n<ul style='padding-left: 20px; font-size: 15px; color: inherit;'>\n<li style='margin-bottom: 5px;'><strong>MIMO:<\/strong> 4&#215;4:4 MIMO OFDM hasta 256 QAM<\/li>\n<li style='margin-bottom: 5px;'><strong>Ancho de canal:<\/strong> 20\/40\/80 MHz<\/li>\n<li style='margin-bottom: 5px;'><strong>Potencia de transmisi\u00f3n:<\/strong> 30 dBm m\u00e1ximo<\/li>\n<li style='margin-bottom: 5px;'><strong>Latencia:<\/strong> < 1 ms<\/li>\n<li style='margin-bottom: 5px;'><strong>Protecci\u00f3n:<\/strong> IP67 para uso en exteriores<\/li>\n<li style='margin-bottom: 5px;'><strong>Rango de temperatura:<\/strong> -40 a 55 \u00b0C (-40 a 131 \u00b0F)<\/li>\n<li style='margin-bottom: 5px;'><strong>Frecuencia:<\/strong> 5150-5875 MHz<\/li>\n<\/ul><\/div>\n<div style='flex: 1 1 300px; min-width: 280px;'>\n<h3 style='font-size: 22px; border-bottom: 2px solid currentColor; padding-bottom: 5px; margin-top: 0; color: inherit; opacity: 0.8;'>Caracter\u00edsticas f\u00edsicas y el\u00e9ctricas<\/h3>\n<ul style='padding-left: 20px; font-size: 15px; color: inherit;'>\n<li style='margin-bottom: 5px;'><strong>Consumo m\u00e1ximo:<\/strong> 20 W<\/li>\n<li style='margin-bottom: 5px;'><strong>Alimentaci\u00f3n:<\/strong> POE pasivo de 48-56 Vcc<\/li>\n<li style='margin-bottom: 5px;'><strong>Inyector PoE:<\/strong> Pasivo POE56V (incluido)<\/li>\n<li style='margin-bottom: 5px;'><strong>Di\u00e1metro:<\/strong> 422 mm<\/li>\n<li style='margin-bottom: 5px;'><strong>Ancho:<\/strong> 362 mm<\/li>\n<li style='margin-bottom: 5px;'><strong>Peso:<\/strong> 4.9 kg (10.8 lbs)<\/li>\n<\/ul><\/div>\n<\/p><\/div>\n<div style='display: flex; flex-wrap: wrap; gap: 20px; margin-bottom: 30px;'>\n<div style='flex: 1 1 100%; border: 1px solid rgba(150&comma; 150&comma; 150&comma; 0.4); border-radius: 8px; overflow: hidden; display: flex; flex-direction: column;'>\n<div style='padding: 15px; border-bottom: 1px solid rgba(150&comma; 150&comma; 150&comma; 0.2); font-weight: bold; font-size: 18px; color: inherit;'>Notas de instalaci\u00f3n<\/div>\n<div style='padding: 15px; color: inherit;'>\n<ul style='padding-left: 20px; margin: 0; font-size: 14px; list-style-type: disc;'>\n<li style='margin-bottom: 5px;'>El equipo incluye internamente un protector contra descargas&comma; se recomienda aterrizar a una tierra f\u00edsica<\/li>\n<\/ul><\/div>\n<\/p><\/div>\n<\/p><\/div>\n<div style='display: flex; flex-wrap: wrap; gap: 30px; margin-bottom: 30px;'>\n<div style='flex: 1 1 100%; text-align: center;'> <img style='width: 100%; height: auto; border: 1px solid rgba(150&comma;150&comma;150&comma;0.3); border-radius: 8px;' src='https:\/\/ftp3.syscom.mx\/usuarios\/fotos\/G2M\/87557-garantia1.png' alt=''> <\/div>\n<\/p><\/div>\n<div style='display: flex; flex-wrap: wrap; gap: 30px; margin-bottom: 30px;'>\n<div style='flex: 1 1 100%; text-align: center;'> <img style='width: 100%; height: auto; border: 1px solid rgba(150&comma;150&comma;150&comma;0.3); border-radius: 8px;' src='https:\/\/mimosa.co\/uploads\/b5_addnewlinks.png?mtime=20170316043456' alt='B5 Addnewlinks'> <\/div>\n<\/p><\/div>\n<div style='display: flex; flex-wrap: wrap; gap: 30px; margin-bottom: 30px;'>\n<div style='flex: 1 1 100%; text-align: center;'>\n<h2 style='font-size: 24px; margin-top: 0; margin-bottom: 15px; color: inherit; opacity: 0.8;'>A\u00d1ADIR F\u00c1CILMENTE NUEVOS ENLACES<\/h2>\n<p style='font-size: 15px; color: inherit; margin-bottom: 15px;'>Las soluciones de backhaul t\u00edpicas desperdician espectro con cada enlace instalado e impactan la capacidad de la red. La exclusiva tecnolog\u00eda de sincronizaci\u00f3n GPS de alta precisi\u00f3n permite que los productos Mimosa B5 y B5c reutilicen el mismo canal en toda la red&comma; y hasta 4 enlaces se pueden coordinar autom\u00e1ticamente.<\/p>\n<\/p><\/div>\n<\/p><\/div>\n<div style='display: flex; flex-wrap: wrap; gap: 30px; margin-bottom: 30px;'>\n<div style='flex: 1 1 100%; text-align: center;'> <img style='width: 100%; height: auto; border: 1px solid rgba(150&comma;150&comma;150&comma;0.3); border-radius: 8px;' src='https:\/\/mimosa.co\/uploads\/_669xAUTO_stretch_center-center\/b5_double_reliability@2x.png?mtime=20170316043706' srcset='https:\/\/mimosa.co\/uploads\/b5_double_reliability@2x.png?mtime=20170316043706' alt='B5 Doble Confiabilidad @ 2X'> <\/div>\n<\/p><\/div>\n<div style='display: flex; flex-wrap: wrap; gap: 30px; margin-bottom: 30px;'>\n<div style='flex: 1 1 100%; text-align: center;'>\n<h2 style='font-size: 24px; margin-top: 0; margin-bottom: 15px; color: inherit; opacity: 0.8;'>DOBLE FIABILIDAD<\/h2>\n<p style='font-size: 15px; color: inherit; margin-bottom: 15px;'>El espectro sin licencia puede ser impredecible. Por lo tanto&comma; Mimosa dise\u00f1\u00f3 a la medida una tecnolog\u00eda \u00fanica multicanal y autom\u00e1tica para proteger sus enlaces cuando encuentre interferencias. El B5 y el B5c mantienen autom\u00e1ticamente sus enlaces con dos canales operativos independientes&comma; y se adaptan utilizando nuestra tecnolog\u00eda de auto-todo para resolver problemas de manera proactiva para brindar una velocidad y confiabilidad de enlace \u00f3ptimas. \u00a1Es como 2 enlaces inteligentes en una sola radio!<\/p>\n<\/p><\/div>\n<\/p><\/div>\n<div style='display: flex; flex-wrap: wrap; gap: 30px; margin-bottom: 30px;'>\n<div style='flex: 1 1 100%; text-align: center;'> <img style='width: 100%; height: auto; border: 1px solid rgba(150&comma;150&comma;150&comma;0.3); border-radius: 8px;' src='https:\/\/mimosa.co\/uploads\/business-home.png?mtime=20170316054254' alt='Casa de Negocios'> <\/div>\n<\/p><\/div>\n<div style='display: flex; flex-wrap: wrap; gap: 30px; margin-bottom: 30px;'>\n<div style='flex: 1 1 100%; text-align: center;'>\n<h2 style='font-size: 24px; margin-top: 0; margin-bottom: 15px; color: inherit; opacity: 0.8;'>INCRE\u00cdBLEMENTE R\u00c1PIDO. INCRE\u00cdBLEMENTE FLEXIBLE.<\/h2>\n<p style='font-size: 15px; color: inherit; margin-bottom: 15px;'>Premiado como el backhaul sin licencia m\u00e1s r\u00e1pido de la industria&comma; el B5 y el B5c tambi\u00e9n ofrecen amplias opciones de control de ancho de banda. Los modos din\u00e1micos se adaptan autom\u00e1ticamente a la demanda de tr\u00e1fico y proporcionan una latencia de enlace ultra baja de ~ 1 ms para servicios de comunicaciones de voz y video confidenciales. Mientras que el ancho de banda reservado y los modos de sincronizaci\u00f3n de GPS permiten una reserva sim\u00e9trica o 75\/25 en la direcci\u00f3n del tr\u00e1fico.<\/p>\n<\/p><\/div>\n<\/p><\/div>\n<div style='display: flex; flex-wrap: wrap; gap: 30px; margin-bottom: 30px;'>\n<div style='flex: 1 1 100%; text-align: center;'> <img style='width: 100%; height: auto; border: 1px solid rgba(150&comma;150&comma;150&comma;0.3); border-radius: 8px;' src='https:\/\/mimosa.co\/uploads\/_624xAUTO_stretch_center-center\/moniter@2x.png?mtime=20170316054404' srcset='https:\/\/mimosa.co\/uploads\/moniter@2x.png?mtime=20170316054404' alt='Moniter @ 2X'> <\/div>\n<\/p><\/div>\n<div style='display: flex; flex-wrap: wrap; gap: 30px; margin-bottom: 30px;'>\n<div style='flex: 1 1 100%; text-align: center;'>\n<h2 style='font-size: 24px; margin-top: 0; margin-bottom: 15px; color: inherit; opacity: 0.8;'>MONITOR CON FACILIDAD Y MUCHO M\u00c1S<\/h2>\n<p style='font-size: 15px; color: inherit; margin-bottom: 15px;'>Inmediatamente despu\u00e9s de la instalaci\u00f3n&comma; sus enlaces est\u00e1n listos para ser monitoreados a trav\u00e9s del servicio gratuito Mimosa Cloud. Con una amplia recopilaci\u00f3n y an\u00e1lisis de datos&comma; la evaluaci\u00f3n de la salud del enlace y la identificaci\u00f3n de problemas potenciales nunca ha sido tan f\u00e1cil.<\/p>\n<\/p><\/div>\n<\/p><\/div>\n<div style='display: flex; flex-wrap: wrap; gap: 30px; margin-bottom: 30px;'>\n<div style='flex: 1 1 100%; text-align: center;'> <img style='width: 100%; height: auto; border: 1px solid rgba(150&comma;150&comma;150&comma;0.3); border-radius: 8px;' src='https:\/\/ftp3.syscom.mx\/usuarios\/fotos\/C5C\/87558-capturam.jpg' alt=''> <\/div>\n<\/p><\/div>\n<div style='display: flex; flex-wrap: wrap; gap: 30px; margin-bottom: 30px;'>\n<div style='flex: 1 1 100%; text-align: center;'>\n<div style='position: relative; padding-bottom: 56.25%; height: 0; overflow: hidden; margin-bottom: 30px;'>   <\/div>\n<\/p><\/div>\n<\/p><\/div>\n<div style='display: flex; flex-wrap: wrap; gap: 30px; margin-bottom: 30px;'>\n<div style='flex: 1 1 100%; text-align: center;'>\n<div style='position: relative; padding-bottom: 56.25%; height: 0; overflow: hidden; margin-bottom: 30px;'>   <\/div>\n<\/p><\/div>\n<\/p><\/div>\n<div style='display: flex; flex-wrap: wrap; gap: 30px; margin-bottom: 30px;'>\n<div style='flex: 1 1 100%; border: 1px solid rgba(150&comma; 150&comma; 150&comma; 0.4); border-radius: 8px; overflow: hidden; display: flex; flex-direction: column;'>\n<div style='padding: 15px; border-bottom: 1px solid rgba(150&comma; 150&comma; 150&comma; 0.2); font-weight: bold; font-size: 18px; color: inherit;'>Recursos adicionales<\/div>\n<div style='padding: 15px; color: inherit;'>\n<ul style='padding-left: 20px; margin: 0; font-size: 14px; list-style-type: disc;'>\n<li style='margin-bottom: 5px;'><a href='http:\/\/backhaul.help.mimosa.co\/home' style='color: inherit; text-decoration: underline;'>Link de soporte directo de Mimosa Networks (Help Center)<\/a><\/li>\n<li style='margin-bottom: 5px;'><a href='http:\/\/mimosa.co\/warranty.html' style='color: inherit; text-decoration: underline;'>Link de proceso de garant\u00eda de Mimosa Networks (Help Center)<\/a><\/li>\n<\/ul><\/div>\n<\/p><\/div>\n<\/p><\/div>\n<hr style='border: 0; border-top: 1px solid rgba(150&comma; 150&comma; 150&comma; 0.3); margin: 30px 0;'> <\/div>\n","protected":false},"excerpt":{"rendered":"<p>Radio Backhaul PTP, MIMO 4X4:4ac, 5.150 &#8211; 5.875 GHz, IP67, Velocidad hasta 1.5 Gbps, Antena 25 dBi integrada,  Monitoreo a trav\u00e9s de la nube<\/p>\n","protected":false},"featured_media":77523,"comment_status":"open","ping_status":"closed","template":"","meta":[],"product_brand":[],"product_cat":[1998],"product_tag":[1999,1980,2046],"class_list":{"0":"post-77524","1":"product","2":"type-product","3":"status-publish","4":"has-post-thumbnail","6":"product_cat-5-y-6-ghz","7":"product_tag-5-y-6-ghz","8":"product_tag-enlaces-ptp-y-ptmp","9":"product_tag-mimosa-networks","11":"first","12":"outofstock","13":"sale","14":"shipping-taxable","15":"purchasable","16":"product-type-simple"},"_links":{"self":[{"href":"https:\/\/soydeaqui.ddns.net\/pachuca\/index.php\/wp-json\/wp\/v2\/product\/77524","targetHints":{"allow":["GET"]}}],"collection":[{"href":"https:\/\/soydeaqui.ddns.net\/pachuca\/index.php\/wp-json\/wp\/v2\/product"}],"about":[{"href":"https:\/\/soydeaqui.ddns.net\/pachuca\/index.php\/wp-json\/wp\/v2\/types\/product"}],"replies":[{"embeddable":true,"href":"https:\/\/soydeaqui.ddns.net\/pachuca\/index.php\/wp-json\/wp\/v2\/comments?post=77524"}],"wp:featuredmedia":[{"embeddable":true,"href":"https:\/\/soydeaqui.ddns.net\/pachuca\/index.php\/wp-json\/wp\/v2\/media\/77523"}],"wp:attachment":[{"href":"https:\/\/soydeaqui.ddns.net\/pachuca\/index.php\/wp-json\/wp\/v2\/media?parent=77524"}],"wp:term":[{"taxonomy":"product_brand","embeddable":true,"href":"https:\/\/soydeaqui.ddns.net\/pachuca\/index.php\/wp-json\/wp\/v2\/product_brand?post=77524"},{"taxonomy":"product_cat","embeddable":true,"href":"https:\/\/soydeaqui.ddns.net\/pachuca\/index.php\/wp-json\/wp\/v2\/product_cat?post=77524"},{"taxonomy":"product_tag","embeddable":true,"href":"https:\/\/soydeaqui.ddns.net\/pachuca\/index.php\/wp-json\/wp\/v2\/product_tag?post=77524"}],"curies":[{"name":"wp","href":"https:\/\/api.w.org\/{rel}","templated":true}]}}