{"id":77492,"date":"2026-03-19T16:03:44","date_gmt":"2026-03-19T16:03:44","guid":{"rendered":"https:\/\/soydeaqui.ddns.net\/pachuca\/index.php\/producto\/cierre-de-empalme-para-24-fusiones-de-fibra-ptica-interior-exterior-con-16-acopladores-sc-apc-y-splitter-1x16-sc-apc-incluido-ip65\/"},"modified":"2026-03-19T16:03:56","modified_gmt":"2026-03-19T16:03:56","slug":"cierre-de-empalme-para-24-fusiones-de-fibra-ptica-interior-exterior-con-16-acopladores-sc-apc-y-splitter-1x16-sc-apc-incluido-ip65","status":"publish","type":"product","link":"https:\/\/soydeaqui.ddns.net\/pachuca\/index.php\/producto\/cierre-de-empalme-para-24-fusiones-de-fibra-ptica-interior-exterior-con-16-acopladores-sc-apc-y-splitter-1x16-sc-apc-incluido-ip65\/","title":{"rendered":"Cierre de Empalme para 24 Fusiones de Fibra ?ptica, Interior\/Exterior, con 16 Acopladores SC\/APC y Splitter 1&#215;16 SC\/APC Incluido, IP65"},"content":{"rendered":"<div style='width: 100%; max-width: 1200px; margin: 0 auto; font-family: sans-serif; line-height: 1.6; color: inherit; background-color: transparent;'> <!-- Logo de la marca --> <\/p>\n<div style='text-align: center; margin: 20px 0;'> <img style='width: 100%; max-width: 472px; height: auto; border: 1px solid rgba(150&comma;150&comma;150&comma;0.3); border-radius: 8px;' src='https:\/\/ftp3.syscom.mx\/usuarios\/orobles\/FiberHome\/GPON\/fiberhome_logo.png' alt='Logo FiberHome'> <\/div>\n<p> <!-- Descripci\u00f3n principal --> <\/p>\n<div style='margin: 30px 0;'>\n<p style='font-size: 15px; margin: 0 0 15px; color: inherit;'> La caja de empalme GFS-16G se utiliza como punto de terminaci\u00f3n para que el cable de fibra troncal o de distribuci\u00f3n se conecte con el cable drop en un sistema de red de FTTx. El empalme de fibra&comma; divisi\u00f3n&comma; distribuci\u00f3n se puede hacer en este cierre y mientras tanto proporciona protecci\u00f3n y gesti\u00f3n s\u00f3lidas para la construcci\u00f3n de la red FTTx. <\/p>\n<\/p><\/div>\n<p> <!-- Separador --> <\/p>\n<hr style='border: 0; border-top: 1px solid rgba(150&comma; 150&comma; 150&comma; 0.3); margin: 30px 0;'> <!-- Especificaciones --> <\/p>\n<div style='display: flex; flex-wrap: wrap; gap: 20px; margin-top: 30px;'>\n<div style='flex: 1 1 250px; border: 1px solid rgba(150&comma; 150&comma; 150&comma; 0.4); border-radius: 8px; overflow: hidden; display: flex; flex-direction: column;'>\n<div style='padding: 15px; border-bottom: 1px solid rgba(150&comma; 150&comma; 150&comma; 0.2); font-weight: bold; font-size: 18px; color: inherit;'>Especificaciones<\/div>\n<div style='padding: 15px; color: inherit;'>\n<ul style='padding-left: 20px; margin: 0; font-size: 14px; list-style-type: disc;'>\n<li style='margin-bottom: 8px;'><strong>Tama\u00f1o:<\/strong> 293 x 219 x 84 mm<\/li>\n<li style='margin-bottom: 8px;'><strong>Splitter:<\/strong> 1&#215;16 con conectores de salida SC\/APC (incluido)<\/li>\n<li style='margin-bottom: 8px;'><strong>Acopladores:<\/strong> 16 SC\/APC simplex monomodo (incluidos)<\/li>\n<li style='margin-bottom: 8px;'><strong>Entradas para cable:<\/strong> 2 entradas para cable \u00d8 6-12mm<\/li>\n<li style='margin-bottom: 8px;'><strong>Puertos para fibra drop:<\/strong> 16<\/li>\n<li style='margin-bottom: 8px;'><strong>Grado de protecci\u00f3n:<\/strong> IP65<\/li>\n<li style='margin-bottom: 8px;'><strong>Material:<\/strong> PC + ABS<\/li>\n<li style='margin-bottom: 8px;'><strong>Temperatura de operaci\u00f3n:<\/strong> -40\u00b0C~+85\u00b0C<\/li>\n<li style='margin-bottom: 8px;'><strong>Instalaci\u00f3n:<\/strong> En poste&comma; pared o a\u00e9rea<\/li>\n<li style='margin-bottom: 8px;'><strong>Aplicaci\u00f3n:<\/strong> Interior o Exterior<\/li>\n<li style='margin-bottom: 8px;'><strong>Herrajes:<\/strong> Para instalaci\u00f3n a\u00e9rea incluidos<\/li>\n<\/ul><\/div>\n<\/p><\/div>\n<\/p><\/div>\n<\/p><\/div>\n","protected":false},"excerpt":{"rendered":"<p>Cierre de Empalme para 24 Fusiones de Fibra ?ptica, Interior\/Exterior, con 16 Acopladores SC\/APC y Splitter 1&#215;16 SC\/APC Incluido, IP65<\/p>\n","protected":false},"featured_media":77491,"comment_status":"open","ping_status":"closed","template":"","meta":[],"product_brand":[],"product_cat":[621],"product_tag":[622,639,611],"class_list":{"0":"post-77492","1":"product","2":"type-product","3":"status-publish","4":"has-post-thumbnail","6":"product_cat-distribuidores-de-fibra-optica","7":"product_tag-distribuidores-de-fibra-optica","8":"product_tag-fiberhome","9":"product_tag-fibra-optica","11":"first","12":"instock","13":"sale","14":"shipping-taxable","15":"purchasable","16":"product-type-simple"},"_links":{"self":[{"href":"https:\/\/soydeaqui.ddns.net\/pachuca\/index.php\/wp-json\/wp\/v2\/product\/77492","targetHints":{"allow":["GET"]}}],"collection":[{"href":"https:\/\/soydeaqui.ddns.net\/pachuca\/index.php\/wp-json\/wp\/v2\/product"}],"about":[{"href":"https:\/\/soydeaqui.ddns.net\/pachuca\/index.php\/wp-json\/wp\/v2\/types\/product"}],"replies":[{"embeddable":true,"href":"https:\/\/soydeaqui.ddns.net\/pachuca\/index.php\/wp-json\/wp\/v2\/comments?post=77492"}],"wp:featuredmedia":[{"embeddable":true,"href":"https:\/\/soydeaqui.ddns.net\/pachuca\/index.php\/wp-json\/wp\/v2\/media\/77491"}],"wp:attachment":[{"href":"https:\/\/soydeaqui.ddns.net\/pachuca\/index.php\/wp-json\/wp\/v2\/media?parent=77492"}],"wp:term":[{"taxonomy":"product_brand","embeddable":true,"href":"https:\/\/soydeaqui.ddns.net\/pachuca\/index.php\/wp-json\/wp\/v2\/product_brand?post=77492"},{"taxonomy":"product_cat","embeddable":true,"href":"https:\/\/soydeaqui.ddns.net\/pachuca\/index.php\/wp-json\/wp\/v2\/product_cat?post=77492"},{"taxonomy":"product_tag","embeddable":true,"href":"https:\/\/soydeaqui.ddns.net\/pachuca\/index.php\/wp-json\/wp\/v2\/product_tag?post=77492"}],"curies":[{"name":"wp","href":"https:\/\/api.w.org\/{rel}","templated":true}]}}