{"id":7747,"date":"2026-03-18T07:00:08","date_gmt":"2026-03-18T07:00:08","guid":{"rendered":"https:\/\/soydeaqui.ddns.net\/pachuca\/index.php\/producto\/puerta-metalica-galvanizada-3-0-x-7-0-resistente-a-fuego-por-180-min-preparacion-para-cerradura-cilindrica-y-refuerzo-para-cierra-puerta\/"},"modified":"2026-03-18T07:00:08","modified_gmt":"2026-03-18T07:00:08","slug":"puerta-metalica-galvanizada-3-0-x-7-0-resistente-a-fuego-por-180-min-preparacion-para-cerradura-cilindrica-y-refuerzo-para-cierra-puerta","status":"publish","type":"product","link":"https:\/\/soydeaqui.ddns.net\/pachuca\/index.php\/producto\/puerta-metalica-galvanizada-3-0-x-7-0-resistente-a-fuego-por-180-min-preparacion-para-cerradura-cilindrica-y-refuerzo-para-cierra-puerta\/","title":{"rendered":"Puerta met\u00e1lica galvanizada 3&#8242; 0&#8243; x 7&#8242; 0&#8243; \/ Resistente a fuego por 180 min. \/Preparaci\u00f3n para cerradura cil\u00edndrica y refuerzo para cierra puerta"},"content":{"rendered":"<div style='width: 100%; max-width: 1200px; margin: 0 auto; font-family: sans-serif; line-height: 1.6; color: inherit; background-color: transparent;'>\n<div style='display: flex; flex-wrap: wrap; gap: 30px; margin-bottom: 30px;'>\n<div style='flex: 1 1 300px; min-width: 280px;'>\n<h3 style='font-size: 22px; border-bottom: 2px solid currentColor; padding-bottom: 5px; margin-top: 0; color: inherit; opacity: 0.8;'>Caracter\u00edsticas Especiales<\/h3>\n<ul style='padding-left: 20px; font-size: 15px; color: inherit;'>\n<li style='margin-bottom: 5px;'>Enclavados mec\u00e1nicamente para mayor resistencia y rigidez<\/li>\n<li style='margin-bottom: 5px;'>N\u00facleo de panal de abeja que proporciona resistencia natural<\/li>\n<li style='margin-bottom: 5px;'>Canales invertidos&comma; finales soldadas a ambas l\u00e1minas de cara<\/li>\n<\/ul><\/div>\n<\/p><\/div>\n<div style='display: flex; flex-wrap: wrap; gap: 30px; margin-bottom: 30px;'>\n<div style='flex: 1 1 300px; min-width: 280px;'>\n<h3 style='font-size: 22px; border-bottom: 2px solid currentColor; padding-bottom: 5px; margin-top: 0; color: inherit; opacity: 0.8;'>Descripci\u00f3n de la Puerta<\/h3>\n<ul style='padding-left: 20px; font-size: 15px; color: inherit;'>\n<li style='margin-bottom: 5px;'>Resistente al fuego por 180 min.<\/li>\n<li style='margin-bottom: 5px;'>1-3\/4\u201d espesor.<\/li>\n<li style='margin-bottom: 5px;'>Interior Honeycomb.<\/li>\n<li style='margin-bottom: 5px;'>Uniones por \u201cInterlocked\u201d.<\/li>\n<li style='margin-bottom: 5px;'>Canales invertidos \u201cTop\/Bttm\u201d.<\/li>\n<li style='margin-bottom: 5px;'>Refuerzo de bisagra calibre 7.<\/li>\n<li style='margin-bottom: 5px;'>Acabado \u201cPrime\u201d anti corrosi\u00f3n.<\/li>\n<li style='margin-bottom: 5px;'>Preparaciones est\u00e1ndares.<\/li>\n<li style='margin-bottom: 5px;'>STC 32 (en calibre 18).<\/li>\n<li style='margin-bottom: 5px;'>Uniones por \u201cInterlocked\u201d.<\/li>\n<li style='margin-bottom: 5px;'>Certificaci\u00f3n UL.<\/li>\n<li style='margin-bottom: 5px;'>Calibre: 18<\/li>\n<li style='margin-bottom: 5px;'>1&comma;000&comma;000 ciclos de uso en calibre 18.<\/li>\n<li style='margin-bottom: 5px;'><strong>Dimensiones:<\/strong> 3\u20190\u201d x 7\u20190\u201d. (de solo la Puerta)<\/li>\n<li style='margin-bottom: 5px;'><strong>El vano requerido para instalar la puerta con jambas y marcos es de<\/strong> 1025 x 2190 mm<\/li>\n<\/ul><\/div>\n<\/p><\/div>\n<div style='display: flex; flex-wrap: wrap; gap: 30px; margin-bottom: 30px;'>\n<div style='flex: 1 1 300px; min-width: 280px;'>\n<h3 style='font-size: 22px; border-bottom: 2px solid currentColor; padding-bottom: 5px; margin-top: 0; color: inherit; opacity: 0.8;'>ACCESORIOS INDISPENSABLES<\/h3>\n<p style='font-size: 15px; color: inherit; margin-top: 0; margin-bottom: 15px;'>(Jamba de Contra&comma; Jamba de Bisagra&comma; Cabezal y 3 Bisagras):<\/p>\n<p style='font-size: 15px; color: inherit; margin: 15px 0;'>Determinar el tipo de puerta (ver imagen abajo)<\/p>\n<ul style='padding-left: 20px; font-size: 15px; color: inherit;'>\n<li style='margin-bottom: 5px;'>Puerta Derecha: 5061 (jamba de contra)&comma; 5055 (jamba de bisagra).<\/li>\n<li style='margin-bottom: 5px;'>Puerta Izquierda: 5062 (jamba de contra)&comma; 5056 (jamba de bisagra).<\/li>\n<li style='margin-bottom: 5px;'>Se requiere el uso de cabezal: 5066<\/li>\n<li style='margin-bottom: 5px;'>Requiere 1 paquete de bisagras modelo 5040 (contiene 3 pzas) o modelo MX105155 (contiene 3 pzas).<\/li>\n<\/ul><\/div>\n<\/p><\/div>\n<div style='display: flex; flex-wrap: wrap; gap: 30px; margin-bottom: 30px;'>\n<div style='flex: 1 1 300px; min-width: 280px;'>\n<h3 style='font-size: 22px; border-bottom: 2px solid currentColor; padding-bottom: 5px; margin-top: 0; color: inherit; opacity: 0.8;'>ACCESORIOS ADICIONALES<\/h3>\n<p style='font-size: 15px; color: inherit; margin: 15px 0;'>Para que la puerta sea corta fuego requiere accesorios adicionales:<\/p>\n<ul style='padding-left: 20px; font-size: 15px; color: inherit;'>\n<li style='margin-bottom: 5px;'><strong style='color: inherit;'>Sello perimetral:<\/strong> modelo 5018.<\/li>\n<li style='margin-bottom: 5px;'><strong style='color: inherit;'>Sardinel:<\/strong> 5020A&comma; o bien 5024 (opci\u00f3n con tope).<\/li>\n<li style='margin-bottom: 5px;'><strong style='color: inherit;'>Sello bajo puerta:<\/strong> 5016 o bien 5032 (con goma).<\/li>\n<li style='margin-bottom: 5px;'><strong style='color: inherit;'>Goter\u00f3n:<\/strong> 5036&comma; (para uso en puertas con vista al exterior).<\/li>\n<li style='margin-bottom: 5px;'><strong style='color: inherit;'>Cierrapuertas:<\/strong> 84887<\/li>\n<\/ul><\/div>\n<\/p><\/div>\n<div style='display: flex; flex-wrap: wrap; gap: 30px; margin-bottom: 30px;'>\n<div style='flex: 1 1 300px; min-width: 280px;'>\n<p style='font-size: 15px; color: inherit; margin: 15px 0;'>*Opcional puede utilizar barra para puerta de emergencia&comma; cerradura mec\u00e1nica y se\u00f1alizaci\u00f3n.<\/p>\n<p style='font-size: 15px; color: inherit; margin: 15px 0;'>Producto sobre pedido<\/p>\n<\/p><\/div>\n<\/p><\/div>\n<div style='display: flex; flex-wrap: wrap; gap: 30px; margin-bottom: 30px;'>\n<div style='flex: 1 1 100%; min-width: 280px;'> <img style='width: 100%; height: auto; border: 1px solid rgba(150&comma;150&comma;150&comma;0.3); border-radius: 8px;' src='http:\/\/ftp3.syscom.mx\/usuarios\/hterrazas\/assabloy\/puerta.jpg' alt='Puerta met\u00e1lica galvanizada ASSA ABLOY 5046' \/> <\/div>\n<\/p><\/div>\n<hr style='border: 0; border-top: 1px solid rgba(150&comma; 150&comma; 150&comma; 0.3); margin: 30px 0;'> <\/div>\n","protected":false},"excerpt":{"rendered":"<p>Puerta met\u00e1lica galvanizada 3&#8242; 0&#8243; x 7&#8242; 0&#8243; \/ Resistente a fuego por 180 min. \/Preparaci\u00f3n para cerradura cil\u00edndrica y refuerzo para cierra puerta<\/p>\n","protected":false},"featured_media":7746,"comment_status":"open","ping_status":"closed","template":"","meta":[],"product_brand":[],"product_cat":[216],"product_tag":[218,217,126],"class_list":{"0":"post-7747","1":"product","2":"type-product","3":"status-publish","4":"has-post-thumbnail","6":"product_cat-puertas-de-emergencia","7":"product_tag-assa-abloy","8":"product_tag-puertas-de-emergencia","9":"product_tag-sistemas-de-emergencia","11":"first","12":"outofstock","13":"sale","14":"shipping-taxable","15":"purchasable","16":"product-type-simple"},"_links":{"self":[{"href":"https:\/\/soydeaqui.ddns.net\/pachuca\/index.php\/wp-json\/wp\/v2\/product\/7747","targetHints":{"allow":["GET"]}}],"collection":[{"href":"https:\/\/soydeaqui.ddns.net\/pachuca\/index.php\/wp-json\/wp\/v2\/product"}],"about":[{"href":"https:\/\/soydeaqui.ddns.net\/pachuca\/index.php\/wp-json\/wp\/v2\/types\/product"}],"replies":[{"embeddable":true,"href":"https:\/\/soydeaqui.ddns.net\/pachuca\/index.php\/wp-json\/wp\/v2\/comments?post=7747"}],"wp:featuredmedia":[{"embeddable":true,"href":"https:\/\/soydeaqui.ddns.net\/pachuca\/index.php\/wp-json\/wp\/v2\/media\/7746"}],"wp:attachment":[{"href":"https:\/\/soydeaqui.ddns.net\/pachuca\/index.php\/wp-json\/wp\/v2\/media?parent=7747"}],"wp:term":[{"taxonomy":"product_brand","embeddable":true,"href":"https:\/\/soydeaqui.ddns.net\/pachuca\/index.php\/wp-json\/wp\/v2\/product_brand?post=7747"},{"taxonomy":"product_cat","embeddable":true,"href":"https:\/\/soydeaqui.ddns.net\/pachuca\/index.php\/wp-json\/wp\/v2\/product_cat?post=7747"},{"taxonomy":"product_tag","embeddable":true,"href":"https:\/\/soydeaqui.ddns.net\/pachuca\/index.php\/wp-json\/wp\/v2\/product_tag?post=7747"}],"curies":[{"name":"wp","href":"https:\/\/api.w.org\/{rel}","templated":true}]}}