{"id":77429,"date":"2026-03-19T16:00:59","date_gmt":"2026-03-19T16:00:59","guid":{"rendered":"https:\/\/soydeaqui.ddns.net\/pachuca\/index.php\/producto\/cleaver-cortadora-de-precisin-para-fibra-ptica-con-mecanismo-de-retorno-automtico\/"},"modified":"2026-03-19T16:01:12","modified_gmt":"2026-03-19T16:01:12","slug":"cleaver-cortadora-de-precisin-para-fibra-ptica-con-mecanismo-de-retorno-automtico","status":"publish","type":"product","link":"https:\/\/soydeaqui.ddns.net\/pachuca\/index.php\/producto\/cleaver-cortadora-de-precisin-para-fibra-ptica-con-mecanismo-de-retorno-automtico\/","title":{"rendered":"Cleaver (Cortadora de Precisi?n) para Fibra ?ptica con Mecanismo de Retorno Autom?tico"},"content":{"rendered":"<div style='width: 100%; max-width: 1200px; margin: 0 auto; font-family: sans-serif; line-height: 1.6; color: inherit;'>\n<div style='display: flex; flex-wrap: wrap; gap: 30px; margin-bottom: 30px;'>\n<div style='flex: 1 1 300px; min-width: 280px;'>\n<div style='text-align: center; margin-bottom: 20px;'> <img style='width: 100%; height: auto; border: 1px solid rgba(150&comma;150&comma;150&comma;0.3); border-radius: 8px;' src='https:\/\/ftp3.syscom.mx\/usuarios\/orobles\/GREENLEE\/TEMPO-COMMUNICATIONS-lg.jpg' alt='Logo TEMPO' \/> <\/div>\n<\/p><\/div>\n<\/p><\/div>\n<div style='display: flex; flex-wrap: wrap; gap: 30px; margin-bottom: 30px;'>\n<div style='flex: 1 1 300px; min-width: 280px;'>\n<h3 style='font-size: 22px; border-bottom: 2px solid currentColor; padding-bottom: 5px; margin-top: 0; color: inherit; opacity: 0.8;'>Descripci\u00f3n<\/h3>\n<p style='font-size: 15px; color: inherit;'>El Cleaver (Cortadora de Precisi\u00f3n) FCL200 proporciona cortes r\u00e1pidos y precisos que se pueden usar con cualquier empalmadora de fusi\u00f3n y para preparaci\u00f3n de fibras para usar con conectores mec\u00e1nicos.<\/p>\n<p style='font-size: 15px; color: inherit;'>Cuando se instala el soporte fijo&comma; la fibra se mantiene firmemente en su lugar y el Cleaver es capaz de cortar fibras de 200 \u00b5m&comma; 250\u00b5m&comma; 900\u00b5m y fibra de 3 mm. El contenedor de polvo recoge autom\u00e1ticamente todos los cortes finales de fibra para su eliminaci\u00f3n segura con su mecanismo accionado por resorte.<\/p>\n<\/p><\/div>\n<\/p><\/div>\n<div style='display: flex; flex-wrap: wrap; gap: 20px; margin-bottom: 30px;'>\n<div style='flex: 1 1 250px; border: 1px solid rgba(150&comma; 150&comma; 150&comma; 0.4); border-radius: 8px; overflow: hidden; display: flex; flex-direction: column;'>\n<div style='padding: 15px; border-bottom: 1px solid rgba(150&comma; 150&comma; 150&comma; 0.2); font-weight: bold; font-size: 18px; color: inherit;'>Caracter\u00edsticas<\/div>\n<div style='padding: 15px; color: inherit;'>\n<ul style='padding-left: 20px; margin: 0; font-size: 14px; list-style-type: disc;'>\n<li style='margin-bottom: 5px;'>Para fibra \u00f3ptica monomodo y multimodo<\/li>\n<li style='margin-bottom: 5px;'>El disco de corte dise\u00f1ado con precisi\u00f3n asegura un \u00e1ngulo de corte menor a 1.5\u00b0 para una p\u00e9rdida m\u00ednima.<\/li>\n<li style='margin-bottom: 5px;'>Cuenta con retorno autom\u00e1tico de la cuchilla<\/li>\n<li style='margin-bottom: 5px;'>Hasta 48&comma;000 cortes<\/li>\n<li style='margin-bottom: 5px;'>El dep\u00f3sito de polvo recoge de forma segura y autom\u00e1tica los cortes finales de fibra<\/li>\n<li style='margin-bottom: 5px;'>Soporte fijo para m\u00e1xima versatilidad y funcionamiento independiente.<\/li>\n<li style='margin-bottom: 5px;'>Longitud de corte: 5mm &#8211; 25mm<\/li>\n<\/ul><\/div>\n<\/p><\/div>\n<\/p><\/div>\n<div style='position: relative; padding-bottom: 56.25%; height: 0; overflow: hidden; margin-bottom: 30px;'>   <\/div>\n<hr style='border: 0; border-top: 1px solid rgba(150&comma; 150&comma; 150&comma; 0.3); margin: 30px 0;'> <\/div>\n","protected":false},"excerpt":{"rendered":"<p>Cleaver (Cortadora de Precisi?n) para Fibra ?ptica con Mecanismo de Retorno Autom?tico<\/p>\n","protected":false},"featured_media":77428,"comment_status":"open","ping_status":"closed","template":"","meta":[],"product_brand":[],"product_cat":[636],"product_tag":[611,25,658],"class_list":{"0":"post-77429","1":"product","2":"type-product","3":"status-publish","4":"has-post-thumbnail","6":"product_cat-herramientas-fibra-optica","7":"product_tag-fibra-optica","8":"product_tag-herramientas","9":"product_tag-tempo","11":"first","12":"instock","13":"sale","14":"shipping-taxable","15":"purchasable","16":"product-type-simple"},"_links":{"self":[{"href":"https:\/\/soydeaqui.ddns.net\/pachuca\/index.php\/wp-json\/wp\/v2\/product\/77429","targetHints":{"allow":["GET"]}}],"collection":[{"href":"https:\/\/soydeaqui.ddns.net\/pachuca\/index.php\/wp-json\/wp\/v2\/product"}],"about":[{"href":"https:\/\/soydeaqui.ddns.net\/pachuca\/index.php\/wp-json\/wp\/v2\/types\/product"}],"replies":[{"embeddable":true,"href":"https:\/\/soydeaqui.ddns.net\/pachuca\/index.php\/wp-json\/wp\/v2\/comments?post=77429"}],"wp:featuredmedia":[{"embeddable":true,"href":"https:\/\/soydeaqui.ddns.net\/pachuca\/index.php\/wp-json\/wp\/v2\/media\/77428"}],"wp:attachment":[{"href":"https:\/\/soydeaqui.ddns.net\/pachuca\/index.php\/wp-json\/wp\/v2\/media?parent=77429"}],"wp:term":[{"taxonomy":"product_brand","embeddable":true,"href":"https:\/\/soydeaqui.ddns.net\/pachuca\/index.php\/wp-json\/wp\/v2\/product_brand?post=77429"},{"taxonomy":"product_cat","embeddable":true,"href":"https:\/\/soydeaqui.ddns.net\/pachuca\/index.php\/wp-json\/wp\/v2\/product_cat?post=77429"},{"taxonomy":"product_tag","embeddable":true,"href":"https:\/\/soydeaqui.ddns.net\/pachuca\/index.php\/wp-json\/wp\/v2\/product_tag?post=77429"}],"curies":[{"name":"wp","href":"https:\/\/api.w.org\/{rel}","templated":true}]}}