{"id":77422,"date":"2026-03-19T16:00:40","date_gmt":"2026-03-19T16:00:40","guid":{"rendered":"https:\/\/soydeaqui.ddns.net\/pachuca\/index.php\/producto\/jabra-evolve2-85-auricular-stereo-version-uc-con-cancelacion-de-ruido-activa-dongle-usb-a-indicador-de-ocupado-busylight28599-989-999\/"},"modified":"2026-03-19T16:00:48","modified_gmt":"2026-03-19T16:00:48","slug":"jabra-evolve2-85-auricular-stereo-version-uc-con-cancelacion-de-ruido-activa-dongle-usb-a-indicador-de-ocupado-busylight28599-989-999","status":"publish","type":"product","link":"https:\/\/soydeaqui.ddns.net\/pachuca\/index.php\/producto\/jabra-evolve2-85-auricular-stereo-version-uc-con-cancelacion-de-ruido-activa-dongle-usb-a-indicador-de-ocupado-busylight28599-989-999\/","title":{"rendered":"Jabra Evolve2 85, Auricular stereo versi\u00f3n UC con cancelaci\u00f3n de ruido activa, dongle USB-A indicador de ocupado (Busylight)(28599-989-999)"},"content":{"rendered":"<div style='width: 100%; max-width: 1200px; margin: 0 auto; font-family: sans-serif; line-height: 1.6; color: inherit; background-color: transparent;'>\n<div style='display: flex; flex-wrap: wrap; gap: 30px; margin-bottom: 30px;'>\n<div style='flex: 1 1 300px; min-width: 280px; text-align: center;'>\n<h3 style='font-size: 24px; border-bottom: 2px solid currentColor; padding-bottom: 5px; margin-top: 0; color: inherit; opacity: 0.8;'>CANCELACI\u00d3N DE RUIDO<\/h3>\n<h2 style='font-size: 3.5rem; line-height: 1.2em; margin-top: 10px; color: inherit; opacity: 0.9;'>Escucha tus pensamientos.<\/h2>\n<hr style='border-top: solid #f0f606; border-width: 2px 0 0; width: 40px; margin: 15px auto 30px auto;'><\/div>\n<\/div>\n<div style='display: grid; grid-template-columns: 1fr; gap: 30px; margin-bottom: 30px;'>\n<div>\n<h2 style='font-size: 20px; color: inherit; opacity: 0.9;'>Olv\u00eddate de esconderte cuando est\u00e1s trabajando.<\/h2>\n<p style='font-size: 15px; color: inherit;'><span style='white-space: pre-wrap;'>Llevamos nuestra &#8216;luz de ocupado&#8217; Busylight a un nivel totalmente nuevo&comma; pues ahora se puede ver desde cualquier direcci\u00f3n. La luz roja se activa autom\u00e1ticamente cuando est\u00e1s haciendo una llamada o en una reuni\u00f3n&comma; o puedes activarla t\u00fa mismo con tan solo pulsar un bot\u00f3n. Por lo tanto&comma; incluso si est\u00e1s en el centro de la acci\u00f3n&comma; tu luz de aviso Busylight te proteger\u00e1 desde todos los \u00e1ngulos y contra todas las interrupciones.<\/span><\/p>\n<p style='font-size: 15px; color: inherit;'><span style='white-space: pre-wrap;'>Es como tener un guardia de seguridad integrado para cuidar tu concentraci\u00f3n.<\/span><\/p>\n<\/div>\n<div style='display: flex; justify-content: center; align-items: center;'>\n<div style='position: relative; padding-bottom: 56.25%; height: 0; overflow: hidden; width: 100%; max-width: 600px;'> <\/div>\n<\/div>\n<\/div>\n<div style='display: flex; flex-wrap: wrap; gap: 30px; margin-bottom: 30px;'>\n<div style='flex: 1 1 400px; min-width: 300px;'>\n<h3 style='font-size: 22px; border-bottom: 2px solid currentColor; padding-bottom: 5px; margin-top: 0; color: inherit; opacity: 0.8;'>Llamadas mejoradas<\/h3>\n<p style='font-size: 15px; color: inherit;'><span style='white-space: pre-wrap;'>Sabemos que la capacidad para que te escuchen y entiendan claramente es esencial para que tus llamadas sean fluidas y profesionales. Por eso hemos optimizado el rendimiento durante las llamadas de nuestra serie Evolve&comma; y la hemos mejorado a\u00fan m\u00e1s incorporando 10 potentes micr\u00f3fonos (s\u00ed&comma; 10) gracias a nuestro chipset digital avanzado que ofrece una calidad de llamada extraordinaria&comma; siempre.<\/span><\/p>\n<p style='font-size: 15px; color: inherit;'><strong>Porque la claridad lo es todo en las llamadas importantes.<\/strong><\/p>\n<p style='font-size: 15px; color: inherit;'><strong>\u00bfTienes una semana llena de actividades? Puedes contar con nosotros.<\/strong><\/p>\n<p style='font-size: 15px; color: inherit;'><span style='white-space: pre-wrap;'>Cuando finalmente encuentras unos auriculares confiables&comma; es bueno saber que puedes usarlos todo lo que quieras. Utilizamos nuestra tecnolog\u00eda avanzada de eficiencia de la bater\u00eda para aprovechar hasta el \u00faltimo minuto de energ\u00eda con estos poderosos auriculares. El resultado es una duraci\u00f3n de la bater\u00eda l\u00edder en el sector&comma; de 37 horas (una vez m\u00e1s&comma; impulsada por ese peque\u00f1o chipset poderoso).<\/span><\/p>\n<p style='font-size: 15px; color: inherit;'><span style='white-space: pre-wrap;'>Y&comma; como nos gusta estar prevenidos para cualquier situaci\u00f3n&comma; tambi\u00e9n te ofrecemos una pr\u00e1ctica base de carga&comma; por si acaso.<\/span><\/p>\n<p style='font-size: 15px; color: inherit;'><span style='white-space: pre-wrap;'>Puedes tener la seguridad de que los auriculares Evolve2 85 te acompa\u00f1ar\u00e1n durante toda la semana.<\/span><\/p>\n<div style='display: grid; grid-template-columns: 1fr 1fr; gap: 15px; margin-top: 15px;'>\n<div style='border: 1px solid rgba(150&comma;150&comma;150&comma;0.3); border-radius: 8px; padding: 15px;'><strong>Carga completa<\/strong><\/p>\n<p style='margin: 8px 0;'>Consigue 37 horas de autonom\u00eda en 2&comma;5 horas<\/p>\n<\/div>\n<div style='border: 1px solid rgba(150&comma;150&comma;150&comma;0.3); border-radius: 8px; padding: 15px;'><strong>Carga r\u00e1pida<\/strong><\/p>\n<p style='margin: 8px 0;'>Consigue 8 horas de autonom\u00eda en 15 minutos<\/p>\n<\/div>\n<\/div>\n<\/div>\n<div style='flex: 1 1 400px; min-width: 300px;'><img style='width: 100%; height: auto; border: 1px solid rgba(150&comma;150&comma;150&comma;0.3); border-radius: 8px;' src='https:\/\/ftp3.syscom.mx\/usuarios\/fotos\/EVOLVE285UCBKA\/187567-captura_de_pantalla_2021-04-12_a_la(s)_12.02.54.png' alt=''><\/div>\n<\/div>\n<div style='display: flex; flex-wrap: wrap; gap: 30px; margin-bottom: 30px;'>\n<div style='flex: 1 1 300px; min-width: 280px;'>\n<div style='border: 1px solid rgba(150&comma;150&comma;150&comma;0.4); border-radius: 8px; overflow: hidden; display: flex; flex-direction: column;'>\n<div style='padding: 15px; border-bottom: 1px solid rgba(150&comma;150&comma;150&comma;0.2); font-weight: bold; font-size: 18px; color: inherit;'>Audio<\/div>\n<div style='padding: 15px; color: inherit;'>\n<ul style='padding-left: 20px; margin: 0; font-size: 14px; list-style-type: disc;'>\n<li style='margin-bottom: 5px;'><strong>Cancelaci\u00f3n activa de ruido:<\/strong> Cancelaci\u00f3n de ruido activa digital e h\u00edbrida (ANC) con 4 micr\u00f3fonos<\/li>\n<li style='margin-bottom: 5px;'><strong>Tama\u00f1o de bocina:<\/strong> 40 mm \u00d8<\/li>\n<li style='margin-bottom: 5px;'><strong>Sensibilidad del altavoz:<\/strong> 117 dB @1 mW-1 kHz<\/li>\n<li style='margin-bottom: 5px;'><strong>Alimentaci\u00f3n m\u00e1xima del altavoz:<\/strong> 50 mW<\/li>\n<li style='margin-bottom: 5px;'><strong>Rango de frecuencia del altavoz:<\/strong> 20 Hz &#8211; 20 000 Hz<\/li>\n<li style='margin-bottom: 5px;'><strong>Ancho de banda del altavoz (m\u00fasica):<\/strong> 20 Hz &#8211; 20 000 Hz<\/li>\n<li style='margin-bottom: 5px;'><strong>Ancho de banda del altavoz (conversaci\u00f3n):<\/strong> 100 Hz &#8211; 8000 Hz<\/li>\n<li style='margin-bottom: 5px;'><strong>Tipo de micr\u00f3fono:<\/strong> 4 MEMS anal\u00f3gicos \/ 6 MEMS digitales<\/li>\n<li style='margin-bottom: 5px;'><strong>Sensibilidad del micr\u00f3fono:<\/strong> -35 dBv\/Pa (micr\u00f3fono anal\u00f3gico)\/-26 dBFS\/Pa (micr\u00f3fono digital)<\/li>\n<li style='margin-bottom: 5px;'><strong>Rango de frecuencia del micr\u00f3fono:<\/strong> 5-20 000 Hz para el micr\u00f3fono anal\u00f3gico\/100Hz &#8211; 8000Hz para el micr\u00f3fono digital<\/li>\n<li style='margin-bottom: 5px;'><strong>C\u00f3decs de audio admitidos:<\/strong> SBC&comma; AAC<\/li>\n<li style='margin-bottom: 5px;'><strong>Protecci\u00f3n ac\u00fastica:<\/strong> Jabra SafeTone\u2122<\/li>\n<li style='margin-bottom: 5px;'><strong>Certificaciones:<\/strong> Principales proveedores de UC; cumplen con los requisitos de Microsoft Teams para oficinas abiertas*<\/li>\n<\/ul>\n<\/div>\n<\/div>\n<\/div>\n<div style='flex: 1 1 300px; min-width: 280px;'>\n<div style='border: 1px solid rgba(150&comma;150&comma;150&comma;0.4); border-radius: 8px; overflow: hidden; display: flex; flex-direction: column;'>\n<div style='padding: 15px; border-bottom: 1px solid rgba(150&comma;150&comma;150&comma;0.2); font-weight: bold; font-size: 18px; color: inherit;'>Ajuste y comodidad<\/div>\n<div style='padding: 15px; color: inherit;'>\n<ul style='padding-left: 20px; margin: 0; font-size: 14px; list-style-type: disc;'>\n<li style='margin-bottom: 5px;'><strong>Forma de los auriculares:<\/strong> Diadema y almohadillas sobre de la oreja<\/li>\n<\/ul>\n<\/div>\n<\/div>\n<\/div>\n<div style='flex: 1 1 300px; min-width: 280px; margin-top: 20px;'>\n<div style='border: 1px solid rgba(150&comma;150&comma;150&comma;0.4); border-radius: 8px; overflow: hidden; display: flex; flex-direction: column;'>\n<div style='padding: 15px; border-bottom: 1px solid rgba(150&comma;150&comma;150&comma;0.2); font-weight: bold; font-size: 18px; color: inherit;'>Conectividad<\/div>\n<div style='padding: 15px; color: inherit;'>\n<ul style='padding-left: 20px; margin: 0; font-size: 14px; list-style-type: disc;'>\n<li style='margin-bottom: 5px;'><strong>Conexi\u00f3n:<\/strong> Adaptador Bluetooth (USB-A)&comma; clavija de 3&comma;5 mm (con cable)&comma; Bluetooth<\/li>\n<li style='margin-bottom: 5px;'><strong>Dispositivo Bluetooth\u00ae:<\/strong> S\u00ed<\/li>\n<li style='margin-bottom: 5px;'><strong>Versi\u00f3n de Bluetooth:<\/strong> 5.0<\/li>\n<li style='margin-bottom: 5px;'><strong>Perfiles Bluetooth:<\/strong> HSP v1.2 &comma; HFP v1.7&comma; A2DP v1.3&comma; AVRCP v1.6&comma; PBAP v1.1&comma; SPP v1.2<\/li>\n<li style='margin-bottom: 5px;'><strong>Rango de operaci\u00f3n:<\/strong> Hasta 30 m\/100 pies<\/li>\n<li style='margin-bottom: 5px;'><strong>Lista de sincronizaci\u00f3n:<\/strong> Hasta 8 dispositivos<\/li>\n<li style='margin-bottom: 5px;'><strong>Conexiones simult\u00e1neas:<\/strong> 2<\/li>\n<\/ul>\n<\/div>\n<\/div>\n<\/div>\n<\/div>\n<div style='flex: 1 1 300px; min-width: 280px; margin-top: 20px;'>\n<div style='border: 1px solid rgba(150&comma;150&comma;150&comma;0.4); border-radius: 8px; overflow: hidden; display: flex; flex-direction: column;'>\n<div style='padding: 15px; border-bottom: 1px solid rgba(150&comma;150&comma;150&comma;0.2); font-weight: bold; font-size: 18px; color: inherit;'>Bater\u00eda<\/div>\n<div style='padding: 15px; color: inherit;'>\n<ul style='padding-left: 20px; margin: 0; font-size: 14px; list-style-type: disc;'>\n<li style='margin-bottom: 5px;'><strong>Tiempo en conversaci\u00f3n:<\/strong> Hasta 30 horas (sin ANC\/busylight)\/Hasta 20 horas (con ANC\/busylight)<\/li>\n<li style='margin-bottom: 5px;'><strong>Tiempo de m\u00fasica:<\/strong> Hasta 37 horas (sin ANC) y hasta 32 horas (con ANC)<\/li>\n<li style='margin-bottom: 5px;'><strong>Tiempo de carga:<\/strong> Hasta 140 min<\/li>\n<li style='margin-bottom: 5px;'><strong>Consumo de energ\u00eda:<\/strong> 5 V\/500 mA<\/li>\n<li style='margin-bottom: 5px;'><strong>Estado de la bater\u00eda:<\/strong> 30% despu\u00e9s de 30 min y 60% despu\u00e9s de 60 min<\/li>\n<\/ul>\n<\/div>\n<\/div>\n<\/div>\n<\/div>\n<div style='flex: 1 1 300px; min-width: 280px; margin-top: 20px;'>\n<div style='border: 1px solid rgba(150&comma;150&comma;150&comma;0.4); border-radius: 8px; overflow: hidden; display: flex; flex-direction: column;'>\n<div style='padding: 15px; border-bottom: 1px solid rgba(150&comma;150&comma;150&comma;0.2); font-weight: bold; font-size: 18px; color: inherit;'>General<\/div>\n<div style='padding: 15px; color: inherit;'>\n<ul style='padding-left: 20px; margin: 0; font-size: 14px; list-style-type: disc;'>\n<li style='margin-bottom: 5px;'><strong>Contenido del embalaje:<\/strong> Auriculares&comma; adaptador Bluetooth Jabra Link 380a&comma; cable de audio con clavija de 3&comma;5 mm (1&comma;2 m\/3&comma;9 ft)&comma; adaptador para avi\u00f3n&comma; funda de transporte&comma; garant\u00eda y advertencias (folletos de seguridad)<\/li>\n<li style='margin-bottom: 5px;'><strong>Dimensiones del embalaje:<\/strong> Sin lote completo: 22&comma;7 x 18&comma;85 x 7&comma;3 cm\/8&comma;94 x 7&comma;42 x 2&comma;87 in Con lote completo: 22&comma;7 x 18&comma;85 x 9&comma;2 cm\/8&comma;94 x 7&comma;42 x 3&comma;62 in<\/li>\n<li style='margin-bottom: 5px;'><strong>Dimensi\u00f3n de unidad principal:<\/strong> 198&comma;6 x 160 x 77&comma;3 mm\/7&comma;82 x 6&comma;30 x 3&comma;05 in<\/li>\n<li style='margin-bottom: 5px;'><strong>Peso:<\/strong> 286 g\/10&comma;08 oz<\/li>\n<li style='margin-bottom: 5px;'><strong>Material:<\/strong> Diadema de espuma ultrasuave cubierta de polipiel a juego&comma; almohadillas de espuma suave cubiertas de polipiel a juego<\/li>\n<li style='margin-bottom: 5px;'><strong>Tipo de bater\u00eda:<\/strong> Iones de litio recargable<\/li>\n<li style='margin-bottom: 5px;'><strong>Garant\u00eda:<\/strong> 2 a\u00f1os<\/li>\n<li style='margin-bottom: 5px;'><strong>Jabra Direct:<\/strong> S\u00ed<\/li>\n<li style='margin-bottom: 5px;'><strong>Jabra Sound+:<\/strong> S\u00ed<\/li>\n<li style='margin-bottom: 5px;'><strong>LED:<\/strong> Busylight&comma; llamada entrante<\/li>\n<\/ul>\n<\/div>\n<\/div>\n<\/div>\n<\/div>\n<hr style='border: 0; border-top: 1px solid rgba(150&comma;150&comma;150&comma;0.3); margin: 30px 0;'>\n<div style='display: flex; flex-wrap: wrap; gap: 30px; margin-bottom: 30px;'>\n<div style='flex: 1 1 300px; min-width: 280px; text-align: center;'>\n<h3 style='font-size: 22px; border-bottom: 2px solid currentColor; padding-bottom: 5px; margin-top: 0; color: inherit; opacity: 0.8;'>Jabra Direct<\/h3>\n<p><img style='width: 100%; height: auto; border: 1px solid rgba(150&comma;150&comma;150&comma;0.3); border-radius: 8px; margin-top: 15px;' src='https:\/\/ftp3.syscom.mx\/usuarios\/fotos\/EVOLVE285UCBKA\/187567-captura_de_pantalla_2021-04-12_a_la(s)_12.02.54.png' alt=''><\/div>\n<\/div>\n<\/div>\n<\/div>\n","protected":false},"excerpt":{"rendered":"<p>Jabra Evolve2 85, Auricular stereo versi\u00f3n UC con cancelaci\u00f3n de ruido activa, dongle USB-A indicador de ocupado (Busylight)(28599-989-999)<\/p>\n","protected":false},"featured_media":77421,"comment_status":"open","ping_status":"closed","template":"","meta":[],"product_brand":[],"product_cat":[2050],"product_tag":[2051,2052,2004],"class_list":{"0":"post-77422","1":"product","2":"type-product","3":"status-publish","4":"has-post-thumbnail","6":"product_cat-auriculares","7":"product_tag-auriculares","8":"product_tag-jabra","9":"product_tag-voip-telefonia-ip-videoconferencia","11":"first","12":"instock","13":"sale","14":"shipping-taxable","15":"purchasable","16":"product-type-simple"},"_links":{"self":[{"href":"https:\/\/soydeaqui.ddns.net\/pachuca\/index.php\/wp-json\/wp\/v2\/product\/77422","targetHints":{"allow":["GET"]}}],"collection":[{"href":"https:\/\/soydeaqui.ddns.net\/pachuca\/index.php\/wp-json\/wp\/v2\/product"}],"about":[{"href":"https:\/\/soydeaqui.ddns.net\/pachuca\/index.php\/wp-json\/wp\/v2\/types\/product"}],"replies":[{"embeddable":true,"href":"https:\/\/soydeaqui.ddns.net\/pachuca\/index.php\/wp-json\/wp\/v2\/comments?post=77422"}],"wp:featuredmedia":[{"embeddable":true,"href":"https:\/\/soydeaqui.ddns.net\/pachuca\/index.php\/wp-json\/wp\/v2\/media\/77421"}],"wp:attachment":[{"href":"https:\/\/soydeaqui.ddns.net\/pachuca\/index.php\/wp-json\/wp\/v2\/media?parent=77422"}],"wp:term":[{"taxonomy":"product_brand","embeddable":true,"href":"https:\/\/soydeaqui.ddns.net\/pachuca\/index.php\/wp-json\/wp\/v2\/product_brand?post=77422"},{"taxonomy":"product_cat","embeddable":true,"href":"https:\/\/soydeaqui.ddns.net\/pachuca\/index.php\/wp-json\/wp\/v2\/product_cat?post=77422"},{"taxonomy":"product_tag","embeddable":true,"href":"https:\/\/soydeaqui.ddns.net\/pachuca\/index.php\/wp-json\/wp\/v2\/product_tag?post=77422"}],"curies":[{"name":"wp","href":"https:\/\/api.w.org\/{rel}","templated":true}]}}