{"id":77417,"date":"2026-03-19T16:00:29","date_gmt":"2026-03-19T16:00:29","guid":{"rendered":"https:\/\/soydeaqui.ddns.net\/pachuca\/index.php\/producto\/switch-administrable-capa-3-24-puertos-10g-sfp-4-puertos-de-40g-100g-qsfp28\/"},"modified":"2026-03-19T16:00:38","modified_gmt":"2026-03-19T16:00:38","slug":"switch-administrable-capa-3-24-puertos-10g-sfp-4-puertos-de-40g-100g-qsfp28","status":"publish","type":"product","link":"https:\/\/soydeaqui.ddns.net\/pachuca\/index.php\/producto\/switch-administrable-capa-3-24-puertos-10g-sfp-4-puertos-de-40g-100g-qsfp28\/","title":{"rendered":"Switch Administrable Capa 3, 24 Puertos 10G SFP+, 4 Puertos de 40G\/100G QSFP28"},"content":{"rendered":"<div style='width: 100%; max-width: 1200px; margin: 0 auto; font-family: sans-serif; line-height: 1.6; color: inherit; background-color: transparent;'>\n<div style='display: flex; flex-wrap: wrap; gap: 30px; margin-bottom: 30px;'>\n<div style='flex: 1 1 300px; min-width: 280px;'>\n<h3 style='font-size: 22px; border-bottom: 2px solid currentColor; padding-bottom: 5px; margin-top: 0; color: inherit; opacity: 0.8;'>Caracter\u00edsticas<\/h3>\n<div style='display: flex; flex-wrap: wrap; gap: 10px; justify-content: center; margin: 15px 0;'> <img style='width: 48px; height: auto; border: 1px solid rgba(150&comma;150&comma;150&comma;0.3); border-radius: 8px;' src='https:\/\/www.planet.com.tw\/storage\/icons\/638\/100Gbps-QSFP281.png' alt='QSFP28 de 100 Gbps'> <img style='width: 48px; height: auto; border: 1px solid rgba(150&comma;150&comma;150&comma;0.3); border-radius: 8px;' src='https:\/\/www.planet.com.tw\/storage\/icons\/3icon_L3_RIP_Routing.png' alt='Enrutamiento RIP L3'> <img style='width: 48px; height: auto; border: 1px solid rgba(150&comma;150&comma;150&comma;0.3); border-radius: 8px;' src='https:\/\/www.planet.com.tw\/storage\/icons\/4icon_L3_OSPF_Routing.png' alt='Enrutamiento L3 OSPF'> <img style='width: 48px; height: auto; border: 1px solid rgba(150&comma;150&comma;150&comma;0.3); border-radius: 8px;' src='https:\/\/www.planet.com.tw\/storage\/icons\/0icon_snmp.png' alt='SNMP'> <img style='width: 48px; height: auto; border: 1px solid rgba(150&comma;150&comma;150&comma;0.3); border-radius: 8px;' src='https:\/\/www.planet.com.tw\/storage\/icons\/1icon_IPv6-Management.png' alt='Gesti\u00f3n de IPv6'> <img style='width: 48px; height: auto; border: 1px solid rgba(150&comma;150&comma;150&comma;0.3); border-radius: 8px;' src='https:\/\/www.planet.com.tw\/storage\/icons\/2icon_802.1Q_VLAN.png' alt='VLAN 802.1Q'> <\/div>\n<\/p><\/div>\n<\/p><\/div>\n<div style='display: flex; flex-wrap: wrap; gap: 30px; margin-bottom: 30px;'>\n<div style='flex: 1 1 300px; min-width: 280px;'> <img style='width: 100%; height: auto; border: 1px solid rgba(150&comma;150&comma;150&comma;0.3); border-radius: 8px;' src='https:\/\/www.planet.com.tw\/storage\/products\/49186\/edm_XGS-6350-24X4C2.jpg' alt=''> <\/div>\n<div style='flex: 1 1 300px; min-width: 280px;'> <img style='width: 100%; height: auto; border: 1px solid rgba(150&comma;150&comma;150&comma;0.3); border-radius: 8px;' src='https:\/\/www.planet.com.tw\/storage\/products\/49186\/XGS-6350-24X4C_Front-Panel-Introducton.png' alt=''> <\/div>\n<div style='flex: 1 1 300px; min-width: 280px;'> <img style='width: 100%; height: auto; border: 1px solid rgba(150&comma;150&comma;150&comma;0.3); border-radius: 8px;' src='https:\/\/www.planet.com.tw\/storage\/products\/49186\/XGS-6350-24X4C_Real-Panel-Introducton.png' alt=''> <\/div>\n<\/p><\/div>\n<div style='display: flex; flex-wrap: wrap; gap: 30px; margin-bottom: 30px;'>\n<div style='flex: 1 1 300px; min-width: 280px;'> <img style='width: 100%; height: auto; border: 1px solid rgba(150&comma;150&comma;150&comma;0.3); border-radius: 8px;' src='https:\/\/www.planet.com.tw\/storage\/products\/49186\/XGS-6350-24X4C-2.png' alt=''> <\/div>\n<div style='flex: 1 1 300px; min-width: 280px;'>\n<h3 style='font-size: 20px; margin-top: 0; color: inherit; opacity: 0.9;'>Soluci\u00f3n de flexibilidad y extensi\u00f3n<\/h3>\n<p style='margin: 0 0 15px 0; font-size: 15px; color: inherit;'>Proporciona 24 interfaces SFP+ de 10 Gbps&comma; cuatro interfaces de fibra QSFP28 de 100 Gbps. Cada una de las ranuras SFP+ admite velocidad dual&comma; 10GBASE-SR \/ LR o 1000BASE-SX \/ LX y cada una de las ranuras QSFP28 admite modos nativos de 100 Gigabit Ethernet&comma; 40G y 4 x 10 Gigabit Ethernet. Por lo tanto&comma; el administrador puede elegir de manera flexible el transceptor SFP adecuado de acuerdo no solo con la distancia de transmisi\u00f3n&comma; sino tambi\u00e9n con la velocidad de transmisi\u00f3n requerida.<\/p>\n<\/p><\/div>\n<\/p><\/div>\n<div style='display: flex; flex-wrap: wrap; gap: 30px; margin-bottom: 30px;'>\n<div style='flex: 1 1 300px; min-width: 280px;'>\n<h3 style='font-size: 20px; margin-top: 0; color: inherit; opacity: 0.9;'>Servicio Triple Play of Backbone<\/h3>\n<p style='font-size: 15px; color: inherit;'>En telecomunicaciones&comma; el servicio triple play es un t\u00e9rmino de marketing para el aprovisionamiento a trav\u00e9s de una \u00fanica conexi\u00f3n que requieren m\u00e1s ancho de banda&comma; como el acceso a Internet de banda ancha&comma; la televisi\u00f3n y el tel\u00e9fono sensible a la latencia.<\/p>\n<\/p><\/div>\n<div style='flex: 1 1 300px; min-width: 280px;'> <img style='width: 100%; height: auto; border: 1px solid rgba(150&comma;150&comma;150&comma;0.3); border-radius: 8px;' src='https:\/\/www.planet.com.tw\/storage\/products\/49186\/XGS-6350-24X4C-1.png' alt=''> <\/div>\n<\/p><\/div>\n<div style='display: flex; flex-wrap: wrap; gap: 20px; margin-bottom: 30px;'>\n<div style='flex: 1 1 250px; border: 1px solid rgba(150&comma; 150&comma; 150&comma; 0.4); border-radius: 8px; overflow: hidden; display: flex; flex-direction: column;'>\n<div style='padding: 15px; border-bottom: 1px solid rgba(150&comma; 150&comma; 150&comma; 0.2); font-weight: bold; font-size: 18px; color: inherit;'>Especificaciones de hardware<\/div>\n<div style='padding: 15px; color: inherit;'>\n<ul style='padding-left: 20px; margin: 0; font-size: 14px; list-style-type: disc;'>\n<li style='margin-bottom: 5px;'><strong>Ranuras QSFP28:<\/strong> 4&comma; cada uno admite modos nativos 100\/40 Gigabit Ethernet y 4 x 10 Gigabit Ethernet<\/li>\n<li style='margin-bottom: 5px;'><strong>Ranuras SFP+:<\/strong> 24 interfaces 10GBASE-SR\/LR SFP+<br \/><span style='margin-left: 15px;'>Compatible con transceptor 1000BASE-SX\/LX\/BX SFP<\/span><\/li>\n<li style='margin-bottom: 5px;'><strong>GMT:<\/strong> 1 puerto 10\/100\/1000Base-T RJ45<\/li>\n<li style='margin-bottom: 5px;'><strong>Consola:<\/strong> 1 puerto serie RJ45 a DB9 (9600&comma; 8&comma; N&comma; 1)<\/li>\n<li style='margin-bottom: 5px;'><strong>USB:<\/strong> 1 USB 2.0<\/li>\n<li style='margin-bottom: 5px;'><strong>Capacidad del interruptor:<\/strong> 800 Gbps\/sin bloqueo<\/li>\n<li style='margin-bottom: 5px;'><strong>Throughput:<\/strong> 960Mpps<\/li>\n<li style='margin-bottom: 5px;'><strong>Tabla de direcciones:<\/strong> Tabla de direcciones MAC de 32K con funci\u00f3n de aprendizaje autom\u00e1tico<\/li>\n<li style='margin-bottom: 5px;'><strong>Garant\u00eda:<\/strong> 3 a\u00f1os<\/li>\n<li style='margin-bottom: 5px;'><strong>Consumo de energ\u00eda:<\/strong> 75 W \/210 BTU (m\u00e1ximo)<\/li>\n<li style='margin-bottom: 5px;'><strong>Requerimientos de energ\u00eda:<\/strong> CA 100 ~ 240 V&comma; 50\/60 Hz<\/li>\n<li style='margin-bottom: 5px;'><strong>Ventiladores:<\/strong> 4<\/li>\n<\/ul><\/div>\n<\/p><\/div>\n<div style='flex: 1 1 250px; border: 1px solid rgba(150&comma; 150&comma; 150&comma; 0.4); border-radius: 8px; overflow: hidden; display: flex; flex-direction: column;'>\n<div style='padding: 15px; border-bottom: 1px solid rgba(150&comma; 150&comma; 150&comma; 0.2); font-weight: bold; font-size: 18px; color: inherit;'>Configuraci\u00f3n del sistema<\/div>\n<div style='padding: 15px; color: inherit;'>\n<ul style='padding-left: 20px; margin: 0; font-size: 14px; list-style-type: disc;'>\n<li style='margin-bottom: 5px;'>Consola<\/li>\n<li style='margin-bottom: 5px;'>Telnet<\/li>\n<li style='margin-bottom: 5px;'>SSH<\/li>\n<li style='margin-bottom: 5px;'>SSL<\/li>\n<li style='margin-bottom: 5px;'>Navegador web<\/li>\n<li style='margin-bottom: 5px;'>SNMP v1&comma; v2c y v3<\/li>\n<\/ul><\/div>\n<\/p><\/div>\n<div style='flex: 1 1 250px; border: 1px solid rgba(150&comma; 150&comma; 150&comma; 0.4); border-radius: 8px; overflow: hidden; display: flex; flex-direction: column;'>\n<div style='padding: 15px; border-bottom: 1px solid rgba(150&comma; 150&comma; 150&comma; 0.2); font-weight: bold; font-size: 18px; color: inherit;'>Paquete contiene<\/div>\n<div style='padding: 15px; color: inherit;'>\n<ul style='padding-left: 20px; margin: 0; font-size: 14px; list-style-type: disc;'>\n<li style='margin-bottom: 5px;'>1 Switch<\/li>\n<li style='margin-bottom: 5px;'>1 Gu\u00eda de instalaci\u00f3n<\/li>\n<li style='margin-bottom: 5px;'>1 Cable de consola RJ45 a DB9<\/li>\n<li style='margin-bottom: 5px;'>1 Cable de fuente de voltaje<\/li>\n<li style='margin-bottom: 5px;'>4 Pies de goma<\/li>\n<li style='margin-bottom: 5px;'>2 Montaje para rack y 6 tornillos<\/li>\n<li style='margin-bottom: 5px;'>28 capuchas protectoras de puertos (instaladas en switch)<\/li>\n<\/ul><\/div>\n<\/p><\/div>\n<\/p><\/div>\n<div style='display: flex; flex-wrap: wrap; gap: 20px; margin-bottom: 30px;'>\n<div style='flex: 1 1 250px;'>\n<h3 style='font-size: 18px; margin-top: 0; margin-bottom: 10px; color: inherit; opacity: 0.8;'>Caracter\u00edsticas t\u00e9cnicas<\/h3>\n<ul style='padding-left: 20px; font-size: 14px; color: inherit;'>\n<li style='margin-bottom: 5px;'><strong>Jumbo Frame:<\/strong> 9KB<\/li>\n<li style='margin-bottom: 5px;'><strong>Dimensiones:<\/strong> 442&comma;5 x 364 x 44 mm&comma; 1U de altura<\/li>\n<li style='margin-bottom: 5px;'><strong>Peso:<\/strong> 5990g<\/li>\n<\/ul><\/div>\n<div style='flex: 1 1 250px;'>\n<h3 style='font-size: 18px; margin-top: 0; margin-bottom: 10px; color: inherit; opacity: 0.8;'>Funciones de Capa 3<\/h3>\n<ul style='padding-left: 20px; font-size: 14px; color: inherit;'>\n<li style='margin-bottom: 5px;'>Routing Protocol<\/li>\n<li style='margin-bottom: 5px;'>Tabla de Ruteo<\/li>\n<li style='margin-bottom: 5px;'>DHCP<\/li>\n<li style='margin-bottom: 5px;'>VRRP<\/li>\n<\/ul><\/div>\n<\/p><\/div>\n<div style='display: flex; flex-wrap: wrap; gap: 20px; margin-bottom: 30px;'>\n<div style='flex: 1 1 250px;'>\n<h3 style='font-size: 18px; margin-top: 0; margin-bottom: 10px; color: inherit; opacity: 0.8;'>Funciones de Capa 2<\/h3>\n<ul style='padding-left: 20px; font-size: 14px; color: inherit;'>\n<li style='margin-bottom: 5px;'><strong>Configuraci\u00f3n del puerto:<\/strong> Activar\/desactivar puerto<\/li>\n<li style='margin-bottom: 5px;'>Negociaci\u00f3n autom\u00e1tica Selecci\u00f3n de modo d\u00faplex completo y semid\u00faplex de 10\/100\/1000 Mbps<\/li>\n<li style='margin-bottom: 5px;'>Activar\/desactivar control de flujo Control de ancho de banda en cada puerto Detecci\u00f3n de loopback de puerto<\/li>\n<\/ul><\/div>\n<div style='flex: 1 1 250px;'>\n<h3 style='font-size: 18px; margin-top: 0; margin-bottom: 10px; color: inherit; opacity: 0.8;'>VLAN<\/h3>\n<ul style='padding-left: 20px; font-size: 14px; color: inherit;'>\n<li style='margin-bottom: 5px;'>VLAN basada en etiquetas 802.1Q&comma; hasta 4K entradas de VLAN<\/li>\n<li style='margin-bottom: 5px;'>802.1ad Q-in-Q (apilamiento de VLAN)<\/li>\n<li style='margin-bottom: 5px;'>GVRP para administraci\u00f3n de VLAN<\/li>\n<li style='margin-bottom: 5px;'>Admite VLAN privada Edge (PVE)<\/li>\n<li style='margin-bottom: 5px;'>VLAN basada en protocolo<\/li>\n<li style='margin-bottom: 5px;'>VLAN basada en MAC<\/li>\n<li style='margin-bottom: 5px;'>VLAN de subred IP<\/li>\n<\/ul><\/div>\n<div style='flex: 1 1 250px;'>\n<h3 style='font-size: 18px; margin-top: 0; margin-bottom: 10px; color: inherit; opacity: 0.8;'>Funcionalidades adicionales<\/h3>\n<ul style='padding-left: 20px; font-size: 14px; color: inherit;'>\n<li style='margin-bottom: 5px;'><strong>Control de Ancho de Banda:<\/strong> TX\/RX\/ambos<\/li>\n<li style='margin-bottom: 5px;'><strong>Link Aggregation:<\/strong> IEEE 802.3ad LACP\/troncal est\u00e1tico. Admite 32 grupos con 8 puertos por grupo de troncales<\/li>\n<li style='margin-bottom: 5px;'><strong>QoS:<\/strong> 8 colas de prioridad en todos los puertos del switch. Admite prioridad estricta y pol\u00edticas de CoS de Round Robin ponderado (WRR). Clasificaci\u00f3n de tr\u00e1fico: IEEE 802.1p CoS\/ToS&comma; IPv4\/IPv6 DSCP&comma; WRR basado en puerto<\/li>\n<li style='margin-bottom: 5px;'><strong>Multicast:<\/strong> IGMP v1\/v2\/v3 snooping&comma; Querier mode support&comma; MLD v1\/v2 snooping&comma; multicast VLAN Register (MVR)<\/li>\n<li style='margin-bottom: 5px;'><strong>Lista de control de acceso:<\/strong> Admite ACL est\u00e1ndar y expandida. ACL basada en IP\/ACL basada en MAC ACL basada en tiempo. Hasta 1K entradas<\/li>\n<li style='margin-bottom: 5px;'><strong>Seguridad:<\/strong> Aislamiento de puertos. Compatible con IP + MAC + vinculaci\u00f3n de puertos. Defensa contra ataques de DOS o TCP. Supresi\u00f3n de paquetes de difusi\u00f3n&comma; multidifusi\u00f3n y unidifusi\u00f3n desconocidos. DHCP Snooping&comma; DHCP Option 82. Control de autoridad de l\u00ednea de comandos basado en niveles de usuario<\/li>\n<li style='margin-bottom: 5px;'><strong>Autenticaci\u00f3n:<\/strong> Control de acceso a la red basado en puerto IEEE 802.1x. Autenticaci\u00f3n AAA: TACACS+ e IPv4\/IPv6 sobre RADIUS<\/li>\n<li style='margin-bottom: 5px;'><strong>MIB de SNMP:<\/strong> (Compatibilidad en manual de usuario)<\/li>\n<\/ul><\/div>\n<\/p><\/div>\n<div style='display: flex; flex-wrap: wrap; gap: 20px; margin-bottom: 30px;'>\n<div style='flex: 1 1 250px;'>\n<h3 style='font-size: 18px; margin-top: 0; margin-bottom: 10px; color: inherit; opacity: 0.8;'>Cumplimiento normativo<\/h3>\n<ul style='padding-left: 20px; font-size: 14px; color: inherit;'>\n<li style='margin-bottom: 5px;'>FCC Parte 15 Clase A<\/li>\n<li style='margin-bottom: 5px;'>CE<\/li>\n<\/ul><\/div>\n<div style='flex: 1 1 250px;'>\n<h3 style='font-size: 18px; margin-top: 0; margin-bottom: 10px; color: inherit; opacity: 0.8;'>Cumplimiento de est\u00e1ndares<\/h3>\n<ul style='padding-left: 20px; font-size: 14px; color: inherit;'>\n<li style='margin-bottom: 5px;'>IEEE 802.3z Gigabit 1000BASE-SX\/LX<\/li>\n<li style='margin-bottom: 5px;'>IEEE 802.3ae 10 Gb\/s Ethernet<\/li>\n<li style='margin-bottom: 5px;'>Control de flujo y contrapresi\u00f3n<\/li>\n<li style='margin-bottom: 5px;'>IEEE 802.3x Puerto troncal<\/li>\n<li style='margin-bottom: 5px;'>IEEE 802.3ad<\/li>\n<\/ul><\/div>\n<\/p><\/div>\n<\/p><\/div>\n","protected":false},"excerpt":{"rendered":"<p>Switch Administrable Capa 3, 24 Puertos 10G SFP+, 4 Puertos de 40G\/100G QSFP28<\/p>\n","protected":false},"featured_media":77416,"comment_status":"open","ping_status":"closed","template":"","meta":[],"product_brand":[],"product_cat":[1970],"product_tag":[664,2033,1971],"class_list":{"0":"post-77417","1":"product","2":"type-product","3":"status-publish","4":"has-post-thumbnail","6":"product_cat-switches","7":"product_tag-networking","8":"product_tag-planet","9":"product_tag-switches","11":"first","12":"instock","13":"sale","14":"shipping-taxable","15":"purchasable","16":"product-type-simple"},"_links":{"self":[{"href":"https:\/\/soydeaqui.ddns.net\/pachuca\/index.php\/wp-json\/wp\/v2\/product\/77417","targetHints":{"allow":["GET"]}}],"collection":[{"href":"https:\/\/soydeaqui.ddns.net\/pachuca\/index.php\/wp-json\/wp\/v2\/product"}],"about":[{"href":"https:\/\/soydeaqui.ddns.net\/pachuca\/index.php\/wp-json\/wp\/v2\/types\/product"}],"replies":[{"embeddable":true,"href":"https:\/\/soydeaqui.ddns.net\/pachuca\/index.php\/wp-json\/wp\/v2\/comments?post=77417"}],"wp:featuredmedia":[{"embeddable":true,"href":"https:\/\/soydeaqui.ddns.net\/pachuca\/index.php\/wp-json\/wp\/v2\/media\/77416"}],"wp:attachment":[{"href":"https:\/\/soydeaqui.ddns.net\/pachuca\/index.php\/wp-json\/wp\/v2\/media?parent=77417"}],"wp:term":[{"taxonomy":"product_brand","embeddable":true,"href":"https:\/\/soydeaqui.ddns.net\/pachuca\/index.php\/wp-json\/wp\/v2\/product_brand?post=77417"},{"taxonomy":"product_cat","embeddable":true,"href":"https:\/\/soydeaqui.ddns.net\/pachuca\/index.php\/wp-json\/wp\/v2\/product_cat?post=77417"},{"taxonomy":"product_tag","embeddable":true,"href":"https:\/\/soydeaqui.ddns.net\/pachuca\/index.php\/wp-json\/wp\/v2\/product_tag?post=77417"}],"curies":[{"name":"wp","href":"https:\/\/api.w.org\/{rel}","templated":true}]}}