{"id":77403,"date":"2026-03-19T15:59:54","date_gmt":"2026-03-19T15:59:54","guid":{"rendered":"https:\/\/soydeaqui.ddns.net\/pachuca\/index.php\/producto\/servidor-nas-para-rack-de-12-bahias-expandible-hasta-180-bahias-hasta-1536-tb-2\/"},"modified":"2026-03-19T16:00:04","modified_gmt":"2026-03-19T16:00:04","slug":"servidor-nas-para-rack-de-12-bahias-expandible-hasta-180-bahias-hasta-1536-tb-2","status":"publish","type":"product","link":"https:\/\/soydeaqui.ddns.net\/pachuca\/index.php\/producto\/servidor-nas-para-rack-de-12-bahias-expandible-hasta-180-bahias-hasta-1536-tb-2\/","title":{"rendered":"Servidor NAS para rack de 12 bah\u00edas \/ Expandible hasta 180 bah\u00edas \/ Hasta 1,536 TB"},"content":{"rendered":"<div style='width: 100%; max-width: 1200px; margin: 0 auto; font-family: sans-serif; line-height: 1.6; color: inherit; background-color: transparent;'>\n<div style='display: flex; flex-wrap: wrap; gap: 30px; margin-bottom: 30px;'>\n<div style='flex: 1 1 300px; min-width: 280px;'>\n<h3 style='font-size: 22px; border-bottom: 2px solid currentColor; padding-bottom: 5px; margin-top: 0; color: inherit; opacity: 0.8;'>SA3400<\/h3>\n<p style='font-size: 15px; color: inherit; margin-top: 0;'>La soluci\u00f3n de copia de seguridad definitiva El SA3400 integra varias aplicaciones de copia de seguridad para proteger sus datos importantes en cualquier dispositivo con una interfaz de usuario intuitiva y tecnolog\u00edas de almacenamiento duradero.<\/p>\n<\/p><\/div>\n<div style='flex: 1 1 300px; min-width: 280px; position: relative;'> <img style='width: 100%; height: auto; border: 1px solid rgba(150&comma;150&comma;150&comma;0.3); border-radius: 8px;' src='http:\/\/172.31.13.99\/usuarios\/nortega\/synology\/imagenes\/FS3600\/heading.png' alt=''> <\/div>\n<\/p><\/div>\n<hr style='border: 0; border-top: 1px solid rgba(150&comma; 150&comma; 150&comma; 0.3); margin: 30px 0;'>\n<div style='display: flex; flex-wrap: wrap; gap: 30px; margin-bottom: 30px;'>\n<div style='flex: 1 1 300px; min-width: 280px;'>\n<h3 style='font-size: 18px; color: inherit; opacity: 0.8; margin: 0 0 15px 0;'>Almacenamiento altamente escalable con un rendimiento sin concesiones<\/h3>\n<p style='font-size: 15px; color: inherit; margin: 0;'>Equipado con una CPU de 8 n\u00facleos y 16 GB de memoria ECC RDIMM&comma; SA3400 ofrece rendimiento secuencial a m\u00e1s de 5520 MB\/s y 304 277 IOPS aleatorias1. Las expansiones Ethernet de 10 GbE y PCIe integradas&comma; y la compatibilidad con unidades SAS y SATA ofrecen una capacidad de configuraci\u00f3n flexible con transmisi\u00f3n de datos r\u00e1pida&comma; que satisfacen las necesidades de las empresas modernas de rendimiento excelente y escalabilidad de almacenamiento masiva al mismo tiempo.<\/p>\n<\/p><\/div>\n<\/p><\/div>\n<div style='display: grid; grid-template-columns: repeat(auto-fill&comma; minmax(250px&comma; 1fr)); gap: 20px; margin-bottom: 30px;'>\n<div style='border: 1px solid rgba(150&comma; 150&comma; 150&comma; 0.4); border-radius: 8px; overflow: hidden;'>\n<div style='padding: 15px; border-bottom: 1px solid rgba(150&comma; 150&comma; 150&comma; 0.2); font-weight: bold; font-size: 16px; color: inherit;'>CPU<\/div>\n<div style='padding: 15px; color: inherit;'>\n<ul style='padding-left: 20px; margin: 0; font-size: 14px; list-style-type: disc;'>\n<li style='margin-bottom: 5px;'><strong>Modelo:<\/strong> Intel\u00ae Xeon\u00ae D-1541 de 8 n\u00facleos y 2&comma;1 GHz<\/li>\n<\/ul><\/div>\n<\/p><\/div>\n<div style='border: 1px solid rgba(150&comma; 150&comma; 150&comma; 0.4); border-radius: 8px; overflow: hidden;'>\n<div style='padding: 15px; border-bottom: 1px solid rgba(150&comma; 150&comma; 150&comma; 0.2); font-weight: bold; font-size: 16px; color: inherit;'>Memoria<\/div>\n<div style='padding: 15px; color: inherit;'>\n<ul style='padding-left: 20px; margin: 0; font-size: 14px; list-style-type: disc;'>\n<li style='margin-bottom: 5px;'><strong>Capacidad:<\/strong> 16 GB DDR4 ECC RDIMM<\/li>\n<li style='margin-bottom: 5px;'><strong>Expansible:<\/strong> Hasta 128 GB<\/li>\n<\/ul><\/div>\n<\/p><\/div>\n<div style='border: 1px solid rgba(150&comma; 150&comma; 150&comma; 0.4); border-radius: 8px; overflow: hidden;'>\n<div style='padding: 15px; border-bottom: 1px solid rgba(150&comma; 150&comma; 150&comma; 0.2); font-weight: bold; font-size: 16px; color: inherit;'>Escalabilidad<\/div>\n<div style='padding: 15px; color: inherit;'>\n<ul style='padding-left: 20px; margin: 0; font-size: 14px; list-style-type: disc;'>\n<li style='margin-bottom: 5px;'><strong>Unidades soportadas:<\/strong> Hasta 180\/96 unidades SAS\/SATA<\/li>\n<\/ul><\/div>\n<\/p><\/div>\n<div style='border: 1px solid rgba(150&comma; 150&comma; 150&comma; 0.4); border-radius: 8px; overflow: hidden;'>\n<div style='padding: 15px; border-bottom: 1px solid rgba(150&comma; 150&comma; 150&comma; 0.2); font-weight: bold; font-size: 16px; color: inherit;'>Ampliabilidad<\/div>\n<div style='padding: 15px; color: inherit;'>\n<ul style='padding-left: 20px; margin: 0; font-size: 14px; list-style-type: disc;'>\n<li style='margin-bottom: 5px;'><strong>Conexiones:<\/strong> 2 PCIe 3.0 para expansi\u00f3n mediante tarjetas adicionales<\/li>\n<\/ul><\/div>\n<\/p><\/div>\n<\/p><\/div>\n<div style='background-color: rgba(31&comma; 36&comma; 45&comma; 0.9); padding: 15px; border-radius: 8px; color: inherit; margin: 30px 0;'>\n<div style='display: flex; flex-wrap: wrap; gap: 20px;'>\n<div style='flex: 1 1 300px; min-width: 280px;'>\n<p style='font-size: 15px; color: inherit; margin: 0;'>Almacenamiento escalable con un rendimiento excelente Hasta 180 unidades de almacenamiento y m\u00e1s de 1 petabyte de capacidad sin procesar&comma; el SA3400 satisface con facilidad las necesidades de la posproducci\u00f3n de v\u00eddeo y la implementaci\u00f3n de vigilancia masiva.<\/p>\n<\/p><\/div>\n<div style='flex: 1 1 300px; min-width: 280px;'>\n<p style='font-size: 15px; color: inherit; margin: 0;'>Dos puertos Ethernet 10GBASE-T integrados&comma; ranuras PCIe 3.0 para ampliar a 10\/25GbE adicionales&comma; el SA3400 ofrece una soluci\u00f3n de almacenamiento flexible y ampliable con un coste total de propiedad optimizado. El SA3400 cuenta con una CPU Intel\u00ae Xeon\u00ae D-1541 de 8 n\u00facleos y 16 GB de memoria RDIMM ECC (ampliable a 128 GB) para garantizar el rendimiento del sistema y la integridad de los datos.<\/p>\n<\/p><\/div>\n<\/p><\/div>\n<\/p><\/div>\n<div style='background-color: rgba(221&comma; 229&comma; 237&comma; 0.9); padding: 15px; border-radius: 8px; color: inherit; margin: 30px 0;'>\n<div style='display: flex; flex-wrap: wrap; gap: 20px; align-items: center;'>\n<div style='flex: 0 0 100px;'> <img style='width: 100%; height: auto; border: 1px solid rgba(150&comma;150&comma;150&comma;0.3); border-radius: 8px;' src='https:\/\/ftp3.syscom.mx\/usuarios\/ftp\/single_page\/synology\/5year_warranty_02.png' alt=''> <\/div>\n<div style='flex: 1 1 200px; min-width: 280px;'>\n<p style='font-size: 15px; color: inherit; margin: 0;'>Gracias a la y al servicio de sustituci\u00f3n de hardware con gran capacidad de respuesta proporcionados por Synology&comma; con el FS3400 disfrutar\u00e1 de un servidor fiable&comma; que le permitir\u00e1 maximizar el tiempo de actividad de los servicios y reducir las p\u00e9rdidas provocadas por fallos de hardware inesperados.<\/p>\n<\/p><\/div>\n<\/p><\/div>\n<\/p><\/div>\n<hr style='border: 0; border-top: 1px solid rgba(150&comma; 150&comma; 150&comma; 0.3); margin: 30px 0;'>\n<div style='display: flex; flex-wrap: wrap; gap: 30px; margin-bottom: 30px;'>\n<div style='flex: 1 1 300px; min-width: 280px;'>\n<h3 style='font-size: 18px; border-bottom: 2px solid currentColor; padding-bottom: 5px; margin-top: 0; color: inherit; opacity: 0.8;'>Procesador<\/h3>\n<ul style='padding-left: 20px; font-size: 14px; color: inherit; margin: 15px 0 0 0;'>\n<li style='margin-bottom: 5px;'><strong>Modelo:<\/strong> Intel Xeon D-1541<\/li>\n<li style='margin-bottom: 5px;'><strong>Arquitectura:<\/strong> 64-bit<\/li>\n<li style='margin-bottom: 5px;'><strong>Velocidad:<\/strong> 2.2GHz Octa Core<\/li>\n<\/ul><\/div>\n<div style='flex: 1 1 300px; min-width: 280px;'>\n<h3 style='font-size: 18px; border-bottom: 2px solid currentColor; padding-bottom: 5px; margin-top: 0; color: inherit; opacity: 0.8;'>Almacenamiento<\/h3>\n<ul style='padding-left: 20px; font-size: 14px; color: inherit; margin: 15px 0 0 0;'>\n<li style='margin-bottom: 5px;'><strong>Bah\u00edas:<\/strong> 12 bah\u00edas para Disco Duro (no incluidos)<\/li>\n<li style='margin-bottom: 5px;'><strong>Expansi\u00f3n:<\/strong> Expandible hasta 96 bah\u00edas con unidad de expansi\u00f3n RX1217SAS o 180 bah\u00edas con unidad de expansi\u00f3n RX2417SAS<\/li>\n<li style='margin-bottom: 5px;'><strong>Soporte:<\/strong> Discos duros HDD\/SSD de 3.5\u201d&comma; 2.5\u201d SATA HDD\/SSD o SAS<\/li>\n<li style='margin-bottom: 5px;'><strong>Capacidad:<\/strong> Soporta discos duros de hasta 16TB<\/li>\n<li style='margin-bottom: 5px;'><strong>Capacidad total:<\/strong> Hasta 192TB internos&comma; hasta 1&comma;536TB usando la Unidad de Expansi\u00f3n RS1217SAS(x7) o hasta 422.4TB usando la unidad de expansi\u00f3n RS2417SAS(x7)<\/li>\n<li style='margin-bottom: 5px;'><strong>Caracter\u00edstica:<\/strong> Hot Swap<\/li>\n<\/ul><\/div>\n<\/p><\/div>\n<div style='display: flex; flex-wrap: wrap; gap: 30px; margin-bottom: 30px;'>\n<div style='flex: 1 1 300px; min-width: 280px;'>\n<h3 style='font-size: 18px; border-bottom: 2px solid currentColor; padding-bottom: 5px; margin-top: 0; color: inherit; opacity: 0.8;'>Puertos<\/h3>\n<ul style='padding-left: 20px; font-size: 14px; color: inherit; margin: 15px 0 0 0;'>\n<li style='margin-bottom: 5px;'><strong>Ethernet:<\/strong> 4 puertos RJ45 Gigabit (Con soporte de conmutaci\u00f3n por error \/ Link Aggregation)<\/li>\n<li style='margin-bottom: 5px;'><strong>Conectores:<\/strong> 2 puertos 10GBASE-T<\/li>\n<li style='margin-bottom: 5px;'><strong>USB:<\/strong> 4 puertos USB 3.0<\/li>\n<li style='margin-bottom: 5px;'><strong>SAS:<\/strong> 2 puertos SAS para expansi\u00f3n<\/li>\n<li style='margin-bottom: 5px;'><strong>Conexi\u00f3n de almacenamiento:<\/strong> 1 puerto M.2 2280 (solo para cach\u00e9)<\/li>\n<li style='margin-bottom: 5px;'><strong>Puerto de consola:<\/strong> 1 puerto RS-232 (DB-9)<\/li>\n<li style='margin-bottom: 5px;'><strong>Puerto de gesti\u00f3n:<\/strong> 1 puerto RJ45 dedicado<\/li>\n<\/ul><\/div>\n<div style='flex: 1 1 300px; min-width: 280px;'>\n<h3 style='font-size: 18px; border-bottom: 2px solid currentColor; padding-bottom: 5px; margin-top: 0; color: inherit; opacity: 0.8;'>Caracter\u00edsticas F\u00edsicas<\/h3>\n<ul style='padding-left: 20px; font-size: 14px; color: inherit; margin: 15px 0 0 0;'>\n<li style='margin-bottom: 5px;'><strong>Factor de forma:<\/strong> 2U&comma; montaje en rack<\/li>\n<li style='margin-bottom: 5px;'><strong>Fuentes de poder:<\/strong> Doble fuente de alimentaci\u00f3n redundante<\/li>\n<li style='margin-bottom: 5px;'><strong>Refrigeraci\u00f3n:<\/strong> 3 ventiladores de 60 mm<\/li>\n<li style='margin-bottom: 5px;'><strong>Temperatura:<\/strong> 0\u00b0C a 40\u00b0C<\/li>\n<li style='margin-bottom: 5px;'><strong>Dimensiones:<\/strong> 88mm (Alto) x 447mm (Ancho) x 610mm (Profundidad)<\/li>\n<li style='margin-bottom: 5px;'><strong>Peso:<\/strong> 15.8 kg<\/li>\n<li style='margin-bottom: 5px;'><strong>Montaje:<\/strong> Incluye kit de montaje en rack<\/li>\n<\/ul><\/div>\n<\/p><\/div>\n<div style='display: flex; flex-wrap: wrap; gap: 30px; margin-bottom: 30px;'>\n<div style='flex: 1 1 300px; min-width: 280px;'>\n<h3 style='font-size: 18px; border-bottom: 2px solid currentColor; padding-bottom: 5px; margin-top: 0; color: inherit; opacity: 0.8;'>Sistema<\/h3>\n<ul style='padding-left: 20px; font-size: 14px; color: inherit; margin: 15px 0 0 0;'>\n<li style='margin-bottom: 5px;'><strong>Sistema operativo:<\/strong> Synology DiskStation Manager<\/li>\n<li style='margin-bottom: 5px;'><strong>Aplicaciones:<\/strong> Incluye m\u00faltiples aplicaciones de copia de seguridad y protecci\u00f3n de datos<\/li>\n<li style='margin-bottom: 5px;'><strong>Garant\u00eda:<\/strong> 2 a\u00f1os<\/li>\n<\/ul><\/div>\n<div style='flex: 1 1 300px; min-width: 280px;'>\n<h3 style='font-size: 18px; border-bottom: 2px solid currentColor; padding-bottom: 5px; margin-top: 0; color: inherit; opacity: 0.8;'>Caracter\u00edsticas Adicionales<\/h3>\n<ul style='padding-left: 20px; font-size: 14px; color: inherit; margin: 15px 0 0 0;'>\n<li style='margin-bottom: 5px;'><strong>RAID:<\/strong> Soporta JBOD&comma; RAID 0&comma; 1&comma; 5&comma; 6&comma; 10&comma; 50&comma; 60<\/li>\n<li style='margin-bottom: 5px;'><strong>Virtualizaci\u00f3n:<\/strong> Compatibilidad con VMware&comma; Citrix&comma; Microsoft Hyper-V y Windows Server 2012<\/li>\n<li style='margin-bottom: 5px;'><strong>Copias de seguridad:<\/strong> Integraci\u00f3n con Amazon S3&comma; Google Cloud&comma; Microsoft Azure y otros<\/li>\n<\/ul><\/div>\n<\/p><\/div>\n<hr style='border: 0; border-top: 1px solid rgba(150&comma; 150&comma; 150&comma; 0.3); margin: 30px 0;'> <\/div>\n","protected":false},"excerpt":{"rendered":"<p>Servidor NAS para rack de 12 bah\u00edas \/ Expandible hasta 180 bah\u00edas \/ Hasta 1,536 TB<\/p>\n","protected":false},"featured_media":77402,"comment_status":"open","ping_status":"closed","template":"","meta":[],"product_brand":[],"product_cat":[2064],"product_tag":[2066,2065,1976],"class_list":{"0":"post-77403","1":"product","2":"type-product","3":"status-publish","4":"has-post-thumbnail","6":"product_cat-almacenamiento-nas-san-esata","7":"product_tag-almacenamiento-nas-san-esata","8":"product_tag-servidores-almacenamiento","9":"product_tag-synology","11":"first","12":"outofstock","13":"sale","14":"shipping-taxable","15":"purchasable","16":"product-type-simple"},"_links":{"self":[{"href":"https:\/\/soydeaqui.ddns.net\/pachuca\/index.php\/wp-json\/wp\/v2\/product\/77403","targetHints":{"allow":["GET"]}}],"collection":[{"href":"https:\/\/soydeaqui.ddns.net\/pachuca\/index.php\/wp-json\/wp\/v2\/product"}],"about":[{"href":"https:\/\/soydeaqui.ddns.net\/pachuca\/index.php\/wp-json\/wp\/v2\/types\/product"}],"replies":[{"embeddable":true,"href":"https:\/\/soydeaqui.ddns.net\/pachuca\/index.php\/wp-json\/wp\/v2\/comments?post=77403"}],"wp:featuredmedia":[{"embeddable":true,"href":"https:\/\/soydeaqui.ddns.net\/pachuca\/index.php\/wp-json\/wp\/v2\/media\/77402"}],"wp:attachment":[{"href":"https:\/\/soydeaqui.ddns.net\/pachuca\/index.php\/wp-json\/wp\/v2\/media?parent=77403"}],"wp:term":[{"taxonomy":"product_brand","embeddable":true,"href":"https:\/\/soydeaqui.ddns.net\/pachuca\/index.php\/wp-json\/wp\/v2\/product_brand?post=77403"},{"taxonomy":"product_cat","embeddable":true,"href":"https:\/\/soydeaqui.ddns.net\/pachuca\/index.php\/wp-json\/wp\/v2\/product_cat?post=77403"},{"taxonomy":"product_tag","embeddable":true,"href":"https:\/\/soydeaqui.ddns.net\/pachuca\/index.php\/wp-json\/wp\/v2\/product_tag?post=77403"}],"curies":[{"name":"wp","href":"https:\/\/api.w.org\/{rel}","templated":true}]}}