{"id":77393,"date":"2026-03-19T15:59:29","date_gmt":"2026-03-19T15:59:29","guid":{"rendered":"https:\/\/soydeaqui.ddns.net\/pachuca\/index.php\/producto\/kit-fanvil-para-call-center-incluye-telefono-ip-x2cp-y-diadema-ht201-y-fuente-de-alimentacion\/"},"modified":"2026-03-19T15:59:30","modified_gmt":"2026-03-19T15:59:30","slug":"kit-fanvil-para-call-center-incluye-telefono-ip-x2cp-y-diadema-ht201-y-fuente-de-alimentacion","status":"publish","type":"product","link":"https:\/\/soydeaqui.ddns.net\/pachuca\/index.php\/producto\/kit-fanvil-para-call-center-incluye-telefono-ip-x2cp-y-diadema-ht201-y-fuente-de-alimentacion\/","title":{"rendered":"Kit Fanvil para Call Center incluye tel\u00e9fono IP X2CP Y diadema HT201 y fuente de alimentaci\u00f3n."},"content":{"rendered":"<div style='width: 100%; max-width: 1200px; margin: 0 auto; font-family: sans-serif; line-height: 1.6; color: inherit; background-color: transparent;'>\n<div style='display: flex; flex-wrap: wrap; gap: 30px; margin-bottom: 30px;'>\n<div style='flex: 1 1 300px; min-width: 280px;'>\n<h3 style='font-size: 22px; border-bottom: 2px solid currentColor; padding-bottom: 5px; margin-top: 0; color: inherit; opacity: 0.8;'>Descripci\u00f3n general<\/h3>\n<p style='color: inherit; font-size: 15px; margin-bottom: 15px;'>El tel\u00e9fono IP X2CP de Fanvil es un tel\u00e9fono IP profesional para Call Center con un dise\u00f1o intuitivo&comma; limpio y funciones ricas a un precio econ\u00f3mico. La pantalla retro-iluminada de alta resoluci\u00f3n permite a los usuarios acceder a informaci\u00f3n clave de un vistazo. El monitor de llamada efectivo&comma; las teclas de funci\u00f3n LED para silenciar \/ mantener \/ respuesta autom\u00e1tica \/ auricular y el interruptor del pedal pueden mejorar considerablemente la productividad del personal del centro de llamadas. Las funciones de extensi\u00f3n integradas y ricas de PoE de la compatibilidad con auriculares de centro de llamadas&comma; la compatibilidad con auriculares inal\u00e1mbricos EHS proporcionan m\u00e1s comodidad.<\/p>\n<\/p><\/div>\n<\/p><\/div>\n<div style='display: flex; flex-wrap: wrap; gap: 20px; margin-bottom: 30px;'>\n<div style='flex: 1 1 250px; border: 1px solid rgba(150&comma; 150&comma; 150&comma; 0.4); border-radius: 8px; overflow: hidden; display: flex; flex-direction: column;'>\n<div style='padding: 15px; border-bottom: 1px solid rgba(150&comma; 150&comma; 150&comma; 0.2); font-weight: bold; font-size: 18px; color: inherit;'>Caracter\u00edsticas principales<\/div>\n<div style='padding: 15px; color: inherit;'>\n<ul style='padding-left: 20px; margin: 0; font-size: 14px; list-style-type: disc;'>\n<li style='margin-bottom: 5px;'>Pantalla blanco y negro retro-iluminada de 128&#215;48<\/li>\n<li style='margin-bottom: 5px;'>2 Cuentas SIP<\/li>\n<li style='margin-bottom: 5px;'>Voz HD<\/li>\n<li style='margin-bottom: 5px;'>Alimentacion via Poe 802 af<\/li>\n<li style='margin-bottom: 5px;'>Soporte RJ9 y puerto de auriculares de 3.5 mm<\/li>\n<li style='margin-bottom: 5px;'>Soporte para auriculares inal\u00e1mbricos EHS<\/li>\n<li style='margin-bottom: 5px;'>Certificaciones standard industriales: CE\/FCC<\/li>\n<li style='margin-bottom: 5px;'>Incluye fuente de alimentaci\u00f3n<\/li>\n<\/ul><\/div>\n<\/p><\/div>\n<div style='flex: 1 1 250px; border: 1px solid rgba(150&comma; 150&comma; 150&comma; 0.4); border-radius: 8px; overflow: hidden; display: flex; flex-direction: column;'>\n<div style='padding: 15px; border-bottom: 1px solid rgba(150&comma; 150&comma; 150&comma; 0.2); font-weight: bold; font-size: 18px; color: inherit;'>Caracter\u00edsticas de red<\/div>\n<div style='padding: 15px; color: inherit;'>\n<ul style='padding-left: 20px; margin: 0; font-size: 14px; list-style-type: disc;'>\n<li style='margin-bottom: 5px;'>2 puertos Ethernet 10\/100 Mbps modo puente para bypass a PC<\/li>\n<li style='margin-bottom: 5px;'>Configuraci\u00f3n de IP: est\u00e1tico \/ DHCP \/ PPPoE<\/li>\n<li style='margin-bottom: 5px;'>Control de acceso por red: 802.1 x<\/li>\n<li style='margin-bottom: 5px;'>VPN: L2TP (Desencriptado b\u00e1sico)<\/li>\n<li style='margin-bottom: 5px;'>VLAN<\/li>\n<li style='margin-bottom: 5px;'>QoS<\/li>\n<\/ul><\/div>\n<\/p><\/div>\n<div style='flex: 1 1 250px; border: 1px solid rgba(150&comma; 150&comma; 150&comma; 0.4); border-radius: 8px; overflow: hidden; display: flex; flex-direction: column;'>\n<div style='padding: 15px; border-bottom: 1px solid rgba(150&comma; 150&comma; 150&comma; 0.2); font-weight: bold; font-size: 18px; color: inherit;'>Especificaciones f\u00edsicas y el\u00e9ctricas<\/div>\n<div style='padding: 15px; color: inherit;'>\n<ul style='padding-left: 20px; margin: 0; font-size: 14px; list-style-type: disc;'>\n<li style='margin-bottom: 5px;'>Alimentaci\u00f3n: PoE 802.3af \/ 5 Vcc @ .6 A (no incluye transformador)<\/li>\n<li style='margin-bottom: 5px;'>Consumo de potencia: Inactivo \u2013 0.9~1.6 W&comma; Activo \u2013 1.6~2.5 W<\/li>\n<li style='margin-bottom: 5px;'>Dimensiones de empaquetado: 200 x 75 x 52 mm (L x W x H)<\/li>\n<\/ul><\/div>\n<\/p><\/div>\n<div style='flex: 1 1 250px; border: 1px solid rgba(150&comma; 150&comma; 150&comma; 0.4); border-radius: 8px; overflow: hidden; display: flex; flex-direction: column;'>\n<div style='padding: 15px; border-bottom: 1px solid rgba(150&comma; 150&comma; 150&comma; 0.2); font-weight: bold; font-size: 18px; color: inherit;'>Caracter\u00edsticas de Auricular HT201<\/div>\n<div style='padding: 15px; color: inherit;'>\n<ul style='padding-left: 20px; margin: 0; font-size: 14px; list-style-type: disc;'>\n<li style='margin-bottom: 5px;'>Tipo de Headset: Monaural<\/li>\n<li style='margin-bottom: 5px;'>Puerto: 1 RJ9<\/li>\n<li style='margin-bottom: 5px;'>Diametro del Speaker: 28nm<\/li>\n<li style='margin-bottom: 5px;'>Impedancia del Speaker: 300\u03a9<\/li>\n<li style='margin-bottom: 5px;'>Rango de frecuencia: 150Hz- 6400Hz<\/li>\n<li style='margin-bottom: 5px;'>Sensibilidad del Speaker: 95db \u00b15db<\/li>\n<li style='margin-bottom: 5px;'>Sensibilidad del Mic: -42db \u00b13db<\/li>\n<li style='margin-bottom: 5px;'>Tipo de reducci\u00f3n de ruido del Mic: Polaridad uni-direccional<\/li>\n<li style='margin-bottom: 5px;'>Longitud del cable: 1m<\/li>\n<li style='margin-bottom: 5px;'>Tipo de cable: di\u00e1metro de 2.5&comma; cubierta con retardo de fuego<\/li>\n<li style='margin-bottom: 5px;'>Cable de Mic: cable multi cubierto<\/li>\n<li style='margin-bottom: 5px;'>Barras de acero: Acero inoxidable de alta dureza&comma; negro<\/li>\n<\/ul><\/div>\n<\/p><\/div>\n<\/p><\/div>\n<\/p><\/div>\n","protected":false},"excerpt":{"rendered":"<p>Kit Fanvil para Call Center incluye tel\u00e9fono IP X2CP Y diadema HT201 y fuente de alimentaci\u00f3n.<\/p>\n","protected":false},"featured_media":77392,"comment_status":"open","ping_status":"closed","template":"","meta":[],"product_brand":[],"product_cat":[2003],"product_tag":[859,2005,2004],"class_list":{"0":"post-77393","1":"product","2":"type-product","3":"status-publish","4":"has-post-thumbnail","6":"product_cat-telefonos-ip","7":"product_tag-fanvil","8":"product_tag-telefonos-ip","9":"product_tag-voip-telefonia-ip-videoconferencia","11":"first","12":"outofstock","13":"sale","14":"shipping-taxable","15":"purchasable","16":"product-type-simple"},"_links":{"self":[{"href":"https:\/\/soydeaqui.ddns.net\/pachuca\/index.php\/wp-json\/wp\/v2\/product\/77393","targetHints":{"allow":["GET"]}}],"collection":[{"href":"https:\/\/soydeaqui.ddns.net\/pachuca\/index.php\/wp-json\/wp\/v2\/product"}],"about":[{"href":"https:\/\/soydeaqui.ddns.net\/pachuca\/index.php\/wp-json\/wp\/v2\/types\/product"}],"replies":[{"embeddable":true,"href":"https:\/\/soydeaqui.ddns.net\/pachuca\/index.php\/wp-json\/wp\/v2\/comments?post=77393"}],"wp:featuredmedia":[{"embeddable":true,"href":"https:\/\/soydeaqui.ddns.net\/pachuca\/index.php\/wp-json\/wp\/v2\/media\/77392"}],"wp:attachment":[{"href":"https:\/\/soydeaqui.ddns.net\/pachuca\/index.php\/wp-json\/wp\/v2\/media?parent=77393"}],"wp:term":[{"taxonomy":"product_brand","embeddable":true,"href":"https:\/\/soydeaqui.ddns.net\/pachuca\/index.php\/wp-json\/wp\/v2\/product_brand?post=77393"},{"taxonomy":"product_cat","embeddable":true,"href":"https:\/\/soydeaqui.ddns.net\/pachuca\/index.php\/wp-json\/wp\/v2\/product_cat?post=77393"},{"taxonomy":"product_tag","embeddable":true,"href":"https:\/\/soydeaqui.ddns.net\/pachuca\/index.php\/wp-json\/wp\/v2\/product_tag?post=77393"}],"curies":[{"name":"wp","href":"https:\/\/api.w.org\/{rel}","templated":true}]}}