{"id":77361,"date":"2026-03-19T15:58:15","date_gmt":"2026-03-19T15:58:15","guid":{"rendered":"https:\/\/soydeaqui.ddns.net\/pachuca\/index.php\/producto\/switch-jetstream-de-16-puertos-10-100-1000mbps-y-poe-af-at-2-puertos-sfp-hasta-192w\/"},"modified":"2026-03-19T15:58:21","modified_gmt":"2026-03-19T15:58:21","slug":"switch-jetstream-de-16-puertos-10-100-1000mbps-y-poe-af-at-2-puertos-sfp-hasta-192w","status":"publish","type":"product","link":"https:\/\/soydeaqui.ddns.net\/pachuca\/index.php\/producto\/switch-jetstream-de-16-puertos-10-100-1000mbps-y-poe-af-at-2-puertos-sfp-hasta-192w\/","title":{"rendered":"Switch JetStream de 16 puertos 10\/100\/1000Mbps y PoE af\/at, 2 puertos SFP hasta 192W."},"content":{"rendered":"<div style='width: 100%; max-width: 1200px; margin: 0 auto; font-family: sans-serif; line-height: 1.6; color: inherit; background-color: transparent;'>\n<div style='display: flex; flex-wrap: wrap; gap: 30px; margin-bottom: 30px;'>\n<div style='flex: 1 1 300px; min-width: 280px;'>\n<h3 style='font-size: 22px; border-bottom: 2px solid currentColor; padding-bottom: 5px; margin-top: 0; color: inherit; opacity: 0.8;'>Caracter\u00edsticas principales:<\/h3>\n<ul style='padding-left: 20px; font-size: 15px; color: inherit;'>\n<li style='margin-bottom: 5px;'><strong>16 Puertos RJ45<\/strong> 10\/100\/1000 Mbps<\/li>\n<li style='margin-bottom: 5px;'><strong>2 Puertos Gigabit SFP<\/strong><\/li>\n<li style='margin-bottom: 5px;'><strong>Est\u00e1ndar:<\/strong> 802.3at\/802.3af<\/li>\n<li style='margin-bottom: 5px;'><strong>Suministro el\u00e9ctrico:<\/strong> 192W<\/li>\n<li style='margin-bottom: 5px;'><strong>Throughput:<\/strong> 23.8Mpps<\/li>\n<li style='margin-bottom: 5px;'><strong>VLANs:<\/strong> Hasta 34 simult\u00e1neas<\/li>\n<li style='margin-bottom: 5px;'><strong>Soporte:<\/strong> MTU\/Puerto\/TagVLAN<\/li>\n<\/ul><\/div>\n<div style='flex: 1 1 300px; min-width: 280px;'>\n<h3 style='font-size: 22px; border-bottom: 2px solid currentColor; padding-bottom: 5px; margin-top: 0; color: inherit; opacity: 0.8;'>Caracter\u00edsticas F\u00edsicas y El\u00e9ctricas:<\/h3>\n<ul style='padding-left: 20px; font-size: 15px; color: inherit;'>\n<li style='margin-bottom: 5px;'><strong>Fuente de alimentaci\u00f3n:<\/strong> 100-240V AC&comma; 50\/60 Hz<\/li>\n<li style='margin-bottom: 5px;'><strong>Montaje:<\/strong> En rack<\/li>\n<li style='margin-bottom: 5px;'><strong>Ventiladores:<\/strong> 2<\/li>\n<li style='margin-bottom: 5px;'><strong>Consumo m\u00e1ximo:<\/strong> 18.73W (sin equipos PoE)&comma; 217.22W (con equipos PoE)<\/li>\n<li style='margin-bottom: 5px;'><strong>Temperatura de operaci\u00f3n:<\/strong> 0\u00ba ~ 50\u00ba C<\/li>\n<li style='margin-bottom: 5px;'><strong>Dimensiones:<\/strong> 440 \u00d7 180 \u00d7 44 mm<\/li>\n<\/ul><\/div>\n<div style='flex: 1 1 300px; min-width: 280px;'>\n<h3 style='font-size: 22px; border-bottom: 2px solid currentColor; padding-bottom: 5px; margin-top: 0; color: inherit; opacity: 0.8;'>Caracter\u00edsticas L2<\/h3>\n<ul style='padding-left: 20px; font-size: 15px; color: inherit;'>\n<li style='margin-bottom: 5px;'><strong>IGMP Snooping:<\/strong> V1\/V2\/V3<\/li>\n<li style='margin-bottom: 5px;'><strong>Agregaci\u00f3n de Enlaces:<\/strong> Est\u00e1tica<\/li>\n<li style='margin-bottom: 5px;'><strong>Port Mirroring<\/strong><\/li>\n<li style='margin-bottom: 5px;'><strong>Diagn\u00f3stico de Cable<\/strong><\/li>\n<li style='margin-bottom: 5px;'><strong>Prevenci\u00f3n de Loop<\/strong><\/li>\n<\/ul><\/div>\n<\/p><\/div>\n<p> <!-- Im\u00e1genes --> <\/p>\n<div style='display: flex; flex-wrap: wrap; gap: 20px; margin-top: 30px;'> <img style='width: 100%; height: auto; border: 1px solid rgba(150&comma;150&comma;150&comma;0.3); border-radius: 8px;' src='https:\/\/ftp3.syscom.mx\/usuarios\/esanchez\/FANVIL\/TPLINK\/TLSG1218MPE\/Captura%20de%20pantalla%202019-11-08%20a%20la%28s%29%2012.16.01.png' alt=''> <img style='width: 100%; height: auto; border: 1px solid rgba(150&comma;150&comma;150&comma;0.3); border-radius: 8px;' src='https:\/\/ftp3.syscom.mx\/usuarios\/esanchez\/TPLINK\/TLSG1218MPE\/Captura%20de%20pantalla%202019-11-08%20a%20la%28s%29%2012.15.48.png' alt=''> <img style='width: 100%; height: auto; border: 1px solid rgba(150&comma;150&comma;150&comma;0.3); border-radius: 8px;' src='https:\/\/ftp3.syscom.mx\/usuarios\/esanchez\/TPLINK\/TLSG1218MPE\/Captura%20de%20pantalla%202019-11-08%20a%20la%28s%29%2012.15.35.png' alt=''> <img style='width: 100%; height: auto; border: 1px solid rgba(150&comma;150&comma;150&comma;0.3); border-radius: 8px;' src='https:\/\/ftp3.syscom.mx\/usuarios\/esanchez\/TPLINK\/TLSG1218MPE\/Captura%20de%20pantalla%202019-11-08%20a%20la%28s%29%2012.16.01.png' alt=''> <img style='width: 100%; height: auto; border: 1px solid rgba(150&comma;150&comma;150&comma;0.3); border-radius: 8px;' src='https:\/\/ftp3.syscom.mx\/usuarios\/esanchez\/TPLINK\/TLSG1218MPE\/Captura%20de%20pantalla%202019-11-08%20a%20la%28s%29%2012.16.32.png' alt=''> <img style='width: 100%; height: auto; border: 1px solid rgba(150&comma;150&comma;150&comma;0.3); border-radius: 8px;' src='https:\/\/ftp3.syscom.mx\/usuarios\/esanchez\/TPLINK\/TLSG1218MPE\/Captura%20de%20pantalla%202019-11-08%20a%20la%28s%29%2012.16.43.png' alt=''> <\/div>\n<\/p><\/div>\n","protected":false},"excerpt":{"rendered":"<p>Switch JetStream de 16 puertos 10\/100\/1000Mbps y PoE af\/at, 2 puertos SFP hasta 192W.<\/p>\n","protected":false},"featured_media":77360,"comment_status":"open","ping_status":"closed","template":"","meta":[],"product_brand":[],"product_cat":[1986],"product_tag":[664,1987,71],"class_list":{"0":"post-77361","1":"product","2":"type-product","3":"status-publish","4":"has-post-thumbnail","6":"product_cat-switches-poe","7":"product_tag-networking","8":"product_tag-switches-poe","9":"product_tag-tp-link","11":"first","12":"instock","13":"sale","14":"shipping-taxable","15":"purchasable","16":"product-type-simple"},"_links":{"self":[{"href":"https:\/\/soydeaqui.ddns.net\/pachuca\/index.php\/wp-json\/wp\/v2\/product\/77361","targetHints":{"allow":["GET"]}}],"collection":[{"href":"https:\/\/soydeaqui.ddns.net\/pachuca\/index.php\/wp-json\/wp\/v2\/product"}],"about":[{"href":"https:\/\/soydeaqui.ddns.net\/pachuca\/index.php\/wp-json\/wp\/v2\/types\/product"}],"replies":[{"embeddable":true,"href":"https:\/\/soydeaqui.ddns.net\/pachuca\/index.php\/wp-json\/wp\/v2\/comments?post=77361"}],"wp:featuredmedia":[{"embeddable":true,"href":"https:\/\/soydeaqui.ddns.net\/pachuca\/index.php\/wp-json\/wp\/v2\/media\/77360"}],"wp:attachment":[{"href":"https:\/\/soydeaqui.ddns.net\/pachuca\/index.php\/wp-json\/wp\/v2\/media?parent=77361"}],"wp:term":[{"taxonomy":"product_brand","embeddable":true,"href":"https:\/\/soydeaqui.ddns.net\/pachuca\/index.php\/wp-json\/wp\/v2\/product_brand?post=77361"},{"taxonomy":"product_cat","embeddable":true,"href":"https:\/\/soydeaqui.ddns.net\/pachuca\/index.php\/wp-json\/wp\/v2\/product_cat?post=77361"},{"taxonomy":"product_tag","embeddable":true,"href":"https:\/\/soydeaqui.ddns.net\/pachuca\/index.php\/wp-json\/wp\/v2\/product_tag?post=77361"}],"curies":[{"name":"wp","href":"https:\/\/api.w.org\/{rel}","templated":true}]}}