{"id":77352,"date":"2026-03-19T15:57:51","date_gmt":"2026-03-19T15:57:51","guid":{"rendered":"https:\/\/soydeaqui.ddns.net\/pachuca\/index.php\/producto\/punto-de-acceso-wi-fi-n-300mbps-en-2-4ghz-2-antenas-integradas-de-9dbi-mimo-2x2\/"},"modified":"2026-03-19T15:58:10","modified_gmt":"2026-03-19T15:58:10","slug":"punto-de-acceso-wi-fi-n-300mbps-en-2-4ghz-2-antenas-integradas-de-9dbi-mimo-2x2","status":"publish","type":"product","link":"https:\/\/soydeaqui.ddns.net\/pachuca\/index.php\/producto\/punto-de-acceso-wi-fi-n-300mbps-en-2-4ghz-2-antenas-integradas-de-9dbi-mimo-2x2\/","title":{"rendered":"Punto de Acceso WI-Fi  N 300Mbps en 2.4GHz, 2 antenas integradas de 9dBi, MIMO 2X2."},"content":{"rendered":"<div style='width: 100%; max-width: 1200px; margin: 0 auto; font-family: sans-serif; line-height: 1.6; color: inherit; background-color: transparent;'>\n<div style='display: flex; flex-wrap: wrap; gap: 30px; margin-bottom: 30px;'>\n<div style='flex: 1 1 300px; min-width: 280px;'>\n<h3 style='font-size: 22px; border-bottom: 2px solid currentColor; padding-bottom: 5px; margin-top: 0; color: inherit; opacity: 0.8;'>Descripci\u00f3n<\/h3>\n<p style='color: inherit; font-size: 15px; margin: 0;'>El CPE de Exterior de 2.4GHz 300Mbps 9dBi de TP-LINK CPE210 se dedica a soluciones rentables para aplicaciones en exteriores de redes inal\u00e1mbricas y Wi-Fi. Con su aplicaci\u00f3n de administraci\u00f3n centralizada es ideal para aplicaciones exteriores de cobertura Wi-Fi. Rendimiento profesional&comma; junto con un dise\u00f1o f\u00e1cil de usar&comma; el CPE hace una opci\u00f3n ideal tanto para usuarios empresariales y dom\u00e9sticos.<\/p>\n<\/p><\/div>\n<\/p><\/div>\n<div style='display: flex; flex-wrap: wrap; gap: 20px; margin-bottom: 30px;'>\n<div style='flex: 1 1 250px; border: 1px solid rgba(150&comma; 150&comma; 150&comma; 0.4); border-radius: 8px; overflow: hidden; display: flex; flex-direction: column;'>\n<div style='padding: 15px; border-bottom: 1px solid rgba(150&comma; 150&comma; 150&comma; 0.2); font-weight: bold; font-size: 18px; color: inherit;'>Caracter\u00edsticas principales<\/div>\n<div style='padding: 15px; color: inherit;'>\n<ul style='padding-left: 20px; margin: 0; font-size: 14px; list-style-type: disc;'>\n<li style='margin-bottom: 5px;'>Apertura Vertical de 35\u00b0 \/ Apertura Horizontal de 65\u00b0<\/li>\n<li style='margin-bottom: 5px;'>Tecnolog\u00eda N&comma; hasta 300Mbps<\/li>\n<li style='margin-bottom: 5px;'>Distancia de cobertura de hasta 100m<\/li>\n<li style='margin-bottom: 5px;'>Para 25-30 usuarios simult\u00e1neos<\/li>\n<li style='margin-bottom: 5px;'>1 Puerto Ethernet blindado 10\/100Mbps (LAN&comma; en PoE Pasivo)<\/li>\n<li style='margin-bottom: 5px;'>Modos de Operaci\u00f3n: AP \/ Cliente \/ Repetidor \/ AP Router \/ AP Cliente Router (WISP)<\/li>\n<li style='margin-bottom: 5px;'>Potencia de transmisi\u00f3n ajustable de 0 a 27dBm \/ 500mw<\/li>\n<\/ul><\/div>\n<\/p><\/div>\n<div style='flex: 1 1 250px; border: 1px solid rgba(150&comma; 150&comma; 150&comma; 0.4); border-radius: 8px; overflow: hidden; display: flex; flex-direction: column;'>\n<div style='padding: 15px; border-bottom: 1px solid rgba(150&comma; 150&comma; 150&comma; 0.2); font-weight: bold; font-size: 18px; color: inherit;'>Caracter\u00edsticas F\u00edsicas y El\u00e9ctricas<\/div>\n<div style='padding: 15px; color: inherit;'>\n<ul style='padding-left: 20px; margin: 0; font-size: 14px; list-style-type: disc;'>\n<li style='margin-bottom: 5px;'>Consumo de energ\u00eda 10.5Watts<\/li>\n<li style='margin-bottom: 5px;'>Fuente de alimentaci\u00f3n: PoE pasivo v\u00eda LAN0 (+4&comma;5&comma;pins;-7&comma;8pins)&comma; 16-27VDC<\/li>\n<li style='margin-bottom: 5px;'>Dimensiones (W X D X H): 224 x 79 x 60 mm<\/li>\n<li style='margin-bottom: 5px;'>Temperatura de funcionamiento: -30 a 70 grados<\/li>\n<\/ul><\/div>\n<\/p><\/div>\n<div style='flex: 1 1 250px; border: 1px solid rgba(150&comma; 150&comma; 150&comma; 0.4); border-radius: 8px; overflow: hidden; display: flex; flex-direction: column;'>\n<div style='padding: 15px; border-bottom: 1px solid rgba(150&comma; 150&comma; 150&comma; 0.2); font-weight: bold; font-size: 18px; color: inherit;'>Contenido del Paquete<\/div>\n<div style='padding: 15px; color: inherit;'>\n<ul style='padding-left: 20px; margin: 0; font-size: 14px; list-style-type: disc;'>\n<li style='margin-bottom: 5px;'>CPE De Exterior Inal\u00e1mbrico<\/li>\n<li style='margin-bottom: 5px;'>Adaptador Pasivo PoE 24V 1A<\/li>\n<li style='margin-bottom: 5px;'>Correas para Montaje en Poste<\/li>\n<li style='margin-bottom: 5px;'>Cable de alimentaci\u00f3n AC<\/li>\n<li style='margin-bottom: 5px;'>Gu\u00eda de instalaci\u00f3n<\/li>\n<\/ul><\/div>\n<\/p><\/div>\n<\/p><\/div>\n<\/p><\/div>\n","protected":false},"excerpt":{"rendered":"<p>Punto de Acceso WI-Fi  N 300Mbps en 2.4GHz, 2 antenas integradas de 9dBi, MIMO 2X2.<\/p>\n","protected":false},"featured_media":77351,"comment_status":"open","ping_status":"closed","template":"","meta":[],"product_brand":[],"product_cat":[1794],"product_tag":[1795,1479,71],"class_list":{"0":"post-77352","1":"product","2":"type-product","3":"status-publish","4":"has-post-thumbnail","6":"product_cat-puntos-de-acceso","7":"product_tag-puntos-de-acceso","8":"product_tag-redes-wifi","9":"product_tag-tp-link","11":"first","12":"instock","13":"sale","14":"shipping-taxable","15":"purchasable","16":"product-type-simple"},"_links":{"self":[{"href":"https:\/\/soydeaqui.ddns.net\/pachuca\/index.php\/wp-json\/wp\/v2\/product\/77352","targetHints":{"allow":["GET"]}}],"collection":[{"href":"https:\/\/soydeaqui.ddns.net\/pachuca\/index.php\/wp-json\/wp\/v2\/product"}],"about":[{"href":"https:\/\/soydeaqui.ddns.net\/pachuca\/index.php\/wp-json\/wp\/v2\/types\/product"}],"replies":[{"embeddable":true,"href":"https:\/\/soydeaqui.ddns.net\/pachuca\/index.php\/wp-json\/wp\/v2\/comments?post=77352"}],"wp:featuredmedia":[{"embeddable":true,"href":"https:\/\/soydeaqui.ddns.net\/pachuca\/index.php\/wp-json\/wp\/v2\/media\/77351"}],"wp:attachment":[{"href":"https:\/\/soydeaqui.ddns.net\/pachuca\/index.php\/wp-json\/wp\/v2\/media?parent=77352"}],"wp:term":[{"taxonomy":"product_brand","embeddable":true,"href":"https:\/\/soydeaqui.ddns.net\/pachuca\/index.php\/wp-json\/wp\/v2\/product_brand?post=77352"},{"taxonomy":"product_cat","embeddable":true,"href":"https:\/\/soydeaqui.ddns.net\/pachuca\/index.php\/wp-json\/wp\/v2\/product_cat?post=77352"},{"taxonomy":"product_tag","embeddable":true,"href":"https:\/\/soydeaqui.ddns.net\/pachuca\/index.php\/wp-json\/wp\/v2\/product_tag?post=77352"}],"curies":[{"name":"wp","href":"https:\/\/api.w.org\/{rel}","templated":true}]}}