{"id":77345,"date":"2026-03-19T15:57:31","date_gmt":"2026-03-19T15:57:31","guid":{"rendered":"https:\/\/soydeaqui.ddns.net\/pachuca\/index.php\/producto\/modulo-de-memoria-ram-de-4gb-para-equipos-synology-2\/"},"modified":"2026-03-19T15:57:33","modified_gmt":"2026-03-19T15:57:33","slug":"modulo-de-memoria-ram-de-4gb-para-equipos-synology-2","status":"publish","type":"product","link":"https:\/\/soydeaqui.ddns.net\/pachuca\/index.php\/producto\/modulo-de-memoria-ram-de-4gb-para-equipos-synology-2\/","title":{"rendered":"Modulo de memoria RAM de 4GB para equipos Synology"},"content":{"rendered":"<div style='width: 100%; max-width: 1200px; margin: 0 auto; font-family: sans-serif; line-height: 1.6; color: inherit; background-color: transparent;'>\n<div style='display: flex; flex-direction: column; gap: 20px;'>\n<div style='text-align: center;'> <a href='https:\/\/ftp3.syscom.mx\/usuarios\/ftp\/2018\/10\/17\/be9cb\/PROCEDIMIENTO%20GARANTIA%20SYNOLOGY.pdf'> <img style='width: 100%; max-width: 900px; height: auto; border: 1px solid rgba(150&comma;150&comma;150&comma;0.3); border-radius: 8px; display: block; margin-left: auto; margin-right: auto;' src='https:\/\/ftp3.syscom.mx\/usuarios\/nortega\/synology\/imagenes\/cintillo%20garantia.jpg' alt=''> <\/a> <\/div>\n<div style='font-size: 15px;'>\n<p>M\u00f3dulo de memoria RAM de 4GB.<\/p>\n<p>La capacidad de memoria RAM se puede ampliar en los servidores NAS de Synology seleccionados para potenciar el rendimiento y la capacidad de respuesta bajo altas cargas del sistema. Para garantizar una \u00f3ptima durabilidad y compatibilidad&comma; seleccione siempre los m\u00f3dulos de memoria RAM aut\u00e9nticos de Synology y siga las instrucciones de instalaci\u00f3n en las gu\u00edas de instalaci\u00f3n de hardware (verificar descargas del modelo de NAS). Synology y Syscom no proporcionar\u00e1 una garant\u00eda de producto completa ni asistencia t\u00e9cnica si se utilizan m\u00f3dulos RAM que no sean de Synology para actualizar la memoria.<\/p>\n<\/p><\/div>\n<div style='display: flex; flex-wrap: wrap; gap: 20px; margin-top: 20px;'>\n<div style='flex: 1 1 250px; border: 1px solid rgba(150&comma; 150&comma; 150&comma; 0.4); border-radius: 8px; overflow: hidden; display: flex; flex-direction: column; min-width: 280px;'>\n<div style='padding: 15px; border-bottom: 1px solid rgba(150&comma; 150&comma; 150&comma; 0.2); font-weight: bold; font-size: 18px; color: inherit; background-color: rgba(150&comma; 150&comma; 150&comma; 0.1);'>Caracter\u00edsticas<\/div>\n<div style='padding: 15px; color: inherit;'>\n<ul style='padding-left: 20px; margin: 0; font-size: 14px; list-style-type: disc;'>\n<li style='margin-bottom: 5px;'><span>DDR4-2666 non-EE Unbuffered DIMM 288pin 1.2V<\/span><\/li>\n<\/ul><\/div>\n<\/p><\/div>\n<div style='flex: 1 1 250px; border: 1px solid rgba(150&comma; 150&comma; 150&comma; 0.4); border-radius: 8px; overflow: hidden; display: flex; flex-direction: column; min-width: 280px;'>\n<div style='padding: 15px; border-bottom: 1px solid rgba(150&comma; 150&comma; 150&comma; 0.2); font-weight: bold; font-size: 18px; color: inherit; background-color: rgba(150&comma; 150&comma; 150&comma; 0.1);'>Modelos compatibles<\/div>\n<div style='padding: 15px; color: inherit;'>\n<ul style='padding-left: 20px; margin: 0; font-size: 14px; list-style-type: disc;'>\n<li style='margin-bottom: 5px;'><span>Synology RackStation: RS2818RPPLUS&comma; RS2418RPPLUS y RS2418PLUS<\/span><\/li>\n<\/ul><\/div>\n<\/p><\/div>\n<\/p><\/div>\n<\/p><\/div>\n<\/p><\/div>\n","protected":false},"excerpt":{"rendered":"<p>Modulo de memoria RAM de 4GB para equipos Synology<\/p>\n","protected":false},"featured_media":77344,"comment_status":"open","ping_status":"closed","template":"","meta":[],"product_brand":[],"product_cat":[1973],"product_tag":[1974,1975,1976],"class_list":{"0":"post-77345","1":"product","2":"type-product","3":"status-publish","4":"has-post-thumbnail","6":"product_cat-memorias-ram","7":"product_tag-almacenamiento","8":"product_tag-memorias-ram","9":"product_tag-synology","11":"first","12":"outofstock","13":"sale","14":"shipping-taxable","15":"purchasable","16":"product-type-simple"},"_links":{"self":[{"href":"https:\/\/soydeaqui.ddns.net\/pachuca\/index.php\/wp-json\/wp\/v2\/product\/77345","targetHints":{"allow":["GET"]}}],"collection":[{"href":"https:\/\/soydeaqui.ddns.net\/pachuca\/index.php\/wp-json\/wp\/v2\/product"}],"about":[{"href":"https:\/\/soydeaqui.ddns.net\/pachuca\/index.php\/wp-json\/wp\/v2\/types\/product"}],"replies":[{"embeddable":true,"href":"https:\/\/soydeaqui.ddns.net\/pachuca\/index.php\/wp-json\/wp\/v2\/comments?post=77345"}],"wp:featuredmedia":[{"embeddable":true,"href":"https:\/\/soydeaqui.ddns.net\/pachuca\/index.php\/wp-json\/wp\/v2\/media\/77344"}],"wp:attachment":[{"href":"https:\/\/soydeaqui.ddns.net\/pachuca\/index.php\/wp-json\/wp\/v2\/media?parent=77345"}],"wp:term":[{"taxonomy":"product_brand","embeddable":true,"href":"https:\/\/soydeaqui.ddns.net\/pachuca\/index.php\/wp-json\/wp\/v2\/product_brand?post=77345"},{"taxonomy":"product_cat","embeddable":true,"href":"https:\/\/soydeaqui.ddns.net\/pachuca\/index.php\/wp-json\/wp\/v2\/product_cat?post=77345"},{"taxonomy":"product_tag","embeddable":true,"href":"https:\/\/soydeaqui.ddns.net\/pachuca\/index.php\/wp-json\/wp\/v2\/product_tag?post=77345"}],"curies":[{"name":"wp","href":"https:\/\/api.w.org\/{rel}","templated":true}]}}