{"id":77332,"date":"2026-03-19T15:56:59","date_gmt":"2026-03-19T15:56:59","guid":{"rendered":"https:\/\/soydeaqui.ddns.net\/pachuca\/index.php\/producto\/adaptador-usb-inalambrico-de-alta-ganancia-n-150-mbps-2-4-ghz-con-1-antena-desmontable-de-4dbi\/"},"modified":"2026-03-19T15:57:10","modified_gmt":"2026-03-19T15:57:10","slug":"adaptador-usb-inalambrico-de-alta-ganancia-n-150-mbps-2-4-ghz-con-1-antena-desmontable-de-4dbi","status":"publish","type":"product","link":"https:\/\/soydeaqui.ddns.net\/pachuca\/index.php\/producto\/adaptador-usb-inalambrico-de-alta-ganancia-n-150-mbps-2-4-ghz-con-1-antena-desmontable-de-4dbi\/","title":{"rendered":"Adaptador USB inal\u00e1mbrico de alta ganancia N 150 Mbps 2.4 GHz con 1 antena desmontable de 4dBi"},"content":{"rendered":"<div style='width: 100%; max-width: 1200px; margin: 0 auto; font-family: sans-serif; line-height: 1.6; color: inherit; background-color: transparent;'>\n<div style='margin-bottom: 30px;'>\n<p style='text-align: justify; font-size: 15px; color: inherit; margin: 0 0 20px 0;'>El adaptador USB inal\u00e1mbrico N TL-WN722N te permite conectar una computadora de escritorio o port\u00e1til a una red inal\u00e1mbrica y acceso de alta velocidad de conexi\u00f3n a Internet. Compatible con el est\u00e1ndar IEEE 802.11n&comma; que proporciona velocidades inal\u00e1mbricas de hasta 150Mbps&comma; lo cual es beneficioso para los juegos en l\u00ednea o incluso streaming de v\u00eddeo. Adem\u00e1s&comma; el encriptado de seguridad inal\u00e1mbrica puede establecerse simplemente en un empuje de QSS (Seguridad de configuraci\u00f3n r\u00e1pida) el bot\u00f3n&comma; la prevenci\u00f3n de la red de amenazas externas.<\/p>\n<\/p><\/div>\n<p> <!-- Secci\u00f3n de caracter\u00edsticas hardware --> <\/p>\n<div style='display: flex; flex-wrap: wrap; gap: 30px; margin-bottom: 30px;'>\n<div style='flex: 1 1 300px; min-width: 280px;'>\n<h3 style='font-size: 22px; border-bottom: 2px solid currentColor; padding-bottom: 5px; margin-top: 0; color: inherit; opacity: 0.8;'>CARACTER\u00cdSTICAS DE HARDWARE<\/h3>\n<ul style='padding-left: 20px; font-size: 15px; color: inherit; list-style-type: none; padding-left: 0; margin: 0;'>\n<li style='margin-bottom: 5px; display: flex; justify-content: space-between; border-bottom: 1px solid rgba(150&comma;150&comma;150&comma;0.1); padding: 8px 0;'><strong style='color: inherit; opacity: 0.8;'>Interface:<\/strong> <span style='color: inherit;'>USB 2.0<\/span><\/li>\n<li style='margin-bottom: 5px; display: flex; justify-content: space-between; border-bottom: 1px solid rgba(150&comma;150&comma;150&comma;0.1); padding: 8px 0;'><strong style='color: inherit; opacity: 0.8;'>Bot\u00f3n:<\/strong> <span style='color: inherit;'>Bot\u00f3n WPS<\/span><\/li>\n<li style='margin-bottom: 5px; display: flex; justify-content: space-between; border-bottom: 1px solid rgba(150&comma;150&comma;150&comma;0.1); padding: 8px 0;'><strong style='color: inherit; opacity: 0.8;'>Dimensiones:<\/strong> <span style='color: inherit;'>3.7 x 1.0 x 0.4 pulgadas. (93.5 x 26 x 11mm)<\/span><\/li>\n<li style='margin-bottom: 5px; display: flex; justify-content: space-between; border-bottom: 1px solid rgba(150&comma;150&comma;150&comma;0.1); padding: 8px 0;'><strong style='color: inherit; opacity: 0.8;'>Tipo de Antena:<\/strong> <span style='color: inherit;'>Desmontable Omnidireccional (RP-SMA)<\/span><\/li>\n<li style='margin-bottom: 5px; display: flex; justify-content: space-between; border-bottom: 1px solid rgba(150&comma;150&comma;150&comma;0.1); padding: 8px 0;'><strong style='color: inherit; opacity: 0.8;'>Ganancia de Antena:<\/strong> <span style='color: inherit;'>4dBi<\/span><\/li>\n<\/ul><\/div>\n<\/p><\/div>\n<p> <!-- Secci\u00f3n de caracter\u00edsticas inal\u00e1mbricas --> <\/p>\n<div style='display: flex; flex-wrap: wrap; gap: 30px; margin-bottom: 30px;'>\n<div style='flex: 1 1 300px; min-width: 280px;'>\n<h3 style='font-size: 22px; border-bottom: 2px solid currentColor; padding-bottom: 5px; margin-top: 0; color: inherit; opacity: 0.8;'>CARACTER\u00cdSTICAS INAL\u00c1MBRICAS<\/h3>\n<ul style='padding-left: 20px; font-size: 15px; color: inherit; list-style-type: none; padding-left: 0; margin: 0;'>\n<li style='margin-bottom: 5px; display: flex; justify-content: space-between; border-bottom: 1px solid rgba(150&comma;150&comma;150&comma;0.1); padding: 8px 0;'><strong style='color: inherit; opacity: 0.8;'>Est\u00e1ndares Inal\u00e1mbricos:<\/strong> <span style='color: inherit;'>IEEE 802.11n&comma; IEEE 802.11g&comma; IEEE 802.11b<\/span><\/li>\n<li style='margin-bottom: 5px; display: flex; justify-content: space-between; border-bottom: 1px solid rgba(150&comma;150&comma;150&comma;0.1); padding: 8px 0;'><strong style='color: inherit; opacity: 0.8;'>Frecuencia:<\/strong> <span style='color: inherit;'>2.400-2.4835GHz<\/span><\/li>\n<li style='margin-bottom: 5px; display: flex; justify-content: space-between; border-bottom: 1px solid rgba(150&comma;150&comma;150&comma;0.1); padding: 8px 0;'><strong style='color: inherit; opacity: 0.8;'>Tasa de Se\u00f1al:<\/strong> <span style='color: inherit;'>11n: Hasta 150Mbps(din\u00e1mica)<br \/>11g: Hasta 54Mbps(din\u00e1mica)<br \/>11b: Hasta 11Mbps(din\u00e1mica)<\/span><\/li>\n<li style='margin-bottom: 5px; display: flex; justify-content: space-between; border-bottom: 1px solid rgba(150&comma;150&comma;150&comma;0.1); padding: 8px 0;'><strong style='color: inherit; opacity: 0.8;'>Sensibilidad de Recepci\u00f3n:<\/strong> <span style='color: inherit;'>130M: -68dBm@10% PER<br \/>108M: -68dBm@10% PER<br \/>54M: -68dBm@10% PER<br \/>11M: -85dBm@8% PER<br \/>6M: -88dBm@10% PER<br \/>1M: -90dBm@8% PER<\/span><\/li>\n<li style='margin-bottom: 5px; display: flex; justify-content: space-between; border-bottom: 1px solid rgba(150&comma;150&comma;150&comma;0.1); padding: 8px 0;'><strong style='color: inherit; opacity: 0.8;'>Potencia de Transmision:<\/strong> <span style='color: inherit;'><20dBm<\/span><\/li>\n<li style='margin-bottom: 5px; display: flex; justify-content: space-between; border-bottom: 1px solid rgba(150&comma;150&comma;150&comma;0.1); padding: 8px 0;'><strong style='color: inherit; opacity: 0.8;'>Modos Inal\u00e1mbricos:<\/strong> <span style='color: inherit;'>modo Ad-Hoc \/ Infraestructura<\/span><\/li>\n<li style='margin-bottom: 5px; display: flex; justify-content: space-between; border-bottom: 1px solid rgba(150&comma;150&comma;150&comma;0.1); padding: 8px 0;'><strong style='color: inherit; opacity: 0.8;'>Seguridad Inal\u00e1mbrica:<\/strong> <span style='color: inherit;'>Soporta 64\/128 bit WEP&comma; WPA-PSK\/WPA2-PSK<\/span><\/li>\n<li style='margin-bottom: 5px; display: flex; justify-content: space-between; border-bottom: 1px solid rgba(150&comma;150&comma;150&comma;0.1); padding: 8px 0;'><strong style='color: inherit; opacity: 0.8;'>Tecnolog\u00eda de Modulaci\u00f3n:<\/strong> <span style='color: inherit;'>DBPSK&comma; DQPSK&comma; CCK&comma; OFDM&comma; 16-QAM&comma; 64-QAM<\/span><\/li>\n<li style='margin-bottom: 5px; display: flex; justify-content: space-between; border-bottom: 1px solid rgba(150&comma;150&comma;150&comma;0.1); padding: 8px 0;'><strong style='color: inherit; opacity: 0.8;'>Funciones Avanzadas:<\/strong> <span style='color: inherit;'>WMM&comma; PSP X-LINK(For Windows XP)&comma; Roaming<\/span><\/li>\n<\/ul><\/div>\n<\/p><\/div>\n<p> <!-- Secci\u00f3n de otras caracter\u00edsticas --> <\/p>\n<div style='display: flex; flex-wrap: wrap; gap: 30px; margin-bottom: 30px;'>\n<div style='flex: 1 1 300px; min-width: 280px;'>\n<h3 style='font-size: 22px; border-bottom: 2px solid currentColor; padding-bottom: 5px; margin-top: 0; color: inherit; opacity: 0.8;'>OTRAS CARACTER\u00cdSTICAS<\/h3>\n<ul style='padding-left: 20px; font-size: 15px; color: inherit; list-style-type: none; padding-left: 0; margin: 0;'>\n<li style='margin-bottom: 5px; display: flex; justify-content: space-between; border-bottom: 1px solid rgba(150&comma;150&comma;150&comma;0.1); padding: 8px 0;'><strong style='color: inherit; opacity: 0.8;'>Certificaciones:<\/strong> <span style='color: inherit;'>CE&comma; FCC&comma; RoHS<\/span><\/li>\n<li style='margin-bottom: 5px; display: flex; justify-content: space-between; border-bottom: 1px solid rgba(150&comma;150&comma;150&comma;0.1); padding: 8px 0;'><strong style='color: inherit; opacity: 0.8;'>Contenido del Paquete:<\/strong> <span style='color: inherit;'>Adaptador Inal\u00e1mbrico<br \/>4dBi antena desmontable Omnidireccional<br \/>CD de Instalaci\u00f3n<br \/>Gu\u00eda de Instalaci\u00f3n R\u00e1pida<br \/>Extensi\u00f3n de Cable USB<\/span><\/li>\n<li style='margin-bottom: 5px; display: flex; justify-content: space-between; border-bottom: 1px solid rgba(150&comma;150&comma;150&comma;0.1); padding: 8px 0;'><strong style='color: inherit; opacity: 0.8;'>Requerimientos del Sistema:<\/strong> <span style='color: inherit;'>Windows 10\/8.1\/8\/7\/XP<br \/>Mac OS X 10.8-10.14<br \/>Linux OS<\/span><\/li>\n<li style='margin-bottom: 5px; display: flex; justify-content: space-between; border-bottom: 1px solid rgba(150&comma;150&comma;150&comma;0.1); padding: 8px 0;'><strong style='color: inherit; opacity: 0.8;'>Ambiente:<\/strong> <span style='color: inherit;'>Temperatura de Funcionamiento: 0\u00b0C~40 \u00b0C (32 \u00b0F~104\u00b0F)<br \/>Temperatura de Almacenamiento: -40\u00b0C~70 \u00b0C (-40 \u00b0F~158\u00b0F)<br \/>Humedad de Funcionamiento: 10%~90% sin condensaci\u00f3n<br \/>Humedad de Almacenamiento: 5%~90% sin condensaci\u00f3n<\/span><\/li>\n<\/ul><\/div>\n<\/p><\/div>\n<\/p><\/div>\n","protected":false},"excerpt":{"rendered":"<p>Adaptador USB inal\u00e1mbrico de alta ganancia N 150 Mbps 2.4 GHz con 1 antena desmontable de 4dBi<\/p>\n","protected":false},"featured_media":77331,"comment_status":"open","ping_status":"closed","template":"","meta":[],"product_brand":[],"product_cat":[2030],"product_tag":[2031,1479,71],"class_list":{"0":"post-77332","1":"product","2":"type-product","3":"status-publish","4":"has-post-thumbnail","6":"product_cat-adaptadores-inalambricos","7":"product_tag-adaptadores-inalambricos","8":"product_tag-redes-wifi","9":"product_tag-tp-link","11":"first","12":"instock","13":"sale","14":"shipping-taxable","15":"purchasable","16":"product-type-simple"},"_links":{"self":[{"href":"https:\/\/soydeaqui.ddns.net\/pachuca\/index.php\/wp-json\/wp\/v2\/product\/77332","targetHints":{"allow":["GET"]}}],"collection":[{"href":"https:\/\/soydeaqui.ddns.net\/pachuca\/index.php\/wp-json\/wp\/v2\/product"}],"about":[{"href":"https:\/\/soydeaqui.ddns.net\/pachuca\/index.php\/wp-json\/wp\/v2\/types\/product"}],"replies":[{"embeddable":true,"href":"https:\/\/soydeaqui.ddns.net\/pachuca\/index.php\/wp-json\/wp\/v2\/comments?post=77332"}],"wp:featuredmedia":[{"embeddable":true,"href":"https:\/\/soydeaqui.ddns.net\/pachuca\/index.php\/wp-json\/wp\/v2\/media\/77331"}],"wp:attachment":[{"href":"https:\/\/soydeaqui.ddns.net\/pachuca\/index.php\/wp-json\/wp\/v2\/media?parent=77332"}],"wp:term":[{"taxonomy":"product_brand","embeddable":true,"href":"https:\/\/soydeaqui.ddns.net\/pachuca\/index.php\/wp-json\/wp\/v2\/product_brand?post=77332"},{"taxonomy":"product_cat","embeddable":true,"href":"https:\/\/soydeaqui.ddns.net\/pachuca\/index.php\/wp-json\/wp\/v2\/product_cat?post=77332"},{"taxonomy":"product_tag","embeddable":true,"href":"https:\/\/soydeaqui.ddns.net\/pachuca\/index.php\/wp-json\/wp\/v2\/product_tag?post=77332"}],"curies":[{"name":"wp","href":"https:\/\/api.w.org\/{rel}","templated":true}]}}