{"id":77273,"date":"2026-03-19T15:54:31","date_gmt":"2026-03-19T15:54:31","guid":{"rendered":"https:\/\/soydeaqui.ddns.net\/pachuca\/index.php\/producto\/convertidor-de-medios-industrial-poe-1000base-lx-a-10-100-1000base-t-802-3at-scsm-20-km\/"},"modified":"2026-03-19T15:54:49","modified_gmt":"2026-03-19T15:54:49","slug":"convertidor-de-medios-industrial-poe-1000base-lx-a-10-100-1000base-t-802-3at-scsm-20-km","status":"publish","type":"product","link":"https:\/\/soydeaqui.ddns.net\/pachuca\/index.php\/producto\/convertidor-de-medios-industrial-poe-1000base-lx-a-10-100-1000base-t-802-3at-scsm-20-km\/","title":{"rendered":"Convertidor de Medios Industrial PoE+ 1000BASE-LX a 10\/100\/1000BASE-T 802.3at (SC,SM) -20 km"},"content":{"rendered":"<div style='width: 100%; max-width: 1200px; margin: 0 auto; font-family: sans-serif; line-height: 1.6; color: inherit; background-color: transparent;'> <!-- Secci\u00f3n de iconos --> <\/p>\n<div style='display: flex; flex-wrap: wrap; justify-content: center; gap: 15px; margin-bottom: 30px;'> <img style='width: auto; height: 40px; border: 1px solid rgba(150&comma;150&comma;150&comma;0.3); border-radius: 8px;' src='https:\/\/www.planet.com.tw\/storage\/icons\/8icon_-40-degree-~75-degree.png' alt='75 \u00b0C ~ -40 \u00b0C'> <img style='width: auto; height: 40px; border: 1px solid rgba(150&comma;150&comma;150&comma;0.3); border-radius: 8px;' src='https:\/\/www.planet.com.tw\/storage\/icons\/8icon_802.3at_802.3af_End-span.png' alt='802.3at End-span 802.3af'> <img style='width: auto; height: 40px; border: 1px solid rgba(150&comma;150&comma;150&comma;0.3); border-radius: 8px;' src='https:\/\/www.planet.com.tw\/storage\/icons\/7icon_10M_100M_1000M.png' alt='10M\/100M\/1000M'> <img style='width: auto; height: 40px; border: 1px solid rgba(150&comma;150&comma;150&comma;0.3); border-radius: 8px;' src='https:\/\/www.planet.com.tw\/storage\/icons\/427\/6icon_100FX_1000X_Fiber-Optics.png' alt='Fibra \u00f3ptica 100FX 1000X'> <img style='width: auto; height: 40px; border: 1px solid rgba(150&comma;150&comma;150&comma;0.3); border-radius: 8px;' src='https:\/\/www.planet.com.tw\/storage\/icons\/3icon_Redundant_Power.png' alt='Energ\u00eda redundante'> <img style='width: auto; height: 40px; border: 1px solid rgba(150&comma;150&comma;150&comma;0.3); border-radius: 8px;' src='https:\/\/www.planet.com.tw\/storage\/icons\/2icon_IP-Code_30.png' alt='IP30'> <\/div>\n<p> <!-- Descripci\u00f3n principal --> <\/p>\n<div style='margin-bottom: 30px;'>\n<p style='font-size: 15px; text-align: center; color: inherit; margin: 0 0 15px 0;'>El convertidor de medios industrial Gigabit de PLANET IGTP-802TS (1000BASE-X a 10\/100\/1000BASE-T) con inyector 802.3at Power over Ethernet Plus (PoE +) para entregar hasta 30 Watts. Su puerto de enlace ascendente de fibra \u00f3ptica 1000BASE-X proporciona a distancias grandes altas velocidades y transmisiones de datos estables a una red central remota.<\/p>\n<p style='font-size: 15px; text-align: center; color: inherit; margin: 0;'>El sistema de alimentaci\u00f3n especial y conveniente del IGTP-802TS admite entrada de alimentaci\u00f3n de 12 ~ 48 V CC o entrada de alimentaci\u00f3n de 24 V CA para redundancia de alimentaci\u00f3n y flexibilidad operativa.<\/p>\n<\/p><\/div>\n<p> <!-- Im\u00e1genes del producto --> <\/p>\n<div style='display: flex; flex-wrap: wrap; justify-content: center; gap: 20px; margin-bottom: 30px;'> <img style='width: 100%; max-width: 600px; height: auto; border: 1px solid rgba(150&comma;150&comma;150&comma;0.3); border-radius: 8px;' src='https:\/\/planet.com.tw\/storage\/products\/49437\/IGTP-80xTv3_1.png' alt=''> <img style='width: 100%; max-width: 600px; height: auto; border: 1px solid rgba(150&comma;150&comma;150&comma;0.3); border-radius: 8px;' src='https:\/\/planet.com.tw\/storage\/products\/49437\/IGTP-80xTv3-3.png' alt=''> <img style='width: 100%; max-width: 600px; height: auto; border: 1px solid rgba(150&comma;150&comma;150&comma;0.3); border-radius: 8px;' src='https:\/\/planet.com.tw\/storage\/products\/49437\/IGTP-80xTv3-21.png' alt=''> <\/div>\n<p> <!-- Secci\u00f3n de especificaciones --> <\/p>\n<div style='display: flex; flex-wrap: wrap; gap: 20px; margin-bottom: 30px;'>\n<div style='flex: 1 1 250px; border: 1px solid rgba(150&comma; 150&comma; 150&comma; 0.4); border-radius: 8px; overflow: hidden; display: flex; flex-direction: column; min-width: 280px;'>\n<div style='padding: 15px; border-bottom: 1px solid rgba(150&comma; 150&comma; 150&comma; 0.2); font-weight: bold; font-size: 18px; color: inherit; background-color: rgba(13&comma; 110&comma; 253&comma; 0.1);'>Caracter\u00edsticas Principales:<\/div>\n<div style='padding: 15px; color: inherit;'>\n<ul style='padding-left: 20px; margin: 0; font-size: 14px; list-style-type: disc;'>\n<li style='margin-bottom: 5px;'>Cumple con IEEE 802.3at\/af PoE Plus end-span PSE<\/li>\n<li style='margin-bottom: 5px;'>Detecta autom\u00e1ticamente equipos IEEE 802.3at\/af y protege los dispositivos contra da\u00f1os debido a una instalaci\u00f3n incorrecta.<\/li>\n<li style='margin-bottom: 5px;'>Salida hasta 30&comma;8 Watts por el puerto PoE<\/li>\n<li style='margin-bottom: 5px;'>Interruptor DIP: selecci\u00f3n de modo LFP (Link Fault Passthrough) y FEF (Far End Fault)<\/li>\n<li style='margin-bottom: 5px;'>Alimentaci\u00f3n redundante de 12 ~ 48 V CC\/24 V CA con protecci\u00f3n contra polaridad inversa.<\/li>\n<li style='margin-bottom: 5px;'>Dise\u00f1o para montaje en riel DIN o en pared.<\/li>\n<li style='margin-bottom: 5px;'>Caja met\u00e1lica IP30.<\/li>\n<\/ul><\/div>\n<\/p><\/div>\n<div style='flex: 1 1 250px; border: 1px solid rgba(150&comma; 150&comma; 150&comma; 0.4); border-radius: 8px; overflow: hidden; display: flex; flex-direction: column; min-width: 280px;'>\n<div style='padding: 15px; border-bottom: 1px solid rgba(150&comma; 150&comma; 150&comma; 0.2); font-weight: bold; font-size: 18px; color: inherit; background-color: rgba(13&comma; 110&comma; 253&comma; 0.1);'>Caracter\u00edsticas F\u00edsicas y El\u00e9ctricas:<\/div>\n<div style='padding: 15px; color: inherit;'>\n<ul style='padding-left: 20px; margin: 0; font-size: 14px; list-style-type: disc;'>\n<li style='margin-bottom: 5px;'>1 Puerto RJ45 10\/100\/1000BASE-T con inyector PoE+ IEEE 802.3af\/802.3at<\/li>\n<li style='margin-bottom: 5px;'>1 interfaz de fibra SC 1000BASE-SX\/LX (IGTP-802T\/IGTP-802TS)<\/li>\n<li style='margin-bottom: 5px;'>Dimensiones: 135 x 87.8 x 32 mm<\/li>\n<li style='margin-bottom: 5px;'>Peso: 420 g<\/li>\n<li style='margin-bottom: 5px;'>Voltaje de entrada: 12 &#8211; 48 Vcc (No incluye fuente de voltaje)<\/li>\n<li style='margin-bottom: 5px;'>Temperatura: -40 a 75\u00b0C<\/li>\n<\/ul><\/div>\n<\/p><\/div>\n<div style='flex: 1 1 250px; border: 1px solid rgba(150&comma; 150&comma; 150&comma; 0.4); border-radius: 8px; overflow: hidden; display: flex; flex-direction: column; min-width: 280px;'>\n<div style='padding: 15px; border-bottom: 1px solid rgba(150&comma; 150&comma; 150&comma; 0.2); font-weight: bold; font-size: 18px; color: inherit; background-color: rgba(13&comma; 110&comma; 253&comma; 0.1);'>El Paquete Incluye:<\/div>\n<div style='padding: 15px; color: inherit;'>\n<ul style='padding-left: 20px; margin: 0; font-size: 14px; list-style-type: disc;'>\n<li style='margin-bottom: 5px;'>Convertidor de medios gigabit<\/li>\n<li style='margin-bottom: 5px;'>Manual de usuario<\/li>\n<li style='margin-bottom: 5px;'>Kit de montaje en pared<\/li>\n<li style='margin-bottom: 5px;'>Kit de montaje en riel DIN<\/li>\n<\/ul><\/div>\n<\/p><\/div>\n<\/p><\/div>\n<p> <!-- Separador --> <\/p>\n<hr style='border: 0; border-top: 1px solid rgba(150&comma; 150&comma; 150&comma; 0.3); margin: 30px 0;'> <\/div>\n","protected":false},"excerpt":{"rendered":"<p>Convertidor de Medios Industrial PoE+ 1000BASE-LX a 10\/100\/1000BASE-T 802.3at (SC,SM) -20 km<\/p>\n","protected":false},"featured_media":77272,"comment_status":"open","ping_status":"closed","template":"","meta":[],"product_brand":[],"product_cat":[2000],"product_tag":[2001,664,2033],"class_list":{"0":"post-77273","1":"product","2":"type-product","3":"status-publish","4":"has-post-thumbnail","6":"product_cat-convertidores-de-medios","7":"product_tag-convertidores-de-medios","8":"product_tag-networking","9":"product_tag-planet","11":"first","12":"outofstock","13":"sale","14":"shipping-taxable","15":"purchasable","16":"product-type-simple"},"_links":{"self":[{"href":"https:\/\/soydeaqui.ddns.net\/pachuca\/index.php\/wp-json\/wp\/v2\/product\/77273","targetHints":{"allow":["GET"]}}],"collection":[{"href":"https:\/\/soydeaqui.ddns.net\/pachuca\/index.php\/wp-json\/wp\/v2\/product"}],"about":[{"href":"https:\/\/soydeaqui.ddns.net\/pachuca\/index.php\/wp-json\/wp\/v2\/types\/product"}],"replies":[{"embeddable":true,"href":"https:\/\/soydeaqui.ddns.net\/pachuca\/index.php\/wp-json\/wp\/v2\/comments?post=77273"}],"wp:featuredmedia":[{"embeddable":true,"href":"https:\/\/soydeaqui.ddns.net\/pachuca\/index.php\/wp-json\/wp\/v2\/media\/77272"}],"wp:attachment":[{"href":"https:\/\/soydeaqui.ddns.net\/pachuca\/index.php\/wp-json\/wp\/v2\/media?parent=77273"}],"wp:term":[{"taxonomy":"product_brand","embeddable":true,"href":"https:\/\/soydeaqui.ddns.net\/pachuca\/index.php\/wp-json\/wp\/v2\/product_brand?post=77273"},{"taxonomy":"product_cat","embeddable":true,"href":"https:\/\/soydeaqui.ddns.net\/pachuca\/index.php\/wp-json\/wp\/v2\/product_cat?post=77273"},{"taxonomy":"product_tag","embeddable":true,"href":"https:\/\/soydeaqui.ddns.net\/pachuca\/index.php\/wp-json\/wp\/v2\/product_tag?post=77273"}],"curies":[{"name":"wp","href":"https:\/\/api.w.org\/{rel}","templated":true}]}}