{"id":77265,"date":"2026-03-19T15:54:11","date_gmt":"2026-03-19T15:54:11","guid":{"rendered":"https:\/\/soydeaqui.ddns.net\/pachuca\/index.php\/producto\/controlador-de-carga-mppt-sunmax-solarpoint-24v-7a-para-interior-con-switch-poe-pasivo-24v-integrado-para-alimentar-equipos-airmax\/"},"modified":"2026-03-19T15:54:15","modified_gmt":"2026-03-19T15:54:15","slug":"controlador-de-carga-mppt-sunmax-solarpoint-24v-7a-para-interior-con-switch-poe-pasivo-24v-integrado-para-alimentar-equipos-airmax","status":"publish","type":"product","link":"https:\/\/soydeaqui.ddns.net\/pachuca\/index.php\/producto\/controlador-de-carga-mppt-sunmax-solarpoint-24v-7a-para-interior-con-switch-poe-pasivo-24v-integrado-para-alimentar-equipos-airmax\/","title":{"rendered":"Controlador de carga MPPT SunMax SolarPoint 24V 7A para interior con switch PoE pasivo 24V integrado para alimentar equipos airMAX"},"content":{"rendered":"<div style=\"width: 100%; max-width: 1200px; margin: 0 auto; font-family: sans-serif; line-height: 1.6; color: inherit; background-color: transparent;\"><!-- Secci\u00f3n de im\u00e1genes y t\u00edtulo --><\/p>\n<div style=\"display: flex; flex-wrap: wrap; gap: 20px; margin-bottom: 30px; align-items: center;\">\n<div style=\"flex: 1 1 200px; min-width: 150px;\"><img decoding=\"async\" style=\"width: 100%; height: auto; border: 1px solid rgba(150&comma; 150&comma; 150&comma; 0.3); border-radius: 8px; max-height: 50px;\" src=\"https:\/\/ftp3.syscom.mx\/usuarios\/ftp\/single_page\/sunmax\/sunMAX-solar-switch.png\" alt=\"Solar Switch\" class=\"fr-fic fr-dii\"><\/div>\n<div style=\"flex: 1 1 200px; min-width: 150px;\"><img decoding=\"async\" style=\"width: 100%; height: auto; border: 1px solid rgba(150&comma; 150&comma; 150&comma; 0.3); border-radius: 8px; max-height: 50px;\" src=\"https:\/\/ftp3.syscom.mx\/usuarios\/ftp\/single_page\/sunmax\/sunMAX-solar-point.png\" alt=\"Solar Point\" class=\"fr-fic fr-dii\"><\/div>\n<div style=\"flex: 1 1 100%;\">\n<h1 style=\"font-size: 26px; border-bottom: 2px solid currentColor; padding-bottom: 5px; margin-top: 0; color: inherit; opacity: 0.8;\">Controlador de carga solar gestionado<\/h1>\n<\/div>\n<\/div>\n<p><!-- Secci\u00f3n de caracter\u00edsticas --><\/p>\n<div style=\"display: flex; flex-wrap: wrap; gap: 20px; margin-bottom: 30px;\">\n<div style=\"flex: 1 1 100%;\">\n<div style=\"display: flex; flex-wrap: wrap; gap: 15px;\">\n<div style=\"flex: 1 1 100%; min-width: 280px; max-width: 350px;\">\n<div style=\"display: flex; align-items: center; gap: 10px;\"><img decoding=\"async\" style=\"width: auto; height: auto; border: 1px solid rgba(150&comma; 150&comma; 150&comma; 0.3); border-radius: 4px; max-height: 50px;\" src=\"https:\/\/ftp3.syscom.mx\/usuarios\/ftp\/single_page\/sunmax\/remotely-2.png\" alt=\"Gesti\u00f3n remota\" class=\"fr-fil fr-dib\"><\/p>\n<div style=\"flex: 1 1 100%;\">\n<p style=\"margin: 0; font-size: 14px;\">Gestionado remotamente<\/p>\n<\/div>\n<\/div>\n<\/div>\n<div style=\"flex: 1 1 100%; min-width: 280px; max-width: 350px;\">\n<div style=\"display: flex; align-items: center; gap: 10px;\"><img decoding=\"async\" style=\"width: auto; height: auto; border: 1px solid rgba(150&comma; 150&comma; 150&comma; 0.3); border-radius: 4px; max-height: 50px;\" src=\"https:\/\/ftp3.syscom.mx\/usuarios\/ftp\/single_page\/sunmax\/built-in.png\" alt=\"Conmutador PoE\" class=\"fr-fil fr-dib\"><\/p>\n<div style=\"flex: 1 1 100%;\">\n<p style=\"margin: 0; font-size: 14px;\">Conmutador PoE incorporado de 4 puertos y 24V<\/p>\n<\/div>\n<\/div>\n<\/div>\n<div style=\"flex: 1 1 100%; min-width: 280px; max-width: 350px;\">\n<div style=\"display: flex; align-items: center; gap: 10px;\"><img decoding=\"async\" style=\"width: auto; height: auto; border: 1px solid rgba(150&comma; 150&comma; 150&comma; 0.3); border-radius: 4px; max-height: 50px;\" src=\"https:\/\/ftp3.syscom.mx\/usuarios\/ftp\/single_page\/sunmax\/weather.png\" alt=\"Servicio de predicci\u00f3n del tiempo\" class=\"fr-fil fr-dib\"><\/p>\n<div style=\"flex: 1 1 100%;\">\n<p style=\"margin: 0; font-size: 14px;\">Servicio de predicci&oacute;n del tiempo<\/p>\n<\/div>\n<\/div>\n<\/div>\n<div style=\"flex: 1 1 100%; min-width: 280px; max-width: 350px;\">\n<div style=\"display: flex; align-items: center; gap: 10px;\"><img decoding=\"async\" style=\"width: auto; height: auto; border: 1px solid rgba(150&comma; 150&comma; 150&comma; 0.3); border-radius: 4px; max-height: 50px;\" src=\"https:\/\/ftp3.syscom.mx\/usuarios\/ftp\/single_page\/sunmax\/power.png\" alt=\"Seguimiento MPPT\" class=\"fr-fil fr-dib\"><\/p>\n<div style=\"flex: 1 1 100%;\">\n<p style=\"margin: 0; font-size: 14px;\">Seguimiento del punto de m&aacute;xima potencia (MPPT) 24V&comma; 7A<\/p>\n<\/div>\n<\/div>\n<\/div>\n<div style=\"flex: 1 1 100%; min-width: 280px; max-width: 350px;\">\n<div style=\"display: flex; align-items: center; gap: 10px;\"><img decoding=\"async\" style=\"width: auto; height: auto; border: 1px solid rgba(150&comma; 150&comma; 150&comma; 0.3); border-radius: 4px; max-height: 50px;\" src=\"https:\/\/ftp3.syscom.mx\/usuarios\/ftp\/single_page\/sunmax\/DC.png\" alt=\"Salida DC\" class=\"fr-fil fr-dib\"><\/p>\n<div style=\"flex: 1 1 100%;\">\n<p style=\"margin: 0; font-size: 14px;\">Salida DC hasta 40W<\/p>\n<\/div>\n<\/div>\n<\/div>\n<\/div>\n<\/div>\n<\/div>\n<p><!-- Imagen principal --><\/p>\n<div style=\"margin-bottom: 30px;\"><img decoding=\"async\" style=\"width: 100%; height: auto; border: 1px solid rgba(150&comma; 150&comma; 150&comma; 0.3); border-radius: 8px;\" src=\"https:\/\/ftp3.syscom.mx\/usuarios\/ftp\/single_page\/sunmax\/header-sunmax-equipos.png\" alt=\"Controlador de carga SolarPoint\" class=\"fr-fic fr-dii\"><\/div>\n<p><!-- Secci\u00f3n de dise\u00f1o vers\u00e1til --><\/p>\n<div style=\"margin-bottom: 30px;\">\n<h2 style=\"font-size: 22px; border-bottom: 2px solid currentColor; padding-bottom: 5px; margin-top: 0; color: inherit; opacity: 0.8;\">Dise&ntilde;o vers&aacute;til y modular<\/h2>\n<p style=\"font-size: 15px; margin-top: 15px; margin-bottom: 25px;\">SolarSwitch o SolarPoint son f&aacute;ciles de configurar para casi cualquier combinaci&oacute;n de dispositivos.<\/p>\n<div style=\"display: flex; flex-wrap: wrap; gap: 20px; justify-content: center;\">\n<div style=\"flex: 1 1 300px; min-width: 280px;\"><img decoding=\"async\" style=\"width: 100%; height: auto; border: 1px solid rgba(150&comma; 150&comma; 150&comma; 0.3); border-radius: 8px;\" src=\"https:\/\/ftp3.syscom.mx\/usuarios\/ftp\/single_page\/sunmax\/solar-switch.98ac72f2.png\" alt=\"SolarSwitch\" class=\"fr-fic fr-dii\"><\/div>\n<div style=\"flex: 1 1 300px; min-width: 280px;\"><img decoding=\"async\" style=\"width: 100%; height: auto; border: 1px solid rgba(150&comma; 150&comma; 150&comma; 0.3); border-radius: 8px;\" src=\"https:\/\/ftp3.syscom.mx\/usuarios\/ftp\/single_page\/sunmax\/solar-point.a68e3d04.png\" alt=\"SolarPoint\" class=\"fr-fic fr-dii\"><\/div>\n<\/div>\n<\/div>\n<p><!-- Secci\u00f3n de implementaci\u00f3n --><\/p>\n<div style=\"margin-bottom: 30px;\">\n<h2 style=\"font-size: 22px; border-bottom: 2px solid currentColor; padding-bottom: 5px; margin-top: 0; color: inherit; opacity: 0.8;\">Ejemplo de implementaci&oacute;n de SolarPoint<\/h2>\n<div style=\"margin-top: 20px;\"><img decoding=\"async\" style=\"width: 100%; height: auto; border: 1px solid rgba(150&comma; 150&comma; 150&comma; 0.3); border-radius: 8px;\" src=\"https:\/\/ftp3.syscom.mx\/usuarios\/ftp\/single_page\/sunmax\/devices.362313c1.jpg\" alt=\"Ejemplo de implementaci\u00f3n\" class=\"fr-fic fr-dii\"><\/div>\n<\/div>\n<p><!-- Secci\u00f3n de uso exterior\/interior --><\/p>\n<div style=\"margin-bottom: 30px;\">\n<h2 style=\"font-size: 22px; border-bottom: 2px solid currentColor; padding-bottom: 5px; margin-top: 0; color: inherit; opacity: 0.8;\">Uso exterior o interior<\/h2>\n<p style=\"font-size: 15px; margin-top: 15px; margin-bottom: 25px;\">Elija la mejor opci&oacute;n para sus necesidades de implementaci&oacute;n.<\/p>\n<div style=\"display: flex; flex-wrap: wrap; gap: 20px;\">\n<div style=\"flex: 1 1 300px; min-width: 280px;\">\n<h3 style=\"font-size: 18px; margin-top: 0; margin-bottom: 10px; color: inherit; opacity: 0.8;\">Implementaci&oacute;n de SolarPoint Pole<\/h3>\n<p style=\"font-size: 14px; margin-bottom: 15px;\">El resistente estuche SolarPoint resiste condiciones exteriores&comma; como viento&comma; lluvia y nieve. Los tapones de goma incluidos protegen las aberturas de los cables.<\/p>\n<p><img decoding=\"async\" style=\"width: 100%; height: auto; border: 1px solid rgba(150&comma; 150&comma; 150&comma; 0.3); border-radius: 8px;\" src=\"https:\/\/ftp3.syscom.mx\/usuarios\/ftp\/single_page\/sunmax\/indoor.07d9ea42.png\" alt=\"Implementaci\u00f3n SolarPoint Pole\" class=\"fr-fic fr-dii\"><\/div>\n<div style=\"flex: 1 1 300px; min-width: 280px;\">\n<h3 style=\"font-size: 18px; margin-top: 0; margin-bottom: 10px; color: inherit; opacity: 0.8;\">Implementaci&oacute;n de rack de SolarSwitch<\/h3>\n<p style=\"font-size: 14px; margin-bottom: 15px;\">Con el soporte de montaje en bastidor de un solo lado incluido&comma; el SolarSwitch se puede instalar en un gabinete de bastidor.<\/p>\n<p><img decoding=\"async\" style=\"width: 100%; height: auto; border: 1px solid rgba(150&comma; 150&comma; 150&comma; 0.3); border-radius: 8px;\" src=\"https:\/\/ftp3.syscom.mx\/usuarios\/ftp\/single_page\/sunmax\/outdoor.4d712c06.png\" alt=\"Implementaci\u00f3n rack SolarSwitch\" class=\"fr-fic fr-dii\"><\/div>\n<\/div>\n<\/div>\n<p><!-- Secci\u00f3n de monitoreo remoto --><\/p>\n<div style=\"margin-bottom: 30px;\">\n<h2 style=\"font-size: 22px; border-bottom: 2px solid currentColor; padding-bottom: 5px; margin-top: 0; color: inherit; opacity: 0.8;\">Monitoreo remoto y configuraci&oacute;n<\/h2>\n<p style=\"font-size: 15px; margin-top: 15px; margin-bottom: 25px;\">Dise&ntilde;ada para una administraci&oacute;n conveniente&comma; la interfaz de configuraci&oacute;n SolarPoint y SolarSwitch permite a los administradores configurar dispositivos y monitorear la carga en una interfaz de usuario simple y gr&aacute;fica.<\/p>\n<div style=\"margin: 25px 0;\"><img decoding=\"async\" style=\"width: 100%; height: auto; border: 1px solid rgba(150&comma; 150&comma; 150&comma; 0.3); border-radius: 8px;\" src=\"https:\/\/ftp3.syscom.mx\/usuarios\/ftp\/single_page\/sunmax\/sunmax-software.png\" alt=\"Interfaz de configuraci\u00f3n\" class=\"fr-fic fr-dii\"><\/div>\n<div style=\"display: flex; flex-wrap: wrap; gap: 20px; margin-top: 20px;\">\n<div style=\"flex: 1 1 200px; min-width: 180px;\">\n<div style=\"display: flex; align-items: center; gap: 10px;\"><img decoding=\"async\" style=\"width: auto; height: auto; border: 1px solid rgba(150&comma; 150&comma; 150&comma; 0.3); border-radius: 4px; max-height: 50px;\" src=\"https:\/\/ftp3.syscom.mx\/usuarios\/ftp\/single_page\/sunmax\/Graphical.png\" alt=\"Interfaz de usuario simple y gr\u00e1fica\" class=\"fr-fil fr-dib\"><\/p>\n<div style=\"flex: 1 1 100%;\"><strong style=\"font-size: 14px; display: block; margin-bottom: 5px;\">Interfaz de usuario simple y gr&aacute;fica<\/strong><\/p>\n<p style=\"font-size: 13px; margin: 0;\">Ayuda a controlar y monitorear f&aacute;cilmente los dispositivos<\/p>\n<\/div>\n<\/div>\n<\/div>\n<div style=\"flex: 1 1 200px; min-width: 180px;\">\n<div style=\"display: flex; align-items: center; gap: 10px;\"><img decoding=\"async\" style=\"width: auto; height: auto; border: 1px solid rgba(150&comma; 150&comma; 150&comma; 0.3); border-radius: 4px; max-height: 50px;\" src=\"https:\/\/ftp3.syscom.mx\/usuarios\/ftp\/single_page\/sunmax\/Embedded.png\" alt=\"AP integrado\" class=\"fr-fil fr-dib\"><\/p>\n<div style=\"flex: 1 1 100%;\"><strong style=\"font-size: 14px; display: block; margin-bottom: 5px;\">AP integrado<\/strong><\/p>\n<p style=\"font-size: 13px; margin: 0;\">Con&eacute;ctese a SolarPoint o SolarSwitch a trav&eacute;s del punto de acceso incorporado<\/p>\n<\/div>\n<\/div>\n<\/div>\n<div style=\"flex: 1 1 200px; min-width: 180px;\">\n<div style=\"display: flex; align-items: center; gap: 10px;\"><img decoding=\"async\" style=\"width: auto; height: auto; border: 1px solid rgba(150&comma; 150&comma; 150&comma; 0.3); border-radius: 4px; max-height: 50px;\" src=\"https:\/\/ftp3.syscom.mx\/usuarios\/ftp\/single_page\/sunmax\/Management.png\" alt=\"Controlador de acceso de gesti\u00f3n remota\" class=\"fr-fil fr-dib\"><\/p>\n<div style=\"flex: 1 1 100%;\"><strong style=\"font-size: 14px; display: block; margin-bottom: 5px;\">Controlador de acceso de gesti&oacute;n remota<\/strong><\/p>\n<p style=\"font-size: 13px; margin: 0;\">a trav&eacute;s de la interfaz de usuario web<\/p>\n<\/div>\n<\/div>\n<\/div>\n<div style=\"flex: 1 1 200px; min-width: 180px;\">\n<div style=\"display: flex; align-items: center; gap: 10px;\"><img decoding=\"async\" style=\"width: auto; height: auto; border: 1px solid rgba(150&comma; 150&comma; 150&comma; 0.3); border-radius: 4px; max-height: 50px;\" src=\"https:\/\/ftp3.syscom.mx\/usuarios\/ftp\/single_page\/sunmax\/Scheduling.png\" alt=\"Programaci\u00f3n de energ\u00eda\" class=\"fr-fil fr-dib\"><\/p>\n<div style=\"flex: 1 1 100%;\"><strong style=\"font-size: 14px; display: block; margin-bottom: 5px;\">Programaci&oacute;n de energ&iacute;a<\/strong><\/p>\n<p style=\"font-size: 13px; margin: 0;\">Ahorre energ&iacute;a de la bater&iacute;a durante las horas designadas<\/p>\n<\/div>\n<\/div>\n<\/div>\n<\/div>\n<\/div>\n<p><!-- Secci\u00f3n de especificaciones --><\/p>\n<div style=\"margin-bottom: 30px;\">\n<h2 style=\"font-size: 22px; border-bottom: 2px solid currentColor; padding-bottom: 5px; margin-top: 0; color: inherit; opacity: 0.8;\">Especificaciones<\/h2>\n<div style=\"display: flex; flex-wrap: wrap; gap: 20px; margin-top: 20px;\">\n<div style=\"flex: 1 1 250px; min-width: 200px; border: 1px solid rgba(150&comma; 150&comma; 150&comma; 0.4); border-radius: 8px; overflow: hidden;\">\n<div style=\"padding: 15px; border-bottom: 1px solid rgba(150&comma; 150&comma; 150&comma; 0.2); font-weight: bold; font-size: 18px; color: inherit;\">Especificaciones f&iacute;sicas<\/div>\n<div style=\"padding: 15px; color: inherit;\">\n<ul style=\"padding-left: 20px; margin: 0; font-size: 14px; list-style-type: disc;\">\n<li style=\"margin-bottom: 5px;\"><strong>Dimensiones:<\/strong> 168 x 136 x 36 mm (6.14 x 5.35 x 1.42&#39;)<\/li>\n<li style=\"margin-bottom: 5px;\"><strong>Peso:<\/strong> 543 g (1.2 lb)<\/li>\n<li style=\"margin-bottom: 5px;\"><strong>Enclosure:<\/strong> Metal&comma; para uso en interior<\/li>\n<li style=\"margin-bottom: 5px;\"><strong>Consumo M&aacute;x:<\/strong> 2 W<\/li>\n<\/ul>\n<\/div>\n<\/div>\n<div style=\"flex: 1 1 250px; min-width: 200px; border: 1px solid rgba(150&comma; 150&comma; 150&comma; 0.4); border-radius: 8px; overflow: hidden;\">\n<div style=\"padding: 15px; border-bottom: 1px solid rgba(150&comma; 150&comma; 150&comma; 0.2); font-weight: bold; font-size: 18px; color: inherit;\">Especificaciones el&eacute;ctricas<\/div>\n<div style=\"padding: 15px; color: inherit;\">\n<ul style=\"padding-left: 20px; margin: 0; font-size: 14px; list-style-type: disc;\">\n<li style=\"margin-bottom: 5px;\"><strong>Interfaz de Red:<\/strong> (4) puertos 10\/100 Mbps<\/li>\n<li style=\"margin-bottom: 5px;\"><strong>Fuente de Alimentaci&oacute;n:<\/strong> Panel PV (Conectores H4)<\/li>\n<li style=\"margin-bottom: 5px;\"><strong>Rango de Voltaje de Entrada del PV:<\/strong> 10-60 V<\/li>\n<li style=\"margin-bottom: 5px;\"><strong>Protecci&oacute;n:<\/strong> Inversa&comma; Protecci&oacute;n contra sobre-tensiones<\/li>\n<li style=\"margin-bottom: 5px;\"><strong>Voltaje M&aacute;ximo de Circuito Abierto:<\/strong> 60V<\/li>\n<li style=\"margin-bottom: 5px;\"><strong>Corriente M&aacute;xima PV:<\/strong> 10A<\/li>\n<li style=\"margin-bottom: 5px;\"><strong>Control de PV:<\/strong> MPPT<\/li>\n<\/ul>\n<\/div>\n<\/div>\n<div style=\"flex: 1 1 250px; min-width: 200px; border: 1px solid rgba(150&comma; 150&comma; 150&comma; 0.4); border-radius: 8px; overflow: hidden;\">\n<div style=\"padding: 15px; border-bottom: 1px solid rgba(150&comma; 150&comma; 150&comma; 0.2); font-weight: bold; font-size: 18px; color: inherit;\">Salida y carga<\/div>\n<div style=\"padding: 15px; color: inherit;\">\n<ul style=\"padding-left: 20px; margin: 0; font-size: 14px; list-style-type: disc;\">\n<li style=\"margin-bottom: 5px;\"><strong>Interfaces de Salida:<\/strong> 24 Vcc PoE Pasivo (Pines 4&comma; 5+; 7&comma; 8-)&comma; 24 Vcc Terminal block<\/li>\n<li style=\"margin-bottom: 5px;\"><strong>Voltaje de Salida:<\/strong> Voltaje de la bater&iacute;a limitado a 24 V (Protecci&oacute;n contra sobre-tensiones)<\/li>\n<li style=\"margin-bottom: 5px;\"><strong>Potencia M&aacute;xima de Salida:<\/strong> PoE: 17 W&comma; DC OUT: 24W&comma; Max 40 W Total<\/li>\n<li style=\"margin-bottom: 5px;\"><strong>Tipo de Bater&iacute;a:<\/strong> 24 V SLA&comma; AGM&comma; Gel Lead Battery<\/li>\n<li style=\"margin-bottom: 5px;\"><strong>Corriente M&aacute;xima de Carga:<\/strong> 7 A<\/li>\n<li style=\"margin-bottom: 5px;\"><strong>Protecci&oacute;n por Bajo Voltaje:<\/strong> 22 &ndash; 23.6 V Software Configurable&comma; 22 V Hardware Protection&comma; 2 Priority Levels for Output Disable<\/li>\n<\/ul>\n<\/div>\n<\/div>\n<div style=\"flex: 1 1 250px; min-width: 200px; border: 1px solid rgba(150&comma; 150&comma; 150&comma; 0.4); border-radius: 8px; overflow: hidden;\">\n<div style=\"padding: 15px; border-bottom: 1px solid rgba(150&comma; 150&comma; 150&comma; 0.2); font-weight: bold; font-size: 18px; color: inherit;\">Caracter&iacute;sticas adicionales<\/div>\n<div style=\"padding: 15px; color: inherit;\">\n<ul style=\"padding-left: 20px; margin: 0; font-size: 14px; list-style-type: disc;\">\n<li style=\"margin-bottom: 5px;\"><strong>Administraci&oacute;n:<\/strong> V&iacute;a Ethernet + Wi-Fi (2.4 GHz)<\/li>\n<li style=\"margin-bottom: 5px;\"><strong>Bot&oacute;n:<\/strong> Reset<\/li>\n<li style=\"margin-bottom: 5px;\"><strong>LEDs:<\/strong> System&comma; Output<\/li>\n<li style=\"margin-bottom: 5px;\"><strong>Absorption Voltage Steps:<\/strong> 27.4 V&comma; 28.2 V&comma; 29.1 V&comma; 30 V<\/li>\n<li style=\"margin-bottom: 5px;\"><strong>Float Charge Voltage:<\/strong> 95% of Absorption Voltage<\/li>\n<li style=\"margin-bottom: 5px;\"><strong>Temperatura de Operaci&oacute;n:<\/strong> -20 a 50&deg; C (-4 a 122&deg; F)<\/li>\n<li style=\"margin-bottom: 5px;\"><strong>Certificaciones:<\/strong> FCC\/IC\/CE<\/li>\n<\/ul>\n<\/div>\n<\/div>\n<\/div>\n<\/div>\n<p><!-- Notas importantes --><\/p>\n<div style=\"margin-top: 20px; margin-bottom: 30px;\">\n<p style=\"font-size: 14px; margin: 10px 0; color: #e74c3c;\"><strong>*<\/strong>Necesita arreglo de bater&iacute;as a 24 V.<\/p>\n<p style=\"font-size: 14px; margin: 10px 0; color: #e74c3c;\"><strong>*<\/strong>Las bater&iacute;as y los paneles solares no est&aacute;n incluidos.<\/p>\n<\/div>\n<p><!-- Separador --><\/p>\n<hr style=\"border: 0; border-top: 1px solid rgba(150&comma; 150&comma; 150&comma; 0.3); margin: 30px 0;\"><\/div>\n","protected":false},"excerpt":{"rendered":"<p>Controlador de carga MPPT SunMax SolarPoint 24V 7A para interior con switch PoE pasivo 24V integrado para alimentar equipos airMAX<\/p>\n","protected":false},"featured_media":77264,"comment_status":"open","ping_status":"closed","template":"","meta":[],"product_brand":[],"product_cat":[1970],"product_tag":[664,1971,166],"class_list":{"0":"post-77265","1":"product","2":"type-product","3":"status-publish","4":"has-post-thumbnail","6":"product_cat-switches","7":"product_tag-networking","8":"product_tag-switches","9":"product_tag-ubiquiti","11":"first","12":"outofstock","13":"sale","14":"shipping-taxable","15":"purchasable","16":"product-type-simple"},"_links":{"self":[{"href":"https:\/\/soydeaqui.ddns.net\/pachuca\/index.php\/wp-json\/wp\/v2\/product\/77265","targetHints":{"allow":["GET"]}}],"collection":[{"href":"https:\/\/soydeaqui.ddns.net\/pachuca\/index.php\/wp-json\/wp\/v2\/product"}],"about":[{"href":"https:\/\/soydeaqui.ddns.net\/pachuca\/index.php\/wp-json\/wp\/v2\/types\/product"}],"replies":[{"embeddable":true,"href":"https:\/\/soydeaqui.ddns.net\/pachuca\/index.php\/wp-json\/wp\/v2\/comments?post=77265"}],"wp:featuredmedia":[{"embeddable":true,"href":"https:\/\/soydeaqui.ddns.net\/pachuca\/index.php\/wp-json\/wp\/v2\/media\/77264"}],"wp:attachment":[{"href":"https:\/\/soydeaqui.ddns.net\/pachuca\/index.php\/wp-json\/wp\/v2\/media?parent=77265"}],"wp:term":[{"taxonomy":"product_brand","embeddable":true,"href":"https:\/\/soydeaqui.ddns.net\/pachuca\/index.php\/wp-json\/wp\/v2\/product_brand?post=77265"},{"taxonomy":"product_cat","embeddable":true,"href":"https:\/\/soydeaqui.ddns.net\/pachuca\/index.php\/wp-json\/wp\/v2\/product_cat?post=77265"},{"taxonomy":"product_tag","embeddable":true,"href":"https:\/\/soydeaqui.ddns.net\/pachuca\/index.php\/wp-json\/wp\/v2\/product_tag?post=77265"}],"curies":[{"name":"wp","href":"https:\/\/api.w.org\/{rel}","templated":true}]}}