{"id":77251,"date":"2026-03-19T15:53:37","date_gmt":"2026-03-19T15:53:37","guid":{"rendered":"https:\/\/soydeaqui.ddns.net\/pachuca\/index.php\/producto\/unifi-os-console-unifi-dream-machine-dispositivo-que-combina-wi-fi-ap-802-11ac-wave-2-mu-mimo-4x4-switch-de-4-puertos-router-security-gateway-y-controlador-unifi\/"},"modified":"2026-03-19T15:53:46","modified_gmt":"2026-03-19T15:53:46","slug":"unifi-os-console-unifi-dream-machine-dispositivo-que-combina-wi-fi-ap-802-11ac-wave-2-mu-mimo-4x4-switch-de-4-puertos-router-security-gateway-y-controlador-unifi","status":"publish","type":"product","link":"https:\/\/soydeaqui.ddns.net\/pachuca\/index.php\/producto\/unifi-os-console-unifi-dream-machine-dispositivo-que-combina-wi-fi-ap-802-11ac-wave-2-mu-mimo-4x4-switch-de-4-puertos-router-security-gateway-y-controlador-unifi\/","title":{"rendered":"UniFi OS Console: UniFi Dream Machine, dispositivo que combina Wi-Fi AP 802.11ac Wave 2 MU-MIMO 4&#215;4, Switch de 4 puertos, Router Security Gateway y Controlador UniFi"},"content":{"rendered":"<div style='width: 100%; max-width: 1200px; margin: 0 auto; font-family: sans-serif; line-height: 1.6; color: inherit; background-color: transparent;'> <!-- T\u00edtulo y separador --> <\/p>\n<div style='width: 100%;'>\n<h1 style='font-size: 28px; margin-top: 0; color: inherit;'>UniFi Dream Machine<\/h1>\n<hr style='border: 0; border-top: 2px solid #00a0df; width: 40px; margin: 15px 0;'> <\/div>\n<p> <!-- Contenido principal --> <\/p>\n<div style='display: flex; flex-wrap: wrap; gap: 30px; margin-top: 30px;'>\n<div style='flex: 1 1 300px; min-width: 280px;'>\n<h4 style='font-size: 20px; color: inherit; margin-top: 0;'>UDM<\/h4>\n<p style='color: inherit; font-size: 15px; margin-bottom: 15px;'>UniFi Dream Machine (UDM) es la forma m\u00e1s f\u00e1cil de presentar UniFi a hogares y empresas. El UDM incluye todo lo que se necesita para una red cableada o Wi-Fi a peque\u00f1a escala. Es f\u00e1cil de usar y ofrece todos los beneficios de UniFi.<\/p>\n<p style='color: inherit; font-size: 15px; margin-bottom: 10px;'><strong>Caracter\u00edsticas principales<\/strong><\/p>\n<hr style='border: 0; border-top: 2px solid #00a0df; width: 40px; margin: 15px 0;'>\n<p style='color: inherit; font-size: 15px; margin-bottom: 10px;'><strong>Caracter\u00edsticas:<\/strong><\/p>\n<ul style='padding-left: 20px; font-size: 14px; color: inherit; list-style-type: disc;'>\n<li style='margin-bottom: 5px;'>4 Puertos Gigabit RJ45<\/li>\n<li style='margin-bottom: 5px;'>Radio Dual Band 802.11 ac 4&#215;4 Wave 2<\/li>\n<li style='margin-bottom: 5px;'>Security Gateway con IDP\/IPS y DPI<\/li>\n<li style='margin-bottom: 5px;'>Procesador Fast 1.7 GHz Quad-Core<\/li>\n<li style='margin-bottom: 5px;'>Incluye UniFi Network Controller<\/li>\n<\/ul><\/div>\n<p> <!-- Carrusel de im\u00e1genes (transformado a contenedor de im\u00e1genes simples) --> <\/p>\n<div style='flex: 1 1 300px; min-width: 280px;'>\n<div style='display: flex; flex-wrap: wrap; gap: 10px;'>\n<div style='width: 100%; margin-bottom: 10px;'> <img style='width: 100%; height: auto; border: 1px solid rgba(150&comma;150&comma;150&comma;0.3); border-radius: 8px;' src='http:\/\/ftp3.syscom.mx\/usuarios\/ftp\/vista-producto\/ubiquiti\/udm\/udm-1.png' alt=''> <\/div>\n<div style='width: 49%;'> <img style='width: 100%; height: auto; border: 1px solid rgba(150&comma;150&comma;150&comma;0.3); border-radius: 8px;' src='http:\/\/ftp3.syscom.mx\/usuarios\/ftp\/vista-producto\/ubiquiti\/udm\/udm-2.png' alt=''> <\/div>\n<div style='width: 49%;'> <img style='width: 100%; height: auto; border: 1px solid rgba(150&comma;150&comma;150&comma;0.3); border-radius: 8px;' src='http:\/\/ftp3.syscom.mx\/usuarios\/ftp\/vista-producto\/ubiquiti\/udm\/udm-3.png' alt=''> <\/div>\n<div style='width: 100%; margin-top: 10px;'> <img style='width: 100%; height: auto; border: 1px solid rgba(150&comma;150&comma;150&comma;0.3); border-radius: 8px;' src='http:\/\/ftp3.syscom.mx\/usuarios\/ftp\/vista-producto\/ubiquiti\/udm\/udm-4.png' alt=''> <\/div>\n<\/p><\/div>\n<\/p><\/div>\n<\/p><\/div>\n<p> <!-- Secci\u00f3n de descripci\u00f3n adicional --> <\/p>\n<div style='width: 100%; margin: 30px 0; text-align: center;'>\n<p style='font-size: 20px; color: inherit; margin: 15px 0;'>Procesador 1.7 GHz quad-core&comma; el UDM combina m\u00faltiples funciones en un solo dispositivo elegante.<\/p>\n<p> <img style='width: 100%; max-width: 600px; height: auto; border: 1px solid rgba(150&comma;150&comma;150&comma;0.3); border-radius: 8px;' src='http:\/\/ftp3.syscom.mx\/usuarios\/ftp\/vista-producto\/ubiquiti\/udm\/udm-back.png' alt=''> <\/div>\n<p> <!-- Secci\u00f3n de caracter\u00edsticas con iconos --> <\/p>\n<div style='display: flex; flex-wrap: wrap; gap: 20px; margin-bottom: 30px;'>\n<div style='flex: 1 1 250px; min-width: 200px;'>\n<h4 style='display: flex; align-items: center; color: inherit; font-size: 18px; margin: 15px 0 10px;'> <img style='width: 24px; height: 24px; margin-right: 10px;' src='http:\/\/ftp3.syscom.mx\/usuarios\/ftp\/vista-producto\/ubiquiti\/udm\/senal.png' alt=''> AP Integrado 4&#215;4 <\/h4>\n<p style='font-size: 14px; color: inherit; margin-left: 34px;'>El UDM ofrece Wi-Fi de alto rendimiento y se adapta a entornos de alta densidad como parte de las redes empresariales.<\/p>\n<\/p><\/div>\n<div style='flex: 1 1 250px; min-width: 200px;'>\n<h4 style='display: flex; align-items: center; color: inherit; font-size: 18px; margin: 15px 0 10px;'> <img style='width: 24px; height: 24px; margin-right: 10px;' src='http:\/\/ftp3.syscom.mx\/usuarios\/ftp\/vista-producto\/ubiquiti\/udm\/seguridad.png' alt=''> Integrated Security Gateway <\/h4>\n<p style='font-size: 14px; color: inherit; margin-left: 34px;'>El UDM ofrece pol\u00edticas avanzadas de firewall y gesti\u00f3n de amenazas Intrusion Prevention System (IPS) y Intrusion Detection System (IDS).<\/p>\n<\/p><\/div>\n<div style='flex: 1 1 250px; min-width: 200px;'>\n<h4 style='display: flex; align-items: center; color: inherit; font-size: 18px; margin: 15px 0 10px;'> <img style='width: 24px; height: 24px; margin-right: 10px;' src='http:\/\/ftp3.syscom.mx\/usuarios\/ftp\/vista-producto\/ubiquiti\/udm\/hdd.png' alt=''> Cloud Key Integrado <\/h4>\n<p style='font-size: 14px; color: inherit; margin-left: 34px;'>UniFi Network Controller puede aprovisionar dispositivos UniFi&comma; mapear redes y administrar r\u00e1pidamente el tr\u00e1fico del sistema.<\/p>\n<\/p><\/div>\n<div style='flex: 1 1 250px; min-width: 200px;'>\n<h4 style='display: flex; align-items: center; color: inherit; font-size: 18px; margin: 15px 0 10px;'> <img style='width: 24px; height: 24px; margin-right: 10px;' src='http:\/\/ftp3.syscom.mx\/usuarios\/ftp\/vista-producto\/ubiquiti\/udm\/red.png' alt=''> Gigabit Switch Integrado <\/h4>\n<p style='font-size: 14px; color: inherit; margin-left: 34px;'>El UDM proporciona un conmutador Gigabit de 4 puertos administrado para que pueda agregar f\u00e1cilmente dispositivos con cable.<\/p>\n<\/p><\/div>\n<p> <!-- Imagen de centro --> <\/p>\n<div style='flex: 1 1 100%; margin: 20px 0; text-align: center;'> <img style='width: 100%; max-width: 600px; height: auto; border: 1px solid rgba(150&comma;150&comma;150&comma;0.3); border-radius: 8px;' src='http:\/\/ftp3.syscom.mx\/usuarios\/ftp\/vista-producto\/ubiquiti\/udm\/udm-animation-2.gif' alt='udm-animation'> <\/div>\n<\/p><\/div>\n<p> <!-- Secci\u00f3n de especificaciones t\u00e9cnicas --> <\/p>\n<div style='display: flex; flex-wrap: wrap; gap: 20px; margin-bottom: 30px;'>\n<div style='flex: 1 1 250px; min-width: 200px; text-align: center;'> <img style='width: 60px; height: 60px; margin-bottom: 10px;' src='http:\/\/ftp3.syscom.mx\/usuarios\/ftp\/vista-producto\/ubiquiti\/udm\/senal-2.png' alt=''> <\/p>\n<h4 style='font-size: 18px; color: inherit; margin: 10px 0;'>ANTENA DE ALTO DESEMPE\u00d1O<\/h4>\n<p style='font-size: 14px; color: inherit;'>802.11ac Wave 2 4&#215;4 MU-MIMO para 5 GHz y 802.11n para 2.4 GHz<\/p>\n<\/p><\/div>\n<div style='flex: 1 1 250px; min-width: 200px; text-align: center;'> <img style='width: 60px; height: 60px; margin-bottom: 10px;' src='http:\/\/ftp3.syscom.mx\/usuarios\/ftp\/vista-producto\/ubiquiti\/udm\/procesador.png' alt=''> <\/p>\n<h4 style='font-size: 18px; color: inherit; margin: 10px 0;'>PROCESADOR<\/h4>\n<p style='font-size: 14px; color: inherit;'>ARM Cortex-A57 Quad-Core at 1.7 GHz<\/p>\n<\/p><\/div>\n<div style='flex: 1 1 250px; min-width: 200px; text-align: center;'> <img style='width: 60px; height: 60px; margin-bottom: 10px;' src='http:\/\/ftp3.syscom.mx\/usuarios\/ftp\/vista-producto\/ubiquiti\/udm\/seguridad.png' alt=''> <\/p>\n<h4 style='font-size: 18px; color: inherit; margin: 10px 0;'>ADVANCED SECURITY<\/h4>\n<p style='font-size: 14px; color: inherit;'>Gesti\u00f3n de amenazas con IDS\/IPS y DPI<\/p>\n<\/p><\/div>\n<div style='flex: 1 1 250px; min-width: 200px; text-align: center;'> <img style='width: 60px; height: 60px; margin-bottom: 10px;' src='http:\/\/ftp3.syscom.mx\/usuarios\/ftp\/vista-producto\/ubiquiti\/udm\/ethernet.png' alt=''> <\/p>\n<h4 style='font-size: 18px; color: inherit; margin: 10px 0;'>PUERTOS ETHERNET<\/h4>\n<p style='font-size: 14px; color: inherit;'>5 Puertos GbE : 1 x WAN y 4 x LAN<\/p>\n<\/p><\/div>\n<\/p><\/div>\n<p> <!-- Secci\u00f3n de caracter\u00edsticas adicionales --> <\/p>\n<div style='display: flex; flex-wrap: wrap; gap: 20px; margin-bottom: 30px;'>\n<div style='flex: 1 1 250px; min-width: 200px; text-align: center;'> <img style='width: 60px; height: 60px; margin-bottom: 10px;' src='http:\/\/ftp3.syscom.mx\/usuarios\/ftp\/vista-producto\/ubiquiti\/udm\/vlan.png' alt=''> <\/p>\n<h4 style='font-size: 18px; color: inherit; margin: 10px 0;'>VLAN SUPPORT<\/h4>\n<p style='font-size: 14px; color: inherit;'>Seguridad y gesti\u00f3n del tr\u00e1fico<\/p>\n<\/p><\/div>\n<div style='flex: 1 1 250px; min-width: 200px; text-align: center;'> <img style='width: 60px; height: 60px; margin-bottom: 10px;' src='http:\/\/ftp3.syscom.mx\/usuarios\/ftp\/vista-producto\/ubiquiti\/udm\/vlan.png' alt=''> <\/p>\n<h4 style='font-size: 18px; color: inherit; margin: 10px 0;'>COMUNICACIONES SEGURAS<\/h4>\n<p style='font-size: 14px; color: inherit;'>VPN Server<\/p>\n<\/p><\/div>\n<div style='flex: 1 1 250px; min-width: 200px; text-align: center;'> <img style='width: 60px; height: 60px; margin-bottom: 10px;' src='http:\/\/ftp3.syscom.mx\/usuarios\/ftp\/vista-producto\/ubiquiti\/udm\/quos.png' alt=''> <\/p>\n<h4 style='font-size: 18px; color: inherit; margin: 10px 0;'>QoS<\/h4>\n<p style='font-size: 14px; color: inherit;'>Enterprise VoIP<\/p>\n<\/p><\/div>\n<\/p><\/div>\n<p> <!-- Nota importante --> <\/p>\n<div style='width: 100%; margin: 30px 0; padding: 20px; border-left: 4px solid #00a0df; background-color: rgba(150&comma;150&comma;150&comma;0.05);'>\n<p style='font-size: 16px; color: inherit; margin: 0;'> Se recomienda utilizar <a style='color: inherit; text-decoration: underline;' href='https:\/\/www.ui.com\/consoles\/resource-calculator' target='_blank' rel='noopener'>UniFi OS Console Resource Calculator<\/a> para seleccionar un controlador UniFi. <\/p>\n<\/p><\/div>\n<p> <!-- Secci\u00f3n de controlador UniFi --> <\/p>\n<div style='display: flex; flex-wrap: wrap; gap: 30px; margin-top: 30px;'>\n<div style='flex: 1 1 300px; min-width: 280px;'>\n<h3 style='font-size: 22px; color: inherit; margin-top: 0;'>UniFi Network Controller con Interfaz de Usuario Intuitiva<\/h3>\n<p style='font-size: 15px; color: inherit;'>El software de administraci\u00f3n centralizada con una interfaz gr\u00e1fica de usuario ofrece una configuraci\u00f3n f\u00e1cil y un control conveniente.<\/p>\n<div style='margin-top: 20px;'> <img style='width: 40px; height: 40px; vertical-align: middle; margin-right: 10px;' src='http:\/\/ftp3.syscom.mx\/usuarios\/ftp\/vista-producto\/ubiquiti\/udm\/logo-app.png' alt=''> <span style='font-size: 18px; color: inherit; vertical-align: middle;'>UniFi Network Controller<\/span> <\/div>\n<p style='font-size: 14px; color: inherit; margin-top: 10px;'>UniFi\u00ae Network Controller es un sistema de extremo a extremo en diferentes ubicaciones&comma; todo controlado desde una \u00fanica interfaz.<\/p>\n<p> <!-- Enlaces de descarga --> <\/p>\n<div style='margin-top: 20px;'>\n<p style='font-size: 16px; color: inherit; margin-bottom: 10px;'><strong>Descargue la App m\u00f3vil<\/strong><\/p>\n<div style='display: flex; gap: 10px; flex-wrap: wrap;'> <a href='https:\/\/apps.apple.com\/us\/app\/unifi-network\/id1057750338' target='_blank' rel='noopener'> <img style='width: 130px; height: auto; border: 1px solid rgba(150&comma;150&comma;150&comma;0.3); border-radius: 8px;' src='http:\/\/ftp3.syscom.mx\/usuarios\/ftp\/vista-producto\/ubiquiti\/udm\/appstore.png' alt='App Store'> <\/a> <a href='https:\/\/play.google.com\/store\/apps\/details?id=com.ubnt.easyunifi&#038;hl=en' target='_blank' rel='noopener'> <img style='width: 130px; height: auto; border: 1px solid rgba(150&comma;150&comma;150&comma;0.3); border-radius: 8px;' src='http:\/\/ftp3.syscom.mx\/usuarios\/ftp\/vista-producto\/ubiquiti\/udm\/playstoree.png' alt='Google Play'> <\/a> <\/div>\n<\/p><\/div>\n<p> <!-- Demo --> <\/p>\n<div style='margin-top: 20px;'>\n<p style='font-size: 16px; color: inherit; margin-bottom: 10px;'><strong>Pruebe el controlador Demo<\/strong><\/p>\n<p> <a href='https:\/\/demo.ui.com\/' target='_blank' rel='noopener'> <img style='width: 150px; height: auto; border: 1px solid rgba(150&comma;150&comma;150&comma;0.3); border-radius: 8px;' src='http:\/\/ftp3.syscom.mx\/usuarios\/ftp\/vista-producto\/ubiquiti\/udm\/demo.png' alt='Demo UniFi'> <\/a> <\/div>\n<\/p><\/div>\n<p> <!-- Imagen de app --> <\/p>\n<div style='flex: 1 1 300px; min-width: 280px;'> <img style='width: 100%; height: auto; border: 1px solid rgba(150&comma;150&comma;150&comma;0.3); border-radius: 8px;' src='http:\/\/ftp3.syscom.mx\/usuarios\/ftp\/vista-producto\/ubiquiti\/udm\/udm-app.gif' alt='App UniFi'> <\/div>\n<\/p><\/div>\n<p> <!-- Nota sobre m\u00faltiples sitios virtuales --> <\/p>\n<div style='width: 100%; margin: 30px 0; padding: 15px; background-color: rgba(150&comma;150&comma;150&comma;0.05); border-left: 4px solid #00a0df;'>\n<p style='font-size: 14px; color: inherit; margin: 0;'><strong>Nota:<\/strong> El controlador UniFi en UDM-PRO no permite creaci\u00f3n de m\u00faltiples sitios virtuales&comma; solo uno.<\/p>\n<\/p><\/div>\n<\/p><\/div>\n","protected":false},"excerpt":{"rendered":"<p>UniFi OS Console: UniFi Dream Machine, dispositivo que combina Wi-Fi AP 802.11ac Wave 2 MU-MIMO 4&#215;4, Switch de 4 puertos, Router Security Gateway y Controlador UniFi<\/p>\n","protected":false},"featured_media":77250,"comment_status":"open","ping_status":"closed","template":"","meta":[],"product_brand":[],"product_cat":[1794],"product_tag":[1795,1479,166],"class_list":{"0":"post-77251","1":"product","2":"type-product","3":"status-publish","4":"has-post-thumbnail","6":"product_cat-puntos-de-acceso","7":"product_tag-puntos-de-acceso","8":"product_tag-redes-wifi","9":"product_tag-ubiquiti","11":"first","12":"outofstock","13":"sale","14":"shipping-taxable","15":"purchasable","16":"product-type-simple"},"_links":{"self":[{"href":"https:\/\/soydeaqui.ddns.net\/pachuca\/index.php\/wp-json\/wp\/v2\/product\/77251","targetHints":{"allow":["GET"]}}],"collection":[{"href":"https:\/\/soydeaqui.ddns.net\/pachuca\/index.php\/wp-json\/wp\/v2\/product"}],"about":[{"href":"https:\/\/soydeaqui.ddns.net\/pachuca\/index.php\/wp-json\/wp\/v2\/types\/product"}],"replies":[{"embeddable":true,"href":"https:\/\/soydeaqui.ddns.net\/pachuca\/index.php\/wp-json\/wp\/v2\/comments?post=77251"}],"wp:featuredmedia":[{"embeddable":true,"href":"https:\/\/soydeaqui.ddns.net\/pachuca\/index.php\/wp-json\/wp\/v2\/media\/77250"}],"wp:attachment":[{"href":"https:\/\/soydeaqui.ddns.net\/pachuca\/index.php\/wp-json\/wp\/v2\/media?parent=77251"}],"wp:term":[{"taxonomy":"product_brand","embeddable":true,"href":"https:\/\/soydeaqui.ddns.net\/pachuca\/index.php\/wp-json\/wp\/v2\/product_brand?post=77251"},{"taxonomy":"product_cat","embeddable":true,"href":"https:\/\/soydeaqui.ddns.net\/pachuca\/index.php\/wp-json\/wp\/v2\/product_cat?post=77251"},{"taxonomy":"product_tag","embeddable":true,"href":"https:\/\/soydeaqui.ddns.net\/pachuca\/index.php\/wp-json\/wp\/v2\/product_tag?post=77251"}],"curies":[{"name":"wp","href":"https:\/\/api.w.org\/{rel}","templated":true}]}}