{"id":77230,"date":"2026-03-19T15:52:45","date_gmt":"2026-03-19T15:52:45","guid":{"rendered":"https:\/\/soydeaqui.ddns.net\/pachuca\/index.php\/producto\/ups-de-2200-va-2200-w-topologia-linea-interactiva-entrada-120-vca-nema-l5-30p-onda-senoidal-pura-torre-o-rack-2-ur-con-8-tomas-nema-5-20r\/"},"modified":"2026-03-19T15:52:55","modified_gmt":"2026-03-19T15:52:55","slug":"ups-de-2200-va-2200-w-topologia-linea-interactiva-entrada-120-vca-nema-l5-30p-onda-senoidal-pura-torre-o-rack-2-ur-con-8-tomas-nema-5-20r","status":"publish","type":"product","link":"https:\/\/soydeaqui.ddns.net\/pachuca\/index.php\/producto\/ups-de-2200-va-2200-w-topologia-linea-interactiva-entrada-120-vca-nema-l5-30p-onda-senoidal-pura-torre-o-rack-2-ur-con-8-tomas-nema-5-20r\/","title":{"rendered":"UPS de 2200 VA\/2200 W, Topolog\u00eda L\u00ednea Interactiva, Entrada 120 Vca NEMA L5-30P, Onda Senoidal Pura, Torre o Rack 2 UR, Con 8 Tomas NEMA 5-20R"},"content":{"rendered":"<div style='width: 100%; max-width: 1200px; margin: 0 auto; font-family: sans-serif; line-height: 1.6; color: inherit; background-color: transparent;'>\n<div style='display: flex; flex-wrap: wrap; gap: 30px; margin-bottom: 30px;'>\n<div style='flex: 1 1 300px; min-width: 280px;'>\n<h3 style='font-size: 22px; border-bottom: 2px solid currentColor; padding-bottom: 5px; margin-top: 0; color: inherit; opacity: 0.8;'>Caracter\u00edsticas Principales<\/h3>\n<ul style='padding-left: 20px; font-size: 15px; color: inherit;'>\n<li style='margin-bottom: 5px;'>Dise\u00f1o de montaje en rack y torre<\/li>\n<li style='margin-bottom: 5px;'>Topolog\u00eda de l\u00ednea interactiva con AVR<\/li>\n<li style='margin-bottom: 5px;'>Salida de onda senoidal estabilizada<\/li>\n<li style='margin-bottom: 5px;'>Factor de potencia 1.0<\/li>\n<li style='margin-bottom: 5px;'>Tecnolog\u00eda de gesti\u00f3n de bater\u00edas<\/li>\n<li style='margin-bottom: 5px;'>Carga de bater\u00eda en dos fases<\/li>\n<li style='margin-bottom: 5px;'>Bater\u00edas intercambiables en caliente<\/li>\n<li style='margin-bottom: 5px;'>Pantalla LCD multifuncional rotativa<\/li>\n<\/ul><\/div>\n<div style='flex: 1 1 300px; min-width: 280px;'> <img style='width: 100%; height: auto; border: 1px solid rgba(150&comma;150&comma;150&comma;0.3); border-radius: 8px;' src='https:\/\/ftp3.syscom.mx\/usuarios\/fotos\/logotipos\/cyberpower.png' alt=''> <\/div>\n<\/p><\/div>\n<div style='display: flex; flex-wrap: wrap; gap: 20px; margin-bottom: 30px;'>\n<div style='flex: 1 1 250px; border: 1px solid rgba(150&comma; 150&comma; 150&comma; 0.4); border-radius: 8px; overflow: hidden; display: flex; flex-direction: column;'>\n<div style='padding: 15px; border-bottom: 1px solid rgba(150&comma; 150&comma; 150&comma; 0.2); font-weight: bold; font-size: 18px; color: inherit;'>Especificaciones El\u00e9ctricas<\/div>\n<div style='padding: 15px; color: inherit;'>\n<ul style='padding-left: 20px; margin: 0; font-size: 14px; list-style-type: disc;'>\n<li style='margin-bottom: 5px;'><strong>Rango de voltaje de entrada:<\/strong> 78 &#8211; 149 Vca<\/li>\n<li style='margin-bottom: 5px;'><strong>Frecuencia de entrada:<\/strong> 50\/60Hz \u00b1 3Hz<\/li>\n<li style='margin-bottom: 5px;'><strong>Entrada:<\/strong> NEMA L5-30P <img style='border: 0px; vertical-align: middle; width: 40px; height: 40px;' src='https:\/\/www.cyberpower.com\/mx\/es\/File\/GetImageByDocId\/GeneralAttribute-246' alt=''><\/li>\n<li style='margin-bottom: 5px;'><strong>Longitud de cable de entrada:<\/strong> 3 m<\/li>\n<li style='margin-bottom: 5px;'><strong>Salida:<\/strong> 2200 VA \/ 2200 W<\/li>\n<li style='margin-bottom: 5px;'><strong>Factor de potencia:<\/strong> 1.0<\/li>\n<\/ul><\/div>\n<\/p><\/div>\n<div style='flex: 1 1 250px; border: 1px solid rgba(150&comma; 150&comma; 150&comma; 0.4); border-radius: 8px; overflow: hidden; display: flex; flex-direction: column;'>\n<div style='padding: 15px; border-bottom: 1px solid rgba(150&comma; 150&comma; 150&comma; 0.2); font-weight: bold; font-size: 18px; color: inherit;'>Especificaciones de Bater\u00eda<\/div>\n<div style='padding: 15px; color: inherit;'>\n<ul style='padding-left: 20px; margin: 0; font-size: 14px; list-style-type: disc;'>\n<li style='margin-bottom: 5px;'><strong>Especificaciones:<\/strong> 4 x 12V\/9Ah<\/li>\n<li style='margin-bottom: 5px;'><strong>Tiempo de transferencia:<\/strong> 4 ms<\/li>\n<li style='margin-bottom: 5px;'><strong>Tiempo de respaldo (1100 W):<\/strong> 10 minutos<\/li>\n<li style='margin-bottom: 5px;'><strong>Tiempo de respaldo (2200 W):<\/strong> 3.2 minutos<\/li>\n<\/ul><\/div>\n<\/p><\/div>\n<div style='flex: 1 1 250px; border: 1px solid rgba(150&comma; 150&comma; 150&comma; 0.4); border-radius: 8px; overflow: hidden; display: flex; flex-direction: column;'>\n<div style='padding: 15px; border-bottom: 1px solid rgba(150&comma; 150&comma; 150&comma; 0.2); font-weight: bold; font-size: 18px; color: inherit;'>Caracter\u00edsticas F\u00edsicas<\/div>\n<div style='padding: 15px; color: inherit;'>\n<ul style='padding-left: 20px; margin: 0; font-size: 14px; list-style-type: disc;'>\n<li style='margin-bottom: 5px;'><strong>Tomas de salida:<\/strong> 8 NEMA 5-20R <img style='border: 0px; vertical-align: middle; width: 40px; height: 40px;' src='https:\/\/www.cyberpower.com\/mx\/es\/File\/GetImageByDocId\/GeneralAttribute-370' alt=''><\/li>\n<li style='margin-bottom: 5px;'><strong>Protecci\u00f3n de picos:<\/strong> 2430 Joules<\/li>\n<li style='margin-bottom: 5px;'><strong>Protecci\u00f3n:<\/strong> RJ11 y RJ45<\/li>\n<li style='margin-bottom: 5px;'><strong>Indicadores:<\/strong> Pantalla LCD de monitoreo<\/li>\n<li style='margin-bottom: 5px;'><strong>Dimensiones:<\/strong> 433 x 86.5 x 500 mm<\/li>\n<li style='margin-bottom: 5px;'><strong>Unidades de Rack:<\/strong> 2<\/li>\n<li style='margin-bottom: 5px;'><strong>Peso:<\/strong> 36.1 kg<\/li>\n<\/ul><\/div>\n<\/p><\/div>\n<div style='flex: 1 1 250px; border: 1px solid rgba(150&comma; 150&comma; 150&comma; 0.4); border-radius: 8px; overflow: hidden; display: flex; flex-direction: column;'>\n<div style='padding: 15px; border-bottom: 1px solid rgba(150&comma; 150&comma; 150&comma; 0.2); font-weight: bold; font-size: 18px; color: inherit;'>Caracter\u00edsticas Adicionales<\/div>\n<div style='padding: 15px; color: inherit;'>\n<ul style='padding-left: 20px; margin: 0; font-size: 14px; list-style-type: disc;'>\n<li style='margin-bottom: 5px;'>M\u00f3dulo de bater\u00eda extendible BP48VP2U02 (opcional)<\/li>\n<li style='margin-bottom: 5px;'>Administraci\u00f3n remota SNMP\/HTTP con tarjeta RMCARD205 (opcional)<\/li>\n<li style='margin-bottom: 5px;'>No compatible con generador<\/li>\n<li style='margin-bottom: 5px;'><strong>Incluye bater\u00eda<\/strong><\/li>\n<\/ul><\/div>\n<\/p><\/div>\n<\/p><\/div>\n<hr style='border: 0; border-top: 1px solid rgba(150&comma; 150&comma; 150&comma; 0.3); margin: 30px 0;'> <\/div>\n","protected":false},"excerpt":{"rendered":"<p>UPS de 2200 VA\/2200 W, Topolog\u00eda L\u00ednea Interactiva, Entrada 120 Vca NEMA L5-30P, Onda Senoidal Pura, Torre o Rack 2 UR, Con 8 Tomas NEMA 5-20R<\/p>\n","protected":false},"featured_media":77229,"comment_status":"open","ping_status":"closed","template":"","meta":[],"product_brand":[],"product_cat":[1231],"product_tag":[677,142,1232],"class_list":{"0":"post-77230","1":"product","2":"type-product","3":"status-publish","4":"has-post-thumbnail","6":"product_cat-ups-no-break-energia-videovigilancia","7":"product_tag-cyberpower","8":"product_tag-energia","9":"product_tag-ups-no-break-2","11":"first","12":"instock","13":"sale","14":"shipping-taxable","15":"purchasable","16":"product-type-simple"},"_links":{"self":[{"href":"https:\/\/soydeaqui.ddns.net\/pachuca\/index.php\/wp-json\/wp\/v2\/product\/77230","targetHints":{"allow":["GET"]}}],"collection":[{"href":"https:\/\/soydeaqui.ddns.net\/pachuca\/index.php\/wp-json\/wp\/v2\/product"}],"about":[{"href":"https:\/\/soydeaqui.ddns.net\/pachuca\/index.php\/wp-json\/wp\/v2\/types\/product"}],"replies":[{"embeddable":true,"href":"https:\/\/soydeaqui.ddns.net\/pachuca\/index.php\/wp-json\/wp\/v2\/comments?post=77230"}],"wp:featuredmedia":[{"embeddable":true,"href":"https:\/\/soydeaqui.ddns.net\/pachuca\/index.php\/wp-json\/wp\/v2\/media\/77229"}],"wp:attachment":[{"href":"https:\/\/soydeaqui.ddns.net\/pachuca\/index.php\/wp-json\/wp\/v2\/media?parent=77230"}],"wp:term":[{"taxonomy":"product_brand","embeddable":true,"href":"https:\/\/soydeaqui.ddns.net\/pachuca\/index.php\/wp-json\/wp\/v2\/product_brand?post=77230"},{"taxonomy":"product_cat","embeddable":true,"href":"https:\/\/soydeaqui.ddns.net\/pachuca\/index.php\/wp-json\/wp\/v2\/product_cat?post=77230"},{"taxonomy":"product_tag","embeddable":true,"href":"https:\/\/soydeaqui.ddns.net\/pachuca\/index.php\/wp-json\/wp\/v2\/product_tag?post=77230"}],"curies":[{"name":"wp","href":"https:\/\/api.w.org\/{rel}","templated":true}]}}