{"id":7723,"date":"2026-03-18T06:59:54","date_gmt":"2026-03-18T06:59:54","guid":{"rendered":"https:\/\/soydeaqui.ddns.net\/pachuca\/index.php\/producto\/puerta-metalica-galvanizada-3-0-x-8-0-resistente-al-fuego-por-180-min-ul\/"},"modified":"2026-03-18T06:59:54","modified_gmt":"2026-03-18T06:59:54","slug":"puerta-metalica-galvanizada-3-0-x-8-0-resistente-al-fuego-por-180-min-ul","status":"publish","type":"product","link":"https:\/\/soydeaqui.ddns.net\/pachuca\/index.php\/producto\/puerta-metalica-galvanizada-3-0-x-8-0-resistente-al-fuego-por-180-min-ul\/","title":{"rendered":"Puerta met\u00e1lica galvanizada 3&#8242; 0&#8243; x 8&#8242; 0&#8243; \/Resistente al fuego por 180 min \/ UL"},"content":{"rendered":"<div style='width: 100%; max-width: 1200px; margin: 0 auto; font-family: sans-serif; line-height: 1.6; color: inherit; background-color: transparent;'>\n<div style='display: flex; flex-wrap: wrap; gap: 30px; margin-bottom: 30px;'>\n<div style='flex: 1 1 300px; min-width: 280px;'>\n<h3 style='font-size: 22px; border-bottom: 2px solid currentColor; padding-bottom: 5px; margin-top: 0; color: inherit; opacity: 0.8;'>Caracter\u00edsticas Especiales<\/h3>\n<ul style='padding-left: 20px; font-size: 15px; color: inherit;'>\n<li style='margin-bottom: 5px;'>Enclavados mec\u00e1nicamente para mayor resistencia y rigidez<\/li>\n<li style='margin-bottom: 5px;'>N\u00facleo de panal de abeja que proporciona resistencia natural<\/li>\n<li style='margin-bottom: 5px;'>Canales invertidos&comma; finales soldadas a ambas l\u00e1minas de cara<\/li>\n<\/ul><\/div>\n<div style='flex: 1 1 300px; min-width: 280px;'>\n<h3 style='font-size: 22px; border-bottom: 2px solid currentColor; padding-bottom: 5px; margin-top: 0; color: inherit; opacity: 0.8;'>Descripci\u00f3n de la Puerta<\/h3>\n<ul style='padding-left: 20px; font-size: 15px; color: inherit;'>\n<li style='margin-bottom: 5px;'>Abatible en ambos lados<\/li>\n<li style='margin-bottom: 5px;'><strong>Resistente al fuego por 180 min<\/strong><\/li>\n<li style='margin-bottom: 5px;'>1-3\/4\u201d espesor<\/li>\n<li style='margin-bottom: 5px;'>Interior Honeycomb<\/li>\n<li style='margin-bottom: 5px;'>Uniones por &#8216;Interlocked&#8217;<\/li>\n<li style='margin-bottom: 5px;'>Canales invertidos &#8216;Top\/Bttm&#8217;<\/li>\n<li style='margin-bottom: 5px;'>Refuerzo de bisagra calibre 7<\/li>\n<li style='margin-bottom: 5px;'>Acabado &#8216;Prime&#8217; anti corrosi\u00f3n<\/li>\n<li style='margin-bottom: 5px;'>Preparaciones est\u00e1ndares<\/li>\n<li style='margin-bottom: 5px;'>STC 32 (en calibre 18)<\/li>\n<li style='margin-bottom: 5px;'>Certificaci\u00f3n UL<\/li>\n<li style='margin-bottom: 5px;'><strong>Calibre: 18<\/strong><\/li>\n<li style='margin-bottom: 5px;'>1&comma;000&comma;000 ciclos de uso en calibre 18<\/li>\n<li style='margin-bottom: 5px;'><strong>Dimensiones: 3\u20190\u201d x 8\u20190\u201d<\/strong><\/li>\n<\/ul><\/div>\n<\/p><\/div>\n<div style='display: flex; flex-wrap: wrap; gap: 20px; margin-bottom: 30px;'>\n<div style='flex: 1 1 250px; border: 1px solid rgba(150&comma; 150&comma; 150&comma; 0.4); border-radius: 8px; overflow: hidden; display: flex; flex-direction: column;'>\n<div style='padding: 15px; border-bottom: 1px solid rgba(150&comma; 150&comma; 150&comma; 0.2); font-weight: bold; font-size: 18px; color: inherit;'>ACCESORIOS INDISPENSABLES<\/div>\n<div style='padding: 15px; color: inherit;'>\n<p style='margin: 0 0 10px;'>Determinar el tipo de puerta (ver imagen abajo)<\/p>\n<ul style='padding-left: 20px; margin: 0; font-size: 14px; list-style-type: disc;'>\n<li style='margin-bottom: 5px;'>Puerta Derecha: 5063 (jamba de contra)&comma; 5057 (jamba de bisagra)<\/li>\n<li style='margin-bottom: 5px;'>Puerta Izquierda: 5064 (jamba de contra)&comma; 5058 (jamba de bisagra)<\/li>\n<li style='margin-bottom: 5px;'>Se requiere el uso de cabezal: 5066<\/li>\n<li style='margin-bottom: 5px;'>Requiere 2 paquetes de bisagras modelo <a style='color: #005cb9; text-decoration: none; font-weight: bold;' href='https:\/\/www.syscom.mx\/principal\/searchcont?route=MX105155-ASSA-ABLOY-214084&#038;autodetect=bisagra' target='_blank'>MX105155<\/a> (contiene 3 pzas)<\/li>\n<\/ul><\/div>\n<\/p><\/div>\n<div style='flex: 1 1 250px; border: 1px solid rgba(150&comma; 150&comma; 150&comma; 0.4); border-radius: 8px; overflow: hidden; display: flex; flex-direction: column;'>\n<div style='padding: 15px; border-bottom: 1px solid rgba(150&comma; 150&comma; 150&comma; 0.2); font-weight: bold; font-size: 18px; color: inherit;'>ACCESORIOS ADICIONALES<\/div>\n<div style='padding: 15px; color: inherit;'>\n<ul style='padding-left: 20px; margin: 0; font-size: 14px; list-style-type: disc;'>\n<li style='margin-bottom: 5px;'><strong>Sello perimetral:<\/strong> modelo 5019<\/li>\n<li style='margin-bottom: 5px;'><strong>Sardinel:<\/strong> 5020A o 5024 (opci\u00f3n con tope)<\/li>\n<li style='margin-bottom: 5px;'><strong>Sello bajo puerta:<\/strong> 5016 o 5032 (con goma)<\/li>\n<li style='margin-bottom: 5px;'><strong>Goter\u00f3n:<\/strong> 5036 (para uso en puertas con vista al exterior)<\/li>\n<li style='margin-bottom: 5px;'><strong>Cierrapuertas:<\/strong> 84887<\/li>\n<\/ul>\n<p style='margin-top: 15px; font-size: 14px;'>*Opcional puede utilizar barra para puerta de emergencia&comma; cerradura mec\u00e1nica y se\u00f1alizaci\u00f3n<\/p>\n<\/p><\/div>\n<\/p><\/div>\n<\/p><\/div>\n<div style='margin-bottom: 30px; text-align: center;'> <img style='width: 100%; max-width: 800px; height: auto; border: 1px solid rgba(150&comma;150&comma;150&comma;0.3); border-radius: 8px;' src='http:\/\/ftp3.syscom.mx\/usuarios\/hterrazas\/assabloy\/puerta.jpg' alt='Puerta met\u00e1lica galvanizada ASSA ABLOY 5047' \/> <\/div>\n<div style='text-align: center; font-weight: bold; color: #e63946;'> Producto sobre pedido <\/div>\n<\/p><\/div>\n","protected":false},"excerpt":{"rendered":"<p>Puerta met\u00e1lica galvanizada 3&#8242; 0&#8243; x 8&#8242; 0&#8243; \/Resistente al fuego por 180 min \/ UL<\/p>\n","protected":false},"featured_media":7722,"comment_status":"open","ping_status":"closed","template":"","meta":[],"product_brand":[],"product_cat":[216],"product_tag":[218,217,126],"class_list":{"0":"post-7723","1":"product","2":"type-product","3":"status-publish","4":"has-post-thumbnail","6":"product_cat-puertas-de-emergencia","7":"product_tag-assa-abloy","8":"product_tag-puertas-de-emergencia","9":"product_tag-sistemas-de-emergencia","11":"first","12":"outofstock","13":"sale","14":"shipping-taxable","15":"purchasable","16":"product-type-simple"},"_links":{"self":[{"href":"https:\/\/soydeaqui.ddns.net\/pachuca\/index.php\/wp-json\/wp\/v2\/product\/7723","targetHints":{"allow":["GET"]}}],"collection":[{"href":"https:\/\/soydeaqui.ddns.net\/pachuca\/index.php\/wp-json\/wp\/v2\/product"}],"about":[{"href":"https:\/\/soydeaqui.ddns.net\/pachuca\/index.php\/wp-json\/wp\/v2\/types\/product"}],"replies":[{"embeddable":true,"href":"https:\/\/soydeaqui.ddns.net\/pachuca\/index.php\/wp-json\/wp\/v2\/comments?post=7723"}],"wp:featuredmedia":[{"embeddable":true,"href":"https:\/\/soydeaqui.ddns.net\/pachuca\/index.php\/wp-json\/wp\/v2\/media\/7722"}],"wp:attachment":[{"href":"https:\/\/soydeaqui.ddns.net\/pachuca\/index.php\/wp-json\/wp\/v2\/media?parent=7723"}],"wp:term":[{"taxonomy":"product_brand","embeddable":true,"href":"https:\/\/soydeaqui.ddns.net\/pachuca\/index.php\/wp-json\/wp\/v2\/product_brand?post=7723"},{"taxonomy":"product_cat","embeddable":true,"href":"https:\/\/soydeaqui.ddns.net\/pachuca\/index.php\/wp-json\/wp\/v2\/product_cat?post=7723"},{"taxonomy":"product_tag","embeddable":true,"href":"https:\/\/soydeaqui.ddns.net\/pachuca\/index.php\/wp-json\/wp\/v2\/product_tag?post=7723"}],"curies":[{"name":"wp","href":"https:\/\/api.w.org\/{rel}","templated":true}]}}