{"id":77216,"date":"2026-03-19T15:52:07","date_gmt":"2026-03-19T15:52:07","guid":{"rendered":"https:\/\/soydeaqui.ddns.net\/pachuca\/index.php\/producto\/access-point-wifi-cnpilot-e600-indoor-para-alta-cobertura-y-densidad-de-usuarios-doble-banda-wave-2-mu-mimo-4x4-antena-beamforming-omnidireccional-hasta-512-clientes\/"},"modified":"2026-03-19T15:52:15","modified_gmt":"2026-03-19T15:52:15","slug":"access-point-wifi-cnpilot-e600-indoor-para-alta-cobertura-y-densidad-de-usuarios-doble-banda-wave-2-mu-mimo-4x4-antena-beamforming-omnidireccional-hasta-512-clientes","status":"publish","type":"product","link":"https:\/\/soydeaqui.ddns.net\/pachuca\/index.php\/producto\/access-point-wifi-cnpilot-e600-indoor-para-alta-cobertura-y-densidad-de-usuarios-doble-banda-wave-2-mu-mimo-4x4-antena-beamforming-omnidireccional-hasta-512-clientes\/","title":{"rendered":"Access Point WiFi cnPilot e600 Indoor para alta cobertura y densidad de usuarios, Doble Banda, Wave 2, MU-MIMO 4X4, antena Beamforming Omnidireccional, hasta 512 clientes"},"content":{"rendered":"<div style='width: 100%; max-width: 1200px; margin: 0 auto; font-family: sans-serif; line-height: 1.6; color: inherit; background-color: transparent;'>\n<h1 style='font-size: 2.625rem; margin: 0 0 0.875rem; font-family: sans-serif; font-weight: 400; line-height: 1.04762; color: inherit; text-shadow: rgba(0&comma; 0&comma; 0&comma; 0.2) 2px 4px 3px; text-align: center;'>e600 Indoor<\/h1>\n<div style='text-align: center; margin: 20px 0;'> <img style='width: auto; max-width: 100%; height: auto; border: 1px solid rgba(150&comma;150&comma;150&comma;0.3); border-radius: 8px;' src='https:\/\/ftp3.syscom.mx\/usuarios\/dquezada\/Cambium\/cnPilot\/e700\/cnpilot-logo.png' alt='Logo Cambium Networks' width='300' height='61' \/> <\/div>\n<div style='display: flex; flex-wrap: wrap; gap: 15px; justify-content: center; margin: 20px 0;'>\n<div style='background: rgba(150&comma;150&comma;150&comma;0.1); border-radius: 8px; padding: 10px; text-align: center; flex: 1 1 150px;'> <strong style='font-size: 17px; display: block;'>802.11ac<\/strong> <span style='font-size: 14px;'>Standard + MESH<\/span> <\/div>\n<div style='background: rgba(150&comma;150&comma;150&comma;0.1); border-radius: 8px; padding: 10px; text-align: center; flex: 1 1 150px;'> <strong style='font-size: 17px; display: block;'>512<\/strong> <span style='font-size: 14px;'>usuarios<\/span> <\/div>\n<div style='background: rgba(150&comma;150&comma;150&comma;0.1); border-radius: 8px; padding: 10px; text-align: center; flex: 1 1 150px;'> <strong style='font-size: 17px; display: block;'>Omi<\/strong> <span style='font-size: 14px;'>360\u00ba<\/span> <\/div>\n<div style='background: rgba(150&comma;150&comma;150&comma;0.1); border-radius: 8px; padding: 10px; text-align: center; flex: 1 1 150px;'> <strong style='font-size: 17px; display: block;'>Controlador<\/strong> <span style='font-size: 14px;'>gratuito<\/span> <\/div>\n<\/p><\/div>\n<div style='margin: 30px 0;'> <img style='width: 100%; height: auto; border: 1px solid rgba(150&comma;150&comma;150&comma;0.3); border-radius: 8px;' src='https:\/\/ftp3.syscom.mx\/usuarios\/fotos\/XV22T0XA00RW\/200298-captura_de_pantalla_2025-08-26_a_la(s)_9.42.27 a.m..png' alt='Captura de pantalla' \/> <\/div>\n<div style='display: grid; grid-template-columns: repeat(auto-fill&comma; minmax(280px&comma; 1fr)); gap: 30px; margin: 30px 0;'>\n<div style='border: 1px solid rgba(150&comma;150&comma;150&comma;0.4); border-radius: 8px; overflow: hidden;'>\n<div style='padding: 15px; border-bottom: 1px solid rgba(150&comma;150&comma;150&comma;0.2); font-weight: bold; font-size: 18px; background: rgba(0&comma;0&comma;0&comma;0.05);'>Caracter\u00edsticas Principales:<\/div>\n<div style='padding: 15px;'>\n<ul style='padding-left: 20px; margin: 0; font-size: 14px; list-style-type: disc;'>\n<li style='margin-bottom: 8px;'>Est\u00e1ndar 802.11 a\/b\/g\/n\/ac Wave 2.<\/li>\n<li style='margin-bottom: 8px;'><strong>Doble banda simult\u00e1nea 2.4 y 5 GHz.<\/strong><\/li>\n<li style='margin-bottom: 8px;'>MU-MIMO 4X4.<\/li>\n<li style='margin-bottom: 8px;'>Hasta 400 Mbps en 2.4 GHz.<\/li>\n<li style='margin-bottom: 8px;'>Hasta 1733 Mbps en 5 GHz.<\/li>\n<li style='margin-bottom: 8px;'><strong>Antena Beamforming para incrementar el desempe\u00f1o en la comunicaci\u00f3n con los dispositivos.<\/strong><\/li>\n<li style='margin-bottom: 8px;'>Antenas Omnidireccionales: 5.25 dBi en 2.4 GHz y 6 dBi en 5 GHz.<\/li>\n<li style='margin-bottom: 8px;'>Potencia: 24dBm en 2.4 GHz y 28 dBm en 5 GHz.<\/li>\n<\/ul><\/div>\n<\/p><\/div>\n<div style='border: 1px solid rgba(150&comma;150&comma;150&comma;0.4); border-radius: 8px; overflow: hidden;'>\n<div style='padding: 15px; border-bottom: 1px solid rgba(150&comma;150&comma;150&comma;0.2); font-weight: bold; font-size: 18px; background: rgba(0&comma;0&comma;0&comma;0.05);'>Caracter\u00edsticas F\u00edsicas y El\u00e9ctricas:<\/div>\n<div style='padding: 15px;'>\n<ul style='padding-left: 20px; margin: 0; font-size: 14px; list-style-type: disc;'>\n<li style='margin-bottom: 8px;'>1 puerto Gigabit PoE IN 802.3at&comma; se alimenta con Switches cnMatrix o fuente de alimentaci\u00f3n PoE modelo N000000L034A&comma; no incluidos).<\/li>\n<li style='margin-bottom: 8px;'><strong>1 puerto Gigabit Ethernet Secundario.<\/strong><\/li>\n<li style='margin-bottom: 8px;'>Consumo m\u00e1ximo: 22W<\/li>\n<\/ul><\/div>\n<\/p><\/div>\n<div style='border: 1px solid rgba(150&comma;150&comma;150&comma;0.4); border-radius: 8px; overflow: hidden;'>\n<div style='padding: 15px; border-bottom: 1px solid rgba(150&comma;150&comma;150&comma;0.2); font-weight: bold; font-size: 18px; background: rgba(0&comma;0&comma;0&comma;0.05);'>Caracter\u00edsticas Destacadas:<\/div>\n<div style='padding: 15px;'>\n<ul style='padding-left: 20px; margin: 0; font-size: 14px; list-style-type: disc;'>\n<li style='margin-bottom: 8px;'>Tipo de administraci\u00f3n: Standalone&comma; cnMaestro Cloud Managed (gratuito) y cnMaestro on-premises VM.<\/li>\n<li style='margin-bottom: 8px;'>Hasta 16 SSID\u00b4s por cada radio<\/li>\n<li style='margin-bottom: 8px;'><strong>Fast Roaming: Navega de celda en celda sin perder la conexi\u00f3n.<\/strong><\/li>\n<li style='margin-bottom: 8px;'>Portal cautivo Hotspot desde la nube&comma; vouchers personalizables.<\/li>\n<li style='margin-bottom: 8px;'>Limita el ancho de banda por usuario o SSID.<\/li>\n<li style='margin-bottom: 8px;'><strong>Soporta MESH.<\/strong><\/li>\n<li style='margin-bottom: 8px;'>Load Balancing para balancear la carga entre cada banda.<\/li>\n<\/ul><\/div>\n<\/p><\/div>\n<\/p><\/div>\n<div style='margin: 30px 0; text-align: center;'> <a style='color: inherit; text-decoration: none; font-weight: bold;' href='https:\/\/cloud.cambiumnetworks.com\/'>Administraci\u00f3n gratuita mediante controlador cnMaestro desde la nube&comma; no requiere equipos adicionales.<\/a> <\/div>\n<div style='margin: 30px 0; text-align: center;'>\n<p style='margin: 0 0 15px; font-weight: bold;'>Paquete incluye lo siguiente:<\/p>\n<p> <img style='width: 100%; max-width: 341px; height: auto; border: 1px solid rgba(150&comma;150&comma;150&comma;0.3); border-radius: 8px;' src='https:\/\/ftp3.syscom.mx\/usuarios\/dquezada\/Cambium\/cnPilot\/e410\/incluye%202.JPG' alt='Contenido del paquete' \/> <\/div>\n<div style='margin: 30px 0; text-align: center;'>\n<p style='margin: 0; font-weight: bold;'>Requiere fuente de alimentaci\u00f3n PoE modelo N000000L034A.<\/p>\n<\/p><\/div>\n<div style='margin: 30px 0; text-align: center;'>\n<p style='margin: 0; font-weight: bold;'>Comparativa con e410.<\/p>\n<\/p><\/div>\n<\/p><\/div>\n","protected":false},"excerpt":{"rendered":"<p>Access Point WiFi cnPilot e600 Indoor para alta cobertura y densidad de usuarios, Doble Banda, Wave 2, MU-MIMO 4X4, antena Beamforming Omnidireccional, hasta 512 clientes<\/p>\n","protected":false},"featured_media":77215,"comment_status":"open","ping_status":"closed","template":"","meta":[],"product_brand":[],"product_cat":[1794],"product_tag":[1316,1795,1479],"class_list":{"0":"post-77216","1":"product","2":"type-product","3":"status-publish","4":"has-post-thumbnail","6":"product_cat-puntos-de-acceso","7":"product_tag-cambium-networks","8":"product_tag-puntos-de-acceso","9":"product_tag-redes-wifi","11":"first","12":"instock","13":"sale","14":"shipping-taxable","15":"purchasable","16":"product-type-simple"},"_links":{"self":[{"href":"https:\/\/soydeaqui.ddns.net\/pachuca\/index.php\/wp-json\/wp\/v2\/product\/77216","targetHints":{"allow":["GET"]}}],"collection":[{"href":"https:\/\/soydeaqui.ddns.net\/pachuca\/index.php\/wp-json\/wp\/v2\/product"}],"about":[{"href":"https:\/\/soydeaqui.ddns.net\/pachuca\/index.php\/wp-json\/wp\/v2\/types\/product"}],"replies":[{"embeddable":true,"href":"https:\/\/soydeaqui.ddns.net\/pachuca\/index.php\/wp-json\/wp\/v2\/comments?post=77216"}],"wp:featuredmedia":[{"embeddable":true,"href":"https:\/\/soydeaqui.ddns.net\/pachuca\/index.php\/wp-json\/wp\/v2\/media\/77215"}],"wp:attachment":[{"href":"https:\/\/soydeaqui.ddns.net\/pachuca\/index.php\/wp-json\/wp\/v2\/media?parent=77216"}],"wp:term":[{"taxonomy":"product_brand","embeddable":true,"href":"https:\/\/soydeaqui.ddns.net\/pachuca\/index.php\/wp-json\/wp\/v2\/product_brand?post=77216"},{"taxonomy":"product_cat","embeddable":true,"href":"https:\/\/soydeaqui.ddns.net\/pachuca\/index.php\/wp-json\/wp\/v2\/product_cat?post=77216"},{"taxonomy":"product_tag","embeddable":true,"href":"https:\/\/soydeaqui.ddns.net\/pachuca\/index.php\/wp-json\/wp\/v2\/product_tag?post=77216"}],"curies":[{"name":"wp","href":"https:\/\/api.w.org\/{rel}","templated":true}]}}