{"id":77205,"date":"2026-03-19T15:51:40","date_gmt":"2026-03-19T15:51:40","guid":{"rendered":"https:\/\/soydeaqui.ddns.net\/pachuca\/index.php\/producto\/punto-de-acceso-a5x-4-9-6-4-ghz-conectorizado-mu-mimo-2x2-hasta-64-usuarios-concurrentes-700-mbps-conectores-sma-hembra-adaptacion-al-entorno-monitoreo-a-traves-de-la-nube\/"},"modified":"2026-03-19T15:51:48","modified_gmt":"2026-03-19T15:51:48","slug":"punto-de-acceso-a5x-4-9-6-4-ghz-conectorizado-mu-mimo-2x2-hasta-64-usuarios-concurrentes-700-mbps-conectores-sma-hembra-adaptacion-al-entorno-monitoreo-a-traves-de-la-nube","status":"publish","type":"product","link":"https:\/\/soydeaqui.ddns.net\/pachuca\/index.php\/producto\/punto-de-acceso-a5x-4-9-6-4-ghz-conectorizado-mu-mimo-2x2-hasta-64-usuarios-concurrentes-700-mbps-conectores-sma-hembra-adaptacion-al-entorno-monitoreo-a-traves-de-la-nube\/","title":{"rendered":"Punto de Acceso A5x, 4.9-6.4 GHz, Conectorizado, MU-MIMO 2X2, hasta 64 usuarios concurrentes, 700 Mbps, conectores SMA-hembra, Adaptaci\u00f3n al entorno, Monitoreo a trav\u00e9s de la nube"},"content":{"rendered":"<div style='width: 100%; max-width: 1200px; margin: 0 auto; font-family: sans-serif; line-height: 1.6; color: inherit; background-color: transparent;'> <!-- Secci\u00f3n de caracter\u00edsticas --> <\/p>\n<div style='display: flex; flex-wrap: wrap; gap: 30px; margin-bottom: 30px;'>\n<div style='flex: 1 1 300px; min-width: 280px;'>\n<h3 style='font-size: 22px; border-bottom: 2px solid currentColor; padding-bottom: 5px; margin-top: 0; color: inherit; opacity: 0.8;'>Caracter\u00edsticas principales<\/h3>\n<ul style='padding-left: 20px; font-size: 15px; color: inherit;'>\n<li style='margin-bottom: 5px;'>1 Puerto de datos 10\/100\/1000<\/li>\n<li style='margin-bottom: 5px;'>Modo de operaci\u00f3n PTMP: Acces point<\/li>\n<li style='margin-bottom: 5px;'>Anchos de canal ajustables: 20\/40\/80<\/li>\n<li style='margin-bottom: 5px;'>MIMO y modulaci\u00f3n: 2 x 2 :2 MIMO OFDM arriva de MCS9 (256-QAM 5\/6)<\/li>\n<li style='margin-bottom: 5px;'>M\u00e1ximo desempe\u00f1o hasta 700 Mbps de velocidad agregado en DL\/UL<\/li>\n<li style='margin-bottom: 5px;'>Seguridad avanzada: WAP;AES; RADIUS; Autorizaci\u00f3n 802.1x<\/li>\n<li style='margin-bottom: 5px;'>Clasificaci\u00f3n del IP: IP67<\/li>\n<li style='margin-bottom: 5px;'>Monitoreo en la nube de Mimosa y manejo HTTPS de monitoreo heredado de SNMPv2 y Syslog<\/li>\n<li style='margin-bottom: 5px;'>64 Clientes en modo Interoperabilidad WiFi<\/li>\n<li style='margin-bottom: 5px;'>44 Clientes en sincronizaci\u00f3n y reuso de espectro<\/li>\n<\/ul><\/div>\n<div style='flex: 1 1 300px; min-width: 280px;'>\n<h3 style='font-size: 22px; border-bottom: 2px solid currentColor; padding-bottom: 5px; margin-top: 0; color: inherit; opacity: 0.8;'>Caracter\u00edsticas el\u00e9ctricas<\/h3>\n<ul style='padding-left: 20px; font-size: 15px; color: inherit;'>\n<li style='margin-bottom: 5px;'>Consumo m\u00e1ximo de energ\u00eda: 9-12.9 W<\/li>\n<li style='margin-bottom: 5px;'>Alimentaci\u00f3n POE pasivo: 24-56 Vcc<\/li>\n<li style='margin-bottom: 5px;'>Requiere adaptador PoE (&#8216;POE-24V&#8217;) y Cable de alimentaci\u00f3n (PCC53)<\/li>\n<li style='margin-bottom: 5px;'>Dimensiones: Altura 188.4 mm&comma; Ancho 75 mm&comma; Profundidad 44 mm<\/li>\n<li style='margin-bottom: 5px;'>Peso de 1.4 kg<\/li>\n<li style='margin-bottom: 5px;'>Temperatura operacional: -40 a 55 \u00baC<\/li>\n<li style='margin-bottom: 5px;'>Nota: El equipo solo trabaja como AP&comma; no puede trabajar como enlace PTP<\/li>\n<\/ul><\/div>\n<\/p><\/div>\n<p> <!-- Im\u00e1genes --> <\/p>\n<div style='display: flex; flex-wrap: wrap; gap: 20px; margin-bottom: 30px;'> <img style='width: 100%; height: auto; border: 1px solid rgba(150&comma;150&comma;150&comma;0.3); border-radius: 8px;' src='https:\/\/ftp3.syscom.mx\/usuarios\/fotos\/A5X\/174923-captura_de_pantalla_2024-08-19_a_la(s)_8.37.27 a.m..png' alt=''> <img style='width: 100%; height: auto; border: 1px solid rgba(150&comma;150&comma;150&comma;0.3); border-radius: 8px;' src='https:\/\/ftp3.syscom.mx\/usuarios\/fotos\/A5X\/174923-captura_de_pantalla_2024-08-19_a_la(s)_8.37.44 a.m..png' alt=''> <img style='width: 100%; height: auto; border: 1px solid rgba(150&comma;150&comma;150&comma;0.3); border-radius: 8px;' src='https:\/\/ftp3.syscom.mx\/usuarios\/fotos\/A5X\/174923-captura_de_pantalla_2024-08-20_a_la(s)_9.45.13 a.m..png' alt=''> <img style='width: 100%; height: auto; border: 1px solid rgba(150&comma;150&comma;150&comma;0.3); border-radius: 8px;' src='https:\/\/ftp3.syscom.mx\/usuarios\/fotos\/A5X\/174923-captura_de_pantalla_2024-08-20_a_la(s)_9.46.30 a.m..png' alt=''> <img style='width: 100%; height: auto; border: 1px solid rgba(150&comma;150&comma;150&comma;0.3); border-radius: 8px;' src='https:\/\/ftp3.syscom.mx\/usuarios\/fotos\/A5X\/174923-captura_de_pantalla_2024-08-20_a_la(s)_9.51.11 a.m..png' alt=''> <\/div>\n<p> <!-- Secci\u00f3n de valor --> <\/p>\n<div style='display: flex; flex-wrap: wrap; gap: 30px; margin-bottom: 30px;'>\n<div style='flex: 1 1 300px; min-width: 280px;'>\n<h3 style='font-size: 22px; border-bottom: 2px solid currentColor; padding-bottom: 5px; margin-top: 0; color: inherit; opacity: 0.8;'>Valor<\/h3>\n<p style='margin-bottom: 15px;'><strong>PTMP a una fracci\u00f3n del costo<\/strong><\/p>\n<p style='margin-bottom: 15px;'>El A5x es un punto de acceso asequible que no compromete la calidad ni el rendimiento. Es la soluci\u00f3n perfecta tanto para nuevas configuraciones de red como para ampliar la cobertura existente&comma; todo a una fracci\u00f3n del costo de la fibra. Su bajo costo y su f\u00e1cil implementaci\u00f3n garantizan una recuperaci\u00f3n m\u00e1s r\u00e1pida de la inversi\u00f3n.<\/p>\n<\/p><\/div>\n<\/p><\/div>\n<p> <!-- Secci\u00f3n de planificaci\u00f3n de enlaces --> <\/p>\n<div style='display: flex; flex-wrap: wrap; gap: 30px; margin-bottom: 30px;'>\n<div style='flex: 1 1 300px; min-width: 280px;'>\n<h3 style='font-size: 22px; border-bottom: 2px solid currentColor; padding-bottom: 5px; margin-top: 0; color: inherit; opacity: 0.8;'>Planificaci\u00f3n de enlaces<\/h3>\n<p style='margin-bottom: 15px;'>Yendo hasta el final<\/p>\n<p style='margin-bottom: 15px;'>La herramienta de dise\u00f1o Mimosa simplifica la planificaci\u00f3n y validaci\u00f3n de implementaciones PTP y PTMP con unos pocos clics en un mapa. Esta herramienta intuitiva simplifica la evaluaci\u00f3n de la conectividad mediante el uso de ayudas visuales como la elevaci\u00f3n del terreno para estimar el rendimiento y la confiabilidad&comma; y tiene en cuenta autom\u00e1ticamente factores como el clima y la arboleda.<\/p>\n<p> <a href='https:\/\/mimosa.co\/design-tool' target='_blank' style='display: inline-block; padding: 0.5rem 1.5rem; font-weight: 400; text-align: center; vertical-align: middle; border: 1px solid rgba(150&comma;150&comma;150&comma;0.3); border-radius: 8px; text-decoration: none; color: inherit; background-color: transparent; transition: all 0.15s ease-in-out; margin-bottom: 15px;'> Herramienta de dise\u00f1o Mimosa <\/a> <\/div>\n<\/p><\/div>\n<p> <!-- Videos de YouTube --> <\/p>\n<div style='display: flex; flex-wrap: wrap; gap: 30px; margin-bottom: 30px;'>\n<div style='flex: 1 1 100%;'>\n<div style='position: relative; padding-bottom: 56.25%; height: 0; overflow: hidden;'>   <\/div>\n<\/p><\/div>\n<div style='flex: 1 1 100%;'>\n<div style='position: relative; padding-bottom: 56.25%; height: 0; overflow: hidden;'>   <\/div>\n<\/p><\/div>\n<\/p><\/div>\n<p> <!-- Separador final --> <\/p>\n<hr style='border: 0; border-top: 1px solid rgba(150&comma; 150&comma; 150&comma; 0.3); margin: 30px 0;'> <\/div>\n","protected":false},"excerpt":{"rendered":"<p>Punto de Acceso A5x, 4.9-6.4 GHz, Conectorizado, MU-MIMO 2X2, hasta 64 usuarios concurrentes, 700 Mbps, conectores SMA-hembra, Adaptaci\u00f3n al entorno, Monitoreo a trav\u00e9s de la nube<\/p>\n","protected":false},"featured_media":77204,"comment_status":"open","ping_status":"closed","template":"","meta":[],"product_brand":[],"product_cat":[1998],"product_tag":[1999,1980,2046],"class_list":{"0":"post-77205","1":"product","2":"type-product","3":"status-publish","4":"has-post-thumbnail","6":"product_cat-5-y-6-ghz","7":"product_tag-5-y-6-ghz","8":"product_tag-enlaces-ptp-y-ptmp","9":"product_tag-mimosa-networks","11":"first","12":"instock","13":"sale","14":"shipping-taxable","15":"purchasable","16":"product-type-simple"},"_links":{"self":[{"href":"https:\/\/soydeaqui.ddns.net\/pachuca\/index.php\/wp-json\/wp\/v2\/product\/77205","targetHints":{"allow":["GET"]}}],"collection":[{"href":"https:\/\/soydeaqui.ddns.net\/pachuca\/index.php\/wp-json\/wp\/v2\/product"}],"about":[{"href":"https:\/\/soydeaqui.ddns.net\/pachuca\/index.php\/wp-json\/wp\/v2\/types\/product"}],"replies":[{"embeddable":true,"href":"https:\/\/soydeaqui.ddns.net\/pachuca\/index.php\/wp-json\/wp\/v2\/comments?post=77205"}],"wp:featuredmedia":[{"embeddable":true,"href":"https:\/\/soydeaqui.ddns.net\/pachuca\/index.php\/wp-json\/wp\/v2\/media\/77204"}],"wp:attachment":[{"href":"https:\/\/soydeaqui.ddns.net\/pachuca\/index.php\/wp-json\/wp\/v2\/media?parent=77205"}],"wp:term":[{"taxonomy":"product_brand","embeddable":true,"href":"https:\/\/soydeaqui.ddns.net\/pachuca\/index.php\/wp-json\/wp\/v2\/product_brand?post=77205"},{"taxonomy":"product_cat","embeddable":true,"href":"https:\/\/soydeaqui.ddns.net\/pachuca\/index.php\/wp-json\/wp\/v2\/product_cat?post=77205"},{"taxonomy":"product_tag","embeddable":true,"href":"https:\/\/soydeaqui.ddns.net\/pachuca\/index.php\/wp-json\/wp\/v2\/product_tag?post=77205"}],"curies":[{"name":"wp","href":"https:\/\/api.w.org\/{rel}","templated":true}]}}