{"id":77200,"date":"2026-03-19T15:51:28","date_gmt":"2026-03-19T15:51:28","guid":{"rendered":"https:\/\/soydeaqui.ddns.net\/pachuca\/index.php\/producto\/kit-de-herramienta-octt-opticam-2-de-panduit-para-terminacion-de-conectores-pre-pulidos-lc-sc-o-st\/"},"modified":"2026-03-19T15:51:32","modified_gmt":"2026-03-19T15:51:32","slug":"kit-de-herramienta-octt-opticam-2-de-panduit-para-terminacion-de-conectores-pre-pulidos-lc-sc-o-st","status":"publish","type":"product","link":"https:\/\/soydeaqui.ddns.net\/pachuca\/index.php\/producto\/kit-de-herramienta-octt-opticam-2-de-panduit-para-terminacion-de-conectores-pre-pulidos-lc-sc-o-st\/","title":{"rendered":"Kit de Herramienta OCTT Opticam 2 de Panduit, para Terminaci\u00f3n de Conectores Pre-Pulidos LC, SC o ST"},"content":{"rendered":"<div style='width: 100%; max-width: 1200px; margin: 0 auto; font-family: sans-serif; line-height: 1.6; color: inherit; background-color: transparent;'> <!-- Secci\u00f3n de descripci\u00f3n --> <\/p>\n<div style='margin-bottom: 30px;'>\n<p style='font-size: 15px; margin-bottom: 15px; color: inherit;'>La herramienta de terminaci\u00f3n OptiCam 2 est\u00e1 dise\u00f1ada para ofrecer una terminaci\u00f3n 100% correcta a la primera de los conectores OptiCam. La herramienta calcula inmediatamente el valor de p\u00e9rdida de inserci\u00f3n al finalizar el proceso. Los indicadores de luz roja y verde brindan una confirmaci\u00f3n visual. Al utilizar la nueva herramienta OptiCam 2&comma; aumenta la productividad del instalador y se reduce el tiempo dedicado en el trabajo.<\/p>\n<\/p><\/div>\n<p> <!-- Secci\u00f3n de imagen --> <\/p>\n<div style='margin-bottom: 30px;'>\n<p style='font-weight: bold; margin-bottom: 15px; color: inherit;'>Pantalla LCD como gu\u00eda para el usuario a trav\u00e9s del proceso de terminaci\u00f3n&comma; y calculo de perdida de inserci\u00f3n al momento:<\/p>\n<p> <img style='width: 100%; height: auto; border: 1px solid rgba(150&comma;150&comma;150&comma;0.3); border-radius: 8px;' src='https:\/\/ftp3.syscom.mx\/usuarios\/fotos\/FOCTT2KIT\/175048-captura_de_pantalla_2021-10-21_a_la(s)_15.21.06.png' alt=''> <\/div>\n<p> <!-- Secci\u00f3n de especificaciones --> <\/p>\n<div style='margin-bottom: 30px;'>\n<h3 style='font-size: 22px; border-bottom: 2px solid currentColor; padding-bottom: 5px; margin-top: 0; color: inherit; opacity: 0.8;'>Especificaciones t\u00e9cnicas<\/h3>\n<ul style='padding-left: 20px; font-size: 15px; color: inherit; list-style-type: disc;'>\n<li style='margin-bottom: 5px;'>Tipo de diodo l\u00e1ser: IEC 60825-1 Clase 1<\/li>\n<li style='margin-bottom: 5px;'><strong>Conectores compatibles:<\/strong> LC&comma; SC&comma; ST&comma; monomodo y multimodo&comma; solo conectores Panduit<\/li>\n<li style='margin-bottom: 5px;'><strong>Fuente de alimentaci\u00f3n:<\/strong> 2 pilas AA (tipo L91) de 1&comma;5 voltios de disulfuro de hierro y litio&comma; descarga m\u00e1xima: 2&comma;5 amperios continuos&comma; incluidos. Las pilas alcalinas de tama\u00f1o AA se pueden utilizar con una vida \u00fatil reducida. La herramienta tambi\u00e9n se puede alimentar sin bater\u00edas a trav\u00e9s del puerto de alimentaci\u00f3n \/ datos (5 V CC&comma; 1 amperio m\u00e1ximo) en el costado de la herramienta.<\/li>\n<li style='margin-bottom: 5px;'><strong>Vida \u00fatil de la bater\u00eda:<\/strong> aproximadamente 8 horas (uso continuo)<\/li>\n<li style='margin-bottom: 5px;'><strong>Actualizaciones de firmware:<\/strong> use el puerto de alimentaci\u00f3n\/datos en el costado de la herramienta para conectarse a la PC&comma; visite www.panduit.com para obtener el \u00faltimo firmware<\/li>\n<li style='margin-bottom: 5px;'><strong>Medio ambiente:<\/strong> Solo para uso interior&comma; altitud m\u00e1xima 2000m y grado de contaminaci\u00f3n 2<\/li>\n<li style='margin-bottom: 5px;'><strong>Temperatura de funcionamiento:<\/strong> + 32 \u00b0F a + 104 \u00b0F (0 \u00b0C a + 40 \u00b0C)&comma; <93% HR&comma; sin condensaci\u00f3n<\/li>\n<li style='margin-bottom: 5px;'><strong>Temperatura de almacenamiento:<\/strong> -40 \u00b0F a + 158 \u00b0F (-40 \u00b0C a + 70 \u00b0C)<\/li>\n<li style='margin-bottom: 5px;'><strong>Dimensiones generales:<\/strong> 2.1 &#8216;H x 2.8&#8217; W x 9.1 &#8216;L (53 mm x 71 mm x 231 mm)<\/li>\n<li style='margin-bottom: 5px;'><strong>Peso:<\/strong> 9.0 oz (255 g) sin bater\u00edas<\/li>\n<\/ul><\/div>\n<p> <!-- Secci\u00f3n de contenido del kit --> <\/p>\n<div style='margin-bottom: 30px;'>\n<h3 style='font-size: 22px; border-bottom: 2px solid currentColor; padding-bottom: 5px; margin-top: 0; color: inherit; opacity: 0.8;'>El Kit Incluye<\/h3>\n<ul style='padding-left: 20px; font-size: 15px; color: inherit; list-style-type: disc;'>\n<li style='margin-bottom: 5px;'>1 Herramienta de terminaci\u00f3n OptiCam 2<\/li>\n<li style='margin-bottom: 5px;'>2 Tarjetas de plantilla de tiras<\/li>\n<li style='margin-bottom: 5px;'>3 Soportes de conectores<\/li>\n<li style='margin-bottom: 5px;'>4 Cables de lanzamiento<\/li>\n<li style='margin-bottom: 5px;'>1 Juego de bater\u00edas Energizer L91 AA<\/li>\n<li style='margin-bottom: 5px;'>1 Capa limitadora de luz<\/li>\n<li style='margin-bottom: 5px;'>1 Inicio r\u00e1pido y Gu\u00eda de instrucciones<\/li>\n<li style='margin-bottom: 5px;'>1 FOCTT2CORD<\/li>\n<li style='margin-bottom: 5px;'>1 Estuche de transporte<\/li>\n<\/ul><\/div>\n<p> <!-- Separador --> <\/p>\n<hr style='border: 0; border-top: 1px solid rgba(150&comma; 150&comma; 150&comma; 0.3); margin: 30px 0;'> <\/div>\n","protected":false},"excerpt":{"rendered":"<p>Kit de Herramienta OCTT Opticam 2 de Panduit, para Terminaci\u00f3n de Conectores Pre-Pulidos LC, SC o ST<\/p>\n","protected":false},"featured_media":77199,"comment_status":"open","ping_status":"closed","template":"","meta":[],"product_brand":[],"product_cat":[636],"product_tag":[611,25,445],"class_list":{"0":"post-77200","1":"product","2":"type-product","3":"status-publish","4":"has-post-thumbnail","6":"product_cat-herramientas-fibra-optica","7":"product_tag-fibra-optica","8":"product_tag-herramientas","9":"product_tag-panduit","11":"first","12":"outofstock","13":"sale","14":"shipping-taxable","15":"purchasable","16":"product-type-simple"},"_links":{"self":[{"href":"https:\/\/soydeaqui.ddns.net\/pachuca\/index.php\/wp-json\/wp\/v2\/product\/77200","targetHints":{"allow":["GET"]}}],"collection":[{"href":"https:\/\/soydeaqui.ddns.net\/pachuca\/index.php\/wp-json\/wp\/v2\/product"}],"about":[{"href":"https:\/\/soydeaqui.ddns.net\/pachuca\/index.php\/wp-json\/wp\/v2\/types\/product"}],"replies":[{"embeddable":true,"href":"https:\/\/soydeaqui.ddns.net\/pachuca\/index.php\/wp-json\/wp\/v2\/comments?post=77200"}],"wp:featuredmedia":[{"embeddable":true,"href":"https:\/\/soydeaqui.ddns.net\/pachuca\/index.php\/wp-json\/wp\/v2\/media\/77199"}],"wp:attachment":[{"href":"https:\/\/soydeaqui.ddns.net\/pachuca\/index.php\/wp-json\/wp\/v2\/media?parent=77200"}],"wp:term":[{"taxonomy":"product_brand","embeddable":true,"href":"https:\/\/soydeaqui.ddns.net\/pachuca\/index.php\/wp-json\/wp\/v2\/product_brand?post=77200"},{"taxonomy":"product_cat","embeddable":true,"href":"https:\/\/soydeaqui.ddns.net\/pachuca\/index.php\/wp-json\/wp\/v2\/product_cat?post=77200"},{"taxonomy":"product_tag","embeddable":true,"href":"https:\/\/soydeaqui.ddns.net\/pachuca\/index.php\/wp-json\/wp\/v2\/product_tag?post=77200"}],"curies":[{"name":"wp","href":"https:\/\/api.w.org\/{rel}","templated":true}]}}