{"id":7715,"date":"2026-03-18T06:59:43","date_gmt":"2026-03-18T06:59:43","guid":{"rendered":"https:\/\/soydeaqui.ddns.net\/pachuca\/index.php\/producto\/control-remoto-funcion-predeterminada\/"},"modified":"2026-03-18T06:59:50","modified_gmt":"2026-03-18T06:59:50","slug":"control-remoto-funcion-predeterminada","status":"publish","type":"product","link":"https:\/\/soydeaqui.ddns.net\/pachuca\/index.php\/producto\/control-remoto-funcion-predeterminada\/","title":{"rendered":"Control Remoto Funci\u00f3n Predeterminada."},"content":{"rendered":"<div style='width: 100%; max-width: 1200px; margin: 0 auto; font-family: sans-serif; line-height: 1.6; color: inherit; background-color: transparent;'>\n<div style='display: flex; flex-wrap: wrap; gap: 30px; margin-bottom: 30px;'>\n<div style='flex: 1 1 300px; min-width: 280px;'>\n<h3 style='font-size: 22px; border-bottom: 2px solid currentColor; padding-bottom: 5px; margin-top: 0; color: inherit; opacity: 0.8;'>Caracter\u00edsticas principales<\/h3>\n<ul style='padding-left: 20px; font-size: 15px; color: inherit;'>\n<li style='margin-bottom: 5px;'>Tecnolog\u00eda a 916.5 MHz para comunicaci\u00f3n eficiente<\/li>\n<li style='margin-bottom: 5px;'>4 botones para control personalizado<\/li>\n<li style='margin-bottom: 5px;'>Dise\u00f1o de control en color negro elegante<\/li>\n<li style='margin-bottom: 5px;'>Funciones predefinidas para facilidad de uso<\/li>\n<li style='margin-bottom: 5px;'>Operaci\u00f3n con bater\u00eda de litio duradera (CR2032&comma; hasta 5 a\u00f1os de vida \u00fatil)<\/li>\n<li style='margin-bottom: 5px;'>Indicaci\u00f3n LED bicolor (ARM\/STAY)<\/li>\n<li style='margin-bottom: 5px;'>Configurable mediante aire por el sistema Serenity<\/li>\n<li style='margin-bottom: 5px;'>Rango de hasta 150 metros en espacio abierto<\/li>\n<\/ul><\/div>\n<div style='flex: 1 1 300px; min-width: 280px;'>\n<h3 style='font-size: 22px; border-bottom: 2px solid currentColor; padding-bottom: 5px; margin-top: 0; color: inherit; opacity: 0.8;'>Especificaciones t\u00e9cnicas<\/h3>\n<ul style='padding-left: 20px; font-size: 15px; color: inherit;'>\n<li style='margin-bottom: 5px;'><strong>Protocolo de datos:<\/strong> FW2 Protocol<\/li>\n<li style='margin-bottom: 5px;'><strong>Tipo de modulaci\u00f3n:<\/strong> FSK<\/li>\n<li style='margin-bottom: 5px;'><strong>Frecuencia:<\/strong> 916.5 MHz<\/li>\n<li style='margin-bottom: 5px;'><strong>Consumo de corriente:<\/strong> < 1 \u03bcA en espera&comma; ~30 mA en transmisi\u00f3n<\/li>\n<li style='margin-bottom: 5px;'><strong>Temperatura de operaci\u00f3n:<\/strong> -10\u00b0C a +50\u00b0C<\/li>\n<li style='margin-bottom: 5px;'><strong>Dimensiones:<\/strong> 87mm x 38mm x 12mm<\/li>\n<li style='margin-bottom: 5px;'><strong>Peso (con bater\u00eda):<\/strong> 20 gramos<\/li>\n<li style='margin-bottom: 5px;'><strong>Grado de seguridad:<\/strong> Grado 2<\/li>\n<li style='margin-bottom: 5px;'><strong>Clase ambiental:<\/strong> Clase II<\/li>\n<\/ul><\/div>\n<\/p><\/div>\n<div style='display: flex; flex-wrap: wrap; gap: 20px; margin-bottom: 30px;'>\n<div style='flex: 1 1 250px; border: 1px solid rgba(150&comma; 150&comma; 150&comma; 0.4); border-radius: 8px; overflow: hidden; display: flex; flex-direction: column;'>\n<div style='padding: 15px; border-bottom: 1px solid rgba(150&comma; 150&comma; 150&comma; 0.2); font-weight: bold; font-size: 18px; color: inherit;'>Alimentaci\u00f3n<\/div>\n<div style='padding: 15px; color: inherit;'>\n<ul style='padding-left: 20px; margin: 0; font-size: 14px; list-style-type: disc;'>\n<li style='margin-bottom: 5px;'>Bater\u00eda de litio 3V<\/li>\n<li style='margin-bottom: 5px;'>Modelo: CR2032<\/li>\n<li style='margin-bottom: 5px;'>Duraci\u00f3n: Hasta 5 a\u00f1os<\/li>\n<\/ul><\/div>\n<\/p><\/div>\n<div style='flex: 1 1 250px; border: 1px solid rgba(150&comma; 150&comma; 150&comma; 0.4); border-radius: 8px; overflow: hidden; display: flex; flex-direction: column;'>\n<div style='padding: 15px; border-bottom: 1px solid rgba(150&comma; 150&comma; 150&comma; 0.2); font-weight: bold; font-size: 18px; color: inherit;'>Comunicaci\u00f3n<\/div>\n<div style='padding: 15px; color: inherit;'>\n<ul style='padding-left: 20px; margin: 0; font-size: 14px; list-style-type: disc;'>\n<li style='margin-bottom: 5px;'>Comunicaci\u00f3n bidireccional<\/li>\n<li style='margin-bottom: 5px;'>Rango hasta 150 metros en espacio abierto<\/li>\n<li style='margin-bottom: 5px;'>N\u00famero de identificaci\u00f3n \u00fanico (24 bit)<\/li>\n<\/ul><\/div>\n<\/p><\/div>\n<div style='flex: 1 1 250px; border: 1px solid rgba(150&comma; 150&comma; 150&comma; 0.4); border-radius: 8px; overflow: hidden; display: flex; flex-direction: column;'>\n<div style='padding: 15px; border-bottom: 1px solid rgba(150&comma; 150&comma; 150&comma; 0.2); font-weight: bold; font-size: 18px; color: inherit;'>Certificaciones<\/div>\n<div style='padding: 15px; color: inherit;'>\n<ul style='padding-left: 20px; margin: 0; font-size: 14px; list-style-type: disc;'>\n<li style='margin-bottom: 5px;'>RTTE directive:1999\/5\/EC<\/li>\n<li style='margin-bottom: 5px;'>EN300220-2<\/li>\n<li style='margin-bottom: 5px;'>EN301489-3<\/li>\n<li style='margin-bottom: 5px;'>EN301489-1<\/li>\n<li style='margin-bottom: 5px;'>EN50130-4:1995+A1(1998)+A2(2003)<\/li>\n<li style='margin-bottom: 5px;'>EN61000-6-3<\/li>\n<li style='margin-bottom: 5px;'>EN60950-1<\/li>\n<li style='margin-bottom: 5px;'>EN50131-1<\/li>\n<li style='margin-bottom: 5px;'>EN50131-3<\/li>\n<li style='margin-bottom: 5px;'>EN50131-6<\/li>\n<li style='margin-bottom: 5px;'>EN50131-5-3<\/li>\n<li style='margin-bottom: 5px;'>EN50130-5<\/li>\n<li style='margin-bottom: 5px;'>RoHS directive: 2002\/95\/EC<\/li>\n<\/ul><\/div>\n<\/p><\/div>\n<\/p><\/div>\n<div style='display: flex; flex-wrap: wrap; gap: 30px; margin-bottom: 30px;'>\n<div style='flex: 1 1 300px; min-width: 280px;'>\n<h3 style='font-size: 22px; border-bottom: 2px solid currentColor; padding-bottom: 5px; margin-top: 0; color: inherit; opacity: 0.8;'>Funciones<\/h3>\n<ul style='padding-left: 20px; font-size: 15px; color: inherit;'>\n<li style='margin-bottom: 5px;'>Armado<\/li>\n<li style='margin-bottom: 5px;'>Desarmado<\/li>\n<li style='margin-bottom: 5px;'>Stay<\/li>\n<li style='margin-bottom: 5px;'>P\u00e1nico<\/li>\n<li style='margin-bottom: 5px;'>Indicaci\u00f3n de bater\u00eda baja<\/li>\n<\/ul><\/div>\n<\/p><\/div>\n<div style='display: flex; flex-wrap: wrap; gap: 30px; margin-bottom: 30px;'>\n<div style='flex: 1 1 300px; min-width: 280px;'>\n<h3 style='font-size: 22px; border-bottom: 2px solid currentColor; padding-bottom: 5px; margin-top: 0; color: inherit; opacity: 0.8;'>Requisito de sistema<\/h3>\n<ul style='padding-left: 20px; font-size: 15px; color: inherit;'>\n<li style='margin-bottom: 5px;'>Requiere transceptor FWTRANS9F para implementaci\u00f3n en Panel Runner<\/li>\n<li style='margin-bottom: 5px;'>Compatibilidad: Runner2 y Serenity<\/li>\n<\/ul><\/div>\n<\/p><\/div>\n<div style='display: flex; flex-wrap: wrap; gap: 30px; margin-bottom: 30px;'>\n<div style='flex: 1 1 300px; min-width: 280px;'>\n<h3 style='font-size: 22px; border-bottom: 2px solid currentColor; padding-bottom: 5px; margin-top: 0; color: inherit; opacity: 0.8;'>Imagen del producto<\/h3>\n<p> <img style='width: 100%; height: auto; border: 1px solid rgba(150&comma;150&comma;150&comma;0.3); border-radius: 8px;' src='http:\/\/ftp3.syscom.mx\/usuarios\/fotos\/FW2RMTNC9F-A\/FW2RMTNC9F.png' alt='Control Remoto FW2RMTNC9F' \/> <\/div>\n<\/p><\/div>\n<\/p><\/div>\n","protected":false},"excerpt":{"rendered":"<p>Control Remoto Funci\u00f3n Predeterminada.<\/p>\n","protected":false},"featured_media":7714,"comment_status":"open","ping_status":"closed","template":"","meta":[],"product_brand":[],"product_cat":[237],"product_tag":[93,238,394],"class_list":{"0":"post-7715","1":"product","2":"type-product","3":"status-publish","4":"has-post-thumbnail","6":"product_cat-controles-remotos","7":"product_tag-accesorios","8":"product_tag-controles-remotos","9":"product_tag-crow","11":"first","12":"outofstock","13":"sale","14":"shipping-taxable","15":"purchasable","16":"product-type-simple"},"_links":{"self":[{"href":"https:\/\/soydeaqui.ddns.net\/pachuca\/index.php\/wp-json\/wp\/v2\/product\/7715","targetHints":{"allow":["GET"]}}],"collection":[{"href":"https:\/\/soydeaqui.ddns.net\/pachuca\/index.php\/wp-json\/wp\/v2\/product"}],"about":[{"href":"https:\/\/soydeaqui.ddns.net\/pachuca\/index.php\/wp-json\/wp\/v2\/types\/product"}],"replies":[{"embeddable":true,"href":"https:\/\/soydeaqui.ddns.net\/pachuca\/index.php\/wp-json\/wp\/v2\/comments?post=7715"}],"wp:featuredmedia":[{"embeddable":true,"href":"https:\/\/soydeaqui.ddns.net\/pachuca\/index.php\/wp-json\/wp\/v2\/media\/7714"}],"wp:attachment":[{"href":"https:\/\/soydeaqui.ddns.net\/pachuca\/index.php\/wp-json\/wp\/v2\/media?parent=7715"}],"wp:term":[{"taxonomy":"product_brand","embeddable":true,"href":"https:\/\/soydeaqui.ddns.net\/pachuca\/index.php\/wp-json\/wp\/v2\/product_brand?post=7715"},{"taxonomy":"product_cat","embeddable":true,"href":"https:\/\/soydeaqui.ddns.net\/pachuca\/index.php\/wp-json\/wp\/v2\/product_cat?post=7715"},{"taxonomy":"product_tag","embeddable":true,"href":"https:\/\/soydeaqui.ddns.net\/pachuca\/index.php\/wp-json\/wp\/v2\/product_tag?post=7715"}],"curies":[{"name":"wp","href":"https:\/\/api.w.org\/{rel}","templated":true}]}}