{"id":77081,"date":"2026-03-19T15:46:30","date_gmt":"2026-03-19T15:46:30","guid":{"rendered":"https:\/\/soydeaqui.ddns.net\/pachuca\/index.php\/producto\/patch-panel-de-fibra-ptica-para-8-placas-acopladoras-fap-o-fmp-color-negro-2ur\/"},"modified":"2026-03-19T15:46:31","modified_gmt":"2026-03-19T15:46:31","slug":"patch-panel-de-fibra-ptica-para-8-placas-acopladoras-fap-o-fmp-color-negro-2ur","status":"publish","type":"product","link":"https:\/\/soydeaqui.ddns.net\/pachuca\/index.php\/producto\/patch-panel-de-fibra-ptica-para-8-placas-acopladoras-fap-o-fmp-color-negro-2ur\/","title":{"rendered":"Patch Panel de Fibra ?ptica, Para 8 Placas Acopladoras FAP o FMP, Color Negro, 2UR"},"content":{"rendered":"<div style='width: 100%; max-width: 1200px; margin: 0 auto; font-family: sans-serif; line-height: 1.6; color: inherit; background-color: transparent;'>\n<div style='display: flex; flex-wrap: wrap; gap: 30px; margin-bottom: 30px;'>\n<div style='flex: 1 1 300px; min-width: 280px;'>\n<p style='font-size: 15px; color: inherit; margin: 0 0 15px;'>El panel de distribuci\u00f3n Panduit\u00ae Opticom\u00ae est\u00e1 dise\u00f1ada para organizar fibra \u00f3ptica cuando el espacio es limitado. Cuando usa con el panel de conexiones Panduit CFAPPBL2&comma; admite hasta 8 cassettes QuickNet&comma; placas adaptadoras FAP y FMP. Adem\u00e1s&comma; los usuarios pueden elegir c\u00f3mo pasar los cables a trav\u00e9s de la entrada lateral o posterior&comma; e incluso acceder f\u00e1cilmente a los cables a trav\u00e9s de una cubierta superior extra\u00edble.<\/p>\n<\/p><\/div>\n<\/p><\/div>\n<div style='display: flex; flex-wrap: wrap; gap: 20px; margin-bottom: 30px;'>\n<div style='flex: 1 1 250px; border: 1px solid rgba(150&comma; 150&comma; 150&comma; 0.4); border-radius: 8px; overflow: hidden; display: flex; flex-direction: column;'>\n<div style='padding: 15px; border-bottom: 1px solid rgba(150&comma; 150&comma; 150&comma; 0.2); font-weight: bold; font-size: 18px; color: inherit;'>Especificaciones t\u00e9cnicas<\/div>\n<div style='padding: 15px; color: inherit;'>\n<ul style='padding-left: 20px; margin: 0; font-size: 14px; list-style-type: disc;'>\n<li style='margin-bottom: 5px;'>Funciona con todos los paneles y casetes adaptadores de fibra Panduit LC&comma; SC&comma; ST&comma; MT-RJ y MTP<\/li>\n<li style='margin-bottom: 5px;'>Montaje: instalaci\u00f3n est\u00e1ndar EIA 19in<\/li>\n<li style='margin-bottom: 5px;'>Dimensiones: 482.60 x 88.1 x 11.2 mm (Ancho x Alto x Profundidad)<\/li>\n<\/ul><\/div>\n<\/p><\/div>\n<div style='flex: 1 1 250px; border: 1px solid rgba(150&comma; 150&comma; 150&comma; 0.4); border-radius: 8px; overflow: hidden; display: flex; flex-direction: column;'>\n<div style='padding: 15px; border-bottom: 1px solid rgba(150&comma; 150&comma; 150&comma; 0.2); font-weight: bold; font-size: 18px; color: inherit;'>Capacidad de Fibras<\/div>\n<div style='padding: 15px; color: inherit;'> <img style='width: 100%; height: auto; border: 1px solid rgba(150&comma;150&comma;150&comma;0.3); border-radius: 8px;' src='https:\/\/ftp3.syscom.mx\/usuarios\/fotos\/FMT1\/182786-sin_t%C3%ADtulo_2.jpeg' alt=''> <\/div>\n<\/p><\/div>\n<\/p><\/div>\n<hr style='border: 0; border-top: 1px solid rgba(150&comma; 150&comma; 150&comma; 0.3); margin: 30px 0;'> <\/div>\n","protected":false},"excerpt":{"rendered":"<p>Patch Panel de Fibra ?ptica, Para 8 Placas Acopladoras FAP o FMP, Color Negro, 2UR<\/p>\n","protected":false},"featured_media":77080,"comment_status":"open","ping_status":"closed","template":"","meta":[],"product_brand":[],"product_cat":[621],"product_tag":[622,611,445],"class_list":{"0":"post-77081","1":"product","2":"type-product","3":"status-publish","4":"has-post-thumbnail","6":"product_cat-distribuidores-de-fibra-optica","7":"product_tag-distribuidores-de-fibra-optica","8":"product_tag-fibra-optica","9":"product_tag-panduit","11":"first","12":"outofstock","13":"sale","14":"shipping-taxable","15":"purchasable","16":"product-type-simple"},"_links":{"self":[{"href":"https:\/\/soydeaqui.ddns.net\/pachuca\/index.php\/wp-json\/wp\/v2\/product\/77081","targetHints":{"allow":["GET"]}}],"collection":[{"href":"https:\/\/soydeaqui.ddns.net\/pachuca\/index.php\/wp-json\/wp\/v2\/product"}],"about":[{"href":"https:\/\/soydeaqui.ddns.net\/pachuca\/index.php\/wp-json\/wp\/v2\/types\/product"}],"replies":[{"embeddable":true,"href":"https:\/\/soydeaqui.ddns.net\/pachuca\/index.php\/wp-json\/wp\/v2\/comments?post=77081"}],"wp:featuredmedia":[{"embeddable":true,"href":"https:\/\/soydeaqui.ddns.net\/pachuca\/index.php\/wp-json\/wp\/v2\/media\/77080"}],"wp:attachment":[{"href":"https:\/\/soydeaqui.ddns.net\/pachuca\/index.php\/wp-json\/wp\/v2\/media?parent=77081"}],"wp:term":[{"taxonomy":"product_brand","embeddable":true,"href":"https:\/\/soydeaqui.ddns.net\/pachuca\/index.php\/wp-json\/wp\/v2\/product_brand?post=77081"},{"taxonomy":"product_cat","embeddable":true,"href":"https:\/\/soydeaqui.ddns.net\/pachuca\/index.php\/wp-json\/wp\/v2\/product_cat?post=77081"},{"taxonomy":"product_tag","embeddable":true,"href":"https:\/\/soydeaqui.ddns.net\/pachuca\/index.php\/wp-json\/wp\/v2\/product_tag?post=77081"}],"curies":[{"name":"wp","href":"https:\/\/api.w.org\/{rel}","templated":true}]}}