{"id":77053,"date":"2026-03-19T15:45:21","date_gmt":"2026-03-19T15:45:21","guid":{"rendered":"https:\/\/soydeaqui.ddns.net\/pachuca\/index.php\/producto\/qsfp-lc-lr4-single-mode-40km\/"},"modified":"2026-03-19T15:45:22","modified_gmt":"2026-03-19T15:45:22","slug":"qsfp-lc-lr4-single-mode-40km","status":"publish","type":"product","link":"https:\/\/soydeaqui.ddns.net\/pachuca\/index.php\/producto\/qsfp-lc-lr4-single-mode-40km\/","title":{"rendered":"QSFP+\/LC LR4, Single-Mode (40km)"},"content":{"rendered":"<div style='width: 100%; max-width: 1200px; margin: 0 auto; font-family: sans-serif; line-height: 1.6; color: inherit; background-color: transparent;'> <!-- Secci\u00f3n de caracter\u00edsticas principales --> <\/p>\n<div style='display: flex; flex-wrap: wrap; gap: 30px; margin-bottom: 30px;'>\n<div style='flex: 1 1 300px; min-width: 280px;'>\n<h3 style='font-size: 22px; border-bottom: 2px solid currentColor; padding-bottom: 5px; margin-top: 0; color: inherit; opacity: 0.8;'>Caracter\u00edsticas Principales<\/h3>\n<ul style='padding-left: 20px; font-size: 15px; color: inherit;'>\n<li style='margin-bottom: 5px;'>Compliant with 40GbE Specification IEEE 802.3ba<\/li>\n<li style='margin-bottom: 5px;'>Compliant with industry-standard SFF-8436<\/li>\n<li style='margin-bottom: 5px;'>Compact size<\/li>\n<li style='margin-bottom: 5px;'>Flexible architecture<\/li>\n<li style='margin-bottom: 5px;'>High port density<\/li>\n<li style='margin-bottom: 5px;'>Hot-swappable<\/li>\n<li style='margin-bottom: 5px;'>RoHS-6 compliant<\/li>\n<li style='margin-bottom: 5px;'>Supports Digital Diagnostics Monitoring (DDM)<\/li>\n<li style='margin-bottom: 5px;'>MSA compliant<\/li>\n<li style='margin-bottom: 5px;'>4 CWDM lanes MUX\/DEMUX design<\/li>\n<\/ul><\/div>\n<div style='flex: 1 1 300px; min-width: 280px;'>\n<h3 style='font-size: 22px; border-bottom: 2px solid currentColor; padding-bottom: 5px; margin-top: 0; color: inherit; opacity: 0.8;'>Especificaciones T\u00e9cnicas<\/h3>\n<ul style='padding-left: 20px; font-size: 15px; color: inherit;'>\n<li style='margin-bottom: 5px;'><strong>Tipo de fibra:<\/strong> Monomodo (SMF)<\/li>\n<li style='margin-bottom: 5px;'><strong>Conector:<\/strong> LC<\/li>\n<li style='margin-bottom: 5px;'><strong>Distancia m\u00e1xima:<\/strong> 40 km<\/li>\n<li style='margin-bottom: 5px;'><strong>Longitudes de onda:<\/strong> 1271 nm&comma; 1291 nm&comma; 1311 nm&comma; 1331 nm<\/li>\n<li style='margin-bottom: 5px;'><strong>Potencia de transmisi\u00f3n:<\/strong> -3 a 5 dBm<\/li>\n<li style='margin-bottom: 5px;'><strong>Sensibilidad de recepci\u00f3n:<\/strong> -19 dBm<\/li>\n<li style='margin-bottom: 5px;'><strong>Budget \u00f3ptico:<\/strong> 16 dBm<\/li>\n<li style='margin-bottom: 5px;'><strong>Temperatura operativa:<\/strong> 0\u00b0C a 70\u00b0C<\/li>\n<li style='margin-bottom: 5px;'><strong>Consumo de potencia:<\/strong> <3.5W<\/li>\n<\/ul><\/div>\n<\/p><\/div>\n<p> <!-- Secci\u00f3n de aplicaciones --> <\/p>\n<div style='margin-bottom: 30px;'>\n<h3 style='font-size: 22px; border-bottom: 2px solid currentColor; padding-bottom: 5px; margin-top: 0; margin-bottom: 15px; color: inherit; opacity: 0.8;'>Aplicaciones<\/h3>\n<p style='font-size: 15px; color: inherit; margin-bottom: 15px;'>El QSFP LR4 est\u00e1 dise\u00f1ado para aplicaciones de alta densidad y alto rendimiento en:<\/p>\n<ul style='padding-left: 20px; font-size: 15px; color: inherit;'>\n<li style='margin-bottom: 5px;'>Conexiones de switches y routers Datacom\/Telecom<\/li>\n<li style='margin-bottom: 5px;'>Agregaci\u00f3n de datos<\/li>\n<li style='margin-bottom: 5px;'>Backplane<\/li>\n<li style='margin-bottom: 5px;'>Protocolos propietarios<\/li>\n<li style='margin-bottom: 5px;'>Aplicaciones de alta densidad<\/li>\n<\/ul><\/div>\n<p> <!-- Secci\u00f3n de compatibilidad --> <\/p>\n<div style='margin-bottom: 30px;'>\n<h3 style='font-size: 22px; border-bottom: 2px solid currentColor; padding-bottom: 5px; margin-top: 0; margin-bottom: 15px; color: inherit; opacity: 0.8;'>Compatibilidad<\/h3>\n<p style='font-size: 15px; color: inherit; margin-bottom: 15px;'>La serie QSFP de Allied Telesis es compatible con los est\u00e1ndares industriales&comma; permitiendo su uso en cualquier equipo de red que cumpla con dichos est\u00e1ndares. El m\u00f3dulo LR4 es especialmente adecuado para redes de fibra \u00f3ptica monomodo.<\/p>\n<ul style='padding-left: 20px; font-size: 15px; color: inherit;'>\n<li style='margin-bottom: 5px;'>40GbE y conexiones 10GbE de alta densidad<\/li>\n<li style='margin-bottom: 5px;'>Equipos Allied Telesis con conexiones uplink SFP<\/li>\n<\/ul><\/div>\n<p> <!-- Secci\u00f3n de entornos operativos --> <\/p>\n<div style='display: flex; flex-wrap: wrap; gap: 20px; margin-bottom: 30px;'>\n<div style='flex: 1 1 250px; border: 1px solid rgba(150&comma; 150&comma; 150&comma; 0.4); border-radius: 8px; overflow: hidden; display: flex; flex-direction: column;'>\n<div style='padding: 15px; border-bottom: 1px solid rgba(150&comma; 150&comma; 150&comma; 0.2); font-weight: bold; font-size: 18px; color: inherit;'>Temperaturas<\/div>\n<div style='padding: 15px; color: inherit;'>\n<ul style='padding-left: 20px; margin: 0; font-size: 14px; list-style-type: disc;'>\n<li style='margin-bottom: 5px;'><strong>Operaci\u00f3n:<\/strong> 0\u00b0C a 70\u00b0C<\/li>\n<li style='margin-bottom: 5px;'><strong>Almacenamiento:<\/strong> -20\u00b0C a 85\u00b0C<\/li>\n<\/ul><\/div>\n<\/p><\/div>\n<div style='flex: 1 1 250px; border: 1px solid rgba(150&comma; 150&comma; 150&comma; 0.4); border-radius: 8px; overflow: hidden; display: flex; flex-direction: column;'>\n<div style='padding: 15px; border-bottom: 1px solid rgba(150&comma; 150&comma; 150&comma; 0.2); font-weight: bold; font-size: 18px; color: inherit;'>Humedad<\/div>\n<div style='padding: 15px; color: inherit;'>\n<ul style='padding-left: 20px; margin: 0; font-size: 14px; list-style-type: disc;'>\n<li style='margin-bottom: 5px;'>0 a 85% sin condensaci\u00f3n<\/li>\n<\/ul><\/div>\n<\/p><\/div>\n<\/p><\/div>\n<p> <!-- Secci\u00f3n de interoperabilidad --> <\/p>\n<div style='margin-bottom: 30px;'>\n<h3 style='font-size: 22px; border-bottom: 2px solid currentColor; padding-bottom: 5px; margin-top: 0; margin-bottom: 15px; color: inherit; opacity: 0.8;'>Interoperabilidad<\/h3>\n<p style='font-size: 15px; color: inherit; margin-bottom: 15px;'>La serie QSFP de Allied Telesis es compatible con los est\u00e1ndares industriales&comma; permitiendo su uso en cualquier equipo de red que cumpla con dichos est\u00e1ndares. El m\u00f3dulo LR4 es especialmente adecuado para redes de fibra \u00f3ptica monomodo.<\/p>\n<ul style='padding-left: 20px; font-size: 15px; color: inherit;'>\n<li style='margin-bottom: 5px;'>Compatibilidad con dispositivos que soportan est\u00e1ndares de red<\/li>\n<li style='margin-bottom: 5px;'>Funciona con equipos Allied Telesis que tengan puertos SFP<\/li>\n<li style='margin-bottom: 5px;'>Dise\u00f1ado para redes de fibra \u00f3ptica monomodo<\/li>\n<\/ul><\/div>\n<p> <!-- Separador final --> <\/p>\n<hr style='border: 0; border-top: 1px solid rgba(150&comma; 150&comma; 150&comma; 0.3); margin: 30px 0;'> <\/div>\n","protected":false},"excerpt":{"rendered":"<p>QSFP+\/LC LR4, Single-Mode (40km)<\/p>\n","protected":false},"featured_media":77052,"comment_status":"open","ping_status":"closed","template":"","meta":[],"product_brand":[],"product_cat":[663],"product_tag":[1995,664,665],"class_list":{"0":"post-77053","1":"product","2":"type-product","3":"status-publish","4":"has-post-thumbnail","6":"product_cat-transceptores-de-fibra","7":"product_tag-allied-telesis","8":"product_tag-networking","9":"product_tag-transceptores-de-fibra","11":"first","12":"outofstock","13":"sale","14":"shipping-taxable","15":"purchasable","16":"product-type-simple"},"_links":{"self":[{"href":"https:\/\/soydeaqui.ddns.net\/pachuca\/index.php\/wp-json\/wp\/v2\/product\/77053","targetHints":{"allow":["GET"]}}],"collection":[{"href":"https:\/\/soydeaqui.ddns.net\/pachuca\/index.php\/wp-json\/wp\/v2\/product"}],"about":[{"href":"https:\/\/soydeaqui.ddns.net\/pachuca\/index.php\/wp-json\/wp\/v2\/types\/product"}],"replies":[{"embeddable":true,"href":"https:\/\/soydeaqui.ddns.net\/pachuca\/index.php\/wp-json\/wp\/v2\/comments?post=77053"}],"wp:featuredmedia":[{"embeddable":true,"href":"https:\/\/soydeaqui.ddns.net\/pachuca\/index.php\/wp-json\/wp\/v2\/media\/77052"}],"wp:attachment":[{"href":"https:\/\/soydeaqui.ddns.net\/pachuca\/index.php\/wp-json\/wp\/v2\/media?parent=77053"}],"wp:term":[{"taxonomy":"product_brand","embeddable":true,"href":"https:\/\/soydeaqui.ddns.net\/pachuca\/index.php\/wp-json\/wp\/v2\/product_brand?post=77053"},{"taxonomy":"product_cat","embeddable":true,"href":"https:\/\/soydeaqui.ddns.net\/pachuca\/index.php\/wp-json\/wp\/v2\/product_cat?post=77053"},{"taxonomy":"product_tag","embeddable":true,"href":"https:\/\/soydeaqui.ddns.net\/pachuca\/index.php\/wp-json\/wp\/v2\/product_tag?post=77053"}],"curies":[{"name":"wp","href":"https:\/\/api.w.org\/{rel}","templated":true}]}}