{"id":77019,"date":"2026-03-19T15:43:56","date_gmt":"2026-03-19T15:43:56","guid":{"rendered":"https:\/\/soydeaqui.ddns.net\/pachuca\/index.php\/producto\/caja-terminal-de-fibra-ptica-roseta-con-2-acopladores-sc-apc-blanca\/"},"modified":"2026-03-19T15:44:11","modified_gmt":"2026-03-19T15:44:11","slug":"caja-terminal-de-fibra-ptica-roseta-con-2-acopladores-sc-apc-blanca","status":"publish","type":"product","link":"https:\/\/soydeaqui.ddns.net\/pachuca\/index.php\/producto\/caja-terminal-de-fibra-ptica-roseta-con-2-acopladores-sc-apc-blanca\/","title":{"rendered":"Caja Terminal de Fibra ?ptica (Roseta) con 2 Acopladores SC\/APC, Blanca"},"content":{"rendered":"<div style='width: 100%; max-width: 1200px; margin: 0 auto; font-family: sans-serif; line-height: 1.6; color: inherit; background-color: transparent;'> <!-- Logo de la marca --> <\/p>\n<div style='text-align: center; margin-bottom: 30px;'> <img style='width: 100%; max-width: 472px; height: auto; border: 1px solid rgba(150&comma;150&comma;150&comma;0.3); border-radius: 8px;' src='https:\/\/ftp3.syscom.mx\/usuarios\/orobles\/FiberHome\/GPON\/fiberhome_logo.png' alt='Logo FiberHome'> <\/div>\n<p> <!-- Descripci\u00f3n principal --> <\/p>\n<div style='margin-bottom: 30px;'>\n<p style='font-size: 16px; color: inherit; opacity: 0.9; margin: 0 0 15px 0;'>La caja FTB-506 proporciona un dise\u00f1o compacto y est\u00e9tico para llegar al cliente. Cuenta con protecci\u00f3n de fibra para terminaci\u00f3n en 2 puntos y dejar servicio listo para realizar conexiones a la unidad de red \u00f3ptica (ONT\/ONU).<\/p>\n<\/p><\/div>\n<p> <!-- Secci\u00f3n de caracter\u00edsticas --> <\/p>\n<div style='display: flex; flex-wrap: wrap; gap: 30px; margin-bottom: 30px;'>\n<div style='flex: 1 1 300px; min-width: 280px;'>\n<h3 style='font-size: 22px; border-bottom: 2px solid currentColor; padding-bottom: 5px; margin-top: 0; color: inherit; opacity: 0.8;'>Caracter\u00edsticas<\/h3>\n<ul style='padding-left: 20px; font-size: 15px; color: inherit;'>\n<li style='margin-bottom: 5px;'>Enrutamiento adecuado de cable&comma; protecci\u00f3n de radio de curvatura y alivio de tensi\u00f3n del cable entrante<\/li>\n<li style='margin-bottom: 5px;'>2 Acopladores SC\/APC incluidos<\/li>\n<li style='margin-bottom: 5px;'>Compatible con fibra Drop para terminar conector en campo o fusionar pigtail<\/li>\n<li style='margin-bottom: 5px;'>Material pl\u00e1stico (ABS) retardante a flama<\/li>\n<\/ul><\/div>\n<\/p><\/div>\n<p> <!-- Secci\u00f3n de especificaciones --> <\/p>\n<div style='display: flex; flex-wrap: wrap; gap: 20px; margin-bottom: 30px;'>\n<div style='flex: 1 1 250px; border: 1px solid rgba(150&comma; 150&comma; 150&comma; 0.4); border-radius: 8px; overflow: hidden; display: flex; flex-direction: column;'>\n<div style='padding: 15px; border-bottom: 1px solid rgba(150&comma; 150&comma; 150&comma; 0.2); font-weight: bold; font-size: 18px; color: inherit;'>Especificaciones<\/div>\n<div style='padding: 15px; color: inherit;'>\n<ul style='padding-left: 20px; margin: 0; font-size: 14px; list-style-type: disc;'>\n<li style='margin-bottom: 5px;'><strong style='color: inherit;'>Dimensiones (mm):<\/strong> 78 x 120 x 25.4<\/li>\n<li style='margin-bottom: 5px;'><strong style='color: inherit;'>Tipo de Adaptador:<\/strong> SC\/APC x2<\/li>\n<li style='margin-bottom: 5px;'><strong style='color: inherit;'>Instalaci\u00f3n:<\/strong> Montaje en pared&comma; para aplicaciones en interior<\/li>\n<li style='margin-bottom: 5px;'><strong style='color: inherit;'>Di\u00e1metro m\u00e1ximo para cable tipo Drop redondo:<\/strong> \u2264\u03a6 5mm x 1 cable<\/li>\n<li style='margin-bottom: 5px;'><strong style='color: inherit;'>Di\u00e1metro m\u00e1ximo para cable tipo Drop plano:<\/strong> 2 x 3 mm x 2 cables<\/li>\n<li style='margin-bottom: 5px;'><strong style='color: inherit;'>Nivel de protecci\u00f3n:<\/strong> IP30<\/li>\n<li style='margin-bottom: 5px;'><strong style='color: inherit;'>Color:<\/strong> Blanco<\/li>\n<\/ul><\/div>\n<\/p><\/div>\n<\/p><\/div>\n<\/p><\/div>\n","protected":false},"excerpt":{"rendered":"<p>Caja Terminal de Fibra ?ptica (Roseta) con 2 Acopladores SC\/APC, Blanca<\/p>\n","protected":false},"featured_media":77018,"comment_status":"open","ping_status":"closed","template":"","meta":[],"product_brand":[],"product_cat":[621],"product_tag":[622,639,611],"class_list":{"0":"post-77019","1":"product","2":"type-product","3":"status-publish","4":"has-post-thumbnail","6":"product_cat-distribuidores-de-fibra-optica","7":"product_tag-distribuidores-de-fibra-optica","8":"product_tag-fiberhome","9":"product_tag-fibra-optica","11":"first","12":"outofstock","13":"sale","14":"shipping-taxable","15":"purchasable","16":"product-type-simple"},"_links":{"self":[{"href":"https:\/\/soydeaqui.ddns.net\/pachuca\/index.php\/wp-json\/wp\/v2\/product\/77019","targetHints":{"allow":["GET"]}}],"collection":[{"href":"https:\/\/soydeaqui.ddns.net\/pachuca\/index.php\/wp-json\/wp\/v2\/product"}],"about":[{"href":"https:\/\/soydeaqui.ddns.net\/pachuca\/index.php\/wp-json\/wp\/v2\/types\/product"}],"replies":[{"embeddable":true,"href":"https:\/\/soydeaqui.ddns.net\/pachuca\/index.php\/wp-json\/wp\/v2\/comments?post=77019"}],"wp:featuredmedia":[{"embeddable":true,"href":"https:\/\/soydeaqui.ddns.net\/pachuca\/index.php\/wp-json\/wp\/v2\/media\/77018"}],"wp:attachment":[{"href":"https:\/\/soydeaqui.ddns.net\/pachuca\/index.php\/wp-json\/wp\/v2\/media?parent=77019"}],"wp:term":[{"taxonomy":"product_brand","embeddable":true,"href":"https:\/\/soydeaqui.ddns.net\/pachuca\/index.php\/wp-json\/wp\/v2\/product_brand?post=77019"},{"taxonomy":"product_cat","embeddable":true,"href":"https:\/\/soydeaqui.ddns.net\/pachuca\/index.php\/wp-json\/wp\/v2\/product_cat?post=77019"},{"taxonomy":"product_tag","embeddable":true,"href":"https:\/\/soydeaqui.ddns.net\/pachuca\/index.php\/wp-json\/wp\/v2\/product_tag?post=77019"}],"curies":[{"name":"wp","href":"https:\/\/api.w.org\/{rel}","templated":true}]}}