{"id":77011,"date":"2026-03-19T15:43:37","date_gmt":"2026-03-19T15:43:37","guid":{"rendered":"https:\/\/soydeaqui.ddns.net\/pachuca\/index.php\/producto\/fusionadora-de-fibra-ptica-de-alineacin-activa-por-revestimiento-con-4-motores-con-prdida-tpica-sm-0-02-db-mm-0-04-db-con-pantalla-touch-capacitacin-bsica-virtual-gratuita\/"},"modified":"2026-03-19T15:43:49","modified_gmt":"2026-03-19T15:43:49","slug":"fusionadora-de-fibra-ptica-de-alineacin-activa-por-revestimiento-con-4-motores-con-prdida-tpica-sm-0-02-db-mm-0-04-db-con-pantalla-touch-capacitacin-bsica-virtual-gratuita","status":"publish","type":"product","link":"https:\/\/soydeaqui.ddns.net\/pachuca\/index.php\/producto\/fusionadora-de-fibra-ptica-de-alineacin-activa-por-revestimiento-con-4-motores-con-prdida-tpica-sm-0-02-db-mm-0-04-db-con-pantalla-touch-capacitacin-bsica-virtual-gratuita\/","title":{"rendered":"Fusionadora de Fibra ?ptica de Alineaci?n Activa por Revestimiento con 4 Motores con P?rdida T?pica (SM); 0.02 dB (MM); 0.04 dB) con Pantalla Touch \/ Capacitaci?n B?sica Virtual Gratuita"},"content":{"rendered":"<div style='width: 100%; max-width: 1200px; margin: 0 auto; font-family: sans-serif; line-height: 1.6; color: inherit; background-color: transparent;'> <!-- Imagen de marca --> <\/p>\n<div style='display: flex; justify-content: center; margin-bottom: 20px;'> <img style='width: 100%; max-width: 270px; height: auto; border: 1px solid rgba(150&comma;150&comma;150&comma;0.3); border-radius: 8px;' src='https:\/\/ftp3.syscom.mx\/usuarios\/orobles\/GREENLEE\/TEMPO-COMMUNICATIONS-lg.jpg' alt=''> <\/div>\n<p> <!-- Secci\u00f3n de caracter\u00edsticas --> <\/p>\n<div style='display: flex; flex-wrap: wrap; gap: 30px; margin-bottom: 30px;'>\n<div style='flex: 1 1 300px; min-width: 280px;'>\n<h3 style='font-size: 22px; border-bottom: 2px solid currentColor; padding-bottom: 5px; margin-top: 0; color: inherit; opacity: 0.8;'>Caracter\u00edsticas<\/h3>\n<ul style='padding-left: 20px; font-size: 15px; color: inherit;'>\n<li style='margin-bottom: 5px;'>Pantalla t\u00e1ctil LCD a color de 5.0\u201d<\/li>\n<li style='margin-bottom: 5px;'>Alineaci\u00f3n por revestimiento (cladding)<\/li>\n<li style='margin-bottom: 5px;'>Interfaz de usuario intuitiva<\/li>\n<li style='margin-bottom: 5px;'>150 empalmes con una carga de bater\u00eda&comma; incluido el ciclo de contracci\u00f3n del protector de empalmes de 60 mm<\/li>\n<li style='margin-bottom: 5px;'>Modos autom\u00e1tico y manual<\/li>\n<li style='margin-bottom: 5px;'>60 perfiles predefinidos \/ definidos por el usuario<\/li>\n<li style='margin-bottom: 5px;'>Protecci\u00f3n al ingreso IP52<\/li>\n<li style='margin-bottom: 5px;'>Excelente para redes FTTX para fusionar pigtail con fibra y fibra con fibra.<\/li>\n<li style='margin-bottom: 5px;'>Mejore el rendimiento de la red con empalmes de baja p\u00e9rdida de inserci\u00f3n\/retorno.<\/li>\n<li style='margin-bottom: 5px;'>Curva de aprendizaje corta que permite al personal t\u00e9cnico ser productivo r\u00e1pidamente.<\/li>\n<li style='margin-bottom: 5px;'>Idioma configurable (Ingl\u00e9s&comma; Espa\u00f1ol&comma; Chino&comma; Fin\u00e9s&comma; Ruso&comma; Franc\u00e9s&comma; Polaco&comma; Italiano&comma; Alem\u00e1n).<\/li>\n<\/ul><\/div>\n<p> <!-- Imagen del producto --> <\/p>\n<div style='flex: 1 1 300px; min-width: 280px;'> <img style='width: 100%; height: auto; border: 1px solid rgba(150&comma;150&comma;150&comma;0.3); border-radius: 8px;' src='https:\/\/ftp3.syscom.mx\/usuarios\/fotos\/915FSKIT1\/171772-915fs-application-1-sm.jpg' alt='915FS-KIT1'> <\/div>\n<\/p><\/div>\n<p> <!-- Secci\u00f3n de incluye --> <\/p>\n<div style='display: flex; flex-wrap: wrap; gap: 20px; margin-bottom: 30px;'>\n<div style='flex: 1 1 250px; border: 1px solid rgba(150&comma; 150&comma; 150&comma; 0.4); border-radius: 8px; overflow: hidden; display: flex; flex-direction: column;'>\n<div style='padding: 15px; border-bottom: 1px solid rgba(150&comma; 150&comma; 150&comma; 0.2); font-weight: bold; font-size: 18px; color: inherit;'>Incluye<\/div>\n<div style='padding: 15px; color: inherit;'>\n<ul style='padding-left: 20px; margin: 0; font-size: 14px; list-style-type: disc;'>\n<li style='margin-bottom: 5px;'>Empalmadora de fusi\u00f3n \u00f3ptica 915FS<\/li>\n<li style='margin-bottom: 5px;'>Cortadora de Precisi\u00f3n (Cleaver) de fibra \u00f3ptica <a style='color: inherit; text-decoration: underline; font-weight: 600; background-color: transparent;' href='https:\/\/www.syscom.mx\/principal\/searchcont?route=915CL-TEMPO-172711&#038;autodetect=915cl' target='_blank' rel='noopener'>915CL<\/a><\/li>\n<li style='margin-bottom: 5px;'>Estuche amarillo para transporte<\/li>\n<li style='margin-bottom: 5px;'>2 Pares de Electrodos para 5 mil fusiones c\/ par (10 mil en total)<\/li>\n<li style='margin-bottom: 5px;'>Cable USB<\/li>\n<li style='margin-bottom: 5px;'>Par de adaptadores (holders) para fibra 250 \u00b5m<\/li>\n<li style='margin-bottom: 5px;'>Par de adaptadores (holders) para fibra 900 \u00b5m<\/li>\n<li style='margin-bottom: 5px;'>Adaptador Splice on Connector para calentamiento de manga<\/li>\n<li style='margin-bottom: 5px;'>Llave Allen<\/li>\n<li style='margin-bottom: 5px;'>Fuente de Alimentaci\u00f3n<\/li>\n<li style='margin-bottom: 5px;'>Cable de Alimentaci\u00f3n<\/li>\n<li style='margin-bottom: 5px;'>Correa para transporte de fusionadora<\/li>\n<li style='margin-bottom: 5px;'>Bandeja de enfriamiento<\/li>\n<li style='margin-bottom: 5px;'>Bater\u00eda<\/li>\n<li style='margin-bottom: 5px;'>Limpiador de Electrodos<\/li>\n<\/ul><\/div>\n<\/p><\/div>\n<\/p><\/div>\n<p> <!-- Nota --> <\/p>\n<div style='margin-bottom: 30px; font-size: 14px;'>\n<p style='color: inherit;'><strong style='color: inherit;'>Nota:<\/strong> Al adquirir una fusionadora 915FSKIT1 se puede solicitar una capacitaci\u00f3n en l\u00ednea impartida directamente por proveedor&comma; solicitara con su ejecutivo de ventas.<\/p>\n<\/p><\/div>\n<\/p><\/div>\n","protected":false},"excerpt":{"rendered":"<p>Fusionadora de Fibra ?ptica de Alineaci?n Activa por Revestimiento con 4 Motores con P?rdida T?pica (SM); 0.02 dB (MM); 0.04 dB) con Pantalla Touch \/ Capacitaci?n B?sica Virtual Gratuita<\/p>\n","protected":false},"featured_media":77010,"comment_status":"open","ping_status":"closed","template":"","meta":[],"product_brand":[],"product_cat":[636],"product_tag":[611,25,658],"class_list":{"0":"post-77011","1":"product","2":"type-product","3":"status-publish","4":"has-post-thumbnail","6":"product_cat-herramientas-fibra-optica","7":"product_tag-fibra-optica","8":"product_tag-herramientas","9":"product_tag-tempo","11":"first","12":"instock","13":"sale","14":"shipping-taxable","15":"purchasable","16":"product-type-simple"},"_links":{"self":[{"href":"https:\/\/soydeaqui.ddns.net\/pachuca\/index.php\/wp-json\/wp\/v2\/product\/77011","targetHints":{"allow":["GET"]}}],"collection":[{"href":"https:\/\/soydeaqui.ddns.net\/pachuca\/index.php\/wp-json\/wp\/v2\/product"}],"about":[{"href":"https:\/\/soydeaqui.ddns.net\/pachuca\/index.php\/wp-json\/wp\/v2\/types\/product"}],"replies":[{"embeddable":true,"href":"https:\/\/soydeaqui.ddns.net\/pachuca\/index.php\/wp-json\/wp\/v2\/comments?post=77011"}],"wp:featuredmedia":[{"embeddable":true,"href":"https:\/\/soydeaqui.ddns.net\/pachuca\/index.php\/wp-json\/wp\/v2\/media\/77010"}],"wp:attachment":[{"href":"https:\/\/soydeaqui.ddns.net\/pachuca\/index.php\/wp-json\/wp\/v2\/media?parent=77011"}],"wp:term":[{"taxonomy":"product_brand","embeddable":true,"href":"https:\/\/soydeaqui.ddns.net\/pachuca\/index.php\/wp-json\/wp\/v2\/product_brand?post=77011"},{"taxonomy":"product_cat","embeddable":true,"href":"https:\/\/soydeaqui.ddns.net\/pachuca\/index.php\/wp-json\/wp\/v2\/product_cat?post=77011"},{"taxonomy":"product_tag","embeddable":true,"href":"https:\/\/soydeaqui.ddns.net\/pachuca\/index.php\/wp-json\/wp\/v2\/product_tag?post=77011"}],"curies":[{"name":"wp","href":"https:\/\/api.w.org\/{rel}","templated":true}]}}